{"id":2007,"date":"2022-03-07T12:44:42","date_gmt":"2022-03-07T12:44:42","guid":{"rendered":"https:\/\/dasgrasshop.com\/?post_type=product&#038;p=2007"},"modified":"2022-07-10T12:31:21","modified_gmt":"2022-07-10T12:31:21","slug":"gelato-weed","status":"publish","type":"product","link":"https:\/\/dasgrasshop.com\/es\/product\/gelato-weed\/","title":{"rendered":"Hierba de helado"},"content":{"rendered":"<p><span style=\"vertical-align: inherit;\"><span style=\"vertical-align: inherit;\">Comprar la variedad de hierba Gelato - Hierba ex\u00f3tica de primera calidad<\/span><\/span><\/p>\n<p><span style=\"vertical-align: inherit;\"><span style=\"vertical-align: inherit;\">Otra cepa de primera categor\u00eda de <\/span><\/span><a href=\"https:\/\/dasgrasshop.com\/es\/\"><span style=\"vertical-align: inherit;\"><span style=\"vertical-align: inherit;\">Grasherr.com<\/span><\/span><\/a><span style=\"vertical-align: inherit;\"><span style=\"vertical-align: inherit;\"> ! <\/span><span style=\"vertical-align: inherit;\">La hierba Gelato es producto del cruce de Thin Mint Girl Scout Cookies X Sunset Sherbet, dos cepas populares por sus aromas y sabores incre\u00edblemente deliciosos. <\/span><span style=\"vertical-align: inherit;\">La variedad Gelato tiene aromas y sabores que han sido descritos como terrosos, dulces, mentolados, c\u00edtricos, de bayas, de roble, de sorbete, de naranja, de lavanda y de galleta. <\/span><span style=\"vertical-align: inherit;\">La planta de Gelato es corta y robusta. <\/span><span style=\"vertical-align: inherit;\">Sus hojas son de color verde bosque con matices morados oscuros. <\/span><span style=\"vertical-align: inherit;\">Los cogollos del tallo de la hierba Gelato tienen un color p\u00farpura oscuro y est\u00e1n llenos de pistilos de color naranja brillante. <\/span><span style=\"vertical-align: inherit;\">Sus cogollos son pegajosos con una cobertura media de cristales de tricomas.<\/span><\/span><\/p>\n<p><span style=\"vertical-align: inherit;\"><span style=\"vertical-align: inherit;\">La variedad de marihuana Gelato tiene altos niveles de THC, que oscilan entre 15 y 25%, lo que la convierte en una cepa bastante potente. <\/span><span style=\"vertical-align: inherit;\">Los efectos del h\u00edbrido con dise\u00f1o de THC est\u00e1n bien equilibrados, una interesante mezcla de vigorizaci\u00f3n y relajaci\u00f3n. <\/span><span style=\"vertical-align: inherit;\">Si tienes ganas de un subid\u00f3n f\u00edsico de \u00edndica con un claro efecto de sativa que te mantenga lo suficientemente activo como para disfrutar de los efectos de una cepa, entonces esta cepa es para ti. <\/span><span style=\"vertical-align: inherit;\">El efecto golpea r\u00e1pidamente, comenzando con una alta e intensa euforia. <\/span><span style=\"vertical-align: inherit;\">El subid\u00f3n de cabeza que proporciona es dichoso y edificante. <\/span><span style=\"vertical-align: inherit;\">Un efecto corporal progresivo se ir\u00e1 apoderando de ti hasta que te sientas completamente relajado y tranquilo, pero con suficiente energ\u00eda y concentraci\u00f3n para seguir siendo positivo y social.<\/span><\/span><\/p>\n<p><span style=\"vertical-align: inherit;\"><span style=\"vertical-align: inherit;\">Comprar gelato 45 UK, gelato #45 vs 33 tambi\u00e9n comprar gelato 45 allbud, cepa gelato 41, rendimiento gelato #45, cepa gelato 45 smart cart, gelato 45 vs 33, cepa gelato 45 indica o sativa, gelati vs cepa gelato, cepa gelato 45, cepa gelato shark, cepa gelato 41, cepa wedding cake, cepa gelato blueberry, cepa gelato lemon, cannabis<\/span><\/span><\/p>\n<p><span style=\"vertical-align: inherit;\"><span style=\"vertical-align: inherit;\">Beneficios m\u00e9dicos del uso de la variedad h\u00edbrida de hierba Gelato<\/span><\/span><br \/>\n<span style=\"vertical-align: inherit;\"><span style=\"vertical-align: inherit;\">El suave subid\u00f3n cerebral de la Gelato, combinado con la relajaci\u00f3n f\u00edsica, la convierte en una cepa popular para la ansiedad y el estr\u00e9s cr\u00f3nico. <\/span><span style=\"vertical-align: inherit;\">El gelato proporciona una explosi\u00f3n de energ\u00eda cerebral que ayuda a aliviar la depresi\u00f3n cr\u00f3nica. <\/span><span style=\"vertical-align: inherit;\">Esta estimulaci\u00f3n tambi\u00e9n puede ayudar en el tratamiento de pacientes con trastornos de atenci\u00f3n como el TDAH y el TDA. <\/span><span style=\"vertical-align: inherit;\">El componente indica relaja el cuerpo para sofocar la hiperactividad, mientras que el componente sativa proporciona la estimulaci\u00f3n necesaria para una concentraci\u00f3n sostenida. <\/span><span style=\"vertical-align: inherit;\">La cepa gelato ayuda con las n\u00e1useas debido a su seductor sabor y olor; <\/span><span style=\"vertical-align: inherit;\">Esta cepa de cannabis en forma de gelatina tambi\u00e9n ayuda a abrir el apetito a los pacientes que experimentan n\u00e1useas debido a la quimioterapia para el c\u00e1ncer o las enfermedades autoinmunes.<\/span><\/span><\/p>\n<p><span style=\"vertical-align: inherit;\"><span style=\"vertical-align: inherit;\">Efectos de la variedad de marihuana Gelato 45 <\/span><\/span><br \/>\n<span style=\"vertical-align: inherit;\"><span style=\"vertical-align: inherit;\">Feliz <\/span><\/span><br \/>\n<span style=\"vertical-align: inherit;\"><span style=\"vertical-align: inherit;\">Euf\u00f3rico <\/span><\/span><br \/>\n<span style=\"vertical-align: inherit;\"><span style=\"vertical-align: inherit;\">Relajado <\/span><\/span><br \/>\n<span style=\"vertical-align: inherit;\"><span style=\"vertical-align: inherit;\">Alborozado <\/span><\/span><br \/>\n<span style=\"vertical-align: inherit;\"><span style=\"vertical-align: inherit;\">Creativo <\/span><\/span><br \/>\n<span style=\"vertical-align: inherit;\"><span style=\"vertical-align: inherit;\">Clasificaci\u00f3n: 55% Indica\/45% Sativa<\/span><\/span><\/p>\n<p><span style=\"vertical-align: inherit;\"><span style=\"vertical-align: inherit;\">Linaje: Thin Mint Girl Scout Cookies X Sunset Sherbet<\/span><\/span><\/p>\n<p><span style=\"vertical-align: inherit;\"><span style=\"vertical-align: inherit;\">Tiempo de floraci\u00f3n: 8 - 9 semanas<\/span><\/span><\/p>\n<p><span style=\"vertical-align: inherit;\"><span style=\"vertical-align: inherit;\">Condiciones de cultivo: Interior \/ Exterior<\/span><\/span><\/p>\n<p><span style=\"vertical-align: inherit;\"><span style=\"vertical-align: inherit;\">Rendimiento: De medio a alto<\/span><\/span><\/p>\n<p>&nbsp;<\/p>\n<p><span style=\"vertical-align: inherit;\"><span style=\"vertical-align: inherit;\">Comprar gelato 45 Alemania, donde comprar gelato #45 vs 33, gelato 45 todo el brote para la venta, gelato 41 cepa, gelato #45 rendimiento, gelato 45 cepa carrito inteligente, gelato 45 vs 33, gelato 45 cepa indica o sativa, gelati vs gelato cepa, gelato cepa 45, tambi\u00e9n puede comprar gelato cepa tibur\u00f3n, gelato 41 cepa, pastel de bodas cepa, ar\u00e1ndanos cepa gelato, sorbete cepa, gelato cepa de lim\u00f3n Puede comprar gelato <\/span><\/span><a href=\"https:\/\/hempbudswholesale.com\/\" target=\"_blank\" rel=\"noopener\"><span style=\"vertical-align: inherit;\"><span style=\"vertical-align: inherit;\">CBD<\/span><\/span><\/a><span style=\"vertical-align: inherit;\"><span style=\"vertical-align: inherit;\"> brotes de c\u00e1\u00f1amo<\/span><\/span><\/p>","protected":false},"excerpt":{"rendered":"<p>Gelato Weed tiene el atractivo suave y afrutado de Sunset Sherbert con la bondad terrosa y herbal de Thin Mints. Con una disponibilidad limitada y un aspecto y sabor atrevidos, esta cepa entra en una categor\u00eda emergente de h\u00edbridos artesanales de la Costa Oeste que se centran en el sabor. Gelato es portador de varios rasgos deseables de su linaje fuertemente cruzado y cautiva con su aspecto y sabor. Su ambiente triposo pero relajante la convierte en una opci\u00f3n perfecta para la introspecci\u00f3n en solitario o las reuniones sociales.<\/p>","protected":false},"featured_media":2012,"comment_status":"open","ping_status":"closed","template":"","meta":[],"product_brand":[],"product_cat":[20],"product_tag":[29,32,33,27,34,30,28,31,35,36],"class_list":{"0":"post-2007","1":"product","2":"type-product","3":"status-publish","4":"has-post-thumbnail","6":"product_cat-exotische-weed-aromen-kaufen","7":"product_tag-cannabis-kaufen","8":"product_tag-cannabis-online-kaufen","9":"product_tag-gras-bestellen","10":"product_tag-gras-kaufen","11":"product_tag-gras-online-kaufen","12":"product_tag-marihuana-kaufen","13":"product_tag-thc-kaufen","14":"product_tag-weed-kaufen","15":"product_tag-weed-online-bestellen","16":"product_tag-weed-online-kaufen","18":"first","19":"instock","20":"shipping-taxable","21":"purchasable","22":"product-type-variable"},"_links":{"self":[{"href":"https:\/\/dasgrasshop.com\/es\/wp-json\/wp\/v2\/product\/2007","targetHints":{"allow":["GET"]}}],"collection":[{"href":"https:\/\/dasgrasshop.com\/es\/wp-json\/wp\/v2\/product"}],"about":[{"href":"https:\/\/dasgrasshop.com\/es\/wp-json\/wp\/v2\/types\/product"}],"replies":[{"embeddable":true,"href":"https:\/\/dasgrasshop.com\/es\/wp-json\/wp\/v2\/comments?post=2007"}],"wp:featuredmedia":[{"embeddable":true,"href":"https:\/\/dasgrasshop.com\/es\/wp-json\/wp\/v2\/media\/2012"}],"wp:attachment":[{"href":"https:\/\/dasgrasshop.com\/es\/wp-json\/wp\/v2\/media?parent=2007"}],"wp:term":[{"taxonomy":"product_brand","embeddable":true,"href":"https:\/\/dasgrasshop.com\/es\/wp-json\/wp\/v2\/product_brand?post=2007"},{"taxonomy":"product_cat","embeddable":true,"href":"https:\/\/dasgrasshop.com\/es\/wp-json\/wp\/v2\/product_cat?post=2007"},{"taxonomy":"product_tag","embeddable":true,"href":"https:\/\/dasgrasshop.com\/es\/wp-json\/wp\/v2\/product_tag?post=2007"}],"curies":[{"name":"wp","href":"https:\/\/api.w.org\/{rel}","templated":true}]}}