{"id":2016,"date":"2022-03-07T13:04:46","date_gmt":"2022-03-07T13:04:46","guid":{"rendered":"https:\/\/dasgrasshop.com\/?post_type=product&#038;p=2016"},"modified":"2022-03-07T13:10:12","modified_gmt":"2022-03-07T13:10:12","slug":"sour-diesel","status":"publish","type":"product","link":"https:\/\/dasgrasshop.com\/es\/product\/sour-diesel\/","title":{"rendered":"Diesel amargo"},"content":{"rendered":"<p>Comprar Sour Diesel en l\u00ednea<br \/>\nLa Sour Diesel es una de las variedades sativa m\u00e1s fumadas de todos los tiempos. Si no has o\u00eddo hablar de esta cepa, probablemente vives en una cueva en Afganist\u00e1n, o alguien que conoces ya la ha probado (y probablemente le encanta). El linaje exacto de la Sour Diesel es complicado y est\u00e1 muy mal documentado, como parece ocurrir con la mayor\u00eda de las cepas antiguas.<\/p>\n<p>Algunos creen que la cepa Sour Diesel simplemente desciende de un fenotipo de Chemdawg que era ligeramente diferente y m\u00e1s del lado sativa de la ecuaci\u00f3n. La teor\u00eda m\u00e1s popular sobre la ascendencia es que la Diesel original es el resultado de un cruce entre (Chemdawg x Super Skunk x Northern Lights). Este h\u00edbrido mayoritariamente sativa (90% Sativa, 10% Indica) se conoce a menudo como \"Sour D\" y recibe su singular nombre del olor casi a diesel y c\u00edtrico que desprende.<\/p>\n<p>Que yo sepa, la Sour Diesel s\u00f3lo existe en forma de clones, y a menudo es dif\u00edcil de encontrar. Debido a esta rareza de la verdadera Sour Diesel, hay muchos h\u00edbridos que han intentado emular la verdadera Sour Diesel High. Algunos se acercan mucho, pero no hay nada comparable a la verdadera Sour Diesel.<\/p>\n<p>Aspecto y olor de Sour Diesel<br \/>\nLa Sour Diesel es una planta alta y esbelta, adecuada tanto para jardines de interior como de exterior. Su follaje se oscurece hasta adquirir un color casi p\u00farpura en las \u00faltimas semanas de floraci\u00f3n. Los cogollos suelen tener pistilos de color rosa a naranja claro y la formaci\u00f3n es suelta y en forma de espiga.<\/p>\n<p>Todas las Sour D que he cultivado ten\u00edan una gran cola con 6-9 ramas m\u00e1s peque\u00f1as.<\/p>\n<p>El aroma es muy fuerte, casi abrumador y, sin embargo, de alguna manera atractivo. Esto se debe a que esta cepa tiene un olor Diesel distintivo, penetrante, herb\u00e1ceo y c\u00edtrico que viene acompa\u00f1ado de una excitante explosi\u00f3n de energ\u00eda. Como tiene un linaje sativa dominante, se puede suponer que trabaja principalmente sobre la mente.<\/p>\n<p>El humo<br \/>\nLos aficionados a esta variedad suelen utilizar la Sour Diesel como primera fuente de medicina para empezar un largo d\u00eda: te sientes despierto y listo para empezar. Como la Sour Diesel es tan sativa dominante, act\u00faa casi exclusivamente sobre las funciones cerebrales. Si fumas la Sour Diesel aut\u00e9ntica, no te sentir\u00e1s como en un sof\u00e1 ni tendr\u00e1s sensaciones corporales intensas.<\/p>\n<p>Sour Diesel sabe exactamente como huele: un aroma a combustible cl\u00e1sico y funky. Por eso tambi\u00e9n es tan f\u00e1cil oler Sour Diesel en una alineaci\u00f3n.<\/p>\n<p>Esta variedad es tan popular porque su subid\u00f3n es simplemente incre\u00edble, con m\u00e1s de 20% de THC y una duraci\u00f3n del efecto de 2-3 horas. Al ser tan sativa dominante, llena el cuerpo y especialmente la mente de energ\u00eda motivadora y edificante. Es un potenciador del estado de animo y un destructor de la depresion. Estar de buen humor es una sensaci\u00f3n natural y sin esfuerzo cuando se experimenta la Sour Diesel.<\/p>\n<p>Total<br \/>\nLa abrumadora popularidad de la Sour Diesel no es casualidad y ya no es s\u00f3lo un fen\u00f3meno de la Costa Este. Esta variedad es una de las m\u00e1s fascinantes de la historia del cannabis. Hace que las cosas divertidas sean a\u00fan m\u00e1s divertidas; hace que la buena comida sepa a\u00fan mejor. Como potenciador del estado de \u00e1nimo, simplemente hace que la vida sea m\u00e1s divertida. Las noches m\u00e1s ordinarias se convierten r\u00e1pidamente en memorables cuando la Sour Diesel est\u00e1 involucrada. Esta variedad no s\u00f3lo mejora el estado de \u00e1nimo, sino que tambi\u00e9n ha demostrado ser eficaz en el tratamiento de la depresi\u00f3n. Tambi\u00e9n la ansiedad, el estr\u00e9s y la p\u00e9rdida de apetito. Esta cepa es digna de su fama y siempre ser\u00e1 una de las mejores cepas del planeta.<\/p>","protected":false},"excerpt":{"rendered":"<p>Sour Diesel online kaufen Sour Diesel ist eine der am meisten gerauchten Sativa-Sorten aller Zeiten. Wenn Sie noch nichts von dieser Sorte geh\u00f6rt haben, leben Sie wahrscheinlich in einer H\u00f6hle in Afghanistan, oder jemand, den Sie kennen, hat sie bereits probiert (und liebt sie wahrscheinlich). Die genaue Abstammung von Sour Diesel ist kompliziert und sehr [&hellip;]<\/p>","protected":false},"featured_media":2017,"comment_status":"open","ping_status":"closed","template":"","meta":[],"product_brand":[],"product_cat":[20],"product_tag":[29,32,33,27,34,30,28,31,35,36],"class_list":{"0":"post-2016","1":"product","2":"type-product","3":"status-publish","4":"has-post-thumbnail","6":"product_cat-exotische-weed-aromen-kaufen","7":"product_tag-cannabis-kaufen","8":"product_tag-cannabis-online-kaufen","9":"product_tag-gras-bestellen","10":"product_tag-gras-kaufen","11":"product_tag-gras-online-kaufen","12":"product_tag-marihuana-kaufen","13":"product_tag-thc-kaufen","14":"product_tag-weed-kaufen","15":"product_tag-weed-online-bestellen","16":"product_tag-weed-online-kaufen","18":"first","19":"instock","20":"shipping-taxable","21":"purchasable","22":"product-type-variable"},"_links":{"self":[{"href":"https:\/\/dasgrasshop.com\/es\/wp-json\/wp\/v2\/product\/2016","targetHints":{"allow":["GET"]}}],"collection":[{"href":"https:\/\/dasgrasshop.com\/es\/wp-json\/wp\/v2\/product"}],"about":[{"href":"https:\/\/dasgrasshop.com\/es\/wp-json\/wp\/v2\/types\/product"}],"replies":[{"embeddable":true,"href":"https:\/\/dasgrasshop.com\/es\/wp-json\/wp\/v2\/comments?post=2016"}],"wp:featuredmedia":[{"embeddable":true,"href":"https:\/\/dasgrasshop.com\/es\/wp-json\/wp\/v2\/media\/2017"}],"wp:attachment":[{"href":"https:\/\/dasgrasshop.com\/es\/wp-json\/wp\/v2\/media?parent=2016"}],"wp:term":[{"taxonomy":"product_brand","embeddable":true,"href":"https:\/\/dasgrasshop.com\/es\/wp-json\/wp\/v2\/product_brand?post=2016"},{"taxonomy":"product_cat","embeddable":true,"href":"https:\/\/dasgrasshop.com\/es\/wp-json\/wp\/v2\/product_cat?post=2016"},{"taxonomy":"product_tag","embeddable":true,"href":"https:\/\/dasgrasshop.com\/es\/wp-json\/wp\/v2\/product_tag?post=2016"}],"curies":[{"name":"wp","href":"https:\/\/api.w.org\/{rel}","templated":true}]}}