{"id":2022,"date":"2022-03-07T13:21:57","date_gmt":"2022-03-07T13:21:57","guid":{"rendered":"https:\/\/dasgrasshop.com\/?post_type=product&#038;p=2022"},"modified":"2026-05-01T19:29:14","modified_gmt":"2026-05-01T19:29:14","slug":"afghan-kush","status":"publish","type":"product","link":"https:\/\/dasgrasshop.com\/es\/product\/afghan-kush\/","title":{"rendered":"Kush afgano"},"content":{"rendered":"<p><span style=\"vertical-align: inherit;\"><span style=\"vertical-align: inherit;\">Variedad Afghan Kush <\/span><\/span><br \/>\n<span style=\"vertical-align: inherit;\"><span style=\"vertical-align: inherit;\">Afghan Kush tiene un aspecto muy bonito, verde p\u00e1lido con toques de amarillo, los pelos anaranjados son tanto claros como oscuros presentes, parece una pepita de oro y naranja, con cristales moteados.<\/span><\/span><\/p>\n<p><span style=\"vertical-align: inherit;\"><span style=\"vertical-align: inherit;\">Nariz <\/span><\/span><br \/>\n<span style=\"vertical-align: inherit;\"><span style=\"vertical-align: inherit;\">Afghan Kush huele muy suavemente incluso como una pepita entera con toques de azafr\u00e1n y mantequilla escocesa. <\/span><span style=\"vertical-align: inherit;\">Sin embargo, una vez que se abre el cogollo, el olor a caramelo quemado se vuelve dominante.<\/span><\/span><\/p>\n<p><span style=\"vertical-align: inherit;\"><span style=\"vertical-align: inherit;\">Sabor <\/span><\/span><br \/>\n<span style=\"vertical-align: inherit;\"><span style=\"vertical-align: inherit;\">Este cogollo tiene un sabor igual de picante, siendo la nuez moscada, la canela y el jengibre los m\u00e1s fuertes. <\/span><span style=\"vertical-align: inherit;\">El sabor de la nuez moscada es muy suave y se recordar\u00e1 durante unos momentos.<\/span><\/span><\/p>\n<p><span style=\"vertical-align: inherit;\"><span style=\"vertical-align: inherit;\">Efecto <\/span><\/span><br \/>\n<span style=\"vertical-align: inherit;\"><span style=\"vertical-align: inherit;\">Los efectos de Afghan Kush son inmediatos. <\/span><span style=\"vertical-align: inherit;\">Te pones muy relajado, y un poco pesado el ojo, (no para los novatos). <\/span><span style=\"vertical-align: inherit;\">Descubr\u00ed que no sent\u00eda mucho dolor. <\/span><span style=\"vertical-align: inherit;\">Tambi\u00e9n siento que esto es un gran espasmo. <\/span><span style=\"vertical-align: inherit;\">Y si tienes problemas para dormir y crees que necesitas un poco de sue\u00f1o de inmediato, Afghan Kush es tu hierba.<\/span><\/span><\/p>\n<p><span style=\"vertical-align: inherit;\"><span style=\"vertical-align: inherit;\">Afghan Kush es, con diferencia, mi variedad favorita del a\u00f1o. <\/span><span style=\"vertical-align: inherit;\">Conocer personalmente a alguien que la cultiv\u00f3 y observ\u00f3 su belleza me ha apasionado por una cepa tan incre\u00edble. <\/span><span style=\"vertical-align: inherit;\">Los olores que emanaban de esta chica eran muy penetrantes durante el periodo de floraci\u00f3n, y luego se debilitaban al secarse. <\/span><span style=\"vertical-align: inherit;\">Durante la curaci\u00f3n, mostr\u00f3 sus verdaderos colores. <\/span><span style=\"vertical-align: inherit;\">Pas\u00f3 de ser picante a tener un suave olor dulce con toques de verde lima y pelo naranja brillante. <\/span><span style=\"vertical-align: inherit;\">Una fumada muy suave en comparaci\u00f3n con la mayor\u00eda. <\/span><span style=\"vertical-align: inherit;\">El aceite de miel hecho con este tinte es fenomenal. <\/span><span style=\"vertical-align: inherit;\">La cepa de mayor \u00e9xito en un tiempo<\/span><\/span><\/p>","protected":false},"excerpt":{"rendered":"<p><span style=\"vertical-align: inherit;\"><span style=\"vertical-align: inherit;\">Afghan Kush tiene un aspecto muy bonito a la vista, verde p\u00e1lido con toques de amarillo, pelos anaranjados tanto claros como oscuros est\u00e1n presentes, parece una pepita de oro y naranja, con cristales moteados. <\/span><span style=\"vertical-align: inherit;\">Comprar Afghan Kush Online - Afghan Kush en venta. <\/span><span style=\"vertical-align: inherit;\">Afghan Kush es una popular variedad de marihuana con niveles de THC de hasta 15%. <\/span><span style=\"vertical-align: inherit;\">La Afghan Kush tiene un sabor muy medicinal y tiene efectos dram\u00e1ticos para aliviar el dolor. <\/span><span style=\"vertical-align: inherit;\">Afghan Kush es popular entre los pacientes que buscan aliviar el dolor, el estr\u00e9s, el insomnio y las n\u00e1useas.<\/span><\/span><\/p>","protected":false},"featured_media":2033,"comment_status":"open","ping_status":"closed","template":"","meta":[],"product_brand":[],"product_cat":[20],"product_tag":[29,32,33,27,34,30,28,31,35,36],"class_list":{"0":"post-2022","1":"product","2":"type-product","3":"status-publish","4":"has-post-thumbnail","6":"product_cat-exotische-weed-aromen-kaufen","7":"product_tag-cannabis-kaufen","8":"product_tag-cannabis-online-kaufen","9":"product_tag-gras-bestellen","10":"product_tag-gras-kaufen","11":"product_tag-gras-online-kaufen","12":"product_tag-marihuana-kaufen","13":"product_tag-thc-kaufen","14":"product_tag-weed-kaufen","15":"product_tag-weed-online-bestellen","16":"product_tag-weed-online-kaufen","18":"first","19":"instock","20":"shipping-taxable","21":"purchasable","22":"product-type-variable"},"_links":{"self":[{"href":"https:\/\/dasgrasshop.com\/es\/wp-json\/wp\/v2\/product\/2022","targetHints":{"allow":["GET"]}}],"collection":[{"href":"https:\/\/dasgrasshop.com\/es\/wp-json\/wp\/v2\/product"}],"about":[{"href":"https:\/\/dasgrasshop.com\/es\/wp-json\/wp\/v2\/types\/product"}],"replies":[{"embeddable":true,"href":"https:\/\/dasgrasshop.com\/es\/wp-json\/wp\/v2\/comments?post=2022"}],"wp:featuredmedia":[{"embeddable":true,"href":"https:\/\/dasgrasshop.com\/es\/wp-json\/wp\/v2\/media\/2033"}],"wp:attachment":[{"href":"https:\/\/dasgrasshop.com\/es\/wp-json\/wp\/v2\/media?parent=2022"}],"wp:term":[{"taxonomy":"product_brand","embeddable":true,"href":"https:\/\/dasgrasshop.com\/es\/wp-json\/wp\/v2\/product_brand?post=2022"},{"taxonomy":"product_cat","embeddable":true,"href":"https:\/\/dasgrasshop.com\/es\/wp-json\/wp\/v2\/product_cat?post=2022"},{"taxonomy":"product_tag","embeddable":true,"href":"https:\/\/dasgrasshop.com\/es\/wp-json\/wp\/v2\/product_tag?post=2022"}],"curies":[{"name":"wp","href":"https:\/\/api.w.org\/{rel}","templated":true}]}}