{"id":2035,"date":"2022-03-07T14:16:35","date_gmt":"2022-03-07T14:16:35","guid":{"rendered":"https:\/\/dasgrasshop.com\/?post_type=product&#038;p=2035"},"modified":"2022-06-14T18:16:40","modified_gmt":"2022-06-14T18:16:40","slug":"blue-dream","status":"publish","type":"product","link":"https:\/\/dasgrasshop.com\/es\/product\/blue-dream\/","title":{"rendered":"Sue\u00f1o azul"},"content":{"rendered":"<p>Comprar marihuana blue dream online. Blue Dream es un cruce h\u00edbrido con sativa dominante de Haze y Blueberry. Tiene uno de los sabores con m\u00e1s cuerpo m\u00e1s buscados de cualquier cepa. El aroma de Blue Dream es dulce, picante y vigorizante para los sentidos. Tiene unos cogollos densos, parecidos a las palomitas de ma\u00edz, que brillan en azul a la luz, complementando el paisaje de tricomas y pelos anaranjados.<\/p>\n<p>La marihuana Blue Dream produce un subid\u00f3n de excelente sabor que dura tanto como su equilibrio. Es una gran cepa para el d\u00eda. Al inhalar, puedes sentir Blue Dream inmediatamente. El efecto se produce con bastante rapidez, produciendo un subid\u00f3n energ\u00e9tico y concentrado. Se dice que la creatividad florece con esta cepa, lo que la convierte en una de las favoritas de los consumidores de cannabis art\u00edstico.<\/p>","protected":false},"excerpt":{"rendered":"<p>Comprar marihuana blue dream online. Blue Dream es un cruce h\u00edbrido con sativa dominante de Haze y Blueberry. Tiene uno de los sabores con m\u00e1s cuerpo m\u00e1s buscados de cualquier cepa. El aroma de Blue Dream es dulce, picante y vigorizante para los sentidos. Tiene unos cogollos densos, parecidos a las palomitas de ma\u00edz, que brillan en azul bajo la luz y el paisaje de tricomas y pelos anaranjados [...]<\/p>","protected":false},"featured_media":2044,"comment_status":"open","ping_status":"closed","template":"","meta":[],"product_brand":[],"product_cat":[20],"product_tag":[29,32,33,27,34,30,28,31,35,36],"class_list":{"0":"post-2035","1":"product","2":"type-product","3":"status-publish","4":"has-post-thumbnail","6":"product_cat-exotische-weed-aromen-kaufen","7":"product_tag-cannabis-kaufen","8":"product_tag-cannabis-online-kaufen","9":"product_tag-gras-bestellen","10":"product_tag-gras-kaufen","11":"product_tag-gras-online-kaufen","12":"product_tag-marihuana-kaufen","13":"product_tag-thc-kaufen","14":"product_tag-weed-kaufen","15":"product_tag-weed-online-bestellen","16":"product_tag-weed-online-kaufen","18":"first","19":"instock","20":"shipping-taxable","21":"purchasable","22":"product-type-variable"},"_links":{"self":[{"href":"https:\/\/dasgrasshop.com\/es\/wp-json\/wp\/v2\/product\/2035","targetHints":{"allow":["GET"]}}],"collection":[{"href":"https:\/\/dasgrasshop.com\/es\/wp-json\/wp\/v2\/product"}],"about":[{"href":"https:\/\/dasgrasshop.com\/es\/wp-json\/wp\/v2\/types\/product"}],"replies":[{"embeddable":true,"href":"https:\/\/dasgrasshop.com\/es\/wp-json\/wp\/v2\/comments?post=2035"}],"wp:featuredmedia":[{"embeddable":true,"href":"https:\/\/dasgrasshop.com\/es\/wp-json\/wp\/v2\/media\/2044"}],"wp:attachment":[{"href":"https:\/\/dasgrasshop.com\/es\/wp-json\/wp\/v2\/media?parent=2035"}],"wp:term":[{"taxonomy":"product_brand","embeddable":true,"href":"https:\/\/dasgrasshop.com\/es\/wp-json\/wp\/v2\/product_brand?post=2035"},{"taxonomy":"product_cat","embeddable":true,"href":"https:\/\/dasgrasshop.com\/es\/wp-json\/wp\/v2\/product_cat?post=2035"},{"taxonomy":"product_tag","embeddable":true,"href":"https:\/\/dasgrasshop.com\/es\/wp-json\/wp\/v2\/product_tag?post=2035"}],"curies":[{"name":"wp","href":"https:\/\/api.w.org\/{rel}","templated":true}]}}