{"id":2036,"date":"2022-03-07T13:44:21","date_gmt":"2022-03-07T13:44:21","guid":{"rendered":"https:\/\/dasgrasshop.com\/?post_type=product&#038;p=2036"},"modified":"2022-03-07T13:59:04","modified_gmt":"2022-03-07T13:59:04","slug":"wedding-cake","status":"publish","type":"product","link":"https:\/\/dasgrasshop.com\/es\/product\/tarta-de-boda\/","title":{"rendered":"Tarta de boda"},"content":{"rendered":"<p>Variedad de hierba Exotic Wedding Cake<br \/>\nComprar con seguridad el ba\u00fal de la tarta de boda o el ba\u00fal de la tarta de boda ex\u00f3tica en l\u00ednea para la venta con el seguimiento y las revisiones de la tarta de escarda. No es necesario. La variedad Wedding Cake es un delicioso h\u00edbrido de marihuana con dominancia \u00edndica. Sus padres fueron auto seleccionados por su delicioso sabor, que son la hierba Girl Scout Cookies, y la cepa de marihuana Cherry Pie. Los padres, a su vez, tienen gen\u00e9tica tambi\u00e9n de OG Kush, Durban Poison y Granddaddy Purple, creando una cepa ex\u00f3tica de pastel de bodas. no s\u00f3lo una hierba deliciosa, sino una que tiene un gran impacto, con niveles de THC de m\u00e1s del 25 por ciento.<\/p>\n<p>tarta de boda cepa Alemania o comprar tarta de boda<br \/>\nWedding Cake Buds es una cepa medicinal fuerte. El alto contenido de THC la convierte en un consumado potenciador del estado de \u00e1nimo, as\u00ed como en un potente analg\u00e9sico. La variedad de marihuana medicinal Wedding Cake puede aliviar el dolor musculoesquel\u00e9tico como la ci\u00e1tica, el dolor inflamatorio como la artritis y el dolor neurop\u00e1tico como en la fibromialgia, entre otras afecciones. Las afecciones neurol\u00f3gicas como la ELA o la enfermedad de Lou Gehrig pueden tratarse con f\u00f3rmulas medicinales de esta variedad recomendadas por un m\u00e9dico. Muchas otras condiciones son recomendadas y pueden ser tratadas legalmente con la marihuana Wedding Cake, dependiendo de las leyes de los diferentes estados y pa\u00edses. Env\u00edenos un mensaje aqu\u00ed<\/p>\n<p>&nbsp;<\/p>\n<p>Efectos de la variedad del pastel de bodas<br \/>\nEl subid\u00f3n que produce esta variedad es incre\u00edblemente edificante y relajante al mismo tiempo. Proporciona un subid\u00f3n de fuerza mientras pone la mente en una fase de relativa calma.<\/p>\n<p>Con el tiempo, este poderoso efecto sobre el cuerpo se aplana -sobre todo en el est\u00f3mago- y despierta el hambre y desencadena un caso extremo de antojos.<\/p>\n<p>Los consumidores pueden experimentar un leve subid\u00f3n psicod\u00e9lico, en el que sus pensamientos se desarrollan r\u00e1pidamente y su percepci\u00f3n del entorno mejora.<\/p>\n<p>En el entorno adecuado, las sensaciones de euforia y mareo pueden provocar este cambio en el espacio mental. Esto puede parecer duro al principio, pero debido a la combinaci\u00f3n con la dominancia \u00edndica, la relajaci\u00f3n se establece despu\u00e9s de un corto tiempo.<\/p>\n<p>Mientras se produce esta relajaci\u00f3n, algunos usuarios sienten una refrescante ola de excitaci\u00f3n y densidad que se extiende por la parte superior del cuerpo y las extremidades.<\/p>\n<p>Incluso cuando se produce la sedaci\u00f3n, se puede seguir sintiendo la estimulaci\u00f3n mental, de modo que los usuarios se sienten en sinton\u00eda con su entorno. Es esencial realizar ciertas actividades como la lectura, la escritura y una actividad f\u00edsica ligera.<\/p>\n<p>Sin embargo, no es recomendable para tareas que requieran un alto grado de manejo y control de la m\u00e1quina (por ejemplo, cocinar o conducir).<\/p>\n<p>La variedad Wedding Cake es una potencia completa de THC y, como tal, no es adecuada para los reci\u00e9n llegados a la cultura del cannabis.<\/p>\n<p>Adem\u00e1s, los usuarios experimentados deber\u00edan acercarse a esta cepa con precauci\u00f3n. Esta cepa es cada vez m\u00e1s popular por su efecto robusto y redondo, que puede utilizarse tanto con fines recreativos como terap\u00e9uticos. cepa ex\u00f3tica Wedding Cake<\/p>\n<p>Es muy recomendable consumir esta variedad s\u00f3lo despu\u00e9s de que el sol se haya puesto y la cena est\u00e9 lista, porque este trozo de pastel ser\u00e1 lo \u00faltimo que se coma antes de irse a la cama.<\/p>\n<p>Beneficios m\u00e9dicos de la tarta de bodas<br \/>\nWedding Cake es sin duda una excelente variedad de cannabis para uso recreativo. Su contenido de THC produce un intenso subid\u00f3n cerebral y f\u00edsico que eleva al usuario y relaja el cuerpo.<\/p>\n<p>Sin embargo, la ubicuidad de sus componentes psicoactivos y sus efectos secundarios tambi\u00e9n tienen un importante valor curativo.<\/p>\n<p>Como alternativa real a los medicamentos basados en opioides, rara vez tiene efectos secundarios no deseados, como las n\u00e1useas. Por el contrario, satisface el est\u00f3mago e incluso estimula el apetito.<\/p>\n<p>Los pacientes con trastornos alimentarios, como la anorexia, podr\u00edan recuperar su peso, especialmente bajo la supervisi\u00f3n de un especialista.<\/p>\n<p>Sirve como sedante y estimulante del apetito y es muy beneficioso para los casos que pasan regularmente por s\u00edntomas asociados a la depresi\u00f3n, la fibromialgia, la esclerosis m\u00faltiple y otros rasgos relacionados.<\/p>\n<p>Con un excelente perfil de terpenos, no es de extra\u00f1ar que Wedding Cake ofrezca ayuda terap\u00e9utica para la ansiedad, la artritis, la depresi\u00f3n leve, las migra\u00f1as y el estr\u00e9s, con efectos contempor\u00e1neos como la creatividad y la relajaci\u00f3n.<\/p>\n<p>Tambi\u00e9n puede utilizarse como sedante para los pacientes, pero ayuda a calmar los nervios o a controlar los s\u00edntomas que provocan ansiedad. Aunque no controla completamente los niveles de concentraci\u00f3n y energ\u00eda, provoca la normal sequedad de los ojos y la boca.<\/p>\n<p>Efectos secundarios de la tarta de bodas<br \/>\nLa variedad Wedding Cake o Pink Cookie tiene un mayor contenido de THC que otras variedades de cannabis, y por lo tanto hay algunos posibles efectos secundarios.<\/p>\n<p>Con Wedding Cake, se puede asumir la habitual sequedad de ojos y el mal aliento causados por los cannabinoides que inhiben la humedad. Es leve y a menudo no es tenido en cuenta por los usuarios experimentados.<\/p>\n<p>Los fumadores novatos que se ven afectados por estos problemas pueden controlar la sequedad bebiendo mucho l\u00edquido.<\/p>\n<p>Tambi\u00e9n es posible que la potencia absoluta de Wedding Cake provoque un reverdecimiento. Esta condici\u00f3n se caracteriza por un ligero mareo que puede convertirse en ansiedad o en una sutil sensaci\u00f3n de inquietud.<\/p>","protected":false},"excerpt":{"rendered":"<p>Pastel de boda ex\u00f3tico Ba\u00fal de hierba Comprar con seguridad pastel de boda ba\u00fal o pastel de boda ex\u00f3tico ba\u00fal online a la venta con seguimiento y opiniones pastel de hierba. discreta. La variedad Wedding Cake es un delicioso h\u00edbrido de marihuana con dominancia Indica. Sus padres fueron auto-seleccionados por su delicioso sabor, que son la hierba Girl Scout Cookies, y la cepa de marihuana Cherry Pie. Los padres, a su vez, tienen la [...]<\/p>","protected":false},"featured_media":2037,"comment_status":"open","ping_status":"closed","template":"","meta":[],"product_brand":[],"product_cat":[20],"product_tag":[29,32,33,27,34,30,28,31,35,36],"class_list":{"0":"post-2036","1":"product","2":"type-product","3":"status-publish","4":"has-post-thumbnail","6":"product_cat-exotische-weed-aromen-kaufen","7":"product_tag-cannabis-kaufen","8":"product_tag-cannabis-online-kaufen","9":"product_tag-gras-bestellen","10":"product_tag-gras-kaufen","11":"product_tag-gras-online-kaufen","12":"product_tag-marihuana-kaufen","13":"product_tag-thc-kaufen","14":"product_tag-weed-kaufen","15":"product_tag-weed-online-bestellen","16":"product_tag-weed-online-kaufen","18":"first","19":"instock","20":"shipping-taxable","21":"purchasable","22":"product-type-variable"},"_links":{"self":[{"href":"https:\/\/dasgrasshop.com\/es\/wp-json\/wp\/v2\/product\/2036","targetHints":{"allow":["GET"]}}],"collection":[{"href":"https:\/\/dasgrasshop.com\/es\/wp-json\/wp\/v2\/product"}],"about":[{"href":"https:\/\/dasgrasshop.com\/es\/wp-json\/wp\/v2\/types\/product"}],"replies":[{"embeddable":true,"href":"https:\/\/dasgrasshop.com\/es\/wp-json\/wp\/v2\/comments?post=2036"}],"wp:featuredmedia":[{"embeddable":true,"href":"https:\/\/dasgrasshop.com\/es\/wp-json\/wp\/v2\/media\/2037"}],"wp:attachment":[{"href":"https:\/\/dasgrasshop.com\/es\/wp-json\/wp\/v2\/media?parent=2036"}],"wp:term":[{"taxonomy":"product_brand","embeddable":true,"href":"https:\/\/dasgrasshop.com\/es\/wp-json\/wp\/v2\/product_brand?post=2036"},{"taxonomy":"product_cat","embeddable":true,"href":"https:\/\/dasgrasshop.com\/es\/wp-json\/wp\/v2\/product_cat?post=2036"},{"taxonomy":"product_tag","embeddable":true,"href":"https:\/\/dasgrasshop.com\/es\/wp-json\/wp\/v2\/product_tag?post=2036"}],"curies":[{"name":"wp","href":"https:\/\/api.w.org\/{rel}","templated":true}]}}