{"id":2050,"date":"2022-03-07T14:38:58","date_gmt":"2022-03-07T14:38:58","guid":{"rendered":"https:\/\/dasgrasshop.com\/?post_type=product&#038;p=2050"},"modified":"2023-04-21T22:15:10","modified_gmt":"2023-04-21T22:15:10","slug":"apple-fritter","status":"publish","type":"product","link":"https:\/\/dasgrasshop.com\/es\/product\/manzana-fritura\/","title":{"rendered":"Bu\u00f1uelo de manzana"},"content":{"rendered":"<p>Puedes comprar Apple Fritteronline.<br \/>\nTambi\u00e9n conocida como \"Apple Fritters\", es una cepa h\u00edbrida rara y equilibrada (50% Indica\/50% Sativa) creada mediante el cruce de las cepas cl\u00e1sicas Sour Apple X Animal Cookies. Conocida por haber entrado en la lista de las variedades m\u00e1s potentes del mundo de High Times en 2016, esta chica ofrece un subid\u00f3n incre\u00edble y un sabor delicioso que te har\u00e1 pedir m\u00e1s despu\u00e9s de probarla una sola vez. Este cogollo tiene un sabor a manzana s\u00faper dulce y afrutado con una exhalaci\u00f3n de vainilla ligeramente \u00e1cida que es como un delicioso pastel de manzana reci\u00e9n horneado. El aroma es muy similar, con un efecto herb\u00e1ceo tambi\u00e9n. El subid\u00f3n de Apple Fritter comienza casi inmediatamente con la primera exhalaci\u00f3n, llenando tu mente con un subid\u00f3n que aleja cualquier pensamiento negativo o acelerado casi al instante. A medida que tu estado mental se eleva m\u00e1s y m\u00e1s, un hormigueo f\u00edsico te inundar\u00e1, relajando tus m\u00fasculos doloridos y haci\u00e9ndote sentir en completa armon\u00eda con el mundo que te rodea. Combinado con el alt\u00edsimo contenido medio de THC de 22-28%, este efecto da a Apple Fritter una ventaja en el tratamiento de afecciones como el insomnio, el dolor cr\u00f3nico, la depresi\u00f3n, los cambios de humor y el estr\u00e9s cr\u00f3nico. Este cogollo tiene forma de pala, cogollos de color verde oliva oscuro con profundos matices p\u00farpura, pelos de color naranja brillante y una capa de peque\u00f1os tricomas de cristal blanco.<\/p>","protected":false},"excerpt":{"rendered":"<p>Puedes comprar Apple Fritteronline. Tambi\u00e9n conocida como \"Apple Fritters\", es una cepa h\u00edbrida rara y equilibrada (50% Indica\/50% Sativa) creada mediante el cruce de las cepas cl\u00e1sicas Sour Apple X Animal Cookies. Conocida por haber entrado en la lista de High Times 2016 de las cepas m\u00e1s potentes del mundo, esta chica aporta un subid\u00f3n contundente y un [...]<\/p>","protected":false},"featured_media":2051,"comment_status":"open","ping_status":"closed","template":"","meta":[],"product_brand":[],"product_cat":[20],"product_tag":[29,32,33,27,34,30,28,31,35,36],"class_list":{"0":"post-2050","1":"product","2":"type-product","3":"status-publish","4":"has-post-thumbnail","6":"product_cat-exotische-weed-aromen-kaufen","7":"product_tag-cannabis-kaufen","8":"product_tag-cannabis-online-kaufen","9":"product_tag-gras-bestellen","10":"product_tag-gras-kaufen","11":"product_tag-gras-online-kaufen","12":"product_tag-marihuana-kaufen","13":"product_tag-thc-kaufen","14":"product_tag-weed-kaufen","15":"product_tag-weed-online-bestellen","16":"product_tag-weed-online-kaufen","18":"first","19":"instock","20":"shipping-taxable","21":"purchasable","22":"product-type-variable"},"_links":{"self":[{"href":"https:\/\/dasgrasshop.com\/es\/wp-json\/wp\/v2\/product\/2050","targetHints":{"allow":["GET"]}}],"collection":[{"href":"https:\/\/dasgrasshop.com\/es\/wp-json\/wp\/v2\/product"}],"about":[{"href":"https:\/\/dasgrasshop.com\/es\/wp-json\/wp\/v2\/types\/product"}],"replies":[{"embeddable":true,"href":"https:\/\/dasgrasshop.com\/es\/wp-json\/wp\/v2\/comments?post=2050"}],"wp:featuredmedia":[{"embeddable":true,"href":"https:\/\/dasgrasshop.com\/es\/wp-json\/wp\/v2\/media\/2051"}],"wp:attachment":[{"href":"https:\/\/dasgrasshop.com\/es\/wp-json\/wp\/v2\/media?parent=2050"}],"wp:term":[{"taxonomy":"product_brand","embeddable":true,"href":"https:\/\/dasgrasshop.com\/es\/wp-json\/wp\/v2\/product_brand?post=2050"},{"taxonomy":"product_cat","embeddable":true,"href":"https:\/\/dasgrasshop.com\/es\/wp-json\/wp\/v2\/product_cat?post=2050"},{"taxonomy":"product_tag","embeddable":true,"href":"https:\/\/dasgrasshop.com\/es\/wp-json\/wp\/v2\/product_tag?post=2050"}],"curies":[{"name":"wp","href":"https:\/\/api.w.org\/{rel}","templated":true}]}}