{"id":2056,"date":"2022-03-07T14:46:13","date_gmt":"2022-03-07T14:46:13","guid":{"rendered":"https:\/\/dasgrasshop.com\/?post_type=product&#038;p=2056"},"modified":"2022-03-07T14:48:22","modified_gmt":"2022-03-07T14:48:22","slug":"lemon-haze","status":"publish","type":"product","link":"https:\/\/dasgrasshop.com\/es\/product\/lemon-haze\/","title":{"rendered":"Lemon Haze"},"content":{"rendered":"<p>Super Lemon Haze online kaufen. Sie ist eine Mischung aus Lemon Skunk und Super Silver Haze und hat ein Sativa \/ Indica-Verh\u00e4ltnis von 80:20. Das bedeutet berauschende, schwungvolle, zerebrale Wirkungen: Erregung, Kreativit\u00e4t, Energie, Euphorie und intensive Freude. Dies sind die idealen Mittel zur Behandlung von Depressionen, M\u00fcdigkeit, Angstzust\u00e4nden, \u00dcbelkeit und chronischen Schmerzen. Der <a href=\"https:\/\/legitweeddispensary.com\/\" target=\"_blank\" rel=\"noopener\">THC-<\/a>Gehalt dieser Sorte ist hoch, mindestens eine Probe \u00fcbersteigt 25 %, und damit steht Super Lemon Haze an der Spitze der Potenzpyramide. Sie ist jedoch nicht f\u00fcr ihre CBD-Werte bekannt, die regelm\u00e4\u00dfig deutlich unter 1 % liegen. Mit anderen Worten, diese Sorte sollte nicht als einzige Medizin f\u00fcr Krankheiten verwendet werden, die auf <a href=\"https:\/\/gethempnow.com\/\" target=\"_blank\" rel=\"noopener\">CBD<\/a> ansprechen, wie z.B. Anfallsleiden. Super Lemon Haze hat einen s\u00e4uerlichen, pikanten Zitronengeschmack und -aroma mit s\u00fc\u00dfen Noten von S\u00fc\u00dfigkeiten. Super Lemon Haze online kaufen. Die Knospe, die ein gesprenkeltes gr\u00fcn-braunes Aussehen hat, ist mit einer dichten Schicht von harzigen Trichomen bedeckt.<\/p>","protected":false},"excerpt":{"rendered":"<p>Super Lemon Haze online kaufen. Sie ist eine Mischung aus Lemon Skunk und Super Silver Haze und hat ein Sativa \/ Indica-Verh\u00e4ltnis von 80:20. Das bedeutet berauschende, schwungvolle, zerebrale Wirkungen: Erregung, Kreativit\u00e4t, Energie, Euphorie und intensive Freude. Dies sind die idealen Mittel zur Behandlung von Depressionen, M\u00fcdigkeit, Angstzust\u00e4nden, \u00dcbelkeit und chronischen Schmerzen. Der THC-Gehalt dieser [&hellip;]<\/p>","protected":false},"featured_media":2057,"comment_status":"open","ping_status":"closed","template":"","meta":[],"product_brand":[],"product_cat":[20],"product_tag":[29,32,33,27,34,30,28,31,35,36],"class_list":{"0":"post-2056","1":"product","2":"type-product","3":"status-publish","4":"has-post-thumbnail","6":"product_cat-exotische-weed-aromen-kaufen","7":"product_tag-cannabis-kaufen","8":"product_tag-cannabis-online-kaufen","9":"product_tag-gras-bestellen","10":"product_tag-gras-kaufen","11":"product_tag-gras-online-kaufen","12":"product_tag-marihuana-kaufen","13":"product_tag-thc-kaufen","14":"product_tag-weed-kaufen","15":"product_tag-weed-online-bestellen","16":"product_tag-weed-online-kaufen","18":"first","19":"instock","20":"shipping-taxable","21":"purchasable","22":"product-type-variable"},"_links":{"self":[{"href":"https:\/\/dasgrasshop.com\/es\/wp-json\/wp\/v2\/product\/2056","targetHints":{"allow":["GET"]}}],"collection":[{"href":"https:\/\/dasgrasshop.com\/es\/wp-json\/wp\/v2\/product"}],"about":[{"href":"https:\/\/dasgrasshop.com\/es\/wp-json\/wp\/v2\/types\/product"}],"replies":[{"embeddable":true,"href":"https:\/\/dasgrasshop.com\/es\/wp-json\/wp\/v2\/comments?post=2056"}],"wp:featuredmedia":[{"embeddable":true,"href":"https:\/\/dasgrasshop.com\/es\/wp-json\/wp\/v2\/media\/2057"}],"wp:attachment":[{"href":"https:\/\/dasgrasshop.com\/es\/wp-json\/wp\/v2\/media?parent=2056"}],"wp:term":[{"taxonomy":"product_brand","embeddable":true,"href":"https:\/\/dasgrasshop.com\/es\/wp-json\/wp\/v2\/product_brand?post=2056"},{"taxonomy":"product_cat","embeddable":true,"href":"https:\/\/dasgrasshop.com\/es\/wp-json\/wp\/v2\/product_cat?post=2056"},{"taxonomy":"product_tag","embeddable":true,"href":"https:\/\/dasgrasshop.com\/es\/wp-json\/wp\/v2\/product_tag?post=2056"}],"curies":[{"name":"wp","href":"https:\/\/api.w.org\/{rel}","templated":true}]}}