{"id":2062,"date":"2022-03-07T14:56:07","date_gmt":"2022-03-07T14:56:07","guid":{"rendered":"https:\/\/dasgrasshop.com\/?post_type=product&#038;p=2062"},"modified":"2022-12-12T14:35:01","modified_gmt":"2022-12-12T14:35:01","slug":"northern-lights","status":"publish","type":"product","link":"https:\/\/dasgrasshop.com\/es\/product\/northern-lights\/","title":{"rendered":"Aurora boreal"},"content":{"rendered":"<p>Cepa Indica Northern Lights<br \/>\nAlgunas variedades son simplemente famosas; la Northern Lights (Afghanica), sin embargo, ha alcanzado un estatus legendario.<\/p>\n<p>Si eres un consumidor habitual de cannabis, es muy probable que hayas probado Northern Lights. O una de las cepas hermanas de la cepa, como: Sour Diesel y Shiva Skunk, por nombrar algunas. El linaje exacto y la historia de la aurora boreal est\u00e1n rodeados de misterio y podr\u00edan perderse para siempre.<\/p>\n<p>La teor\u00eda que prevalece es que la variedad se origin\u00f3 en el noroeste del Pac\u00edfico y tiene pocos seguidores. Luego se dirigi\u00f3 a Holanda, donde se cruzaron los dos mejores fenotipos (Northern Lights #5 x Northern Lights #2). El NL #5 desempe\u00f1\u00f3 el papel m\u00e1s importante en el cruce porque el NL #5 aumenta la potencia y acorta el tiempo de floraci\u00f3n. El NL #2 da a la cepa un sabor y un olor fant\u00e1sticos y contribuye a la potencia y la fuerza general del subid\u00f3n. Adem\u00e1s, NL #2 es una planta m\u00e1s dura y con mayor resistencia al moho y a las plagas que otros fenotipos.<\/p>\n<p>Aspecto y olor de la aurora boreal<br \/>\nEsta variedad era hermosa de ver, tanto de cerca como de lejos. El octavo esp\u00e9cimen que recib\u00ed para esta prueba ten\u00eda la forma de un gran nug, art\u00edsticamente cortado. Mostraba todo el \"funcionamiento interno\" del cogollo, al tiempo que dejaba una cantidad perfecta de material foliar para que pareciera natural. La coloraci\u00f3n era muy brillante en general, con verdes n\u00edtidos y pistilos casi dorados.<\/p>\n<p>Northern Lights se presenta con cogollos compactos y densos, cubiertos de una capa blanca y plateada de tricomas, a menudo separados por unos pocos cent\u00edmetros de tallo, lo que hace que el recorte sea un juego de ni\u00f1os y ofrece un rendimiento excelente. Aunque los cogollos son densos y gruesos (estructura t\u00edpica de las \u00edndicas), no son tan impenetrables como para que la podredumbre de los cogollos sea un gran problema - lo que puede ser un gran problema con muchas cepas \u00edndicas - lo que hace que la Northern Lights sea una buena \u00edndica que se puede cultivar en ambientes h\u00famedos.<\/p>\n<p>El aroma es un olor fresco, herb\u00e1ceo y ligeramente mofeta desde la distancia que se convierte en un complejo y dulce aroma a c\u00edtricos y pino con notas de eucalipto cuando se aplastan los flowres. Cuando se tritura, el aroma se vuelve a\u00fan m\u00e1s agudo y adquiere una cualidad c\u00edtrica almizclada que recuerda a la piel de naranja quemada mezclada con un poco de pino.<\/p>\n<p>El humo<br \/>\nLigeramente dulce y c\u00edtrico al inhalar, m\u00e1s pino y almizcle al exhalar. La cepa Northern Lights definitivamente sab\u00eda como ol\u00eda, aunque era ligeramente menos picante en general. El humo y el sabor ten\u00edan una calidad suave que puede describirse como \"mantecoso\", pero tambi\u00e9n ten\u00eda elementos de expansi\u00f3n que provocaban ataques de tos en las caladas m\u00e1s grandes. Vaporizar el cogollo probablemente ayudar\u00eda a aliviar esto. La experiencia suave con una s\u00f3lida retenci\u00f3n del sabor con cada golpe, el taz\u00f3n termin\u00f3 con un gris muy claro. Ceniza casi blanca, mostrando que el cultivador hab\u00eda hecho una descarga de propina.<\/p>\n<p>Algunos dicen que se trata de una cepa \"enredadora\", pero para m\u00ed el efecto tuvo sensaciones inmediatas de euforia y efectos cerebrales fuertes casi abrumadores - y eso fue s\u00f3lo la primera calada. Despu\u00e9s de unas cuantas caladas m\u00e1s para acompa\u00f1ar el intenso subid\u00f3n de la \u00edndica, se desarrolla una sensaci\u00f3n muy agradable y calmante de bienestar y felicidad.<\/p>\n<p>Total<br \/>\nEn definitiva, Northern Lights es un gran ejemplo de gen\u00e9tica de la vieja escuela animada por t\u00e9cnicas de cultivo modernas. La vigorosa estructura de los cogollos de predominancia \u00edndica con sus tricomas de cabeza gruesa. Y un conjunto de colores brillantes era maravilloso de admirar, haciendo casi dif\u00edcil fumar tal belleza. (He dicho casi.)<\/p>\n<p>Aunque el olor y el sabor superaron las expectativas, la dominancia de la \u00edndica fue definitivamente notable. Aunque t\u00e9cnicamente es un h\u00edbrido, la mayor\u00eda considera esta cepa una \u00edndica, con una proporci\u00f3n de 95% \u00edndica y 5% sativa. Esto, a su vez, hace que la cepa sea un poco pesada para el cultivo diurno. Recomendado para fumadores moderados o experimentados. Principalmente como una indica nocturna o para despu\u00e9s del trabajo, cuando se desea una fuerte relajaci\u00f3n.<\/p>\n<p>El subid\u00f3n suele durar 2-3 horas y se ha demostrado que la variedad Northern Lights trata el estr\u00e9s, la ansiedad y el nerviosismo. Tambi\u00e9n para el s\u00edndrome del intestino irritable, n\u00e1useas, depresi\u00f3n, dolor cr\u00f3nico, dolor de espalda, artritis y otros problemas relacionados con el cuerpo. Tambi\u00e9n me ha resultado muy \u00fatil para los problemas de insomnio, y esta cepa es ahora mi primera opci\u00f3n en las noches de insomnio.<\/p>\n<p>El \u00fanico inconveniente de Northern Lights es que la variedad original es muy rara de encontrar. La mayor\u00eda de los dispensarios no venden la cepa real, sino h\u00edbridos, pero no la verdadera Northern Lights. As\u00ed que haga sus deberes, hable con gente de confianza y asegure este cl\u00e1sico. Contacto con nosotros<\/p>\n<p>&nbsp;<\/p>\n<p>comprar hierba online estados unidos, comprar hierba online en reino unido, comprar hierba online en irlanda, comprar hierba online en suiza, comprar hierba online en australia, comprar hierba online en italia, comprar hierba online en dinamarca, comprar hierba online en la uni\u00f3n europea, comprar hierba online en francia, comprar hierba online<\/p>","protected":false},"excerpt":{"rendered":"<p>Northern Lights Variedad Indica Algunas variedades son simplemente famosas; sin embargo, Northern Lights (Afghanica) ha alcanzado un estatus legendario. Si eres un consumidor habitual de cannabis, es muy probable que hayas probado Northern Lights. O una de las cepas hermanas de la cepa, como: Sour Diesel y Shiva Skunk, por nombrar algunas. El [...]<\/p>","protected":false},"featured_media":2063,"comment_status":"open","ping_status":"closed","template":"","meta":[],"product_brand":[],"product_cat":[20],"product_tag":[29,32,33,27,34,30,28,31,35,36],"class_list":{"0":"post-2062","1":"product","2":"type-product","3":"status-publish","4":"has-post-thumbnail","6":"product_cat-exotische-weed-aromen-kaufen","7":"product_tag-cannabis-kaufen","8":"product_tag-cannabis-online-kaufen","9":"product_tag-gras-bestellen","10":"product_tag-gras-kaufen","11":"product_tag-gras-online-kaufen","12":"product_tag-marihuana-kaufen","13":"product_tag-thc-kaufen","14":"product_tag-weed-kaufen","15":"product_tag-weed-online-bestellen","16":"product_tag-weed-online-kaufen","18":"first","19":"instock","20":"shipping-taxable","21":"purchasable","22":"product-type-variable"},"_links":{"self":[{"href":"https:\/\/dasgrasshop.com\/es\/wp-json\/wp\/v2\/product\/2062","targetHints":{"allow":["GET"]}}],"collection":[{"href":"https:\/\/dasgrasshop.com\/es\/wp-json\/wp\/v2\/product"}],"about":[{"href":"https:\/\/dasgrasshop.com\/es\/wp-json\/wp\/v2\/types\/product"}],"replies":[{"embeddable":true,"href":"https:\/\/dasgrasshop.com\/es\/wp-json\/wp\/v2\/comments?post=2062"}],"wp:featuredmedia":[{"embeddable":true,"href":"https:\/\/dasgrasshop.com\/es\/wp-json\/wp\/v2\/media\/2063"}],"wp:attachment":[{"href":"https:\/\/dasgrasshop.com\/es\/wp-json\/wp\/v2\/media?parent=2062"}],"wp:term":[{"taxonomy":"product_brand","embeddable":true,"href":"https:\/\/dasgrasshop.com\/es\/wp-json\/wp\/v2\/product_brand?post=2062"},{"taxonomy":"product_cat","embeddable":true,"href":"https:\/\/dasgrasshop.com\/es\/wp-json\/wp\/v2\/product_cat?post=2062"},{"taxonomy":"product_tag","embeddable":true,"href":"https:\/\/dasgrasshop.com\/es\/wp-json\/wp\/v2\/product_tag?post=2062"}],"curies":[{"name":"wp","href":"https:\/\/api.w.org\/{rel}","templated":true}]}}