{"id":2068,"date":"2022-03-07T15:03:57","date_gmt":"2022-03-07T15:03:57","guid":{"rendered":"https:\/\/dasgrasshop.com\/?post_type=product&#038;p=2068"},"modified":"2022-07-31T00:08:33","modified_gmt":"2022-07-31T00:08:33","slug":"runtz-gras-kaufen","status":"publish","type":"product","link":"https:\/\/dasgrasshop.com\/es\/product\/runtz-gras-kaufen\/","title":{"rendered":"Comprar hierba Runtz"},"content":{"rendered":"<p>Runtz cepa tenemos runtz blanco para la venta, runtz cepa blanca, runtz cepa ex\u00f3tica, gruntz cepa, vlone runtz cepa, runtz cepa de cannabis Haga clic aqu\u00ed para ver todas las cepas runts a la venta en nuestro sitio web<br \/>\nH\u00edbrido - 50% Sativa \/50% Indica#<br \/>\nTHC: 23% - 24%<br \/>\nComprar Runtz weed Strain Alemania<br \/>\nComprar Runtz hierba Cepa Europa<\/p>\n<p>Runtz Weed es una variedad de cannabis reci\u00e9n llegada de Los \u00c1ngeles, con un perfil de terpenos que la mayor\u00eda describir\u00eda como dulce. Sin embargo, Runtz como cepa tiene un n\u00famero incre\u00edblemente diverso de fenotipos que pueden afectar dr\u00e1sticamente a los datos, por lo que es casi imposible decir si Runtz es un h\u00edbrido sativa o \u00edndica, ya que diferentes fenotipos terminan inclin\u00e1ndose en diferentes direcciones.<\/p>\n<p>Esto tambi\u00e9n se aplica al contenido de THC y CBD, que se comprueba por cultivo y no est\u00e1 disponible en Internet por el momento.<\/p>\n<p>Medical Runtz Hierba para uso recreativo comprar en l\u00ednea Alemania<br \/>\nRuntz es una variedad de cannabis reci\u00e9n llegada de Los \u00c1ngeles, con un perfil de terpenos que la mayor\u00eda describir\u00eda como dulce.<br \/>\nSin embargo, Runtz como variedad tiene un conjunto incre\u00edblemente diverso de fenotipos que pueden afectar dr\u00e1sticamente a sus datos.<br \/>\nEsto tambi\u00e9n se aplica al contenido de THC y CBD, que se comprueba por cultivo y no est\u00e1 disponible en Internet por el momento.<br \/>\nEs una variedad popular entre los fumadores de cannabis que se interesan por la cultura y la publicidad que hay detr\u00e1s de los envases de los productos cann\u00e1bicos.<br \/>\nCuando se seca y se cura adecuadamente, los usuarios pueden ver colores m\u00e1s all\u00e1 del verde en el cogollo.<br \/>\nLos densos cogollos de Runtz suelen presentar una vibrante paleta de colores que va desde los azules y morados hasta los verdes oscuros y naranjas brillantes.<br \/>\nPor lo tanto, es casi imposible decir si Runtz es un h\u00edbrido Sativa o Indica.<br \/>\nEs una variedad incre\u00edblemente dif\u00edcil de encontrar, que se vende casi exclusivamente en Los \u00c1ngeles.<br \/>\nHay poca o ninguna informaci\u00f3n sobre Runtz en Internet.<br \/>\nMuchos escriben que esta cepa es buena para aliviar el estr\u00e9s, la ansiedad y el dolor cr\u00f3nico.<br \/>\nProbablemente te sentir\u00e1s euf\u00f3rico y feliz, pero no lo suficiente como para salir de casa.<\/p>\n<p>Comprar White Runtz Weed. White Runtz Weed es una variedad h\u00edbrida equilibrada (50% Indica\/50% Sativa), creada cruzando las variedades cl\u00e1sicas Zkittlez X Gelato. Conocida por su sabor s\u00faper delicioso y su efecto duradero, White Runtz es perfecta para cualquier amante de los h\u00edbridos. Esta variedad de hierba White Runtz tiene un sabor como su nombre indica: a caramelos de frutas agridulces con un ligero toque c\u00edtrico. El aroma tambi\u00e9n es muy similar, con un tono c\u00edtrico terroso acentuado por frutas dulces frescas. Del mismo modo, el subid\u00f3n de la variedad White Runtz Weed es tan delicioso como su sabor. Variedad de cannabis Runtz, que es la variedad runtz, variedad runtz rosa, variedad runtz purpura, variedad runtz vlone, white runtz ,Germany Uk , USA, Europe, Where, onlinne,<\/p>\n<p>En cuanto a otra cepa de Runtz llamada White Runtz, su origen tampoco est\u00e1 claro. Podr\u00eda ser otro fenotipo de Runtz, ya que tiene una cantidad comparable de THC, aunque otros afirman que es producto de la colaboraci\u00f3n entre Runtz y Cookies. Los cogollos de esta variedad suelen ser morados y verdes. White Runtz es una variedad de dominancia \u00edndica, lo que significa que, aunque al principio te apetezca moverte, no es la mejor idea salir de casa. Actualmente, es una de las variedades de cannabis m\u00e1s populares en California, por lo que no es raro encontrar hierba etiquetada como White Runtz que no tiene ninguna de sus caracter\u00edsticas.<\/p>\n<p>Cultivo de la variedad Runtz<\/p>\n<p>Una planta de cannabis criada desde su origen se presenta en dos tipos, un macho y una hembra. White Runtz es un producto especial que se crea cuando el macho fecunda a la hembra. Esto produce algo llamado \"h\u00edbrido\" porque contiene las caracter\u00edsticas tanto de la planta femenina como de la masculina. Donde una vez fue la cepa m\u00e1s caliente del mercado, ahora es s\u00f3lo un raro y suave tropez\u00f3n.<br \/>\nEfectos de la variedad Runtz<br \/>\nEste producto \u00fanico tiene el mayor efecto sobre el estr\u00e9s y lo hace desaparecer como nunca antes. De la retirada de los sombr\u00edos sentimientos de desesperaci\u00f3n y frustraci\u00f3n, viene con la sutil sensaci\u00f3n de pura dicha, felicidad, positividad y paz.<br \/>\nSuministramos y una buena selecci\u00f3n al por menor de la cepa de malezas runtz blanco Kuntz, White runtz, Comprar Pink runtz cepa en l\u00ednea, White runtz cepa fotos, Pink runtz precio, White runtz cepa gen\u00e9tica<\/p>\n<p>Cuanto cuesta una libra de runtz, Pedir la variedad Pink runtz online, White runtz weed for sale, Comprar White runtz weed online. Donde comprar White runtz weed, Exotic runtz strain, Runtz strain<\/p>\n<p>vlone runtz cepa, chistes a runtz bolsas, blanco runtz indica o sativa, blanco runtz cepa leafy, gruntz de runtz cepa, blanco runtz cepa revisi\u00f3n, gruntz cookies, blanco runtz mylar bolsas, granddaddy purple<\/p>\n<p>gruntz strain, gruntz strain uk, sunset runtz, ice cream cake strain, runtz tins for sale, buy cbd oil online, buy smart bud tins online ,<\/p>\n<p>white runtz tribe refer kewords<br \/>\ncuanto cuesta una libra de white runtz, cuanto cuesta white runtz, white runtz kush, white runtz og, runtz website, runtz carts, cookies runtz, hawaiian runtz, sundae driver strain for sale, donde puedo conseguir real <a href=\"https:\/\/deligentman.com\/\" target=\"_blank\" rel=\"noopener\">Jungle Boys Hierba<\/a> encontrar en l\u00ednea<\/p>\n<p>&nbsp;<\/p>","protected":false},"excerpt":{"rendered":"<p>Runtz Strain haben wir wei\u00df Runtz zum Verkauf, wei\u00df runtz Stamm, exotische runtz Stamm, gruntz Stamm, vlone runtz Stamm, Runtz Cannabis Stamm Klicken Sie hier, um alle runts St\u00e4mme zum Verkauf auf unserer Website sehen Hybrid &#8211; 50% Sativa \/50% Indica# THC: 23% &#8211; 24% Kaufen Runtz weed Strain Germany Kaufen Runtz weed Strain Europe [&hellip;]<\/p>","protected":false},"featured_media":2069,"comment_status":"open","ping_status":"closed","template":"","meta":[],"product_brand":[],"product_cat":[20],"product_tag":[],"class_list":{"0":"post-2068","1":"product","2":"type-product","3":"status-publish","4":"has-post-thumbnail","6":"product_cat-exotische-weed-aromen-kaufen","8":"first","9":"instock","10":"shipping-taxable","11":"purchasable","12":"product-type-variable"},"_links":{"self":[{"href":"https:\/\/dasgrasshop.com\/es\/wp-json\/wp\/v2\/product\/2068","targetHints":{"allow":["GET"]}}],"collection":[{"href":"https:\/\/dasgrasshop.com\/es\/wp-json\/wp\/v2\/product"}],"about":[{"href":"https:\/\/dasgrasshop.com\/es\/wp-json\/wp\/v2\/types\/product"}],"replies":[{"embeddable":true,"href":"https:\/\/dasgrasshop.com\/es\/wp-json\/wp\/v2\/comments?post=2068"}],"wp:featuredmedia":[{"embeddable":true,"href":"https:\/\/dasgrasshop.com\/es\/wp-json\/wp\/v2\/media\/2069"}],"wp:attachment":[{"href":"https:\/\/dasgrasshop.com\/es\/wp-json\/wp\/v2\/media?parent=2068"}],"wp:term":[{"taxonomy":"product_brand","embeddable":true,"href":"https:\/\/dasgrasshop.com\/es\/wp-json\/wp\/v2\/product_brand?post=2068"},{"taxonomy":"product_cat","embeddable":true,"href":"https:\/\/dasgrasshop.com\/es\/wp-json\/wp\/v2\/product_cat?post=2068"},{"taxonomy":"product_tag","embeddable":true,"href":"https:\/\/dasgrasshop.com\/es\/wp-json\/wp\/v2\/product_tag?post=2068"}],"curies":[{"name":"wp","href":"https:\/\/api.w.org\/{rel}","templated":true}]}}