{"id":2075,"date":"2022-03-07T15:12:25","date_gmt":"2022-03-07T15:12:25","guid":{"rendered":"https:\/\/dasgrasshop.com\/?post_type=product&#038;p=2075"},"modified":"2022-03-07T15:15:06","modified_gmt":"2022-03-07T15:15:06","slug":"grand-daddy-purple","status":"publish","type":"product","link":"https:\/\/dasgrasshop.com\/es\/product\/abuelo-purpura\/","title":{"rendered":"Grand Daddy Purple"},"content":{"rendered":"<p>Grand daddy p\u00farpura en venta<br \/>\nPor fin una \u00edndica de la que hablar. Antes de que la Cookies fuera la cepa de moda, exist\u00eda la Grand Daddy Purple en venta (GDP), que domin\u00f3 la comunidad cann\u00e1bica durante m\u00e1s de 5 a\u00f1os. Eso s\u00ed que es una serie de t\u00edtulos. Es innegablemente la m\u00e1s famosa de todas las variedades Purple. F\u00e1cil de encontrar y f\u00e1cil de cultivar, esta cepa es un elemento b\u00e1sico en la escena de la hierba y te har\u00e1 volver a por m\u00e1s. grand daddy purple cepa en venta.<\/p>\n<p>Aspecto y olor<\/p>\n<p>Los cogollos de Grand Daddy Purple en venta son de un verde incre\u00edblemente denso que adquiere tonalidades p\u00farpuras profundas a medida que la planta madura, que se extienden por todos los cogollos (no s\u00f3lo en el exterior). Los pelos de color naranja brillante son abundantes y proporcionan un bonito contraste con los otros colores que adornan los cogollos cubiertos de resina. El olor es simple, y esto puede ser un poco t\u00f3pico, pero realmente huele a uvas.<\/p>\n<p>El humo<\/p>\n<p>En mi vida anterior, cultiv\u00e9 esta variedad durante muchos a\u00f1os. Puedo identificar f\u00e1cilmente la GDP s\u00f3lo por el sabor. De nuevo, el aroma predominante es un marcado sabor a uva. Este sabor tiende a permanecer en la lengua durante un largo periodo de tiempo. El efecto es duradero (3-4 horas) con una sensaci\u00f3n suave y uniforme. Incre\u00edble medicina para terminar tu noche en un profundo derretimiento corporal. Grand Daddy cepa p\u00farpura para la venta en contacto con nosotros ahora<\/p>\n<p>Total<\/p>\n<p>Siempre pienso en la Grand Daddy Purple como una variedad nocturna. Aunque no es la cepa Indica m\u00e1s fuerte, se me ocurren muchas otras cepas que son mejores para el uso diurno. Aparte de eso, la GDP est\u00e1 considerada una de las mejores cepas \"medicinales\". Esto y sus propiedades para aumentar el apetito la convierten en una de las favoritas entre los pacientes que luchan contra los efectos secundarios de la quimioterapia. La GDP tambi\u00e9n es excelente para los problemas de insomnio. La GDP parece estar ahora en todas partes, as\u00ed que si te cruzas con ella, no pierdas la oportunidad de probar esta cepa legendaria. grand daddy purple en venta. cepa purple punch<\/p>","protected":false},"excerpt":{"rendered":"<p>Grand daddy purple zu verkaufen Endlich eine Indica zum Besprechen! Bevor Cookies die &#8222;it&#8220;-Sorte war, gab es Grand Daddy Purple for sale (GDP), die mehr als 5 Jahre lang die Cannabis-Community beherrschte. Nun, das ist eine ziemliche Titelserie! Sie ist unbestreitbar die ber\u00fchmteste aller Purple-Sorten. Diese leicht zu findende und leicht zu z\u00fcchtende Sorte ist [&hellip;]<\/p>","protected":false},"featured_media":2076,"comment_status":"open","ping_status":"closed","template":"","meta":[],"product_brand":[],"product_cat":[20],"product_tag":[29,32,33,27,34,30,28,31,35,36],"class_list":{"0":"post-2075","1":"product","2":"type-product","3":"status-publish","4":"has-post-thumbnail","6":"product_cat-exotische-weed-aromen-kaufen","7":"product_tag-cannabis-kaufen","8":"product_tag-cannabis-online-kaufen","9":"product_tag-gras-bestellen","10":"product_tag-gras-kaufen","11":"product_tag-gras-online-kaufen","12":"product_tag-marihuana-kaufen","13":"product_tag-thc-kaufen","14":"product_tag-weed-kaufen","15":"product_tag-weed-online-bestellen","16":"product_tag-weed-online-kaufen","18":"first","19":"instock","20":"shipping-taxable","21":"purchasable","22":"product-type-variable"},"_links":{"self":[{"href":"https:\/\/dasgrasshop.com\/es\/wp-json\/wp\/v2\/product\/2075","targetHints":{"allow":["GET"]}}],"collection":[{"href":"https:\/\/dasgrasshop.com\/es\/wp-json\/wp\/v2\/product"}],"about":[{"href":"https:\/\/dasgrasshop.com\/es\/wp-json\/wp\/v2\/types\/product"}],"replies":[{"embeddable":true,"href":"https:\/\/dasgrasshop.com\/es\/wp-json\/wp\/v2\/comments?post=2075"}],"wp:featuredmedia":[{"embeddable":true,"href":"https:\/\/dasgrasshop.com\/es\/wp-json\/wp\/v2\/media\/2076"}],"wp:attachment":[{"href":"https:\/\/dasgrasshop.com\/es\/wp-json\/wp\/v2\/media?parent=2075"}],"wp:term":[{"taxonomy":"product_brand","embeddable":true,"href":"https:\/\/dasgrasshop.com\/es\/wp-json\/wp\/v2\/product_brand?post=2075"},{"taxonomy":"product_cat","embeddable":true,"href":"https:\/\/dasgrasshop.com\/es\/wp-json\/wp\/v2\/product_cat?post=2075"},{"taxonomy":"product_tag","embeddable":true,"href":"https:\/\/dasgrasshop.com\/es\/wp-json\/wp\/v2\/product_tag?post=2075"}],"curies":[{"name":"wp","href":"https:\/\/api.w.org\/{rel}","templated":true}]}}