{"id":2082,"date":"2022-03-07T20:47:01","date_gmt":"2022-03-07T20:47:01","guid":{"rendered":"https:\/\/dasgrasshop.com\/?post_type=product&#038;p=2082"},"modified":"2023-05-10T00:02:56","modified_gmt":"2023-05-10T00:02:56","slug":"pineapple-express","status":"publish","type":"product","link":"https:\/\/dasgrasshop.com\/es\/product\/pineapple-express\/","title":{"rendered":"Pineapple Express"},"content":{"rendered":"<h2>Comprar Pineapple Express online en la mejor farmacia online.<\/h2>\n<p>Pineapple Express para la venta en Alemania, Austand Suiza se puede comprar a precios asequibles en Unkrautmarkt.com hoy. Todo nuestro equipo de vendedores y proveedores est\u00e1 disponible 24\/7 para ayudarte a comprar Pineapple Express online. Somos una farmacia online con experiencia que entiende a sus clientes. Aqu\u00ed puede comprar los mejores productos. Pida ya el Pineapple Express Alemania, Austria y Suiza<\/p>\n<h3>\u00bfCu\u00e1les son las caracter\u00edsticas de Pineapple Express?<\/h3>\n<p>Pineapple Express es el resultado de un cruce entre Trainwreck y Hawaiian. Es un brote tropical. Produce un humo suave y dulce que es suficiente para que los fumadores se droguen. Es una cepa fuerte que se ha hecho muy popular en el mercado online de EEUU, Reino Unido, Canad\u00e1, Alemania y Australia. El contenido de THC de esta cepa es generalmente superior a 24%. Huele como un puesto de frutas. Los cogollos de la Pineapple Express tienen forma de aceituna y de roca. Saben como una rodaja de pi\u00f1a fresca. Su corta lista de tareas puede hacerse en poco tiempo con esta variedad. Esta planta se puede cultivar tanto en el exterior como en el interior. La floraci\u00f3n dura unas 7-8 semanas.<\/p>\n<ul>\n<li>El sabor es s\u00faper fuerte.<\/li>\n<li>Su zumbido es poderoso.<\/li>\n<li>Te da la sensaci\u00f3n de flotar en el aire.<\/li>\n<li>Produce un ligero adormecimiento y un subid\u00f3n embriagador y feliz.<\/li>\n<li>Hace que los usuarios sean creativos y habladores.<\/li>\n<li>Ayuda a concentrarse y a ser productivo.<\/li>\n<li>Es \u00fatil para las personas que sufren ansiedad, fatiga, depresi\u00f3n, estr\u00e9s cr\u00f3nico e inquietud general.<\/li>\n<li>Tambi\u00e9n tiene algunas propiedades calmantes menores.<\/li>\n<\/ul>\n<h3>\u00bfC\u00f3mo puedo pedir Pineapple Express por Internet?<\/h3>\n<p>Si quieres pedir pi\u00f1a Express online en Alemania, Austria y Suiza, elige Unkrautmarkt.com. Empaquetaremos su pedido de forma segura y lo enviaremos al lugar que nos indique. No habr\u00e1 ning\u00fan retraso por nuestra parte. \u00a1Con\u00e9ctate ahora!<\/p>","protected":false},"excerpt":{"rendered":"<p>Pineapple Express contiene 20,1% de THC y puede hacer que te sientas animado, alerta y creativo.<\/p>","protected":false},"featured_media":2083,"comment_status":"open","ping_status":"closed","template":"","meta":[],"product_brand":[],"product_cat":[20],"product_tag":[29,32,33,27,34,30,28,31,35,36],"class_list":{"0":"post-2082","1":"product","2":"type-product","3":"status-publish","4":"has-post-thumbnail","6":"product_cat-exotische-weed-aromen-kaufen","7":"product_tag-cannabis-kaufen","8":"product_tag-cannabis-online-kaufen","9":"product_tag-gras-bestellen","10":"product_tag-gras-kaufen","11":"product_tag-gras-online-kaufen","12":"product_tag-marihuana-kaufen","13":"product_tag-thc-kaufen","14":"product_tag-weed-kaufen","15":"product_tag-weed-online-bestellen","16":"product_tag-weed-online-kaufen","18":"first","19":"instock","20":"shipping-taxable","21":"purchasable","22":"product-type-variable"},"_links":{"self":[{"href":"https:\/\/dasgrasshop.com\/es\/wp-json\/wp\/v2\/product\/2082","targetHints":{"allow":["GET"]}}],"collection":[{"href":"https:\/\/dasgrasshop.com\/es\/wp-json\/wp\/v2\/product"}],"about":[{"href":"https:\/\/dasgrasshop.com\/es\/wp-json\/wp\/v2\/types\/product"}],"replies":[{"embeddable":true,"href":"https:\/\/dasgrasshop.com\/es\/wp-json\/wp\/v2\/comments?post=2082"}],"wp:featuredmedia":[{"embeddable":true,"href":"https:\/\/dasgrasshop.com\/es\/wp-json\/wp\/v2\/media\/2083"}],"wp:attachment":[{"href":"https:\/\/dasgrasshop.com\/es\/wp-json\/wp\/v2\/media?parent=2082"}],"wp:term":[{"taxonomy":"product_brand","embeddable":true,"href":"https:\/\/dasgrasshop.com\/es\/wp-json\/wp\/v2\/product_brand?post=2082"},{"taxonomy":"product_cat","embeddable":true,"href":"https:\/\/dasgrasshop.com\/es\/wp-json\/wp\/v2\/product_cat?post=2082"},{"taxonomy":"product_tag","embeddable":true,"href":"https:\/\/dasgrasshop.com\/es\/wp-json\/wp\/v2\/product_tag?post=2082"}],"curies":[{"name":"wp","href":"https:\/\/api.w.org\/{rel}","templated":true}]}}