{"id":2133,"date":"2022-05-24T17:29:49","date_gmt":"2022-05-24T17:29:49","guid":{"rendered":"https:\/\/dasgrasshop.com\/?post_type=product&#038;p=2133"},"modified":"2022-06-23T17:17:38","modified_gmt":"2022-06-23T17:17:38","slug":"kaufen-sie-afghanisches-schwarzes-haschisch","status":"publish","type":"product","link":"https:\/\/dasgrasshop.com\/es\/product\/comprar-afgano-negro-hachis\/","title":{"rendered":"Comprar hach\u00eds negro afgano"},"content":{"rendered":"<p>Comprar hach\u00eds negro afgano<\/p>\n<p>Afghan Black Hash es una variedad compleja de predominancia \u00edndica con efectos euf\u00f3ricos y relajantes. Las flores se desarrollan como colas de pino jade con hojas de az\u00facar verde oscuro, casi negro. El perfil de terpenos de la Black Afghan es una mezcla arom\u00e1tica de pimienta, tierra y salvia envuelta en bayas oscuras, que alude a los efectos cerebrales y f\u00edsicos de la cepa. El subid\u00f3n embriagador y edificante de esta cepa y los efectos f\u00edsicos relajantes e inductores de la euforia la hacen perfecta para una tarde perezosa.<\/p>\n<p>Comprar hach\u00eds negro afgano en l\u00ednea. Afghan Black Hash es un clon de hach\u00eds. Es un crimen mundial de una milla de ancho y ser\u00e1 una prisi\u00f3n para siempre. No contiene THC, cannabinoides sint\u00e9ticos ni diversos compuestos qu\u00edmicos (como JWH-018, JWH-073, JWH-250, AM-2209 y muchos m\u00e1s). Es probablemente el hach\u00eds de prisi\u00f3n m\u00e1s excepcional del mercado. Utilizamos las mejores sustancias vegetales de calidad alimentaria. Parece hach\u00eds, huele a hach\u00eds y tiene un sabor excelente. El hach\u00eds negro afgano se distingue mejor de nuestros otros productos por su color. Si no conoce nuestros productos, compre un PC de muestra. En primer lugar, el env\u00edo es gratuito. Compre m\u00e1s de nuestra mercanc\u00eda de hach\u00eds criminal y la tarifa puede ser menor.<\/p>\n<p>&nbsp;<\/p>\n<p>Comprar hach\u00eds negro afgano online - comprar hach\u00eds negro, <a href=\"https:\/\/dasgrasshop.com\/es\/\">comprar<\/a> Usted hach\u00eds negro en l\u00ednea, donde comprar hach\u00eds negro afgano, hach\u00eds negro afgano para la venta, hach\u00eds negro para la venta, comprar hach\u00eds en l\u00ednea, <a href=\"https:\/\/cannahome.net\/\" target=\"_blank\" rel=\"noopener\">cannahome.net<\/a> d\u00f3nde comprar hach\u00eds negro online para comprar hach\u00eds negro afgano online. entrega segura hach\u00eds negro afgano<\/p>","protected":false},"excerpt":{"rendered":"<p>30 gramos<\/p>\n<p>Discreto Service\u2714 100 % Money Back Guarantee\u2714 Entrega con Tracking\u2714. 100 % Satisfacci\u00f3n del cliente\u2714. 5g gratis de 5 variedades diferentes para los primeros compradores<\/p>","protected":false},"featured_media":2134,"comment_status":"open","ping_status":"closed","template":"","meta":[],"product_brand":[],"product_cat":[19],"product_tag":[37,38],"class_list":{"0":"post-2133","1":"product","2":"type-product","3":"status-publish","4":"has-post-thumbnail","6":"product_cat-haschisch-online-kaufen","7":"product_tag-haschisch-online-kaufen","8":"product_tag-kaufen-sie-afghanisches-schwarzes-haschisch","10":"first","11":"instock","12":"sale","13":"featured","14":"shipping-taxable","15":"purchasable","16":"product-type-simple"},"_links":{"self":[{"href":"https:\/\/dasgrasshop.com\/es\/wp-json\/wp\/v2\/product\/2133","targetHints":{"allow":["GET"]}}],"collection":[{"href":"https:\/\/dasgrasshop.com\/es\/wp-json\/wp\/v2\/product"}],"about":[{"href":"https:\/\/dasgrasshop.com\/es\/wp-json\/wp\/v2\/types\/product"}],"replies":[{"embeddable":true,"href":"https:\/\/dasgrasshop.com\/es\/wp-json\/wp\/v2\/comments?post=2133"}],"wp:featuredmedia":[{"embeddable":true,"href":"https:\/\/dasgrasshop.com\/es\/wp-json\/wp\/v2\/media\/2134"}],"wp:attachment":[{"href":"https:\/\/dasgrasshop.com\/es\/wp-json\/wp\/v2\/media?parent=2133"}],"wp:term":[{"taxonomy":"product_brand","embeddable":true,"href":"https:\/\/dasgrasshop.com\/es\/wp-json\/wp\/v2\/product_brand?post=2133"},{"taxonomy":"product_cat","embeddable":true,"href":"https:\/\/dasgrasshop.com\/es\/wp-json\/wp\/v2\/product_cat?post=2133"},{"taxonomy":"product_tag","embeddable":true,"href":"https:\/\/dasgrasshop.com\/es\/wp-json\/wp\/v2\/product_tag?post=2133"}],"curies":[{"name":"wp","href":"https:\/\/api.w.org\/{rel}","templated":true}]}}