{"id":2135,"date":"2022-05-24T18:01:57","date_gmt":"2022-05-24T18:01:57","guid":{"rendered":"https:\/\/dasgrasshop.com\/?post_type=product&#038;p=2135"},"modified":"2022-11-25T22:07:06","modified_gmt":"2022-11-25T22:07:06","slug":"kaufe-marokkanisches-haschisch","status":"publish","type":"product","link":"https:\/\/dasgrasshop.com\/es\/product\/comprar-hachis-marroqui\/","title":{"rendered":"Comprar hach\u00eds marroqu\u00ed"},"content":{"rendered":"<p>Comprar hach\u00eds marroqu\u00ed online.<\/p>\n<p>&nbsp;<\/p>\n<p>Comprar Hach\u00eds Marroqu\u00ed Online El verdadero origen del hach\u00eds que puedes pedirnos es desconocido, pero los historiadores coinciden en que fue tra\u00eddo a Marruecos durante las conquistas isl\u00e1micas, entre los siglos XV y XVII. Sin embargo, pasaron muchos siglos antes de que el hach\u00eds se vendiera masivamente en todo el mundo, alrededor de los a\u00f1os 60-70, la \u00e9poca dorada de los hippies.<\/p>\n<p>El hach\u00eds, como se conoce en este pa\u00eds, suele consumirse con tabaco negro liado en un porro. En la regi\u00f3n del Rif, sin embargo, el consumo de hach\u00eds ordenado forma parte de algunos rituales tradicionales. En comparaci\u00f3n con otras zonas de Marruecos, esta regi\u00f3n goz\u00f3 de privilegios en cuanto al cultivo y consumo de cannabis hasta la d\u00e9cada de 1950.<\/p>\n<p>Hoy en d\u00eda, miles de personas de este pa\u00eds se ganan la vida comprando y vendiendo hach\u00eds por Internet. Debido a las altas temperaturas, esta zona es ideal para la producci\u00f3n de hach\u00eds, pues aunque otras especies vegetales no sobrevivir\u00edan all\u00ed, el clima es extremadamente favorable para las plantas de marihuana de las que se obtiene el hach\u00eds.<\/p>\n<p>&nbsp;<\/p>\n<p>comprar hach\u00eds marroqu\u00ed online, o hach\u00eds marroqu\u00ed, es un producto extra\u00eddo que consiste en preparaciones comprimidas o purificadas de gl\u00e1ndulas resinosas pecioladas llamadas tricomas de la planta de cannabis. Contiene los mismos ingredientes activos que la marihuana, como el tetrahidrocannabinol (<a href=\"https:\/\/dasgrasshop.com\/es\/\">THC<\/a>) y otros cannabinoides - pero a menudo en concentraciones m\u00e1s altas que los cogollos u hojas sin tamizar con los que se elabora la marihuana. El hach\u00eds puede ser s\u00f3lido o resinoso dependiendo de c\u00f3mo se prepare; el hach\u00eds prensado suele ser s\u00f3lido, mientras que el hach\u00eds limpiado con agua -a menudo denominado \"hach\u00eds de fusi\u00f3n de burbujas\"- suele ser una sustancia pastosa con dureza y suavidad variables; su color, m\u00e1s com\u00fanmente de marr\u00f3n claro a oscuro, puede variar de transparente a amarillo, marr\u00f3n, negro o rojo. Todo depende del proceso y de la cantidad de disolvente restante.<\/p>\n<p>En este contexto, las costumbres, rutinas y c\u00f3digos tradicionales de superaci\u00f3n, honor, justicia y desconfianza hacia la autoridad anteriores fueron trasplantados desde los distritos de Bruselas, \u00c1msterdam y Amberes, lo que permiti\u00f3 que estas comunidades aumentaran dr\u00e1sticamente, sobre todo con la instituci\u00f3n de la relaci\u00f3n de ayuda junto con la Penose holandesa, entonces entre muchas de las principales organizaciones jur\u00eddicas de Europa. Justificadas o no, las autoridades belgas y neerlandesas caracterizaron a estas comunidades por su \"aislamiento social\" y por una \"sociedad tribal mucho m\u00e1s agresiva\" que las distingu\u00eda de otras comunidades de inmigrantes.<\/p>\n<p>Comprar hach\u00eds marroqu\u00ed online: Las puertas antiguas de madera o cristal reutilizadas son una soluci\u00f3n ecol\u00f3gica para animar los espacios interiores. Calienta una sart\u00e9n de hierro forjado a fuego medio. Cuando chisporrotee, a\u00f1ade una cucharada de aceite de semillas de uva y remueve para cubrir el fondo de la sart\u00e9n. Suba el fuego y sazone la patata con una pizca de sal y pimienta negra. testigo clave en el juicio de Marengo, cuyo hermano personal fue asesinado junto con su abogado por la organizaci\u00f3n de Taghi por revelar sus entresijos. La persona sospechosa de asesinar a De Vries es en realidad un pariente de la persona que controla el escuadr\u00f3n de asalto de Taghi, lo que da a las autoridades holandesas razones adicionales para creer que la organizaci\u00f3n de Taghi es responsable del asesinato.<\/p>","protected":false},"excerpt":{"rendered":"<p>30 gramos<\/p>\n<p>Discreto Service\u2714 100 % Money Back Guarantee\u2714 Entrega con Tracking\u2714. 100 % Satisfacci\u00f3n del cliente\u2714. 5g gratis de 5 variedades diferentes para los primeros compradores<\/p>","protected":false},"featured_media":2136,"comment_status":"open","ping_status":"closed","template":"","meta":[],"product_brand":[],"product_cat":[19],"product_tag":[],"class_list":{"0":"post-2135","1":"product","2":"type-product","3":"status-publish","4":"has-post-thumbnail","6":"product_cat-haschisch-online-kaufen","8":"first","9":"instock","10":"sale","11":"shipping-taxable","12":"purchasable","13":"product-type-simple"},"_links":{"self":[{"href":"https:\/\/dasgrasshop.com\/es\/wp-json\/wp\/v2\/product\/2135","targetHints":{"allow":["GET"]}}],"collection":[{"href":"https:\/\/dasgrasshop.com\/es\/wp-json\/wp\/v2\/product"}],"about":[{"href":"https:\/\/dasgrasshop.com\/es\/wp-json\/wp\/v2\/types\/product"}],"replies":[{"embeddable":true,"href":"https:\/\/dasgrasshop.com\/es\/wp-json\/wp\/v2\/comments?post=2135"}],"wp:featuredmedia":[{"embeddable":true,"href":"https:\/\/dasgrasshop.com\/es\/wp-json\/wp\/v2\/media\/2136"}],"wp:attachment":[{"href":"https:\/\/dasgrasshop.com\/es\/wp-json\/wp\/v2\/media?parent=2135"}],"wp:term":[{"taxonomy":"product_brand","embeddable":true,"href":"https:\/\/dasgrasshop.com\/es\/wp-json\/wp\/v2\/product_brand?post=2135"},{"taxonomy":"product_cat","embeddable":true,"href":"https:\/\/dasgrasshop.com\/es\/wp-json\/wp\/v2\/product_cat?post=2135"},{"taxonomy":"product_tag","embeddable":true,"href":"https:\/\/dasgrasshop.com\/es\/wp-json\/wp\/v2\/product_tag?post=2135"}],"curies":[{"name":"wp","href":"https:\/\/api.w.org\/{rel}","templated":true}]}}