{"id":2007,"date":"2022-03-07T12:44:42","date_gmt":"2022-03-07T12:44:42","guid":{"rendered":"https:\/\/dasgrasshop.com\/?post_type=product&#038;p=2007"},"modified":"2022-07-10T12:31:21","modified_gmt":"2022-07-10T12:31:21","slug":"gelato-weed","status":"publish","type":"product","link":"https:\/\/dasgrasshop.com\/fi\/product\/gelato-ruoho\/","title":{"rendered":"Gelato Weed"},"content":{"rendered":"<p><span style=\"vertical-align: inherit;\"><span style=\"vertical-align: inherit;\">Osta Gelato Weed Strain - Huippulaadukas eksoottinen ruoho<\/span><\/span><\/p>\n<p><span style=\"vertical-align: inherit;\"><span style=\"vertical-align: inherit;\">Toinen huippuluokan kanta <\/span><\/span><a href=\"https:\/\/dasgrasshop.com\/fi\/\"><span style=\"vertical-align: inherit;\"><span style=\"vertical-align: inherit;\">Grasherr.com<\/span><\/span><\/a><span style=\"vertical-align: inherit;\"><span style=\"vertical-align: inherit;\"> ! <\/span><span style=\"vertical-align: inherit;\">Gelato weed on syntynyt Thin Mint Girl Scout Cookies X Sunset Sherbet -lajikkeiden risteytyksest\u00e4, jotka ovat suosittuja niiden uskomattoman herkullisista aromeista ja mauista. <\/span><span style=\"vertical-align: inherit;\">Gelato-kannalla on aromeja ja makuja, joita on kuvattu maanl\u00e4heisiksi, makeiksi, minttuisiksi, sitrusmaisiksi, marjaisiksi, tammimaisiksi, serbetiksi, appelsiiniksi, laventeliksi ja keksiksi. <\/span><span style=\"vertical-align: inherit;\">Gelato-kasvi on lyhyt ja tukeva. <\/span><span style=\"vertical-align: inherit;\">Sen lehdet ovat mets\u00e4nvihreit\u00e4, ja niiss\u00e4 on tummanvioletteja s\u00e4vyj\u00e4. <\/span><span style=\"vertical-align: inherit;\">Gelato weedin varren silmut ovat tummanvioletit ja kirkkaan oranssin v\u00e4riset pistoolien l\u00e4p\u00e4isem\u00e4t. <\/span><span style=\"vertical-align: inherit;\">Sen silmut ovat tahmeat ja niiss\u00e4 on keskim\u00e4\u00e4r\u00e4inen trikomikiteiden peitt\u00e4vyys.<\/span><\/span><\/p>\n<p><span style=\"vertical-align: inherit;\"><span style=\"vertical-align: inherit;\">Gelato-marihuanalajikkeessa on korkea THC-pitoisuus, joka vaihtelee 15 ja 25% v\u00e4lill\u00e4, mik\u00e4 tekee siit\u00e4 melko voimakkaan lajikkeen. <\/span><span style=\"vertical-align: inherit;\">THC-muotoiluhybridin vaikutukset ovat hyvin tasapainossa - mielenkiintoinen sekoitus piristyst\u00e4 ja rentoutumista. <\/span><span style=\"vertical-align: inherit;\">Jos kaipaat fyysist\u00e4 indica-highia, jossa on selke\u00e4 sativa-vaikutus, joka pit\u00e4\u00e4 sinut tarpeeksi aktiivisena nauttiaksesi lajikkeen vaikutuksista, t\u00e4m\u00e4 kanta on sinua varten. <\/span><span style=\"vertical-align: inherit;\">Vaikutus iskee nopeasti ja alkaa korkealla ja voimakkaalla euforialla. <\/span><span style=\"vertical-align: inherit;\">H\u00e4nen tarjoamansa p\u00e4\u00e4h\u00e4n kohoava \u00e4\u00e4ni on autuaallinen ja ylent\u00e4v\u00e4. <\/span><span style=\"vertical-align: inherit;\">Kehon hiipiv\u00e4 huuma alkaa v\u00e4hitellen vaikuttaa, kunnes tunnet itsesi t\u00e4ysin rentoutuneeksi ja rauhalliseksi, mutta sinulla on tarpeeksi energiaa ja keskittymist\u00e4 pysy\u00e4ksesi positiivisena ja sosiaalisena.<\/span><\/span><\/p>\n<p><span style=\"vertical-align: inherit;\"><span style=\"vertical-align: inherit;\">Osta gelato 45 UK, gelato #45 vs 33 my\u00f6s ostaa gelato 45 allbud, gelato 41 kanta, gelato #45 saanto, gelato 45 kanta smart cart, gelato 45 vs 33, gelato 45 kanta indica tai sativa, gelati vs gelato kanta, gelato kanta 45, hai gelato kanta, gelato 41 kanta, h\u00e4\u00e4kakku kanta, mustikka gelato kanta, sitruuna gelato kanta, kannabis, kannabiksen<\/span><\/span><\/p>\n<p><span style=\"vertical-align: inherit;\"><span style=\"vertical-align: inherit;\">L\u00e4\u00e4ketieteelliset hy\u00f6dyt Gelato Weed hybridikannan k\u00e4yt\u00f6st\u00e4<\/span><\/span><br \/>\n<span style=\"vertical-align: inherit;\"><span style=\"vertical-align: inherit;\">Gelaton liev\u00e4 aivokorkeus yhdistettyn\u00e4 fyysiseen rentoutumiseen tekee siit\u00e4 suositun lajikkeen ahdistukseen ja krooniseen stressiin. <\/span><span style=\"vertical-align: inherit;\">Gelato antaa aivoenergiaa, joka auttaa lievitt\u00e4m\u00e4\u00e4n kroonista masennusta. <\/span><span style=\"vertical-align: inherit;\">T\u00e4m\u00e4 stimulaatio voi my\u00f6s auttaa tarkkaavaisuush\u00e4iri\u00f6ist\u00e4, kuten ADHD:sta ja ADD:st\u00e4, k\u00e4rsivien potilaiden hoidossa. <\/span><span style=\"vertical-align: inherit;\">Indica-komponentti rentouttaa kehoa hillitsem\u00e4\u00e4n hyperaktiivisuutta, kun taas sativa-komponentti antaa stimulaatiota, jota tarvitaan jatkuvaan keskittymiseen. <\/span><span style=\"vertical-align: inherit;\">Gelato-kanta auttaa pahoinvointiin sen houkuttelevan maun ja tuoksun ansiosta; <\/span><span style=\"vertical-align: inherit;\">T\u00e4m\u00e4 gelato-kannabiskanta auttaa my\u00f6s ruokahalua potilailla, joilla on pahoinvointia sy\u00f6v\u00e4n kemoterapian tai autoimmuunisairauksien vuoksi.<\/span><\/span><\/p>\n<p><span style=\"vertical-align: inherit;\"><span style=\"vertical-align: inherit;\">Gelato 45 marihuanakannan vaikutukset <\/span><\/span><br \/>\n<span style=\"vertical-align: inherit;\"><span style=\"vertical-align: inherit;\">Happy <\/span><\/span><br \/>\n<span style=\"vertical-align: inherit;\"><span style=\"vertical-align: inherit;\">Euforinen <\/span><\/span><br \/>\n<span style=\"vertical-align: inherit;\"><span style=\"vertical-align: inherit;\">Rento <\/span><\/span><br \/>\n<span style=\"vertical-align: inherit;\"><span style=\"vertical-align: inherit;\">Riemastunut <\/span><\/span><br \/>\n<span style=\"vertical-align: inherit;\"><span style=\"vertical-align: inherit;\">Luova <\/span><\/span><br \/>\n<span style=\"vertical-align: inherit;\"><span style=\"vertical-align: inherit;\">Luokitus: 55% Indica\/45% Sativa<\/span><\/span><\/p>\n<p><span style=\"vertical-align: inherit;\"><span style=\"vertical-align: inherit;\">Linjaus: Thin Mint Girl Scout Cookies X Sunset Sherbet.<\/span><\/span><\/p>\n<p><span style=\"vertical-align: inherit;\"><span style=\"vertical-align: inherit;\">Kukinta-aika: 8 - 9 viikkoa<\/span><\/span><\/p>\n<p><span style=\"vertical-align: inherit;\"><span style=\"vertical-align: inherit;\">Kasvuolosuhteet: Sis\u00e4tiloissa \/ ulkona<\/span><\/span><\/p>\n<p><span style=\"vertical-align: inherit;\"><span style=\"vertical-align: inherit;\">Tuotto: Keskim\u00e4\u00e4r\u00e4inen tai korkea<\/span><\/span><\/p>\n<p>&nbsp;<\/p>\n<p><span style=\"vertical-align: inherit;\"><span style=\"vertical-align: inherit;\">Osta gelato 45 Saksa, mist\u00e4 ostaa gelato #45 vs 33, gelato 45 kaikki bud myyt\u00e4v\u00e4n\u00e4, gelato 41 kanta, gelato #45 saanto, gelato 45 kanta \u00e4lyk\u00e4s ostoskori, gelato 45 vs 33, gelato 45 kanta indica tai sativa, gelati vs gelato kanta, gelato kanta 45, voit my\u00f6s ostaa hain gelato kanta, gelato 41 kanta, h\u00e4\u00e4kakku kanta, mustikka gelato kanta, sherbet kanta, sitruuna gelato kanta Voit ostaa gelato <\/span><\/span><a href=\"https:\/\/hempbudswholesale.com\/\" target=\"_blank\" rel=\"noopener\"><span style=\"vertical-align: inherit;\"><span style=\"vertical-align: inherit;\">CBD<\/span><\/span><\/a><span style=\"vertical-align: inherit;\"><span style=\"vertical-align: inherit;\"> hampun silmut<\/span><\/span><\/p>","protected":false},"excerpt":{"rendered":"<p>Gelato Weediss\u00e4 on Sunset Sherbertin pehme\u00e4 ja hedelm\u00e4inen vieh\u00e4tysvoima ja Thin Mintsin maanl\u00e4heinen, yrttinen hyvyys. T\u00e4m\u00e4 kanta, jonka saatavuus on rajoitettu ja jonka ulkon\u00e4k\u00f6 ja maku ovat rohkeita, kuuluu l\u00e4nsirannikon k\u00e4sity\u00f6hybridien kehittyv\u00e4\u00e4n luokkaan, jossa keskityt\u00e4\u00e4n makuun. Gelato kantaa useita toivottuja piirteit\u00e4, jotka ovat per\u00e4isin sen voimakkaasti risteytyneest\u00e4 sukulinjasta, ja se kiehtoo ulkon\u00e4\u00f6ll\u00e4\u00e4n ja maullaan. H\u00e4nen trippinen mutta rentouttava tunnelmansa tekee h\u00e4nest\u00e4 t\u00e4ydellisen valinnan yksin tapahtuvaan itsetutkiskeluun tai sosiaalisiin kokoontumisiin.<\/p>","protected":false},"featured_media":2012,"comment_status":"open","ping_status":"closed","template":"","meta":[],"product_brand":[],"product_cat":[20],"product_tag":[29,32,33,27,34,30,28,31,35,36],"class_list":{"0":"post-2007","1":"product","2":"type-product","3":"status-publish","4":"has-post-thumbnail","6":"product_cat-exotische-weed-aromen-kaufen","7":"product_tag-cannabis-kaufen","8":"product_tag-cannabis-online-kaufen","9":"product_tag-gras-bestellen","10":"product_tag-gras-kaufen","11":"product_tag-gras-online-kaufen","12":"product_tag-marihuana-kaufen","13":"product_tag-thc-kaufen","14":"product_tag-weed-kaufen","15":"product_tag-weed-online-bestellen","16":"product_tag-weed-online-kaufen","18":"first","19":"instock","20":"shipping-taxable","21":"purchasable","22":"product-type-variable"},"_links":{"self":[{"href":"https:\/\/dasgrasshop.com\/fi\/wp-json\/wp\/v2\/product\/2007","targetHints":{"allow":["GET"]}}],"collection":[{"href":"https:\/\/dasgrasshop.com\/fi\/wp-json\/wp\/v2\/product"}],"about":[{"href":"https:\/\/dasgrasshop.com\/fi\/wp-json\/wp\/v2\/types\/product"}],"replies":[{"embeddable":true,"href":"https:\/\/dasgrasshop.com\/fi\/wp-json\/wp\/v2\/comments?post=2007"}],"wp:featuredmedia":[{"embeddable":true,"href":"https:\/\/dasgrasshop.com\/fi\/wp-json\/wp\/v2\/media\/2012"}],"wp:attachment":[{"href":"https:\/\/dasgrasshop.com\/fi\/wp-json\/wp\/v2\/media?parent=2007"}],"wp:term":[{"taxonomy":"product_brand","embeddable":true,"href":"https:\/\/dasgrasshop.com\/fi\/wp-json\/wp\/v2\/product_brand?post=2007"},{"taxonomy":"product_cat","embeddable":true,"href":"https:\/\/dasgrasshop.com\/fi\/wp-json\/wp\/v2\/product_cat?post=2007"},{"taxonomy":"product_tag","embeddable":true,"href":"https:\/\/dasgrasshop.com\/fi\/wp-json\/wp\/v2\/product_tag?post=2007"}],"curies":[{"name":"wp","href":"https:\/\/api.w.org\/{rel}","templated":true}]}}