{"id":2016,"date":"2022-03-07T13:04:46","date_gmt":"2022-03-07T13:04:46","guid":{"rendered":"https:\/\/dasgrasshop.com\/?post_type=product&#038;p=2016"},"modified":"2022-03-07T13:10:12","modified_gmt":"2022-03-07T13:10:12","slug":"sour-diesel","status":"publish","type":"product","link":"https:\/\/dasgrasshop.com\/fi\/product\/sour-diesel\/","title":{"rendered":"Hapan diesel"},"content":{"rendered":"<p>Osta Sour Diesel verkossa<br \/>\nSour Diesel on yksi kaikkien aikojen poltetuimmista sativa-kannoista. Jos et ole kuullut t\u00e4st\u00e4 kannasta, asut luultavasti luolassa Afganistanissa tai joku tuttavasi on jo kokeillut sit\u00e4 (ja luultavasti rakastaa sit\u00e4). Sour Dieselin tarkka perim\u00e4 on monimutkainen ja hyvin huonosti dokumentoitu, kuten n\u00e4ytt\u00e4\u00e4 olevan useimpien vanhempien kantojen kohdalla.<\/p>\n<p>Jotkut uskovat, ett\u00e4 Sour Diesel -kanta yksinkertaisesti polveutuu Chemdawgin fenotyypist\u00e4, joka oli hieman erilainen ja enemm\u00e4n sativan puolella. Suosituin teoria syntyper\u00e4st\u00e4 on, ett\u00e4 alkuper\u00e4inen Diesel on tulosta risteytyksest\u00e4 (Chemdawg x Super Skunk x Northern Lights). T\u00e4t\u00e4 enimm\u00e4kseen sativa-hybridi\u00e4 (90% Sativa, 10% Indica) kutsutaan usein \"Sour D:ksi\", ja se on saanut ainutlaatuisen nimens\u00e4 melkein dieselin ja sitrushedelmien kaltaisesta tuoksusta.<\/p>\n<p>Sour Dieseli\u00e4 on tiet\u00e4\u00e4kseni olemassa vain kloonien muodossa, ja sit\u00e4 on usein vaikea l\u00f6yt\u00e4\u00e4. Koska aito Sour Diesel on harvinainen, on olemassa monia hybridej\u00e4, jotka ovat yritt\u00e4neet j\u00e4ljitell\u00e4 aitoa Sour Diesel Highta. Jotkut ovat hyvin l\u00e4hell\u00e4, mutta mik\u00e4\u00e4n ei ved\u00e4 vertoja oikealle Sour Dieselille.<\/p>\n<p>Sour Dieselin ulkon\u00e4k\u00f6 ja haju<br \/>\nSour Diesel on korkea, hoikka kasvi, joka sopii sek\u00e4 sis\u00e4- ett\u00e4 ulkotarhaan. Sen lehdet tummuvat l\u00e4hes violetiksi kukinnan viimeisin\u00e4 viikkoina. Nupuissa on yleens\u00e4 vaaleanpunaisista vaaleanoransseihin vaihtelevia pisti\u00e4isi\u00e4, ja muodostelma on v\u00e4lj\u00e4 ja piikkim\u00e4inen.<\/p>\n<p>Kaikilla koskaan kasvattamillani Sour D:ll\u00e4 oli suuri kola, jossa oli 6-9 pienemp\u00e4\u00e4 oksaa.<\/p>\n<p>Tuoksu on hyvin voimakas, melkein ylivoimainen ja silti jotenkin houkutteleva. T\u00e4m\u00e4 johtuu siit\u00e4, ett\u00e4 t\u00e4ss\u00e4 kannassa on selv\u00e4, pist\u00e4v\u00e4, ruohomainen, sitruksinen dieselin tuoksu, joka sis\u00e4lt\u00e4\u00e4 j\u00e4nnitt\u00e4v\u00e4n energiapuuskan. Koska sill\u00e4 on hallitseva sativa-linja, voidaan olettaa, ett\u00e4 se vaikuttaa p\u00e4\u00e4asiassa mieleen.<\/p>\n<p>Savu<br \/>\nLajikkeen fanit k\u00e4ytt\u00e4v\u00e4t Sour Dieseli\u00e4 yleens\u00e4 ensimm\u00e4isen\u00e4 l\u00e4\u00e4kkeen\u00e4 aloittaakseen pitk\u00e4n p\u00e4iv\u00e4n - tunnet itsesi hereill\u00e4 ja valmiina l\u00e4htem\u00e4\u00e4n liikkeelle. Koska Sour Diesel on niin sativa-painotteinen, se vaikuttaa l\u00e4hes yksinomaan aivotoimintoihin. Kulutettaessa ei pit\u00e4isi olla sohvalukkoa tai raskaita kehon tuntemuksia, jos poltat aitoa.<\/p>\n<p>Sour Diesel maistuu t\u00e4sm\u00e4lleen samalta kuin se tuoksuu: klassinen, funky polttoaineen aromi. Siksi Sour Diesel on my\u00f6s niin helppo haistaa rivist\u00e4.<\/p>\n<p>Lajike on niin suosittu, koska huuma on yksinkertaisesti uskomaton, sill\u00e4 sen THC-pitoisuus on yli 20% ja vaikutus kest\u00e4\u00e4 2-3 tuntia. Koska se on niin sativa-valtainen, se t\u00e4ytt\u00e4\u00e4 kehon ja erityisesti mielen motivoivalla, pirist\u00e4v\u00e4ll\u00e4 energialla. Se on selv\u00e4 mielialan kohottaja ja masennuksen tuhoaja. Hyv\u00e4ll\u00e4 tuulella oleminen on vaivaton ja luonnollinen tunne, kun kokee Sour Dieseli\u00e4.<\/p>\n<p>Yhteens\u00e4<br \/>\nSour Dieselin ylivoimainen suosio ei ole sattumaa, eik\u00e4 se ole en\u00e4\u00e4 vain it\u00e4rannikon ilmi\u00f6. Kanta on yksi kannabiksen historian kiehtovimmista kannoista. Se tekee hauskoista asioista entist\u00e4 hauskempia; se saa hyv\u00e4n ruoan maistumaan entist\u00e4 paremmalta. Mielialan kohottajana se yksinkertaisesti tekee el\u00e4m\u00e4st\u00e4 hauskempaa. Tavallisimmista illoista tulee nopeasti ikimuistoisia, kun Sour Diesel on mukana. Kanta ei ole pelk\u00e4st\u00e4\u00e4n mielialan kohottaja, vaan sen on my\u00f6s osoitettu olevan tehokas masennuksen hoidossa. My\u00f6s ahdistusta, stressi\u00e4 ja ruokahaluttomuutta. T\u00e4m\u00e4 kanta on maineensa veroinen ja tulee aina olemaan yksi planeetan parhaista kannoista.<\/p>","protected":false},"excerpt":{"rendered":"<p>Osta Sour Diesel verkossa Sour Diesel on yksi kaikkien aikojen poltetuimmista sativa-kannoista. Jos et ole kuullut t\u00e4st\u00e4 kannasta, asut luultavasti luolassa Afganistanissa tai joku tuttavasi on jo kokeillut sit\u00e4 (ja luultavasti rakastaa sit\u00e4). Sour Dieselin tarkka perim\u00e4 on monimutkainen ja hyvin [...].<\/p>","protected":false},"featured_media":2017,"comment_status":"open","ping_status":"closed","template":"","meta":[],"product_brand":[],"product_cat":[20],"product_tag":[29,32,33,27,34,30,28,31,35,36],"class_list":{"0":"post-2016","1":"product","2":"type-product","3":"status-publish","4":"has-post-thumbnail","6":"product_cat-exotische-weed-aromen-kaufen","7":"product_tag-cannabis-kaufen","8":"product_tag-cannabis-online-kaufen","9":"product_tag-gras-bestellen","10":"product_tag-gras-kaufen","11":"product_tag-gras-online-kaufen","12":"product_tag-marihuana-kaufen","13":"product_tag-thc-kaufen","14":"product_tag-weed-kaufen","15":"product_tag-weed-online-bestellen","16":"product_tag-weed-online-kaufen","18":"first","19":"instock","20":"shipping-taxable","21":"purchasable","22":"product-type-variable"},"_links":{"self":[{"href":"https:\/\/dasgrasshop.com\/fi\/wp-json\/wp\/v2\/product\/2016","targetHints":{"allow":["GET"]}}],"collection":[{"href":"https:\/\/dasgrasshop.com\/fi\/wp-json\/wp\/v2\/product"}],"about":[{"href":"https:\/\/dasgrasshop.com\/fi\/wp-json\/wp\/v2\/types\/product"}],"replies":[{"embeddable":true,"href":"https:\/\/dasgrasshop.com\/fi\/wp-json\/wp\/v2\/comments?post=2016"}],"wp:featuredmedia":[{"embeddable":true,"href":"https:\/\/dasgrasshop.com\/fi\/wp-json\/wp\/v2\/media\/2017"}],"wp:attachment":[{"href":"https:\/\/dasgrasshop.com\/fi\/wp-json\/wp\/v2\/media?parent=2016"}],"wp:term":[{"taxonomy":"product_brand","embeddable":true,"href":"https:\/\/dasgrasshop.com\/fi\/wp-json\/wp\/v2\/product_brand?post=2016"},{"taxonomy":"product_cat","embeddable":true,"href":"https:\/\/dasgrasshop.com\/fi\/wp-json\/wp\/v2\/product_cat?post=2016"},{"taxonomy":"product_tag","embeddable":true,"href":"https:\/\/dasgrasshop.com\/fi\/wp-json\/wp\/v2\/product_tag?post=2016"}],"curies":[{"name":"wp","href":"https:\/\/api.w.org\/{rel}","templated":true}]}}