{"id":2022,"date":"2022-03-07T13:21:57","date_gmt":"2022-03-07T13:21:57","guid":{"rendered":"https:\/\/dasgrasshop.com\/?post_type=product&#038;p=2022"},"modified":"2026-05-01T19:29:14","modified_gmt":"2026-05-01T19:29:14","slug":"afghan-kush","status":"publish","type":"product","link":"https:\/\/dasgrasshop.com\/fi\/product\/afganistanin-kush\/","title":{"rendered":"Afganistanin Kush"},"content":{"rendered":"<p><span style=\"vertical-align: inherit;\"><span style=\"vertical-align: inherit;\">Afghan Kush -kanta <\/span><\/span><br \/>\n<span style=\"vertical-align: inherit;\"><span style=\"vertical-align: inherit;\">Afghan Kush n\u00e4ytt\u00e4\u00e4 eritt\u00e4in kauniilta, vaaleanvihre\u00e4, jossa on h\u00e4iv\u00e4hdyksi\u00e4 keltaisesta, oransseja karvoja on sek\u00e4 vaaleita ett\u00e4 tummia, n\u00e4ytt\u00e4\u00e4 oranssilta ja kultaiselta nugetilta, jossa on pilkullisia kiteit\u00e4.<\/span><\/span><\/p>\n<p><span style=\"vertical-align: inherit;\"><span style=\"vertical-align: inherit;\">Nen\u00e4 <\/span><\/span><br \/>\n<span style=\"vertical-align: inherit;\"><span style=\"vertical-align: inherit;\">Afghan Kush tuoksuu hyvin miedolta jopa kokonaisena nugettina, ja siin\u00e4 on vivahteita sahramista ja voiviskist\u00e4. <\/span><span style=\"vertical-align: inherit;\">Kun budin kuitenkin murtaa auki, palaneen toffeen tuoksu tulee hallitsevaksi.<\/span><\/span><\/p>\n<p><span style=\"vertical-align: inherit;\"><span style=\"vertical-align: inherit;\">Maku <\/span><\/span><br \/>\n<span style=\"vertical-align: inherit;\"><span style=\"vertical-align: inherit;\">T\u00e4m\u00e4 silmu maistuu yht\u00e4 mausteiselta, ja voimakkaimmin siin\u00e4 on muskottip\u00e4hkin\u00e4\u00e4, kanelia ja inkiv\u00e4\u00e4ri\u00e4. <\/span><span style=\"vertical-align: inherit;\">Muskottip\u00e4hkin\u00e4n maku on hyvin pehme\u00e4 ja j\u00e4\u00e4 mieleen hetkeksi.<\/span><\/span><\/p>\n<p><span style=\"vertical-align: inherit;\"><span style=\"vertical-align: inherit;\">Vaikutus <\/span><\/span><br \/>\n<span style=\"vertical-align: inherit;\"><span style=\"vertical-align: inherit;\">Afghan Kushin vaikutukset ovat v\u00e4litt\u00f6mi\u00e4. <\/span><span style=\"vertical-align: inherit;\">Saat hyvin rento, ja hieman raskas silm\u00e4, (ei aloittelijoille). <\/span><span style=\"vertical-align: inherit;\">Huomasin, etten tuntenut juurikaan kipua. <\/span><span style=\"vertical-align: inherit;\">Minusta t\u00e4m\u00e4 on my\u00f6s suuri kouristus. <\/span><span style=\"vertical-align: inherit;\">Ja jos sinulla on univaikeuksia ja luulet tarvitsevasi unta heti, Afghan Kush on sinun ruohosi.<\/span><\/span><\/p>\n<p><span style=\"vertical-align: inherit;\"><span style=\"vertical-align: inherit;\">Afghan Kush on ylivoimaisesti vuoden suosikkilajikkeeni. <\/span><span style=\"vertical-align: inherit;\">Se, ett\u00e4 tunnen henkil\u00f6kohtaisesti jonkun, joka kasvatti sit\u00e4 ja tarkkaili sen kauneutta, on antanut minulle intohimoa t\u00e4t\u00e4 h\u00e4mm\u00e4stytt\u00e4v\u00e4\u00e4 kantaa kohtaan. <\/span><span style=\"vertical-align: inherit;\">T\u00e4st\u00e4 tyt\u00f6st\u00e4 l\u00e4htev\u00e4t tuoksut olivat helvetin pist\u00e4vi\u00e4 kukinta-aikana, ja sitten ne heikkeniv\u00e4t, kun se kuivui. <\/span><span style=\"vertical-align: inherit;\">Kovettumisen aikana h\u00e4n n\u00e4ytti todellisen luonteensa. <\/span><span style=\"vertical-align: inherit;\">H\u00e4n muuttui mausteisesta pehme\u00e4n makeaksi tuoksuksi, jossa oli h\u00e4iv\u00e4hdyksi\u00e4 limenvihre\u00e4st\u00e4 ja kirkkaan oransseista hiuksista. <\/span><span style=\"vertical-align: inherit;\">Eritt\u00e4in pehme\u00e4 savu verrattuna useimpiin. <\/span><span style=\"vertical-align: inherit;\">T\u00e4ll\u00e4 v\u00e4riaineella tehty hunaja\u00f6ljy on ilmi\u00f6m\u00e4ist\u00e4. <\/span><span style=\"vertical-align: inherit;\">Korkein osuma kanta v\u00e4h\u00e4\u00e4n aikaan<\/span><\/span><\/p>","protected":false},"excerpt":{"rendered":"<p><span style=\"vertical-align: inherit;\"><span style=\"vertical-align: inherit;\">Afghan Kush n\u00e4ytt\u00e4\u00e4 eritt\u00e4in kauniilta silm\u00e4lle, vaaleanvihre\u00e4, jossa on keltaisen vivahteita, oransseja sek\u00e4 vaaleita ett\u00e4 tummia karvoja, n\u00e4ytt\u00e4\u00e4 oranssilta ja kultaiselta nugetilta, jossa on pilkullisia kiteit\u00e4. <\/span><span style=\"vertical-align: inherit;\">Osta Afghan Kush verkossa - Afghan Kush myyt\u00e4v\u00e4n\u00e4. <\/span><span style=\"vertical-align: inherit;\">Afghan Kush on suosittu marihuanalajike, jonka THC-pitoisuus on jopa 15%. <\/span><span style=\"vertical-align: inherit;\">Afghan Kush maistuu hyvin l\u00e4\u00e4kkeelliselt\u00e4 ja sill\u00e4 on dramaattisia kipua lievitt\u00e4vi\u00e4 vaikutuksia. <\/span><span style=\"vertical-align: inherit;\">Afghan Kush on suosittu potilaiden keskuudessa, jotka haluavat lievitt\u00e4\u00e4 kipua, stressi\u00e4, unettomuutta ja pahoinvointia.<\/span><\/span><\/p>","protected":false},"featured_media":2033,"comment_status":"open","ping_status":"closed","template":"","meta":[],"product_brand":[],"product_cat":[20],"product_tag":[29,32,33,27,34,30,28,31,35,36],"class_list":{"0":"post-2022","1":"product","2":"type-product","3":"status-publish","4":"has-post-thumbnail","6":"product_cat-exotische-weed-aromen-kaufen","7":"product_tag-cannabis-kaufen","8":"product_tag-cannabis-online-kaufen","9":"product_tag-gras-bestellen","10":"product_tag-gras-kaufen","11":"product_tag-gras-online-kaufen","12":"product_tag-marihuana-kaufen","13":"product_tag-thc-kaufen","14":"product_tag-weed-kaufen","15":"product_tag-weed-online-bestellen","16":"product_tag-weed-online-kaufen","18":"first","19":"instock","20":"shipping-taxable","21":"purchasable","22":"product-type-variable"},"_links":{"self":[{"href":"https:\/\/dasgrasshop.com\/fi\/wp-json\/wp\/v2\/product\/2022","targetHints":{"allow":["GET"]}}],"collection":[{"href":"https:\/\/dasgrasshop.com\/fi\/wp-json\/wp\/v2\/product"}],"about":[{"href":"https:\/\/dasgrasshop.com\/fi\/wp-json\/wp\/v2\/types\/product"}],"replies":[{"embeddable":true,"href":"https:\/\/dasgrasshop.com\/fi\/wp-json\/wp\/v2\/comments?post=2022"}],"wp:featuredmedia":[{"embeddable":true,"href":"https:\/\/dasgrasshop.com\/fi\/wp-json\/wp\/v2\/media\/2033"}],"wp:attachment":[{"href":"https:\/\/dasgrasshop.com\/fi\/wp-json\/wp\/v2\/media?parent=2022"}],"wp:term":[{"taxonomy":"product_brand","embeddable":true,"href":"https:\/\/dasgrasshop.com\/fi\/wp-json\/wp\/v2\/product_brand?post=2022"},{"taxonomy":"product_cat","embeddable":true,"href":"https:\/\/dasgrasshop.com\/fi\/wp-json\/wp\/v2\/product_cat?post=2022"},{"taxonomy":"product_tag","embeddable":true,"href":"https:\/\/dasgrasshop.com\/fi\/wp-json\/wp\/v2\/product_tag?post=2022"}],"curies":[{"name":"wp","href":"https:\/\/api.w.org\/{rel}","templated":true}]}}