{"id":2035,"date":"2022-03-07T14:16:35","date_gmt":"2022-03-07T14:16:35","guid":{"rendered":"https:\/\/dasgrasshop.com\/?post_type=product&#038;p=2035"},"modified":"2022-06-14T18:16:40","modified_gmt":"2022-06-14T18:16:40","slug":"blue-dream","status":"publish","type":"product","link":"https:\/\/dasgrasshop.com\/fi\/product\/blue-dream\/","title":{"rendered":"Sininen unelma"},"content":{"rendered":"<p>Osta blue dream marihuanaa verkossa. Blue Dream on sativa-dominantti risteytys Haze ja Blueberry. H\u00e4nell\u00e4 on yksi kysytyimmist\u00e4 t\u00e4ytel\u00e4isist\u00e4 mauista kaikista lajikkeista. Blue Dreamin tuoksu on makea, mausteinen ja aisteja virkist\u00e4v\u00e4. H\u00e4nell\u00e4 on tihe\u00e4t, popcornin kaltaiset silmut, jotka hohtavat valossa sinisen\u00e4 ja t\u00e4ydent\u00e4v\u00e4t trikomien ja oranssien karvojen maisemaa.<\/p>\n<p>Blue Dream -marihuana tuottaa erinomaisen makuisen pilven, joka kest\u00e4\u00e4 niin kauan kuin se on tasapainossa. Se on loistava kanta p\u00e4iv\u00e4ksi. Kun hengit\u00e4t sis\u00e4\u00e4n, voit tuntea Blue Dreamin v\u00e4litt\u00f6m\u00e4sti. Vaikutus alkaa vaikuttaa melko nopeasti ja tuottaa energisen ja keskittyneen huuman. Luovuus kuulemma kukoistaa t\u00e4m\u00e4n lajikkeen kanssa, mik\u00e4 tekee siit\u00e4 taiteellisten kannabiksen k\u00e4ytt\u00e4jien suosikin.<\/p>","protected":false},"excerpt":{"rendered":"<p>Osta blue dream marihuanaa verkossa. Blue Dream on sativa-dominantti risteytys Haze ja Blueberry. H\u00e4nell\u00e4 on yksi kysytyimmist\u00e4 t\u00e4ytel\u00e4isist\u00e4 mauista kaikista lajikkeista. Blue Dreamin tuoksu on makea, mausteinen ja aisteja virkist\u00e4v\u00e4. H\u00e4nell\u00e4 on tihe\u00e4t, popcornin kaltaiset silmut, jotka hohtavat sinisen\u00e4 valossa, ja trikomien ja oranssien karvojen maisema [...].<\/p>","protected":false},"featured_media":2044,"comment_status":"open","ping_status":"closed","template":"","meta":[],"product_brand":[],"product_cat":[20],"product_tag":[29,32,33,27,34,30,28,31,35,36],"class_list":{"0":"post-2035","1":"product","2":"type-product","3":"status-publish","4":"has-post-thumbnail","6":"product_cat-exotische-weed-aromen-kaufen","7":"product_tag-cannabis-kaufen","8":"product_tag-cannabis-online-kaufen","9":"product_tag-gras-bestellen","10":"product_tag-gras-kaufen","11":"product_tag-gras-online-kaufen","12":"product_tag-marihuana-kaufen","13":"product_tag-thc-kaufen","14":"product_tag-weed-kaufen","15":"product_tag-weed-online-bestellen","16":"product_tag-weed-online-kaufen","18":"first","19":"instock","20":"shipping-taxable","21":"purchasable","22":"product-type-variable"},"_links":{"self":[{"href":"https:\/\/dasgrasshop.com\/fi\/wp-json\/wp\/v2\/product\/2035","targetHints":{"allow":["GET"]}}],"collection":[{"href":"https:\/\/dasgrasshop.com\/fi\/wp-json\/wp\/v2\/product"}],"about":[{"href":"https:\/\/dasgrasshop.com\/fi\/wp-json\/wp\/v2\/types\/product"}],"replies":[{"embeddable":true,"href":"https:\/\/dasgrasshop.com\/fi\/wp-json\/wp\/v2\/comments?post=2035"}],"wp:featuredmedia":[{"embeddable":true,"href":"https:\/\/dasgrasshop.com\/fi\/wp-json\/wp\/v2\/media\/2044"}],"wp:attachment":[{"href":"https:\/\/dasgrasshop.com\/fi\/wp-json\/wp\/v2\/media?parent=2035"}],"wp:term":[{"taxonomy":"product_brand","embeddable":true,"href":"https:\/\/dasgrasshop.com\/fi\/wp-json\/wp\/v2\/product_brand?post=2035"},{"taxonomy":"product_cat","embeddable":true,"href":"https:\/\/dasgrasshop.com\/fi\/wp-json\/wp\/v2\/product_cat?post=2035"},{"taxonomy":"product_tag","embeddable":true,"href":"https:\/\/dasgrasshop.com\/fi\/wp-json\/wp\/v2\/product_tag?post=2035"}],"curies":[{"name":"wp","href":"https:\/\/api.w.org\/{rel}","templated":true}]}}