{"id":2036,"date":"2022-03-07T13:44:21","date_gmt":"2022-03-07T13:44:21","guid":{"rendered":"https:\/\/dasgrasshop.com\/?post_type=product&#038;p=2036"},"modified":"2022-03-07T13:59:04","modified_gmt":"2022-03-07T13:59:04","slug":"wedding-cake","status":"publish","type":"product","link":"https:\/\/dasgrasshop.com\/fi\/product\/haeaekakku\/","title":{"rendered":"H\u00e4\u00e4kakku"},"content":{"rendered":"<p>Eksoottinen h\u00e4\u00e4kakku ruohokanta<br \/>\nTurvallisesti ostaa h\u00e4\u00e4kakku runko tai eksoottisia h\u00e4\u00e4kakku runko verkossa myyt\u00e4v\u00e4n\u00e4 seuranta ja kitkeminen kakku arvostelut. Huomaamaton. Wedding Cake -kanta on herkullinen, indica-dominantti marihuanakanta. Sen vanhemmat valittiin itse niiden herkullisen maun vuoksi, jotka ovat Girl Scout Cookies -nimist\u00e4 ruohoa ja Cherry Pie -kannasta per\u00e4isin olevaa marihuanaa. Vanhemmat puolestaan ovat saaneet perim\u00e4\u00e4 my\u00f6s OG Kushista, Durban Poisonista ja Granddaddy Purplesta, mik\u00e4 luo eksoottisen h\u00e4\u00e4kakkukannan. ei ainoastaan herkullista ruohoa, vaan my\u00f6s sellaisen, joka on todella voimakas, sill\u00e4 sen THC-pitoisuus on yli 25 prosenttia.<\/p>\n<p>h\u00e4\u00e4kakku kanta Saksa tai ostaa h\u00e4\u00e4kakku<br \/>\nWedding Cake Buds on vahva l\u00e4\u00e4kekanta. Korkea THC-pitoisuus tekee siit\u00e4 t\u00e4ydellisen mielialan kohottajan sek\u00e4 voimakkaan kipul\u00e4\u00e4kkeen. Wedding Cake -l\u00e4\u00e4kemarihuanakanta voi lievitt\u00e4\u00e4 muun muassa tuki- ja liikuntaelinten kipua, kuten iskias, tulehduskipua, kuten niveltulehdus, ja neuropaattista kipua, kuten fibromyalgia. Neurologisia sairauksia, kuten ALS:\u00e4\u00e4 tai Lou Gehrigin tautia, voidaan hoitaa l\u00e4\u00e4k\u00e4rin suosittelemilla t\u00e4m\u00e4n lajikkeen l\u00e4\u00e4kkeill\u00e4. Monia muita sairauksia suositellaan ja voidaan laillisesti hoitaa Wedding Cake -marihuanalla, riippuen eri valtioiden ja maiden lains\u00e4\u00e4d\u00e4nn\u00f6st\u00e4. L\u00e4het\u00e4 meille viesti t\u00e4\u00e4lt\u00e4<\/p>\n<p>&nbsp;<\/p>\n<p>H\u00e4\u00e4kakku-lajikkeen vaikutukset<br \/>\nT\u00e4m\u00e4n lajikkeen tuottama huuma on h\u00e4mm\u00e4stytt\u00e4v\u00e4n pirist\u00e4v\u00e4 ja rentouttava samaan aikaan. Se antaa voimaa, kun mieli on suhteellisen rauhallinen.<\/p>\n<p>Ajan mittaan t\u00e4m\u00e4 voimakas vaikutus kehoon tasoittuu - erityisesti vatsassa - ja her\u00e4tt\u00e4\u00e4 n\u00e4l\u00e4n ja laukaisee \u00e4\u00e4rimm\u00e4isi\u00e4 mielihaluja.<\/p>\n<p>Kuluttajat voivat kokea liev\u00e4n psykedeelisen huuman, jossa heid\u00e4n ajatuksensa kehittyv\u00e4t nopeasti ja heid\u00e4n k\u00e4sityksens\u00e4 ymp\u00e4rist\u00f6st\u00e4\u00e4n paranee.<\/p>\n<p>Sopivassa ymp\u00e4rist\u00f6ss\u00e4 euforian ja huimauksen tunteet voivat saada aikaan t\u00e4m\u00e4n muutoksen p\u00e4\u00e4n tilassa. T\u00e4m\u00e4 saattaa vaikuttaa aluksi kovalta, mutta indica-dominoivuuden yhdistelm\u00e4n ansiosta rentoutuminen alkaa lyhyen ajan kuluttua.<\/p>\n<p>Kun t\u00e4m\u00e4 rentoutuminen tapahtuu, jotkut k\u00e4ytt\u00e4j\u00e4t tuntevat virkist\u00e4v\u00e4n j\u00e4nnityksen ja tiheyden aallon levi\u00e4v\u00e4n yl\u00e4vartaloon ja raajoihin.<\/p>\n<p>Jopa silloin, kun rauhoittuminen alkaa, henkinen stimulaatio on edelleen aistittavissa, joten k\u00e4ytt\u00e4j\u00e4t tuntevat olevansa yhteydess\u00e4 ymp\u00e4rist\u00f6\u00f6ns\u00e4. On t\u00e4rke\u00e4\u00e4 harrastaa tiettyj\u00e4 toimintoja, kuten lukemista, kirjoittamista ja kevytt\u00e4 liikuntaa.<\/p>\n<p>Sit\u00e4 ei kuitenkaan miss\u00e4\u00e4n nimess\u00e4 suositella teht\u00e4viin, jotka edellytt\u00e4v\u00e4t koneen k\u00e4ytt\u00f6\u00e4 ja hallintaa (esim. ruoanlaitto tai ajaminen).<\/p>\n<p>Wedding Cake -kanta on t\u00e4ydellinen THC-tehokas, eik\u00e4 se sellaisenaan sovellu kannabiskulttuurin vasta-alkajille.<\/p>\n<p>Lis\u00e4ksi kokeneiden k\u00e4ytt\u00e4jien tulisi suhtautua t\u00e4h\u00e4n kantaan varoen. T\u00e4m\u00e4 kanta on yh\u00e4 suositumpi sen voimakkaan mutta monipuolisen vaikutuksen vuoksi, jota voidaan k\u00e4ytt\u00e4\u00e4 sek\u00e4 virkistys- ett\u00e4 terapeuttisiin tarkoituksiin. eksoottinen kanta Wedding Cake<\/p>\n<p>On eritt\u00e4in suositeltavaa sy\u00f6d\u00e4 t\u00e4t\u00e4 lajiketta vasta auringonlaskun ja p\u00e4iv\u00e4llisen valmistumisen j\u00e4lkeen, koska t\u00e4m\u00e4 kakunpala on viimeinen asia, jonka sy\u00f6t ennen nukkumaanmenoa.<\/p>\n<p>H\u00e4\u00e4kakun l\u00e4\u00e4ketieteelliset hy\u00f6dyt<br \/>\nWedding Cake on ep\u00e4ilem\u00e4tt\u00e4 erinomainen kannabiskanta virkistysk\u00e4ytt\u00f6\u00f6n. Sen THC-pitoisuus tuottaa voimakkaan aivojen ja fyysisen huuman, joka kohottaa k\u00e4ytt\u00e4j\u00e4\u00e4 ja rentouttaa kehoa.<\/p>\n<p>Sen psykoaktiivisten ainesosien yleisyys ja niiden j\u00e4lkivaikutukset ovat kuitenkin my\u00f6s merkitt\u00e4vi\u00e4 parannuskeinoja.<\/p>\n<p>Koska se on todellinen vaihtoehto opioidipohjaisille l\u00e4\u00e4kkeille, sill\u00e4 on harvoin ei-toivottuja sivuvaikutuksia, kuten pahoinvointia. P\u00e4invastoin, se tyydytt\u00e4\u00e4 vatsaa ja jopa stimuloi ruokahalua.<\/p>\n<p>Potilaat, joilla on sy\u00f6mish\u00e4iri\u00f6it\u00e4, kuten anoreksia, voivat saada painonsa takaisin, erityisesti erikoisl\u00e4\u00e4k\u00e4rin valvonnassa.<\/p>\n<p>Se toimii rauhoittavana ja ruokahalua stimuloivana aineena ja on eritt\u00e4in hy\u00f6dyllinen tapauksissa, jotka k\u00e4rsiv\u00e4t s\u00e4\u00e4nn\u00f6llisesti masennukseen liittyvist\u00e4 oireista, fibromyaliasta, MS-taudista ja muista siihen liittyvist\u00e4 piirteist\u00e4.<\/p>\n<p>Erinomaisen terpeeniprofiilin ansiosta ei ole ihme, ett\u00e4 Wedding Cake tarjoaa terapeuttista apua ahdistukseen, niveltulehdukseen, liev\u00e4\u00e4n masennukseen, migreeniin ja stressiin, ja sill\u00e4 on my\u00f6s nykyaikaisia vaikutuksia, kuten luovuutta ja rentoutumista.<\/p>\n<p>Sit\u00e4 voidaan k\u00e4ytt\u00e4\u00e4 my\u00f6s potilaiden rauhoittavana l\u00e4\u00e4kkeen\u00e4, mutta se auttaa rauhoittamaan hermoja tai hallitsemaan ahdistusta aiheuttavia oireita. Vaikka se ei t\u00e4ysin hallitse keskittymis- ja energiatasoja, se aiheuttaa silmien ja suun normaalia kuivumista.<\/p>\n<p>H\u00e4\u00e4kakun sivuvaikutukset<br \/>\nWedding Cake- tai Pink Cookie -kannassa on korkeampi THC-pitoisuus kuin muissa kannabiskannoissa, ja siksi siihen voi liitty\u00e4 joitakin sivuvaikutuksia.<\/p>\n<p>Wedding Caken kanssa voidaan olettaa, ett\u00e4 kyseess\u00e4 ovat tavanomaiset kuivat silm\u00e4t ja pahanhajuinen hengitys, jotka johtuvat kosteutta est\u00e4vist\u00e4 kannabinoideista. Se on liev\u00e4 ja kokeneet k\u00e4ytt\u00e4j\u00e4t j\u00e4tt\u00e4v\u00e4t sen usein huomiotta.<\/p>\n<p>Tupakoinnin aloittelevat tupakoitsijat, joilla on ongelmia, voivat hallita kuivuutta juomalla runsaasti nesteit\u00e4.<\/p>\n<p>On my\u00f6s mahdollista, ett\u00e4 Wedding Caken absoluuttinen teho voi johtaa greenoutiin. T\u00e4lle tilalle on ominaista liev\u00e4 huimaus, joka voi kehitty\u00e4 ahdistukseksi tai hienovarainen levottomuuden tunne.<\/p>","protected":false},"excerpt":{"rendered":"<p>Eksoottinen h\u00e4\u00e4kakku Weed Trunk Turvallisesti ostaa h\u00e4\u00e4kakku runko tai eksoottinen h\u00e4\u00e4kakku runko verkossa myyt\u00e4v\u00e4n\u00e4 seuranta ja rikkaruohokakku arvostelut. Huomaamaton. Wedding Cake -kanta on herkullinen hybridi, indica-dominantti marihuanakanta. Sen vanhemmat valittiin itse niiden herkullisen maun vuoksi, jotka ovat Girl Scout Cookies -nurmi ja Cherry Pie -kannan marihuana. Vanhemmat puolestaan ovat [...]<\/p>","protected":false},"featured_media":2037,"comment_status":"open","ping_status":"closed","template":"","meta":[],"product_brand":[],"product_cat":[20],"product_tag":[29,32,33,27,34,30,28,31,35,36],"class_list":{"0":"post-2036","1":"product","2":"type-product","3":"status-publish","4":"has-post-thumbnail","6":"product_cat-exotische-weed-aromen-kaufen","7":"product_tag-cannabis-kaufen","8":"product_tag-cannabis-online-kaufen","9":"product_tag-gras-bestellen","10":"product_tag-gras-kaufen","11":"product_tag-gras-online-kaufen","12":"product_tag-marihuana-kaufen","13":"product_tag-thc-kaufen","14":"product_tag-weed-kaufen","15":"product_tag-weed-online-bestellen","16":"product_tag-weed-online-kaufen","18":"first","19":"instock","20":"shipping-taxable","21":"purchasable","22":"product-type-variable"},"_links":{"self":[{"href":"https:\/\/dasgrasshop.com\/fi\/wp-json\/wp\/v2\/product\/2036","targetHints":{"allow":["GET"]}}],"collection":[{"href":"https:\/\/dasgrasshop.com\/fi\/wp-json\/wp\/v2\/product"}],"about":[{"href":"https:\/\/dasgrasshop.com\/fi\/wp-json\/wp\/v2\/types\/product"}],"replies":[{"embeddable":true,"href":"https:\/\/dasgrasshop.com\/fi\/wp-json\/wp\/v2\/comments?post=2036"}],"wp:featuredmedia":[{"embeddable":true,"href":"https:\/\/dasgrasshop.com\/fi\/wp-json\/wp\/v2\/media\/2037"}],"wp:attachment":[{"href":"https:\/\/dasgrasshop.com\/fi\/wp-json\/wp\/v2\/media?parent=2036"}],"wp:term":[{"taxonomy":"product_brand","embeddable":true,"href":"https:\/\/dasgrasshop.com\/fi\/wp-json\/wp\/v2\/product_brand?post=2036"},{"taxonomy":"product_cat","embeddable":true,"href":"https:\/\/dasgrasshop.com\/fi\/wp-json\/wp\/v2\/product_cat?post=2036"},{"taxonomy":"product_tag","embeddable":true,"href":"https:\/\/dasgrasshop.com\/fi\/wp-json\/wp\/v2\/product_tag?post=2036"}],"curies":[{"name":"wp","href":"https:\/\/api.w.org\/{rel}","templated":true}]}}