{"id":2050,"date":"2022-03-07T14:38:58","date_gmt":"2022-03-07T14:38:58","guid":{"rendered":"https:\/\/dasgrasshop.com\/?post_type=product&#038;p=2050"},"modified":"2023-04-21T22:15:10","modified_gmt":"2023-04-21T22:15:10","slug":"apple-fritter","status":"publish","type":"product","link":"https:\/\/dasgrasshop.com\/fi\/product\/omena-fritter\/","title":{"rendered":"Apple Fritter"},"content":{"rendered":"<p>Voit ostaa Apple Fritteronline.<br \/>\nTunnetaan my\u00f6s nimell\u00e4 \"Apple Fritters\", on harvinainen, tasapainoinen hybridikanta (50% Indica\/50% Sativa), joka on luotu risteytt\u00e4m\u00e4ll\u00e4 klassiset Sour Apple X Animal Cookies -kannat. T\u00e4m\u00e4 High Timesin vuoden 2016 \"Maailman vahvimmat lajikkeet\" -listalle p\u00e4\u00e4sseest\u00e4 lajikkeesta tunnettu kasvi tuo mukanaan mahtavan pilven ja eritt\u00e4in herkullisen maun, joka saa sinut kerj\u00e4\u00e4m\u00e4\u00e4n lis\u00e4\u00e4 jo yhden maistiaisen j\u00e4lkeen. T\u00e4ss\u00e4 budissa on eritt\u00e4in makea, hedelm\u00e4inen omenan maku ja hieman kirpe\u00e4 vaniljainen uloshengitys, joka on kuin herkullinen, vastaleivottu omenapiirakka. Tuoksu on hyvin samankaltainen, ja siin\u00e4 on my\u00f6s yrttinen vaikutus. Apple Fritterin huuma alkaa l\u00e4hes v\u00e4litt\u00f6m\u00e4sti ensimm\u00e4isell\u00e4 uloshengityksell\u00e4, ja se t\u00e4ytt\u00e4\u00e4 mielesi kiireisell\u00e4 nosteella, joka ty\u00f6nt\u00e4\u00e4 negatiiviset tai kilpailevat ajatukset pois l\u00e4hes v\u00e4litt\u00f6m\u00e4sti. Kun henkinen tilasi nousee yh\u00e4 korkeammalle ja korkeammalle, pistelev\u00e4 fyysinen huuma huuhtelee sinut, rentouttaa kipe\u00e4t lihaksesi ja saa sinut tuntemaan itsesi t\u00e4ydellisess\u00e4 sopusoinnussa ymp\u00e4r\u00f6iv\u00e4n maailman kanssa. Yhdess\u00e4 eritt\u00e4in korkean keskim\u00e4\u00e4r\u00e4isen THC-pitoisuuden (22-28%) kanssa t\u00e4m\u00e4 vaikutus antaa Apple Fritterille etuly\u00f6ntiaseman esimerkiksi unettomuuden, kroonisen kivun, masennuksen, mielialan vaihteluiden ja kroonisen stressin hoidossa. T\u00e4ll\u00e4 budilla on lapionmuotoiset, tumman oliivinvihre\u00e4t silmut, joissa on syv\u00e4n violetti s\u00e4vy, kirkkaan oranssit karvat ja p\u00e4\u00e4llyste pienist\u00e4 valkoisista kristallitrikomeista.<\/p>","protected":false},"excerpt":{"rendered":"<p>Voit ostaa Apple Fritteronline. Tunnetaan my\u00f6s nimell\u00e4 \"Apple Fritters\", on harvinainen, tasapainoinen hybridikanta (50% Indica\/50% Sativa), joka on luotu risteytt\u00e4m\u00e4ll\u00e4 klassiset Sour Apple X Animal Cookies -kannat. Tunnettu siit\u00e4, ett\u00e4 se on p\u00e4\u00e4ssyt High Timesin vuoden 2016 \"Maailman vahvimpien kantojen\" listalle, ja se tuo mukanaan [...]<\/p>","protected":false},"featured_media":2051,"comment_status":"open","ping_status":"closed","template":"","meta":[],"product_brand":[],"product_cat":[20],"product_tag":[29,32,33,27,34,30,28,31,35,36],"class_list":{"0":"post-2050","1":"product","2":"type-product","3":"status-publish","4":"has-post-thumbnail","6":"product_cat-exotische-weed-aromen-kaufen","7":"product_tag-cannabis-kaufen","8":"product_tag-cannabis-online-kaufen","9":"product_tag-gras-bestellen","10":"product_tag-gras-kaufen","11":"product_tag-gras-online-kaufen","12":"product_tag-marihuana-kaufen","13":"product_tag-thc-kaufen","14":"product_tag-weed-kaufen","15":"product_tag-weed-online-bestellen","16":"product_tag-weed-online-kaufen","18":"first","19":"instock","20":"shipping-taxable","21":"purchasable","22":"product-type-variable"},"_links":{"self":[{"href":"https:\/\/dasgrasshop.com\/fi\/wp-json\/wp\/v2\/product\/2050","targetHints":{"allow":["GET"]}}],"collection":[{"href":"https:\/\/dasgrasshop.com\/fi\/wp-json\/wp\/v2\/product"}],"about":[{"href":"https:\/\/dasgrasshop.com\/fi\/wp-json\/wp\/v2\/types\/product"}],"replies":[{"embeddable":true,"href":"https:\/\/dasgrasshop.com\/fi\/wp-json\/wp\/v2\/comments?post=2050"}],"wp:featuredmedia":[{"embeddable":true,"href":"https:\/\/dasgrasshop.com\/fi\/wp-json\/wp\/v2\/media\/2051"}],"wp:attachment":[{"href":"https:\/\/dasgrasshop.com\/fi\/wp-json\/wp\/v2\/media?parent=2050"}],"wp:term":[{"taxonomy":"product_brand","embeddable":true,"href":"https:\/\/dasgrasshop.com\/fi\/wp-json\/wp\/v2\/product_brand?post=2050"},{"taxonomy":"product_cat","embeddable":true,"href":"https:\/\/dasgrasshop.com\/fi\/wp-json\/wp\/v2\/product_cat?post=2050"},{"taxonomy":"product_tag","embeddable":true,"href":"https:\/\/dasgrasshop.com\/fi\/wp-json\/wp\/v2\/product_tag?post=2050"}],"curies":[{"name":"wp","href":"https:\/\/api.w.org\/{rel}","templated":true}]}}