{"id":2056,"date":"2022-03-07T14:46:13","date_gmt":"2022-03-07T14:46:13","guid":{"rendered":"https:\/\/dasgrasshop.com\/?post_type=product&#038;p=2056"},"modified":"2022-03-07T14:48:22","modified_gmt":"2022-03-07T14:48:22","slug":"lemon-haze","status":"publish","type":"product","link":"https:\/\/dasgrasshop.com\/fi\/product\/sitruuna-haze\/","title":{"rendered":"Lemon Haze"},"content":{"rendered":"<p>Osta Super Lemon Haze verkossa. H\u00e4n on sekoitus Lemon Skunkia ja Super Silver Hazea, ja h\u00e4nen sativa\/indica-suhteensa on 80:20, mik\u00e4 tarkoittaa huumaavia, huumaavia ja aivovaikutuksia: J\u00e4nnityst\u00e4, luovuutta, energiaa, euforiaa ja voimakasta nautintoa. N\u00e4m\u00e4 ovat ihanteellisia l\u00e4\u00e4kkeit\u00e4 masennuksen, v\u00e4symyksen, ahdistuksen, pahoinvoinnin ja kroonisen kivun hoitoon. The <a href=\"https:\/\/legitweeddispensary.com\/\" target=\"_blank\" rel=\"noopener\">THC-<\/a>pitoisuus on korkea, ainakin yhdess\u00e4 n\u00e4ytteess\u00e4 yli 25 %, mik\u00e4 asettaa Super Lemon Haze -kannan tehopyramidin huipulle. Sit\u00e4 ei kuitenkaan tunneta sen CBD-pitoisuuksista, jotka ovat s\u00e4\u00e4nn\u00f6llisesti selv\u00e4sti alle 1 %. Toisin sanoen t\u00e4t\u00e4 kantaa ei pit\u00e4isi k\u00e4ytt\u00e4\u00e4 ainoana l\u00e4\u00e4kkeen\u00e4 sairauksiin, jotka perustuvat <a href=\"https:\/\/gethempnow.com\/\" target=\"_blank\" rel=\"noopener\">CBD<\/a> kuten kohtaush\u00e4iri\u00f6t. Super Lemon Haze on hapokas, kirpe\u00e4n sitruunan maku ja aromi, jossa on makea karkkimainen vivahde. Osta Super Lemon Haze online. Silmu, jolla on kirjava vihre\u00e4-ruskea ulkon\u00e4k\u00f6, on tihe\u00e4n hartsipitoisen trikomikerroksen peitossa.<\/p>","protected":false},"excerpt":{"rendered":"<p>Osta Super Lemon Haze verkossa. H\u00e4n on sekoitus Lemon Skunkia ja Super Silver Hazea, ja h\u00e4nen sativa\/indica-suhteensa on 80:20, mik\u00e4 tarkoittaa huumaavia, huumaavia ja aivovaikutuksia: J\u00e4nnityst\u00e4, luovuutta, energiaa, euforiaa ja voimakasta nautintoa. N\u00e4m\u00e4 ovat ihanteellisia l\u00e4\u00e4kkeit\u00e4 masennuksen, v\u00e4symyksen, ahdistuksen, pahoinvoinnin ja kroonisen kivun hoitoon. N\u00e4iden THC-pitoisuus [...]<\/p>","protected":false},"featured_media":2057,"comment_status":"open","ping_status":"closed","template":"","meta":[],"product_brand":[],"product_cat":[20],"product_tag":[29,32,33,27,34,30,28,31,35,36],"class_list":{"0":"post-2056","1":"product","2":"type-product","3":"status-publish","4":"has-post-thumbnail","6":"product_cat-exotische-weed-aromen-kaufen","7":"product_tag-cannabis-kaufen","8":"product_tag-cannabis-online-kaufen","9":"product_tag-gras-bestellen","10":"product_tag-gras-kaufen","11":"product_tag-gras-online-kaufen","12":"product_tag-marihuana-kaufen","13":"product_tag-thc-kaufen","14":"product_tag-weed-kaufen","15":"product_tag-weed-online-bestellen","16":"product_tag-weed-online-kaufen","18":"first","19":"instock","20":"shipping-taxable","21":"purchasable","22":"product-type-variable"},"_links":{"self":[{"href":"https:\/\/dasgrasshop.com\/fi\/wp-json\/wp\/v2\/product\/2056","targetHints":{"allow":["GET"]}}],"collection":[{"href":"https:\/\/dasgrasshop.com\/fi\/wp-json\/wp\/v2\/product"}],"about":[{"href":"https:\/\/dasgrasshop.com\/fi\/wp-json\/wp\/v2\/types\/product"}],"replies":[{"embeddable":true,"href":"https:\/\/dasgrasshop.com\/fi\/wp-json\/wp\/v2\/comments?post=2056"}],"wp:featuredmedia":[{"embeddable":true,"href":"https:\/\/dasgrasshop.com\/fi\/wp-json\/wp\/v2\/media\/2057"}],"wp:attachment":[{"href":"https:\/\/dasgrasshop.com\/fi\/wp-json\/wp\/v2\/media?parent=2056"}],"wp:term":[{"taxonomy":"product_brand","embeddable":true,"href":"https:\/\/dasgrasshop.com\/fi\/wp-json\/wp\/v2\/product_brand?post=2056"},{"taxonomy":"product_cat","embeddable":true,"href":"https:\/\/dasgrasshop.com\/fi\/wp-json\/wp\/v2\/product_cat?post=2056"},{"taxonomy":"product_tag","embeddable":true,"href":"https:\/\/dasgrasshop.com\/fi\/wp-json\/wp\/v2\/product_tag?post=2056"}],"curies":[{"name":"wp","href":"https:\/\/api.w.org\/{rel}","templated":true}]}}