{"id":2062,"date":"2022-03-07T14:56:07","date_gmt":"2022-03-07T14:56:07","guid":{"rendered":"https:\/\/dasgrasshop.com\/?post_type=product&#038;p=2062"},"modified":"2022-12-12T14:35:01","modified_gmt":"2022-12-12T14:35:01","slug":"northern-lights","status":"publish","type":"product","link":"https:\/\/dasgrasshop.com\/fi\/product\/northern-lights\/","title":{"rendered":"Revontulet"},"content":{"rendered":"<p>Northern Lights Indica-kanta<br \/>\nJotkut lajikkeet ovat yksinkertaisesti kuuluisia; Northern Lights (Afghanica) on kuitenkin saavuttanut legendaarisen aseman.<\/p>\n<p>Jos k\u00e4yt\u00e4t s\u00e4\u00e4nn\u00f6llisesti kannabista, on hyvin todenn\u00e4k\u00f6ist\u00e4, ett\u00e4 olet kokeillut Northern Lightsia. Tai jokin kannan sisarkannoista, kuten: Sour Diesel ja Shiva Skunk, muutamia mainitakseni. Northern Lightsin tarkka alkuper\u00e4 ja historia on mysteerin peitossa, ja se saattaa kadota ikuisiksi ajoiksi.<\/p>\n<p>Vallitsevan teorian mukaan lajike on per\u00e4isin Tyynenmeren luoteisosasta, ja sill\u00e4 on vain v\u00e4h\u00e4n faneja. Sitten se matkasi Hollantiin, jossa kaksi parasta fenotyyppi\u00e4 risteytettiin (Northern Lights #5 x Northern Lights #2). NL #5 oli risteytyksess\u00e4 t\u00e4rkeimm\u00e4ss\u00e4 asemassa, koska NL #5 lis\u00e4\u00e4 tehoa ja lyhent\u00e4\u00e4 kukinta-aikaa. NL #2 antaa lajikkeelle fantastisen maun ja tuoksun ja vaikuttaa osaltaan huuman yleiseen voimaan ja voimakkuuteen. Lis\u00e4ksi NL #2 on muita fenotyyppej\u00e4 sitke\u00e4mpi kasvi, joka kest\u00e4\u00e4 paremmin hometta ja tuholaisia.<\/p>\n<p>Revontulien ulkon\u00e4k\u00f6 ja tuoksu<br \/>\nT\u00e4m\u00e4 lajike oli kaunista katseltavaa sek\u00e4 l\u00e4helt\u00e4 ett\u00e4 kaukaa. Kahdeksas n\u00e4ytekappale, jonka sain t\u00e4t\u00e4 testi\u00e4 varten, oli suuren, taidokkaasti leikatun rakeen muotoinen. Se n\u00e4ytti koko silmun \"sis\u00e4isen toiminnan\", mutta j\u00e4tti silti t\u00e4ydellisen m\u00e4\u00e4r\u00e4n lehtimateriaalia, jotta se n\u00e4ytt\u00e4isi luonnolliselta. V\u00e4ritys oli kaiken kaikkiaan hyvin kirkas, raikkaan vihre\u00e4 ja melkein kultainen pistooli. northern lights indica-kanta.<\/p>\n<p>Northern Lightsilla on kompaktit, tihe\u00e4t silmut, jotka ovat hopeanvalkoisen trikromikuorrutuksen peitossa, usein muutaman senttimetrin pituisen varren erottamina, mik\u00e4 tekee leikkaamisesta helppoa ja tuottaa erinomaisen sadon. Vaikka budit ovat tiheit\u00e4 ja paksuja (tyypillinen indica-rakenne), ne eiv\u00e4t ole niin l\u00e4p\u00e4isem\u00e4tt\u00f6mi\u00e4, ett\u00e4 budien m\u00e4t\u00e4neminen olisi suuri ongelma - mik\u00e4 voi olla suuri ongelma monien indica-kantojen kanssa - mik\u00e4 tekee Northern Lightsista hyv\u00e4n indican, jota voidaan kasvattaa kosteissa ymp\u00e4rist\u00f6iss\u00e4.<\/p>\n<p>Tuoksu on raikas, yrttinen ja hieman haiseva tuoksu, joka muuttuu monitahoiseksi, makeaksi sitrushedelmien ja m\u00e4nnyn aromiksi, jossa on eukalyptuksen vivahteita, kun kukinnot murskataan. Murskattuna tuoksu muuttuu viel\u00e4 ter\u00e4v\u00e4mm\u00e4ksi ja saa myskisen sitruksisen aromin, joka muistuttaa palanutta appelsiininkuorta sekoitettuna hieman m\u00e4ntyyn.<\/p>\n<p>Savu<br \/>\nHieman makea ja sitruksinen sis\u00e4\u00e4nhengityksess\u00e4, enemm\u00e4n m\u00e4ntyinen ja myskinen uloshengityksess\u00e4. Northern Lights -kanta maistui ehdottomasti samalta kuin se tuoksui, vaikka se olikin kokonaisuudessaan hieman v\u00e4hemm\u00e4n pist\u00e4v\u00e4. Savussa ja maussa oli pehme\u00e4 laatu, jota voi parhaiten kuvata \"voimaiseksi\", mutta siin\u00e4 oli my\u00f6s laajenevia elementtej\u00e4, jotka aiheuttivat ysk\u00e4nkohtauksia suuremmilla vedoilla. Budin h\u00f6yryst\u00e4minen todenn\u00e4k\u00f6isesti auttaisi lievitt\u00e4m\u00e4\u00e4n t\u00e4t\u00e4. Sile\u00e4 kokemus, jossa on vankka makujen s\u00e4ilytt\u00e4minen jokaisen osuman yhteydess\u00e4, kulho p\u00e4\u00e4tyi hyvin vaaleanharmaaksi. L\u00e4hes valkoista tuhkaa, mik\u00e4 osoittaa, ett\u00e4 viljelij\u00e4 oli tehnyt proppuraisemman huuhtelun.<\/p>\n<p>Jotkut sanovat, ett\u00e4 t\u00e4m\u00e4 on \"hiipiv\u00e4\" kanta, mutta minulle vaikutus oli v\u00e4lit\u00f6n euforian tunne ja voimakkaat, l\u00e4hes ylivoimaiset aivovaikutukset - ja se oli vain ensimm\u00e4inen puhallus. Kun olet vet\u00e4nyt viel\u00e4 muutaman tupakan voimakkaan indica-highin, kehittyy eritt\u00e4in miellytt\u00e4v\u00e4 ja rauhoittava hyvinvoinnin ja onnellisuuden tunne. northern lights indica-kanta.<\/p>\n<p>Yhteens\u00e4<br \/>\nKaiken kaikkiaan Northern Lights on loistava esimerkki vanhan koulukunnan genetiikasta, jota modernit viljelytekniikat el\u00e4v\u00f6itt\u00e4v\u00e4t. Voimakas indica-dominantti silmurirakenne, jossa on paksup\u00e4isi\u00e4 kolmihaarakkeita. Ja kirkkaiden v\u00e4rien kirjo oli ihana ihailtava, joten t\u00e4llaista kauneutta oli melkein vaikea suitsia. (Sanoin melkein.)<\/p>\n<p>Vaikka tuoksu ja maku ylittiv\u00e4t odotukset, indica-dominanssi oli selv\u00e4sti havaittavissa. Vaikka teknisesti ottaen kyseess\u00e4 on hybridi, useimmat pit\u00e4v\u00e4t t\u00e4t\u00e4 kantaa indicana, sill\u00e4 sen indica- ja sativa-suhde on 95% ja 5%. T\u00e4m\u00e4 puolestaan tekee kannasta hieman raskaan p\u00e4iv\u00e4kasvatukseen. Suositellaan kohtalaisille tai kokeneille tupakoitsijoille. Ensisijaisesti ilta- tai ty\u00f6p\u00e4iv\u00e4n j\u00e4lkeisen\u00e4 indicana, kun halutaan voimakasta rentoutumista.<\/p>\n<p>Huuma kest\u00e4\u00e4 tyypillisesti 2-3 tuntia, ja Northern Lights -kannan on todettu hoitavan stressi\u00e4, ahdistusta ja hermostuneisuutta. My\u00f6s \u00e4rtyv\u00e4n suolen oireyhtym\u00e4\u00e4n, pahoinvointiin, masennukseen, krooniseen kipuun, selk\u00e4kipuihin, niveltulehdukseen ja muihin kehoon liittyviin ongelmiin. Olen my\u00f6s havainnut sen olevan eritt\u00e4in hy\u00f6dyllinen unettomuusongelmissa, ja t\u00e4m\u00e4 kanta on nyt ensimm\u00e4inen valintani unettomina \u00f6in\u00e4.<\/p>\n<p>Northern Lightsin ainoa haittapuoli on se, ett\u00e4 alkuper\u00e4ist\u00e4 lajiketta on hyvin harvinaista l\u00f6yt\u00e4\u00e4. Useimmat apteekit eiv\u00e4t myy aitoa kantaa, vaan hybridej\u00e4, mutta eiv\u00e4t aitoa Northern Lightsia. Tee siis kotil\u00e4ksysi, keskustele hyv\u00e4maineisten ihmisten kanssa ja varmista t\u00e4m\u00e4 klassikko! Ota yhteytt\u00e4<\/p>\n<p>&nbsp;<\/p>\n<p>ostaa ruohoa verkossa Yhdysvallat, ostaa ruohoa verkossa Yhdistyneess\u00e4 kuningaskunnassa, ostaa ruohoa verkossa Irlannissa, ostaa ruohoa verkossa Sveitsiss\u00e4, ostaa ruohoa verkossa Australiassa, ostaa ruohoa verkossa Italiassa, ostaa ruohoa verkossa Tanskassa, ostaa ruohoa verkossa Euroopan unionissa, ostaa ruohoa verkossa Ranskassa, ostaa ruohoa verkossa, ostaa ruohoa verkossa<\/p>","protected":false},"excerpt":{"rendered":"<p>Northern Lights Indica-kanta Jotkut kannat ovat yksinkertaisesti kuuluisia; Northern Lights (Afghanica) on kuitenkin saavuttanut legendaarisen aseman. Jos k\u00e4yt\u00e4t s\u00e4\u00e4nn\u00f6llisesti kannabista, on hyvin todenn\u00e4k\u00f6ist\u00e4, ett\u00e4 olet joko kokeillut Northern Lightsia tai... Tai jotakin lajikkeen sisarkannoista, kuten esim: Sour Diesel ja Shiva Skunk, muutamia mainitakseni. [...]<\/p>","protected":false},"featured_media":2063,"comment_status":"open","ping_status":"closed","template":"","meta":[],"product_brand":[],"product_cat":[20],"product_tag":[29,32,33,27,34,30,28,31,35,36],"class_list":{"0":"post-2062","1":"product","2":"type-product","3":"status-publish","4":"has-post-thumbnail","6":"product_cat-exotische-weed-aromen-kaufen","7":"product_tag-cannabis-kaufen","8":"product_tag-cannabis-online-kaufen","9":"product_tag-gras-bestellen","10":"product_tag-gras-kaufen","11":"product_tag-gras-online-kaufen","12":"product_tag-marihuana-kaufen","13":"product_tag-thc-kaufen","14":"product_tag-weed-kaufen","15":"product_tag-weed-online-bestellen","16":"product_tag-weed-online-kaufen","18":"first","19":"instock","20":"shipping-taxable","21":"purchasable","22":"product-type-variable"},"_links":{"self":[{"href":"https:\/\/dasgrasshop.com\/fi\/wp-json\/wp\/v2\/product\/2062","targetHints":{"allow":["GET"]}}],"collection":[{"href":"https:\/\/dasgrasshop.com\/fi\/wp-json\/wp\/v2\/product"}],"about":[{"href":"https:\/\/dasgrasshop.com\/fi\/wp-json\/wp\/v2\/types\/product"}],"replies":[{"embeddable":true,"href":"https:\/\/dasgrasshop.com\/fi\/wp-json\/wp\/v2\/comments?post=2062"}],"wp:featuredmedia":[{"embeddable":true,"href":"https:\/\/dasgrasshop.com\/fi\/wp-json\/wp\/v2\/media\/2063"}],"wp:attachment":[{"href":"https:\/\/dasgrasshop.com\/fi\/wp-json\/wp\/v2\/media?parent=2062"}],"wp:term":[{"taxonomy":"product_brand","embeddable":true,"href":"https:\/\/dasgrasshop.com\/fi\/wp-json\/wp\/v2\/product_brand?post=2062"},{"taxonomy":"product_cat","embeddable":true,"href":"https:\/\/dasgrasshop.com\/fi\/wp-json\/wp\/v2\/product_cat?post=2062"},{"taxonomy":"product_tag","embeddable":true,"href":"https:\/\/dasgrasshop.com\/fi\/wp-json\/wp\/v2\/product_tag?post=2062"}],"curies":[{"name":"wp","href":"https:\/\/api.w.org\/{rel}","templated":true}]}}