{"id":2068,"date":"2022-03-07T15:03:57","date_gmt":"2022-03-07T15:03:57","guid":{"rendered":"https:\/\/dasgrasshop.com\/?post_type=product&#038;p=2068"},"modified":"2022-07-31T00:08:33","modified_gmt":"2022-07-31T00:08:33","slug":"runtz-gras-kaufen","status":"publish","type":"product","link":"https:\/\/dasgrasshop.com\/fi\/product\/runtz-gras-kaufen\/","title":{"rendered":"Osta Runtz Grass"},"content":{"rendered":"<p>Runtz kanta meill\u00e4 on valkoinen runtz myyt\u00e4v\u00e4n\u00e4, valkoinen runtz kanta, eksoottinen runtz kanta, gruntz kanta, vlone runtz kanta, runtz kannabis kanta Klikkaa t\u00e4st\u00e4 n\u00e4hd\u00e4ksesi kaikki runtz kannat myyt\u00e4v\u00e4n\u00e4 sivuillamme.<br \/>\nHybridi - 50% Sativa \/50% Indica#<br \/>\nTHC: 23% - 24%<br \/>\nOsta Runtz ruohokanta Saksa<br \/>\nOsta Runtz ruohon kanta Euroopassa<\/p>\n<p>Runtz Weed on tuore LA:sta per\u00e4isin oleva kannabiskanta, jonka terpeeniprofiilia useimmat kuvaisivat makeaksi. Runtz-kannalla on kuitenkin uskomattoman monipuolinen m\u00e4\u00e4r\u00e4 fenotyyppej\u00e4, jotka voivat vaikuttaa merkitt\u00e4v\u00e4sti tietoihin, joten on l\u00e4hes mahdotonta sanoa, onko Runtz sativa- vai indica-hybridi, sill\u00e4 eri fenotyypit kallistuvat eri suuntiin.<\/p>\n<p>T\u00e4m\u00e4 koskee my\u00f6s THC- ja CBD-pitoisuutta, joka testataan viljelykohtaisesti ja joka ei ole t\u00e4ll\u00e4 hetkell\u00e4 saatavilla internetiss\u00e4.<\/p>\n<p>L\u00e4\u00e4ketieteellinen Runtz Weed virkistysk\u00e4ytt\u00f6\u00f6n ostaa verkossa Saksassa<br \/>\nRuntz on tuore L.A:sta per\u00e4isin oleva kannabiskanta, jonka terpeeniprofiilia useimmat kuvaisivat makeaksi.<br \/>\nRuntz-lajikkeella on kuitenkin uskomattoman paljon erilaisia fenotyyppej\u00e4, jotka voivat vaikuttaa merkitt\u00e4v\u00e4sti sen tietoihin.<br \/>\nT\u00e4m\u00e4 koskee my\u00f6s THC- ja CBD-pitoisuutta, joka testataan viljelykohtaisesti ja joka ei ole t\u00e4ll\u00e4 hetkell\u00e4 saatavilla internetiss\u00e4.<br \/>\nSe on suosittu kanta kannabiksen polttajien keskuudessa, jotka ovat kiinnostuneita kannabistuotteiden pakkausten taustalla olevasta kulttuurista ja mainonnasta.<br \/>\nOikein kuivattuna ja kovetettuna k\u00e4ytt\u00e4j\u00e4t voivat n\u00e4hd\u00e4 nupussa muitakin v\u00e4rej\u00e4 kuin vihre\u00e4\u00e4.<br \/>\nRuntzin tiheiss\u00e4 nupuissa on usein elinvoimainen v\u00e4ripaletti, joka vaihtelee sinisest\u00e4 ja violetista tummanvihre\u00e4\u00e4n ja kirkkaan oranssiin.<br \/>\nSiksi on l\u00e4hes mahdotonta sanoa, onko Runtz Sativa- vai Indica-hybridi.<br \/>\nSe on uskomattoman vaikeasti l\u00f6ydett\u00e4viss\u00e4 oleva lajike, jota myyd\u00e4\u00e4n l\u00e4hes yksinomaan Los Angelesissa.<br \/>\nRuntzista ei ole juurikaan tietoa internetiss\u00e4.<br \/>\nMonet kirjoittavat, ett\u00e4 t\u00e4m\u00e4 kanta on hyv\u00e4 stressin, ahdistuksen ja kroonisen kivun lievitt\u00e4miseen.<br \/>\nTunnet todenn\u00e4k\u00f6isesti olosi euforiseksi ja onnelliseksi, mutta et tarpeeksi l\u00e4hte\u00e4ksesi ulos talosta.<\/p>\n<p>Osta White Runtz Weed. White Runtz Weed on tasapainoinen hybridikanta (50% Indica\/50% Sativa), joka on luotu risteytt\u00e4m\u00e4ll\u00e4 klassiset Zkittlez X Gelato -kannat. White Runtz on tunnettu eritt\u00e4in herkullisesta maustaan ja pitk\u00e4kestoisesta huumaavasta vaikutuksestaan, ja se sopii t\u00e4ydellisesti kaikille hybridien yst\u00e4ville. T\u00e4m\u00e4n White Runtz -ruohokannan maku on nimens\u00e4 mukainen - makea ja hapan hedelm\u00e4karkki, jossa on pieni ripaus sitrusta. My\u00f6s tuoksu on hyvin samankaltainen, ja siin\u00e4 on maanl\u00e4heinen sitruss\u00e4vy, jota tuoreet makeat hedelm\u00e4t korostavat. Samalla tavalla White Runtz Weed -kannan huuma on yht\u00e4 herkullinen kuin maku. Runtz kannabiskanta, mik\u00e4 on runtz kanta, vaaleanpunainen runtz kanta, violetti runtz kanta, vlone runtz kanta, valkoinen runtz ,Saksa Uk , USA, Eurooppa, Miss\u00e4, onlinne,<\/p>\n<p>Toisen Runtz-kannan, White Runtzin, alkuper\u00e4 on my\u00f6s ep\u00e4selv\u00e4. Se saattaa olla toinen Runtzin fenotyyppi, koska siin\u00e4 on vastaava m\u00e4\u00e4r\u00e4 THC:t\u00e4, vaikka toiset v\u00e4itt\u00e4v\u00e4t, ett\u00e4 se on Runtzin ja Cookiesin yhteisty\u00f6n tulos. T\u00e4m\u00e4n lajikkeen silmut ovat yleens\u00e4 violetteja ja vihreit\u00e4. White Runtz on indica-dominantti lajike, mik\u00e4 tarkoittaa, ett\u00e4 vaikka aluksi haluaisitkin liikkua, ei ole paras idea l\u00e4hte\u00e4 talosta. T\u00e4ll\u00e4 hetkell\u00e4 se on yksi suosituimmista kannabiskannoista Kaliforniassa, joten ei ole harvinaista l\u00f6yt\u00e4\u00e4 White Runtziksi merkitty\u00e4 ruohoa, jolla ei ole mit\u00e4\u00e4n sen ominaisuuksista.<\/p>\n<p>Runtz-lajikkeen viljely<\/p>\n<p>Alkuper\u00e4lt\u00e4\u00e4n jalostettua kannabiskasvia on kahta tyyppi\u00e4, uros- ja naaraskasvia. White Runtz on erikoistuote, joka syntyy, kun uros hedelm\u00f6itt\u00e4\u00e4 naaraan. T\u00e4ll\u00f6in syntyy niin sanottu \"hybridi\", koska se sis\u00e4lt\u00e4\u00e4 sek\u00e4 naaraspuolisen ett\u00e4 urospuolisen kasvin ominaisuuksia. Siin\u00e4 miss\u00e4 se oli aikoinaan markkinoiden kuumin kanta, se on nyt vain harvinainen ja lempe\u00e4 kompastelija.<br \/>\nRuntz-lajikkeen vaikutukset<br \/>\nT\u00e4ll\u00e4 ainutlaatuisella tuotteella on suurin vaikutus stressiin ja se saa sen katoamaan kuin koskaan ennen. Ep\u00e4toivon ja turhautumisen synkkien tunteiden vet\u00e4ytymisest\u00e4 tulee hienovarainen tunne puhdasta autuutta, onnellisuutta, positiivisuutta ja rauhaa.<br \/>\nToimitamme ja v\u00e4hitt\u00e4iskaupan hyv\u00e4 valikoima valkoisia runtz rikkakasvien kanta White Kuntz, White runtz, Osta Pink runtz kanta verkossa, valkoinen runtz kanta kuvia, vaaleanpunainen runtz hinta, valkoinen runtz kanta genetiikkaa<\/p>\n<p>kuinka paljon on kilo runtz, Tilaa Pink runtz kanta verkossa, Valkoinen runtz ruoho myyt\u00e4v\u00e4n\u00e4, Osta White runtz ruoho verkossa. Mist\u00e4 ostaa White runtz ruohoa, Eksoottinen runtz kanta, Runtz kanta.<\/p>\n<p>vlone runtz kanta, vitsej\u00e4 runtz pussit, valkoinen runtz indica tai sativa, valkoinen runtz kanta lehtimainen, gruntz of runtz kanta, valkoinen runtz kanta arvostelu, gruntz ev\u00e4steet, valkoinen runtz mylar pussit, isois\u00e4 violetti<\/p>\n<p>gruntz kanta, gruntz kanta uk, auringonlasku runtz, j\u00e4\u00e4tel\u00f6kakku kanta, runtz t\u00f6lkit myyt\u00e4v\u00e4n\u00e4, ostaa cbd \u00f6ljy\u00e4 verkossa, ostaa smart bud t\u00f6lkit verkossa ,<\/p>\n<p>white runtz tribe viitata avainsanat<br \/>\nkuinka paljon on kilo valkoista runtz, kuinka paljon on valkoinen runtz, valkoinen runtz kush, valkoinen runtz og, runtz verkkosivuilla, runtz k\u00e4rryt, ev\u00e4steet runtz, hawaiian runtz, sundae kuljettaja kanta myyt\u00e4v\u00e4n\u00e4, mist\u00e4 voin saada todellista <a href=\"https:\/\/deligentman.com\/\" target=\"_blank\" rel=\"noopener\">Jungle Boys Weed<\/a> l\u00f6yt\u00e4\u00e4 verkossa<\/p>\n<p>&nbsp;<\/p>","protected":false},"excerpt":{"rendered":"<p>Runtz Strain haben wir wei\u00df Runtz zum Verkauf, wei\u00df runtz Stamm, exotische runtz Stamm, gruntz Stamm, vlone runtz Stamm, Runtz Cannabis Stamm Klicken Sie hier, um alle runts St\u00e4mme zum Verkauf auf unserer Website sehen Hybrid &#8211; 50% Sativa \/50% Indica# THC: 23% &#8211; 24% Kaufen Runtz weed Strain Germany Kaufen Runtz weed Strain Europe [&hellip;]<\/p>","protected":false},"featured_media":2069,"comment_status":"open","ping_status":"closed","template":"","meta":[],"product_brand":[],"product_cat":[20],"product_tag":[],"class_list":{"0":"post-2068","1":"product","2":"type-product","3":"status-publish","4":"has-post-thumbnail","6":"product_cat-exotische-weed-aromen-kaufen","8":"first","9":"instock","10":"shipping-taxable","11":"purchasable","12":"product-type-variable"},"_links":{"self":[{"href":"https:\/\/dasgrasshop.com\/fi\/wp-json\/wp\/v2\/product\/2068","targetHints":{"allow":["GET"]}}],"collection":[{"href":"https:\/\/dasgrasshop.com\/fi\/wp-json\/wp\/v2\/product"}],"about":[{"href":"https:\/\/dasgrasshop.com\/fi\/wp-json\/wp\/v2\/types\/product"}],"replies":[{"embeddable":true,"href":"https:\/\/dasgrasshop.com\/fi\/wp-json\/wp\/v2\/comments?post=2068"}],"wp:featuredmedia":[{"embeddable":true,"href":"https:\/\/dasgrasshop.com\/fi\/wp-json\/wp\/v2\/media\/2069"}],"wp:attachment":[{"href":"https:\/\/dasgrasshop.com\/fi\/wp-json\/wp\/v2\/media?parent=2068"}],"wp:term":[{"taxonomy":"product_brand","embeddable":true,"href":"https:\/\/dasgrasshop.com\/fi\/wp-json\/wp\/v2\/product_brand?post=2068"},{"taxonomy":"product_cat","embeddable":true,"href":"https:\/\/dasgrasshop.com\/fi\/wp-json\/wp\/v2\/product_cat?post=2068"},{"taxonomy":"product_tag","embeddable":true,"href":"https:\/\/dasgrasshop.com\/fi\/wp-json\/wp\/v2\/product_tag?post=2068"}],"curies":[{"name":"wp","href":"https:\/\/api.w.org\/{rel}","templated":true}]}}