{"id":2075,"date":"2022-03-07T15:12:25","date_gmt":"2022-03-07T15:12:25","guid":{"rendered":"https:\/\/dasgrasshop.com\/?post_type=product&#038;p=2075"},"modified":"2022-03-07T15:15:06","modified_gmt":"2022-03-07T15:15:06","slug":"grand-daddy-purple","status":"publish","type":"product","link":"https:\/\/dasgrasshop.com\/fi\/product\/grand-daddy-purple\/","title":{"rendered":"Grand Daddy Purple"},"content":{"rendered":"<p>Grand daddy purple myyt\u00e4v\u00e4n\u00e4<br \/>\nVihdoinkin indica, josta voi puhua! Ennen kuin Cookies oli \"se\" kanta, oli Grand Daddy Purple for sale (GDP), joka hallitsi kannabisyhteis\u00f6\u00e4 yli 5 vuoden ajan. Siin\u00e4p\u00e4 vasta otsikkosarja! H\u00e4n on kiistatta kuuluisin kaikista Purple-kannoista. Helposti l\u00f6ydett\u00e4viss\u00e4 ja helposti kasvatettavissa, t\u00e4m\u00e4 kanta on ruohon peruspilari, ja se saa sinut palaamaan takaisin hakemaan lis\u00e4\u00e4. grand daddy purple strain for sale.<\/p>\n<p>Ulkon\u00e4k\u00f6 ja haju<\/p>\n<p>Myyt\u00e4v\u00e4n\u00e4 olevan Grand Daddy Purple -kasvin silmut ovat uskomattoman tihe\u00e4n vihreit\u00e4, jotka saavat syv\u00e4n violetteja s\u00e4vyj\u00e4 kasvin kypsyess\u00e4, ja ne kulkevat l\u00e4pi koko silmujen (ei vain ulkopuolella). Kirkkaan oransseja karvoja on runsaasti, ja ne muodostavat mukavan kontrastin muille v\u00e4reille, jotka koristavat hartsipinnoitettuja silmuja. Tuoksu on yksinkertainen, ja t\u00e4m\u00e4 saattaa olla hieman kliseist\u00e4, mutta se todella tuoksuu viiniryp\u00e4leille.<\/p>\n<p>Savu<\/p>\n<p>Entisess\u00e4 el\u00e4m\u00e4ss\u00e4ni kasvatin t\u00e4t\u00e4 lajiketta monta vuotta. Tunnistan BKT:n helposti pelk\u00e4st\u00e4\u00e4n maun perusteella. J\u00e4lleen kerran hallitsevana aromina on selke\u00e4 ryp\u00e4leen maku. T\u00e4m\u00e4 maku j\u00e4\u00e4 yleens\u00e4 pitk\u00e4\u00e4n kielelle. Vaikutus on pitk\u00e4kestoinen (3-4 tuntia), ja tunne on tasainen ja pehme\u00e4. Mahtava l\u00e4\u00e4ke illan p\u00e4\u00e4tteeksi syv\u00e4\u00e4n vartalosulatukseen. Grand Daddy violetti kanta myyt\u00e4v\u00e4n\u00e4 ota yhteytt\u00e4 nyt<\/p>\n<p>Yhteens\u00e4<\/p>\n<p>Ajattelen Grand Daddy Purplea aina y\u00f6lajikkeena. Vaikka se ei ole vahvin indica-kanta, voin ajatella monia muita kantoja, jotka ovat parempia p\u00e4iv\u00e4k\u00e4ytt\u00f6\u00f6n. Sen lis\u00e4ksi GDP:t\u00e4 pidet\u00e4\u00e4n yhten\u00e4 parhaista \"l\u00e4\u00e4kekannoista\". T\u00e4m\u00e4 ja ruokahalua parantavat ominaisuudet tekev\u00e4t siit\u00e4 kemoterapian sivuvaikutusten kanssa kamppailevien potilaiden suosikin. GDP on my\u00f6s erinomainen unettomuusongelmiin. GDP n\u00e4ytt\u00e4\u00e4 olevan nyky\u00e4\u00e4n kaikkialla, joten jos t\u00f6rm\u00e4\u00e4t siihen, \u00e4l\u00e4 missaa tilaisuutta nauttia t\u00e4t\u00e4 legendaarista kantaa. grand daddy purple myyt\u00e4v\u00e4n\u00e4. purple punch -kanta<\/p>","protected":false},"excerpt":{"rendered":"<p>Grand daddy purple zu verkaufen Endlich eine Indica zum Besprechen! Bevor Cookies die &#8222;it&#8220;-Sorte war, gab es Grand Daddy Purple for sale (GDP), die mehr als 5 Jahre lang die Cannabis-Community beherrschte. Nun, das ist eine ziemliche Titelserie! Sie ist unbestreitbar die ber\u00fchmteste aller Purple-Sorten. Diese leicht zu findende und leicht zu z\u00fcchtende Sorte ist [&hellip;]<\/p>","protected":false},"featured_media":2076,"comment_status":"open","ping_status":"closed","template":"","meta":[],"product_brand":[],"product_cat":[20],"product_tag":[29,32,33,27,34,30,28,31,35,36],"class_list":{"0":"post-2075","1":"product","2":"type-product","3":"status-publish","4":"has-post-thumbnail","6":"product_cat-exotische-weed-aromen-kaufen","7":"product_tag-cannabis-kaufen","8":"product_tag-cannabis-online-kaufen","9":"product_tag-gras-bestellen","10":"product_tag-gras-kaufen","11":"product_tag-gras-online-kaufen","12":"product_tag-marihuana-kaufen","13":"product_tag-thc-kaufen","14":"product_tag-weed-kaufen","15":"product_tag-weed-online-bestellen","16":"product_tag-weed-online-kaufen","18":"first","19":"instock","20":"shipping-taxable","21":"purchasable","22":"product-type-variable"},"_links":{"self":[{"href":"https:\/\/dasgrasshop.com\/fi\/wp-json\/wp\/v2\/product\/2075","targetHints":{"allow":["GET"]}}],"collection":[{"href":"https:\/\/dasgrasshop.com\/fi\/wp-json\/wp\/v2\/product"}],"about":[{"href":"https:\/\/dasgrasshop.com\/fi\/wp-json\/wp\/v2\/types\/product"}],"replies":[{"embeddable":true,"href":"https:\/\/dasgrasshop.com\/fi\/wp-json\/wp\/v2\/comments?post=2075"}],"wp:featuredmedia":[{"embeddable":true,"href":"https:\/\/dasgrasshop.com\/fi\/wp-json\/wp\/v2\/media\/2076"}],"wp:attachment":[{"href":"https:\/\/dasgrasshop.com\/fi\/wp-json\/wp\/v2\/media?parent=2075"}],"wp:term":[{"taxonomy":"product_brand","embeddable":true,"href":"https:\/\/dasgrasshop.com\/fi\/wp-json\/wp\/v2\/product_brand?post=2075"},{"taxonomy":"product_cat","embeddable":true,"href":"https:\/\/dasgrasshop.com\/fi\/wp-json\/wp\/v2\/product_cat?post=2075"},{"taxonomy":"product_tag","embeddable":true,"href":"https:\/\/dasgrasshop.com\/fi\/wp-json\/wp\/v2\/product_tag?post=2075"}],"curies":[{"name":"wp","href":"https:\/\/api.w.org\/{rel}","templated":true}]}}