{"id":2082,"date":"2022-03-07T20:47:01","date_gmt":"2022-03-07T20:47:01","guid":{"rendered":"https:\/\/dasgrasshop.com\/?post_type=product&#038;p=2082"},"modified":"2023-05-10T00:02:56","modified_gmt":"2023-05-10T00:02:56","slug":"pineapple-express","status":"publish","type":"product","link":"https:\/\/dasgrasshop.com\/fi\/product\/ananas-express\/","title":{"rendered":"Ananas Express"},"content":{"rendered":"<h2>Osta Pineapple Express verkossa parhaasta verkkoapteekista.<\/h2>\n<p>Pineapple Express myyt\u00e4v\u00e4n\u00e4 Saksassa, It\u00e4vallassa ja Sveitsiss\u00e4 voi ostaa edulliseen hintaan Unkrautmarkt.comista t\u00e4n\u00e4\u00e4n. Koko myyj\u00e4- ja toimittajatiimimme on k\u00e4ytett\u00e4viss\u00e4si 24\/7 auttaakseen sinua ostamaan Pineapple Expressin verkossa. Olemme kokenut verkkoapteekki, joka ymm\u00e4rt\u00e4\u00e4 asiakkaitaan. T\u00e4\u00e4lt\u00e4 voit ostaa parhaat tuotteet. Tilaa Pineapple Express Saksa, It\u00e4valta ja Sveitsi nyt!<\/p>\n<h3>Mitk\u00e4 ovat Pineapple Expressin ominaisuudet?<\/h3>\n<p>Pineapple Express on Trainwreckin ja Havaijin risteytys. Se on trooppinen silmu. Se tuottaa pehme\u00e4\u00e4 ja makeaa savua, joka riitt\u00e4\u00e4 tupakoitsijoille pilveen. Se on vahva kanta, josta on tullut eritt\u00e4in suosittu Yhdysvaltojen, Yhdistyneen kuningaskunnan, Kanadan, Saksan ja Australian verkkomarkkinoilla. T\u00e4m\u00e4n kannan THC-pitoisuus on yleens\u00e4 yli 24%. Se tuoksuu hedelm\u00e4puodilta. Pineapple Expressin silmut ovat oliivinv\u00e4riset ja kivenkaltaiset. Ne maistuvat tuoreelta ananaspalalta. Lyhyt teht\u00e4v\u00e4luettelo voidaan tehd\u00e4 lyhyess\u00e4 ajassa t\u00e4m\u00e4n lajikkeen avulla. Voit kasvattaa t\u00e4t\u00e4 kasvia sek\u00e4 ulkona ett\u00e4 sis\u00e4tiloissa. Kukinta kest\u00e4\u00e4 noin 7-8 viikkoa.<\/p>\n<ul>\n<li>Maku on eritt\u00e4in voimakas.<\/li>\n<li>Sen humina on voimakas.<\/li>\n<li>Se antaa sinulle tunteen, ett\u00e4 leijut ilmassa.<\/li>\n<li>Se aiheuttaa liev\u00e4\u00e4 tunnottomuutta ja huumaavaa ja iloista huumetta.<\/li>\n<li>Se tekee k\u00e4ytt\u00e4jist\u00e4 luovia ja puhelias.<\/li>\n<li>Se auttaa keskittym\u00e4\u00e4n ja olemaan tuottava.<\/li>\n<li>Se on hy\u00f6dyllinen ihmisille, jotka k\u00e4rsiv\u00e4t ahdistuksesta, v\u00e4symyksest\u00e4, masennuksesta, kroonisesta stressist\u00e4 ja yleisest\u00e4 levottomuudesta.<\/li>\n<li>Sill\u00e4 on my\u00f6s pieni\u00e4 rauhoittavia ominaisuuksia.<\/li>\n<\/ul>\n<h3>Miten tilaan Pineapple Expressi\u00e4 verkossa?<\/h3>\n<p>Jos haluat tilata Pineapple Expressi\u00e4 verkossa Saksassa, It\u00e4vallassa ja Sveitsiss\u00e4, valitse Unkrautmarkt.com. Pakkaamme tilauksesi turvallisesti ja toimitamme sen haluamaasi paikkaan. Meid\u00e4n puoleltamme ei tule viivytyksi\u00e4. Yhdist\u00e4 nyt!<\/p>","protected":false},"excerpt":{"rendered":"<p>Pineapple Express sis\u00e4lt\u00e4\u00e4 20,1% THC:t\u00e4, ja se voi saada sinut tuntemaan olosi vilkkaaksi, valppaaksi ja luovaksi.<\/p>","protected":false},"featured_media":2083,"comment_status":"open","ping_status":"closed","template":"","meta":[],"product_brand":[],"product_cat":[20],"product_tag":[29,32,33,27,34,30,28,31,35,36],"class_list":{"0":"post-2082","1":"product","2":"type-product","3":"status-publish","4":"has-post-thumbnail","6":"product_cat-exotische-weed-aromen-kaufen","7":"product_tag-cannabis-kaufen","8":"product_tag-cannabis-online-kaufen","9":"product_tag-gras-bestellen","10":"product_tag-gras-kaufen","11":"product_tag-gras-online-kaufen","12":"product_tag-marihuana-kaufen","13":"product_tag-thc-kaufen","14":"product_tag-weed-kaufen","15":"product_tag-weed-online-bestellen","16":"product_tag-weed-online-kaufen","18":"first","19":"instock","20":"shipping-taxable","21":"purchasable","22":"product-type-variable"},"_links":{"self":[{"href":"https:\/\/dasgrasshop.com\/fi\/wp-json\/wp\/v2\/product\/2082","targetHints":{"allow":["GET"]}}],"collection":[{"href":"https:\/\/dasgrasshop.com\/fi\/wp-json\/wp\/v2\/product"}],"about":[{"href":"https:\/\/dasgrasshop.com\/fi\/wp-json\/wp\/v2\/types\/product"}],"replies":[{"embeddable":true,"href":"https:\/\/dasgrasshop.com\/fi\/wp-json\/wp\/v2\/comments?post=2082"}],"wp:featuredmedia":[{"embeddable":true,"href":"https:\/\/dasgrasshop.com\/fi\/wp-json\/wp\/v2\/media\/2083"}],"wp:attachment":[{"href":"https:\/\/dasgrasshop.com\/fi\/wp-json\/wp\/v2\/media?parent=2082"}],"wp:term":[{"taxonomy":"product_brand","embeddable":true,"href":"https:\/\/dasgrasshop.com\/fi\/wp-json\/wp\/v2\/product_brand?post=2082"},{"taxonomy":"product_cat","embeddable":true,"href":"https:\/\/dasgrasshop.com\/fi\/wp-json\/wp\/v2\/product_cat?post=2082"},{"taxonomy":"product_tag","embeddable":true,"href":"https:\/\/dasgrasshop.com\/fi\/wp-json\/wp\/v2\/product_tag?post=2082"}],"curies":[{"name":"wp","href":"https:\/\/api.w.org\/{rel}","templated":true}]}}