{"id":2133,"date":"2022-05-24T17:29:49","date_gmt":"2022-05-24T17:29:49","guid":{"rendered":"https:\/\/dasgrasshop.com\/?post_type=product&#038;p=2133"},"modified":"2022-06-23T17:17:38","modified_gmt":"2022-06-23T17:17:38","slug":"kaufen-sie-afghanisches-schwarzes-haschisch","status":"publish","type":"product","link":"https:\/\/dasgrasshop.com\/fi\/product\/osta-afganistanin-musta-kasish\/","title":{"rendered":"Osta Afganistanin musta hasis"},"content":{"rendered":"<p>Osta Afganistanin musta hasis<\/p>\n<p>Afghan Black Hash on monitahoinen indica-painotteinen lajike, jolla on euforisoivia ja rentouttavia vaikutuksia. Kukat kehittyv\u00e4t jadekeltaisiksi, m\u00e4ntymaisiksi coloiksi, joilla on tummanvihre\u00e4t, l\u00e4hes mustat sokerilehdet. Black Afghanin terpeeniprofiili on aromaattinen sekoitus pippuria, maata ja salviaa k\u00e4\u00e4rittyn\u00e4 tummiin marjoihin, mik\u00e4 viittaa lajikkeen aivotoimintaan ja fyysisiin vaikutuksiin. T\u00e4m\u00e4n lajikkeen huumaava, pirist\u00e4v\u00e4 huuma ja rentouttavat, humalahakuiset fyysiset vaikutukset tekev\u00e4t siit\u00e4 t\u00e4ydellisen laiskan iltap\u00e4iv\u00e4n.<\/p>\n<p>Osta Afghan Black Hash verkossa. Afghan Black Hash on hasisklooni. Se on mailin levyinen maailmanlaajuinen rikos, ja se tulee olemaan vankila ikuisesti. Se ei sis\u00e4ll\u00e4 THC:t\u00e4, synteettisi\u00e4 kannabinoideja tai erilaisia kemiallisia yhdisteit\u00e4 (kuten JWH-018, JWH-073, JWH-250, AM-2209 ja monia muita). Se on luultavasti markkinoiden poikkeuksellisin vankilahashish. K\u00e4yt\u00e4mme parhaita elintarvikekelpoisia kasviper\u00e4isi\u00e4 aineita. Se n\u00e4ytt\u00e4\u00e4 hasikselta, tuoksuu hasikselta ja maistuu erinomaiselta. Afganistanin musta hasis erottuu muista tuotteistamme parhaiten v\u00e4rins\u00e4 perusteella. Jos et tunne tuotteitamme, osta n\u00e4yte PC. Ensinn\u00e4kin toimitus on ilmainen. Osta lis\u00e4\u00e4 rikollista hash-tuotettamme ja maksu voi olla alhaisempi.<\/p>\n<p>&nbsp;<\/p>\n<p>Osta afganistanilaista mustaa hasista verkossa - osta mustaa hasista, <a href=\"https:\/\/dasgrasshop.com\/fi\/\">osta<\/a> Sin\u00e4 musta hasis verkossa, mist\u00e4 ostaa afganistanilainen musta hasis, afganistanilainen musta hasis myyt\u00e4v\u00e4n\u00e4, musta hasis myyt\u00e4v\u00e4n\u00e4, ostaa hasista verkossa, <a href=\"https:\/\/cannahome.net\/\" target=\"_blank\" rel=\"noopener\">cannahome.net<\/a> mist\u00e4 ostaa mustaa hasista verkossa ostaa afganistanilaista mustaa hasista verkossa. turvallinen toimitus afganistanilainen musta hasis<\/p>","protected":false},"excerpt":{"rendered":"<p>30 grammaa<\/p>\n<p>Huomaamaton palvelu\u2714 100 % rahat takaisin -takuu\u2714 Toimitus seurantaan\u2714. 100 % asiakastyytyv\u00e4isyys\u2714. Ilmaiset 5 g 5 eri lajiketta ensikertalaisille ostajille<\/p>","protected":false},"featured_media":2134,"comment_status":"open","ping_status":"closed","template":"","meta":[],"product_brand":[],"product_cat":[19],"product_tag":[37,38],"class_list":{"0":"post-2133","1":"product","2":"type-product","3":"status-publish","4":"has-post-thumbnail","6":"product_cat-haschisch-online-kaufen","7":"product_tag-haschisch-online-kaufen","8":"product_tag-kaufen-sie-afghanisches-schwarzes-haschisch","10":"first","11":"instock","12":"sale","13":"featured","14":"shipping-taxable","15":"purchasable","16":"product-type-simple"},"_links":{"self":[{"href":"https:\/\/dasgrasshop.com\/fi\/wp-json\/wp\/v2\/product\/2133","targetHints":{"allow":["GET"]}}],"collection":[{"href":"https:\/\/dasgrasshop.com\/fi\/wp-json\/wp\/v2\/product"}],"about":[{"href":"https:\/\/dasgrasshop.com\/fi\/wp-json\/wp\/v2\/types\/product"}],"replies":[{"embeddable":true,"href":"https:\/\/dasgrasshop.com\/fi\/wp-json\/wp\/v2\/comments?post=2133"}],"wp:featuredmedia":[{"embeddable":true,"href":"https:\/\/dasgrasshop.com\/fi\/wp-json\/wp\/v2\/media\/2134"}],"wp:attachment":[{"href":"https:\/\/dasgrasshop.com\/fi\/wp-json\/wp\/v2\/media?parent=2133"}],"wp:term":[{"taxonomy":"product_brand","embeddable":true,"href":"https:\/\/dasgrasshop.com\/fi\/wp-json\/wp\/v2\/product_brand?post=2133"},{"taxonomy":"product_cat","embeddable":true,"href":"https:\/\/dasgrasshop.com\/fi\/wp-json\/wp\/v2\/product_cat?post=2133"},{"taxonomy":"product_tag","embeddable":true,"href":"https:\/\/dasgrasshop.com\/fi\/wp-json\/wp\/v2\/product_tag?post=2133"}],"curies":[{"name":"wp","href":"https:\/\/api.w.org\/{rel}","templated":true}]}}