{"id":2135,"date":"2022-05-24T18:01:57","date_gmt":"2022-05-24T18:01:57","guid":{"rendered":"https:\/\/dasgrasshop.com\/?post_type=product&#038;p=2135"},"modified":"2022-11-25T22:07:06","modified_gmt":"2022-11-25T22:07:06","slug":"kaufe-marokkanisches-haschisch","status":"publish","type":"product","link":"https:\/\/dasgrasshop.com\/fi\/product\/buy-marokkolainen-hashilainen\/","title":{"rendered":"Osta marokkolaista hasista"},"content":{"rendered":"<p>Osta marokkolaista hasista verkossa.<\/p>\n<p>&nbsp;<\/p>\n<p>Osta marokkolaista hasista verkossa Meilt\u00e4 tilattavan hasiksen todellinen alkuper\u00e4 on tuntematon, mutta historioitsijat ovat yht\u00e4 mielt\u00e4 siit\u00e4, ett\u00e4 se tuotiin Marokkoon islamilaisten valloitusten aikana 1400-1700-luvuilla. Kului kuitenkin monta vuosisataa ennen kuin hasista alettiin myyd\u00e4 massoittain ymp\u00e4ri maailmaa, noin 60-70-luvuilla, hippien kulta-aikana.<\/p>\n<p>Hasista, kuten se tunnetaan t\u00e4ss\u00e4 maassa, k\u00e4ytet\u00e4\u00e4n yleens\u00e4 jointiksi k\u00e4\u00e4rityn mustan tupakan kanssa. Rifin alueella tilatun hasiksen nauttiminen on kuitenkin osa joitakin perinteisi\u00e4 rituaaleja. Muihin Marokon alueisiin verrattuna t\u00e4m\u00e4 alue nautti kannabiksen viljelyyn ja k\u00e4ytt\u00f6\u00f6n liittyvi\u00e4 etuoikeuksia 1950-luvulle asti.<\/p>\n<p>Nyky\u00e4\u00e4n tuhannet ihmiset t\u00e4ss\u00e4 maassa ansaitsevat elantonsa ostamalla ja myym\u00e4ll\u00e4 hasista verkossa. Korkeiden l\u00e4mp\u00f6tilojen vuoksi t\u00e4m\u00e4 alue on ihanteellinen hasiksen tuotannolle, sill\u00e4 vaikka muut kasvilajit eiv\u00e4t selviytyisik\u00e4\u00e4n siell\u00e4, ilmasto on eritt\u00e4in suotuisa rikkakasveille, joista hasista saadaan.<\/p>\n<p>&nbsp;<\/p>\n<p>ostaa marokkolaista hasista netist\u00e4 tai marokkolaista hasista on uutettu tuote, joka koostuu puristetuista tai puhdistetuista valmisteista, jotka on valmistettu kannabiskasvista per\u00e4isin olevista varrenmuotoisista hartsirauhasista, joita kutsutaan trikomeiksi. Se sis\u00e4lt\u00e4\u00e4 samoja vaikuttavia aineita kuin marihuana - kuten tetrahydrokannabinolia (<a href=\"https:\/\/dasgrasshop.com\/fi\/\">THC<\/a>) ja muita kannabinoideja - mutta usein suurempina pitoisuuksina kuin siivil\u00f6im\u00e4tt\u00f6m\u00e4t silmut tai lehdet, joista marihuana valmistetaan. Hash voi olla kiinte\u00e4\u00e4 tai hartsimaista riippuen siit\u00e4, miten se on valmistettu; puristettu hasis on yleens\u00e4 kiinte\u00e4\u00e4, kun taas vedell\u00e4 puhdistettu hasis - jota usein kutsutaan \"bubble melt hashiksi\" - on usein tahnamaista ainetta, jonka kovuus ja sileys vaihtelee; sen v\u00e4ri, joka on useimmiten vaalean- tai tummanruskea, voi vaihdella l\u00e4pin\u00e4kyv\u00e4st\u00e4 keltaiseen, ruskeaan, mustaan tai punaiseen. T\u00e4m\u00e4 kaikki riippuu prosessista ja j\u00e4ljell\u00e4 olevan liuottimen m\u00e4\u00e4r\u00e4st\u00e4.<\/p>\n<p>T\u00e4ss\u00e4 yhteydess\u00e4 Brysselin, Amsterdamin ja Antwerpenin alueilta siirrettiin aiemmat tavat, rutiinit ja perinteiset saavutuksia, kunniaa, oikeudenmukaisuutta ja ep\u00e4luottamusta auktoriteetteja kohtaan koskevat koodit, mink\u00e4 ansiosta n\u00e4m\u00e4 yhteis\u00f6t kasvoivat voimakkaasti erityisesti yhdess\u00e4 hollantilaisen Penose-j\u00e4rjest\u00f6n kanssa, joka kuului tuolloin Euroopan johtaviin oikeudellisiin j\u00e4rjest\u00f6ihin. Belgian ja Alankomaiden viranomaiset luonnehtivat n\u00e4it\u00e4 yhteis\u00f6j\u00e4 perustellusti tai perusteettomasti \"sosiaalisella eristyneisyydell\u00e4\" ja \"paljon aggressiivisemmalla heimoyhteiskunnalla\", joka erotti ne muista maahanmuuttajayhteis\u00f6ist\u00e4.<\/p>\n<p>Osta marokkolaista hasista verkossa: Kunnostetut antiikkiset puu- tai lasiovet ovat ymp\u00e4rist\u00f6yst\u00e4v\u00e4llinen ratkaisu sis\u00e4tilojen pirist\u00e4miseen. Kuumenna taottu rautapannu keskil\u00e4mm\u00f6ll\u00e4. Kun se kuohuu, lis\u00e4\u00e4 ruokalusikallinen viiniryp\u00e4le\u00f6ljy\u00e4 ja py\u00f6r\u00e4yt\u00e4, jotta pannun pohja peittyy. Lis\u00e4\u00e4 l\u00e4mp\u00f6\u00e4 ja mausta peruna ripauksella suolaa ja mustapippuria. Marengo-oikeudenk\u00e4ynnin avaintodistaja, jonka henkil\u00f6kohtaisen veljen Taghin j\u00e4rjest\u00f6 murhasi asianajajansa kanssa, koska t\u00e4m\u00e4 oli paljastanut j\u00e4rjest\u00f6n sis\u00e4iset toimintatavat. De Vriesin murhasta ep\u00e4ilty henkil\u00f6 on itse asiassa Taghin palkkamurharyhm\u00e4\u00e4 johtavan henkil\u00f6n sukulainen, mik\u00e4 antaa Alankomaiden viranomaisille lis\u00e4syit\u00e4 uskoa, ett\u00e4 Taghin j\u00e4rjest\u00f6 on vastuussa murhasta.<\/p>","protected":false},"excerpt":{"rendered":"<p>30 grammaa<\/p>\n<p>Huomaamaton palvelu\u2714 100 % rahat takaisin -takuu\u2714 Toimitus seurantaan\u2714. 100 % asiakastyytyv\u00e4isyys\u2714. Ilmaiset 5 g 5 eri lajiketta ensikertalaisille ostajille<\/p>","protected":false},"featured_media":2136,"comment_status":"open","ping_status":"closed","template":"","meta":[],"product_brand":[],"product_cat":[19],"product_tag":[],"class_list":{"0":"post-2135","1":"product","2":"type-product","3":"status-publish","4":"has-post-thumbnail","6":"product_cat-haschisch-online-kaufen","8":"first","9":"instock","10":"sale","11":"shipping-taxable","12":"purchasable","13":"product-type-simple"},"_links":{"self":[{"href":"https:\/\/dasgrasshop.com\/fi\/wp-json\/wp\/v2\/product\/2135","targetHints":{"allow":["GET"]}}],"collection":[{"href":"https:\/\/dasgrasshop.com\/fi\/wp-json\/wp\/v2\/product"}],"about":[{"href":"https:\/\/dasgrasshop.com\/fi\/wp-json\/wp\/v2\/types\/product"}],"replies":[{"embeddable":true,"href":"https:\/\/dasgrasshop.com\/fi\/wp-json\/wp\/v2\/comments?post=2135"}],"wp:featuredmedia":[{"embeddable":true,"href":"https:\/\/dasgrasshop.com\/fi\/wp-json\/wp\/v2\/media\/2136"}],"wp:attachment":[{"href":"https:\/\/dasgrasshop.com\/fi\/wp-json\/wp\/v2\/media?parent=2135"}],"wp:term":[{"taxonomy":"product_brand","embeddable":true,"href":"https:\/\/dasgrasshop.com\/fi\/wp-json\/wp\/v2\/product_brand?post=2135"},{"taxonomy":"product_cat","embeddable":true,"href":"https:\/\/dasgrasshop.com\/fi\/wp-json\/wp\/v2\/product_cat?post=2135"},{"taxonomy":"product_tag","embeddable":true,"href":"https:\/\/dasgrasshop.com\/fi\/wp-json\/wp\/v2\/product_tag?post=2135"}],"curies":[{"name":"wp","href":"https:\/\/api.w.org\/{rel}","templated":true}]}}