{"id":2007,"date":"2022-03-07T12:44:42","date_gmt":"2022-03-07T12:44:42","guid":{"rendered":"https:\/\/dasgrasshop.com\/?post_type=product&#038;p=2007"},"modified":"2022-07-10T12:31:21","modified_gmt":"2022-07-10T12:31:21","slug":"gelato-weed","status":"publish","type":"product","link":"https:\/\/dasgrasshop.com\/fr\/product\/gelato-weed\/","title":{"rendered":"Gelato Weed"},"content":{"rendered":"<p><span style=\"vertical-align: inherit;\"><span style=\"vertical-align: inherit;\">Acheter Gelato Weed Strain - Top qualit\u00e9 de weed exotique<\/span><\/span><\/p>\n<p><span style=\"vertical-align: inherit;\"><span style=\"vertical-align: inherit;\">Un autre strain top notch de <\/span><\/span><a href=\"https:\/\/dasgrasshop.com\/fr\/\"><span style=\"vertical-align: inherit;\"><span style=\"vertical-align: inherit;\">Grasherr.com<\/span><\/span><\/a><span style=\"vertical-align: inherit;\"><span style=\"vertical-align: inherit;\"> ! <\/span><span style=\"vertical-align: inherit;\">Gelato weed est un produit du croisement Thin Mint Girl Scout Cookies X Sunset Sherbet, deux souches populaires pour leurs ar\u00f4mes et saveurs incroyablement d\u00e9licats. <\/span><span style=\"vertical-align: inherit;\">La vari\u00e9t\u00e9 Gelato a des ar\u00f4mes et des saveurs qui ont \u00e9t\u00e9 d\u00e9crits comme terreux, doux, menthol\u00e9, citronn\u00e9, fruit\u00e9, ch\u00ean\u00e9, sherbet, orange, lavande et cookie. <\/span><span style=\"vertical-align: inherit;\">La plantation de gelato est courte et stock\u00e9e. <\/span><span style=\"vertical-align: inherit;\">Ses feuilles sont de couleur vert for\u00eat avec des nuances de pourpre fonc\u00e9. <\/span><span style=\"vertical-align: inherit;\">Les t\u00eates de la tige de la gelato weed apparaissent d'un pourpre fonc\u00e9 et sont travers\u00e9es par des pistils orange vif. <\/span><span style=\"vertical-align: inherit;\">Ses boutons sont collants avec une couverture moyenne de cristaux de trichomes.<\/span><\/span><\/p>\n<p><span style=\"vertical-align: inherit;\"><span style=\"vertical-align: inherit;\">La vari\u00e9t\u00e9 de marijuana Gelato a des niveaux de THC \u00e9lev\u00e9s, allant de 15 \u00e0 25%, ce qui en fait une souche relativement puissante. <\/span><span style=\"vertical-align: inherit;\">Les effets de l'hybride de conception THC sont bien \u00e9quilibr\u00e9s - un m\u00e9lange int\u00e9ressant d'invasion et de relaxation. <\/span><span style=\"vertical-align: inherit;\">Si vous \u00eates \u00e0 la recherche d'un high indica physique avec un effet sativa clair qui vous garde suffisamment actif pour profiter des effets d'une vari\u00e9t\u00e9, alors cette vari\u00e9t\u00e9 est pour vous. <\/span><span style=\"vertical-align: inherit;\">L'effet est rapide, il commence par une euphorie \u00e9lev\u00e9e et intense. <\/span><span style=\"vertical-align: inherit;\">La t\u00eate haute qu'elle d\u00e9livre est \u00e9blouissante et stimulante. <\/span><span style=\"vertical-align: inherit;\">A creeping body high will gradually take hold until you feel completely relaxed and calm but have enough energy and focus to remain positive and social.<\/span><\/span><\/p>\n<p><span style=\"vertical-align: inherit;\"><span style=\"vertical-align: inherit;\">Acheter gelato 45 UK, gelato #45 vs 33 aussi acheter gelato 45 allbud, gelato 41 strain, gelato #45 yield, gelato 45 strain smart cart, gelato 45 vs 33, gelato 45 strain indica ou sativa, gelati vs gelato strain, gelato strain 45, shark gelato strain, gelato 41 strain, wedding cake strain, blueberry gelato strain, lemon gelato strain, cannabis<\/span><\/span><\/p>\n<p><span style=\"vertical-align: inherit;\"><span style=\"vertical-align: inherit;\">Avantages m\u00e9dicaux de l'utilisation de la souche hybride de Gelato Weed<\/span><\/span><br \/>\n<span style=\"vertical-align: inherit;\"><span style=\"vertical-align: inherit;\">L'effet c\u00e9r\u00e9bral doux de Gelato, combin\u00e9 \u00e0 la relaxation physique, en fait un rem\u00e8de populaire contre l'anxi\u00e9t\u00e9 et le stress chronique. <\/span><span style=\"vertical-align: inherit;\">La gelato fournit une explosion d'\u00e9nergie c\u00e9r\u00e9brale qui aide \u00e0 soulager la d\u00e9pression chronique. <\/span><span style=\"vertical-align: inherit;\">Cette stimulation peut \u00e9galement aider dans le traitement des patients souffrant de troubles de l'attention tels que le TDAH et le TDA. <\/span><span style=\"vertical-align: inherit;\">La composante indica d\u00e9tend le corps pour faire jaillir l'hyperactivit\u00e9, tandis que la composante sativa fournit la stimulation n\u00e9cessaire \u00e0 une concentration soutenue. <\/span><span style=\"vertical-align: inherit;\">La vari\u00e9t\u00e9 gelato aide \u00e0 lutter contre la naus\u00e9e gr\u00e2ce \u00e0 son go\u00fbt et \u00e0 son odeur all\u00e9chants ; <\/span><span style=\"vertical-align: inherit;\">Cette souche de cannabis gelato aide \u00e9galement \u00e0 stimuler l'app\u00e9tit chez les patients souffrant de naus\u00e9es dues \u00e0 la chimioth\u00e9rapie pour le cancer ou les maladies auto-immunes.<\/span><\/span><\/p>\n<p><span style=\"vertical-align: inherit;\"><span style=\"vertical-align: inherit;\">Effets de la gelato 45 Marijuana Strain <\/span><\/span><br \/>\n<span style=\"vertical-align: inherit;\"><span style=\"vertical-align: inherit;\">Happy <\/span><\/span><br \/>\n<span style=\"vertical-align: inherit;\"><span style=\"vertical-align: inherit;\">Euphoric <\/span><\/span><br \/>\n<span style=\"vertical-align: inherit;\"><span style=\"vertical-align: inherit;\">D\u00e9tendu <\/span><\/span><br \/>\n<span style=\"vertical-align: inherit;\"><span style=\"vertical-align: inherit;\">Exhilarated <\/span><\/span><br \/>\n<span style=\"vertical-align: inherit;\"><span style=\"vertical-align: inherit;\">Creative <\/span><\/span><br \/>\n<span style=\"vertical-align: inherit;\"><span style=\"vertical-align: inherit;\">Classification : 55% Indica\/45% Sativa<\/span><\/span><\/p>\n<p><span style=\"vertical-align: inherit;\"><span style=\"vertical-align: inherit;\">Lineage : Thin Mint Girl Scout Cookies X Sunset Sherbet<\/span><\/span><\/p>\n<p><span style=\"vertical-align: inherit;\"><span style=\"vertical-align: inherit;\">Temps de floraison : 8 - 9 semaines<\/span><\/span><\/p>\n<p><span style=\"vertical-align: inherit;\"><span style=\"vertical-align: inherit;\">Conditions de culture : Int\u00e9rieur \/ Ext\u00e9rieur<\/span><\/span><\/p>\n<p><span style=\"vertical-align: inherit;\"><span style=\"vertical-align: inherit;\">Rendement : moyen \u00e0 \u00e9lev\u00e9<\/span><\/span><\/p>\n<p>&nbsp;<\/p>\n<p><span style=\"vertical-align: inherit;\"><span style=\"vertical-align: inherit;\">Acheter gelato 45 France, o\u00f9 acheter gelato #45 vs 33, gelato 45 all bud \u00e0 vendre, gelato 41 strain, gelato #45 yield, gelato 45 strain smart cart, gelato 45 vs 33, gelato 45 strain indica ou sativa, gelati vs gelato strain, gelato strain 45, vous pouvez aussi acheter shark gelato strain, gelato 41 strain, wedding cake strain, blueberry gelato strain, sherbet strain, lemon gelato strain You can buy gelato <\/span><\/span><a href=\"https:\/\/hempbudswholesale.com\/\" target=\"_blank\" rel=\"noopener\"><span style=\"vertical-align: inherit;\"><span style=\"vertical-align: inherit;\">CBD<\/span><\/span><\/a><span style=\"vertical-align: inherit;\"><span style=\"vertical-align: inherit;\"> bourgeons de hemp<\/span><\/span><\/p>","protected":false},"excerpt":{"rendered":"<p>La Gelato Weed a l'attrait doux et fruit\u00e9 de la Sunset Sherbert avec la bont\u00e9 terreuse et herbac\u00e9e de la Thin Mints. Avec une disponibilit\u00e9 limit\u00e9e et un aspect et un go\u00fbt audacieux, cette vari\u00e9t\u00e9 tombe dans une cat\u00e9gorie \u00e9mergente d'hybrides artisanaux de la c\u00f4te ouest qui se concentrent sur le go\u00fbt. Gelato porte en elle plusieurs caract\u00e9ristiques souhaitables de son ascendance fortement crois\u00e9e et se distingue par son apparence et son go\u00fbt. Sa vibe trippante mais relaxante en fait un choix parfait pour l'introspection en solo ou pour les r\u00e9unions conviviales.<\/p>","protected":false},"featured_media":2012,"comment_status":"open","ping_status":"closed","template":"","meta":[],"product_brand":[],"product_cat":[20],"product_tag":[29,32,33,27,34,30,28,31,35,36],"class_list":{"0":"post-2007","1":"product","2":"type-product","3":"status-publish","4":"has-post-thumbnail","6":"product_cat-exotische-weed-aromen-kaufen","7":"product_tag-cannabis-kaufen","8":"product_tag-cannabis-online-kaufen","9":"product_tag-gras-bestellen","10":"product_tag-gras-kaufen","11":"product_tag-gras-online-kaufen","12":"product_tag-marihuana-kaufen","13":"product_tag-thc-kaufen","14":"product_tag-weed-kaufen","15":"product_tag-weed-online-bestellen","16":"product_tag-weed-online-kaufen","18":"first","19":"instock","20":"shipping-taxable","21":"purchasable","22":"product-type-variable"},"_links":{"self":[{"href":"https:\/\/dasgrasshop.com\/fr\/wp-json\/wp\/v2\/product\/2007","targetHints":{"allow":["GET"]}}],"collection":[{"href":"https:\/\/dasgrasshop.com\/fr\/wp-json\/wp\/v2\/product"}],"about":[{"href":"https:\/\/dasgrasshop.com\/fr\/wp-json\/wp\/v2\/types\/product"}],"replies":[{"embeddable":true,"href":"https:\/\/dasgrasshop.com\/fr\/wp-json\/wp\/v2\/comments?post=2007"}],"wp:featuredmedia":[{"embeddable":true,"href":"https:\/\/dasgrasshop.com\/fr\/wp-json\/wp\/v2\/media\/2012"}],"wp:attachment":[{"href":"https:\/\/dasgrasshop.com\/fr\/wp-json\/wp\/v2\/media?parent=2007"}],"wp:term":[{"taxonomy":"product_brand","embeddable":true,"href":"https:\/\/dasgrasshop.com\/fr\/wp-json\/wp\/v2\/product_brand?post=2007"},{"taxonomy":"product_cat","embeddable":true,"href":"https:\/\/dasgrasshop.com\/fr\/wp-json\/wp\/v2\/product_cat?post=2007"},{"taxonomy":"product_tag","embeddable":true,"href":"https:\/\/dasgrasshop.com\/fr\/wp-json\/wp\/v2\/product_tag?post=2007"}],"curies":[{"name":"wp","href":"https:\/\/api.w.org\/{rel}","templated":true}]}}