{"id":2016,"date":"2022-03-07T13:04:46","date_gmt":"2022-03-07T13:04:46","guid":{"rendered":"https:\/\/dasgrasshop.com\/?post_type=product&#038;p=2016"},"modified":"2022-03-07T13:10:12","modified_gmt":"2022-03-07T13:10:12","slug":"sour-diesel","status":"publish","type":"product","link":"https:\/\/dasgrasshop.com\/fr\/product\/sour-diesel\/","title":{"rendered":"Diesel aigre"},"content":{"rendered":"<p>Acheter Sour Diesel en ligne<br \/>\nLa Sour Diesel est l'une des vari\u00e9t\u00e9s de Sativa les plus fum\u00e9es de tous les temps. Si vous n'avez pas encore entendu parler de cette vari\u00e9t\u00e9, vous vivez probablement dans une grotte en Afghanistan, ou quelqu'un que vous connaissez l'a d\u00e9j\u00e0 go\u00fbt\u00e9e (et l'aime probablement). L'ascendance exacte de la Sour Diesel est compliqu\u00e9e et tr\u00e8s mal document\u00e9e, comme cela semble \u00eatre le cas pour la plupart des vari\u00e9t\u00e9s plus anciennes.<\/p>\n<p>Certains pensent que la vari\u00e9t\u00e9 Sour Diesel descend simplement d'un ph\u00e9notype de Chemdawg qui \u00e9tait l\u00e9g\u00e8rement diff\u00e9rent et plus du c\u00f4t\u00e9 sativa de l'\u00e9quation. La th\u00e9orie de filiation la plus populaire est que la Diesel originale est le r\u00e9sultat d'un croisement entre (Chemdawg x Super Skunk x Northern Lights). Cet hybride g\u00e9n\u00e9ralement de couleur sativa (90% Sativa, 10% Indica) est souvent appel\u00e9 \"Sour D\" et doit son nom unique \u00e0 l'odeur presque de diesel et d'agrumes qu'il d\u00e9gage.<\/p>\n<p>Pour autant que je sache, le Sour Diesel n'existe que sous forme de clones, et il est souvent difficile \u00e0 trouver. En raison de cette raret\u00e9 du vrai Sour Diesel, il existe de nombreux hybrides qui ont essay\u00e9 d'\u00e9muler le vrai Sour Diesel High. Certains s'en rapprochent, mais il n'y a rien de comparable au vrai Sour Diesel.<\/p>\n<p>Aspect et odeur de Sour Diesel<br \/>\nSour Diesel est une plante haute et \u00e9lanc\u00e9e qui convient aussi bien pour les jardins int\u00e9rieurs qu'ext\u00e9rieurs. Son feuillage s'assombrit au cours des derni\u00e8res semaines de la floraison pour prendre une couleur presque violette. Les bourgeons ont g\u00e9n\u00e9ralement des pistils roses \u00e0 orange clair et la formation est l\u00e2che et en forme de brochette.<\/p>\n<p>Toutes les Sour D que j'ai cultiv\u00e9es avaient une grande cola avec 6 \u00e0 9 branches plus petites.<\/p>\n<p>Le parfum est tr\u00e8s fort, presque accablant, mais en quelque sorte attirant. Cela est d\u00fb au fait que cette vari\u00e9t\u00e9 a une odeur de diesel prononc\u00e9e, piquante, herbac\u00e9e et citronn\u00e9e, qui s'accompagne d'un regain d'\u00e9nergie excitant. Comme elle a une lign\u00e9e sativa dominante, on peut supposer qu'elle agit surtout sur l'esprit.<\/p>\n<p>La fum\u00e9e<br \/>\nLes fans de cette vari\u00e9t\u00e9 utilisent g\u00e9n\u00e9ralement Sour Diesel comme premi\u00e8re source de m\u00e9dicaments pour commencer une longue journ\u00e9e - on se sent r\u00e9veill\u00e9 et pr\u00eat \u00e0 partir. Comme la Sour Diesel est \u00e0 dominante sativa, elle agit presque exclusivement sur les fonctions c\u00e9r\u00e9brales. Il ne devrait pas y avoir de paralysie du canap\u00e9 ou de sensations corporelles lourdes lors de la consommation si vous fumez la vraie chose.<\/p>\n<p>Sour Diesel a le m\u00eame go\u00fbt que son odeur : un ar\u00f4me classique et funky de carburant. C'est aussi la raison pour laquelle il est si facile de renifler Sour Diesel dans une rang\u00e9e.<\/p>\n<p>Si cette vari\u00e9t\u00e9 est si populaire, c'est parce que l'ivresse qu'elle procure est tout simplement incroyable, avec plus de 20% de THC et une dur\u00e9e d'effet de 2 \u00e0 3 heures. Comme elle est \u00e0 dominante sativa, elle remplit le corps et surtout l'esprit d'une \u00e9nergie motivante et exaltante. Elle est clairement un stimulant de l'humeur et un destructeur de d\u00e9pression. \u00catre de bonne humeur est un sentiment naturel et sans effort quand on fait l'exp\u00e9rience de la Sour Diesel.<\/p>\n<p>Total<br \/>\nL'\u00e9crasante popularit\u00e9 de la Sour Diesel n'est pas le fruit du hasard et n'est plus seulement un ph\u00e9nom\u00e8ne de la c\u00f4te Est. Elle est l'une des vari\u00e9t\u00e9s les plus fascinantes de l'histoire du cannabis. Elle rend les choses amusantes encore plus amusantes ; elle rend la bonne nourriture encore plus savoureuse. En tant que stimulant de l'humeur, elle rend la vie tout simplement plus amusante. Les soir\u00e9es les plus ordinaires deviennent rapidement inoubliables lorsque la Sour Diesel est de la partie. Non seulement elle am\u00e9liore l'humeur, mais elle s'est \u00e9galement r\u00e9v\u00e9l\u00e9e efficace dans le traitement de la d\u00e9pression. Elle est \u00e9galement efficace contre l'anxi\u00e9t\u00e9, le stress et la perte d'app\u00e9tit. Cette vari\u00e9t\u00e9 est digne de sa renomm\u00e9e et sera toujours l'une des meilleures vari\u00e9t\u00e9s de la plan\u00e8te.<\/p>","protected":false},"excerpt":{"rendered":"<p>Acheter de la Sour Diesel en ligne La Sour Diesel est l'une des vari\u00e9t\u00e9s de Sativa les plus fum\u00e9es de tous les temps. Si vous n'avez pas encore entendu parler de cette vari\u00e9t\u00e9, vous vivez probablement dans une grotte en Afghanistan, ou quelqu'un que vous connaissez l'a d\u00e9j\u00e0 go\u00fbt\u00e9e (et l'aime probablement). L'ascendance exacte de la Sour Diesel est compliqu\u00e9e et tr\u00e8s [...].<\/p>","protected":false},"featured_media":2017,"comment_status":"open","ping_status":"closed","template":"","meta":[],"product_brand":[],"product_cat":[20],"product_tag":[29,32,33,27,34,30,28,31,35,36],"class_list":{"0":"post-2016","1":"product","2":"type-product","3":"status-publish","4":"has-post-thumbnail","6":"product_cat-exotische-weed-aromen-kaufen","7":"product_tag-cannabis-kaufen","8":"product_tag-cannabis-online-kaufen","9":"product_tag-gras-bestellen","10":"product_tag-gras-kaufen","11":"product_tag-gras-online-kaufen","12":"product_tag-marihuana-kaufen","13":"product_tag-thc-kaufen","14":"product_tag-weed-kaufen","15":"product_tag-weed-online-bestellen","16":"product_tag-weed-online-kaufen","18":"first","19":"instock","20":"shipping-taxable","21":"purchasable","22":"product-type-variable"},"_links":{"self":[{"href":"https:\/\/dasgrasshop.com\/fr\/wp-json\/wp\/v2\/product\/2016","targetHints":{"allow":["GET"]}}],"collection":[{"href":"https:\/\/dasgrasshop.com\/fr\/wp-json\/wp\/v2\/product"}],"about":[{"href":"https:\/\/dasgrasshop.com\/fr\/wp-json\/wp\/v2\/types\/product"}],"replies":[{"embeddable":true,"href":"https:\/\/dasgrasshop.com\/fr\/wp-json\/wp\/v2\/comments?post=2016"}],"wp:featuredmedia":[{"embeddable":true,"href":"https:\/\/dasgrasshop.com\/fr\/wp-json\/wp\/v2\/media\/2017"}],"wp:attachment":[{"href":"https:\/\/dasgrasshop.com\/fr\/wp-json\/wp\/v2\/media?parent=2016"}],"wp:term":[{"taxonomy":"product_brand","embeddable":true,"href":"https:\/\/dasgrasshop.com\/fr\/wp-json\/wp\/v2\/product_brand?post=2016"},{"taxonomy":"product_cat","embeddable":true,"href":"https:\/\/dasgrasshop.com\/fr\/wp-json\/wp\/v2\/product_cat?post=2016"},{"taxonomy":"product_tag","embeddable":true,"href":"https:\/\/dasgrasshop.com\/fr\/wp-json\/wp\/v2\/product_tag?post=2016"}],"curies":[{"name":"wp","href":"https:\/\/api.w.org\/{rel}","templated":true}]}}