{"id":2022,"date":"2022-03-07T13:21:57","date_gmt":"2022-03-07T13:21:57","guid":{"rendered":"https:\/\/dasgrasshop.com\/?post_type=product&#038;p=2022"},"modified":"2026-05-01T19:29:14","modified_gmt":"2026-05-01T19:29:14","slug":"afghan-kush","status":"publish","type":"product","link":"https:\/\/dasgrasshop.com\/fr\/product\/afghan-kush\/","title":{"rendered":"Afghan Kush"},"content":{"rendered":"<p><span style=\"vertical-align: inherit;\"><span style=\"vertical-align: inherit;\">souche Afghan Kush <\/span><\/span><br \/>\n<span style=\"vertical-align: inherit;\"><span style=\"vertical-align: inherit;\">L'Afghan Kush est tr\u00e8s jolie, vert p\u00e2le avec des touches de jaune, les poils orange sont pr\u00e9sents \u00e0 la fois l\u00e9gers et sombres, ressemble \u00e0 une p\u00e9pite orange et dor\u00e9e, avec des cristaux moir\u00e9s.<\/span><\/span><\/p>\n<p><span style=\"vertical-align: inherit;\"><span style=\"vertical-align: inherit;\">Nez <\/span><\/span><br \/>\n<span style=\"vertical-align: inherit;\"><span style=\"vertical-align: inherit;\">L'Afghan Kush a un go\u00fbt tr\u00e8s doux, m\u00eame en tant que p\u00e9pite enti\u00e8re, avec des notes de safran et de scotch au beurre. <\/span><span style=\"vertical-align: inherit;\">Toutefois, une fois que vous avez ouvert le bouchon, l'odeur du caf\u00e9 br\u00fbl\u00e9 devient dominante.<\/span><\/span><\/p>\n<p><span style=\"vertical-align: inherit;\"><span style=\"vertical-align: inherit;\">Flavor <\/span><\/span><br \/>\n<span style=\"vertical-align: inherit;\"><span style=\"vertical-align: inherit;\">Ce bouquet est tout aussi \u00e9pic\u00e9, avec de la nutmeg, de la cannelle et du gingembre pour le plus fort. <\/span><span style=\"vertical-align: inherit;\">Le go\u00fbt de la nutmeg est tr\u00e8s doux et restera grav\u00e9 dans la m\u00e9moire pendant quelques instants.<\/span><\/span><\/p>\n<p><span style=\"vertical-align: inherit;\"><span style=\"vertical-align: inherit;\">Effet <\/span><\/span><br \/>\n<span style=\"vertical-align: inherit;\"><span style=\"vertical-align: inherit;\">Les effets de l'Afghan Kush sont imm\u00e9diats. <\/span><span style=\"vertical-align: inherit;\">Vous obtenez tr\u00e8s relaxe, et un \u0153il un peu lourd, (pas pour les d\u00e9butants). <\/span><span style=\"vertical-align: inherit;\">J'ai constat\u00e9 que je ne ressentais pas beaucoup de douleur. <\/span><span style=\"vertical-align: inherit;\">J'ai aussi l'impression que c'est un grand spasme. <\/span><span style=\"vertical-align: inherit;\">Et si vous avez du mal \u00e0 dormir et que vous pensez avoir besoin de dormir tout de suite, l'Afghan Kush est votre herbe.<\/span><\/span><\/p>\n<p><span style=\"vertical-align: inherit;\"><span style=\"vertical-align: inherit;\">L'Afghan Kush est de loin ma vari\u00e9t\u00e9 pr\u00e9f\u00e9r\u00e9e de l'ann\u00e9e. <\/span><span style=\"vertical-align: inherit;\">Conna\u00eetre quelqu'un qui l'a cultiv\u00e9e et qui a observ\u00e9 sa beaut\u00e9 m'a donn\u00e9 la passion pour une plante aussi extraordinaire. <\/span><span style=\"vertical-align: inherit;\">Les odeurs \u00e9manant de cette fille \u00e9taient aussi piquantes que l'enfer pendant la p\u00e9riode de floraison, puis s'affaiblissaient \u00e0 mesure qu'elle s\u00e9chait. <\/span><span style=\"vertical-align: inherit;\">Pendant le curing, elle a r\u00e9v\u00e9l\u00e9 ses vraies couleurs. <\/span><span style=\"vertical-align: inherit;\">Elle est pass\u00e9e d'un go\u00fbt \u00e9pic\u00e9 \u00e0 un doux parfum avec des notes de vert citron et d'orange vif. <\/span><span style=\"vertical-align: inherit;\">Une fum\u00e9e tr\u00e8s douce compar\u00e9e \u00e0 la plupart des autres. <\/span><span style=\"vertical-align: inherit;\">L'huile de miel fabriqu\u00e9e avec ce vernis est ph\u00e9nom\u00e9nale. <\/span><span style=\"vertical-align: inherit;\">La plus forte charge de travail en un an<\/span><\/span><\/p>","protected":false},"excerpt":{"rendered":"<p><span style=\"vertical-align: inherit;\"><span style=\"vertical-align: inherit;\">L'Afghan Kush est tr\u00e8s belle \u00e0 l'\u0153il, vert p\u00e2le avec des nuances de jaune, des poils orange \u00e0 la fois l\u00e9gers et sombres sont pr\u00e9sents, ressemble \u00e0 une p\u00e9pite orange et or, avec des cristaux moir\u00e9s. <\/span><span style=\"vertical-align: inherit;\">Acheter Afghan Kush en ligne - Afghan Kush \u00e0 vendre. <\/span><span style=\"vertical-align: inherit;\">L'Afghan Kush est une vari\u00e9t\u00e9 de marijuana populaire avec des niveaux de THC allant jusqu'\u00e0 15%. <\/span><span style=\"vertical-align: inherit;\">L'Afghan Kush a un go\u00fbt tr\u00e8s m\u00e9dicinal et des effets spectaculaires de soulagement de la douleur. <\/span><span style=\"vertical-align: inherit;\">L'Afghan Kush est populaire aupr\u00e8s des patients qui cherchent \u00e0 soulager la douleur, le stress, l'insomnie et les naus\u00e9es.<\/span><\/span><\/p>","protected":false},"featured_media":2033,"comment_status":"open","ping_status":"closed","template":"","meta":[],"product_brand":[],"product_cat":[20],"product_tag":[29,32,33,27,34,30,28,31,35,36],"class_list":{"0":"post-2022","1":"product","2":"type-product","3":"status-publish","4":"has-post-thumbnail","6":"product_cat-exotische-weed-aromen-kaufen","7":"product_tag-cannabis-kaufen","8":"product_tag-cannabis-online-kaufen","9":"product_tag-gras-bestellen","10":"product_tag-gras-kaufen","11":"product_tag-gras-online-kaufen","12":"product_tag-marihuana-kaufen","13":"product_tag-thc-kaufen","14":"product_tag-weed-kaufen","15":"product_tag-weed-online-bestellen","16":"product_tag-weed-online-kaufen","18":"first","19":"instock","20":"shipping-taxable","21":"purchasable","22":"product-type-variable"},"_links":{"self":[{"href":"https:\/\/dasgrasshop.com\/fr\/wp-json\/wp\/v2\/product\/2022","targetHints":{"allow":["GET"]}}],"collection":[{"href":"https:\/\/dasgrasshop.com\/fr\/wp-json\/wp\/v2\/product"}],"about":[{"href":"https:\/\/dasgrasshop.com\/fr\/wp-json\/wp\/v2\/types\/product"}],"replies":[{"embeddable":true,"href":"https:\/\/dasgrasshop.com\/fr\/wp-json\/wp\/v2\/comments?post=2022"}],"wp:featuredmedia":[{"embeddable":true,"href":"https:\/\/dasgrasshop.com\/fr\/wp-json\/wp\/v2\/media\/2033"}],"wp:attachment":[{"href":"https:\/\/dasgrasshop.com\/fr\/wp-json\/wp\/v2\/media?parent=2022"}],"wp:term":[{"taxonomy":"product_brand","embeddable":true,"href":"https:\/\/dasgrasshop.com\/fr\/wp-json\/wp\/v2\/product_brand?post=2022"},{"taxonomy":"product_cat","embeddable":true,"href":"https:\/\/dasgrasshop.com\/fr\/wp-json\/wp\/v2\/product_cat?post=2022"},{"taxonomy":"product_tag","embeddable":true,"href":"https:\/\/dasgrasshop.com\/fr\/wp-json\/wp\/v2\/product_tag?post=2022"}],"curies":[{"name":"wp","href":"https:\/\/api.w.org\/{rel}","templated":true}]}}