{"id":2035,"date":"2022-03-07T14:16:35","date_gmt":"2022-03-07T14:16:35","guid":{"rendered":"https:\/\/dasgrasshop.com\/?post_type=product&#038;p=2035"},"modified":"2022-06-14T18:16:40","modified_gmt":"2022-06-14T18:16:40","slug":"blue-dream","status":"publish","type":"product","link":"https:\/\/dasgrasshop.com\/fr\/product\/blue-dream\/","title":{"rendered":"R\u00eave bleu"},"content":{"rendered":"<p>Acheter de la marijuana blue dream en ligne. Blue Dream est un croisement hybride \u00e0 dominance sativa entre Haze et Blueberry. Elle a l'un des go\u00fbts cors\u00e9s les plus recherch\u00e9s de toutes les vari\u00e9t\u00e9s. L'odeur de la Blue Dream est douce, piquante et vivifiante pour les sens. Elle a des bourgeons denses, semblables \u00e0 du pop-corn, qui brillent en bleu \u00e0 la lumi\u00e8re et compl\u00e8tent le paysage de trichomes et de poils orange.<\/p>\n<p>La marijuana Blue Dream produit un buzz au go\u00fbt excellent, qui dure aussi longtemps qu'il est \u00e9quilibr\u00e9. C'est une excellente vari\u00e9t\u00e9 pour la journ\u00e9e. En inhalant la Blue Dream, on peut la sentir imm\u00e9diatement. L'effet s'installe assez rapidement et produit une d\u00e9fonce \u00e9nergique et concentr\u00e9e. Selon les rapports, la cr\u00e9ativit\u00e9 s'\u00e9panouit avec cette vari\u00e9t\u00e9, ce qui en fait une favorite parmi les consommateurs de cannabis artistiques.<\/p>","protected":false},"excerpt":{"rendered":"<p>Acheter de la marijuana blue dream en ligne. Blue Dream est un croisement hybride \u00e0 dominance sativa entre Haze et Blueberry. Elle a l'un des go\u00fbts cors\u00e9s les plus recherch\u00e9s de toutes les vari\u00e9t\u00e9s. L'odeur de la Blue Dream est douce, piquante et vivifiante pour les sens. Elle a des bourgeons denses, semblables \u00e0 du pop-corn, qui scintillent en bleu \u00e0 la lumi\u00e8re et le paysage de trichomes et de poils orange [...].<\/p>","protected":false},"featured_media":2044,"comment_status":"open","ping_status":"closed","template":"","meta":[],"product_brand":[],"product_cat":[20],"product_tag":[29,32,33,27,34,30,28,31,35,36],"class_list":{"0":"post-2035","1":"product","2":"type-product","3":"status-publish","4":"has-post-thumbnail","6":"product_cat-exotische-weed-aromen-kaufen","7":"product_tag-cannabis-kaufen","8":"product_tag-cannabis-online-kaufen","9":"product_tag-gras-bestellen","10":"product_tag-gras-kaufen","11":"product_tag-gras-online-kaufen","12":"product_tag-marihuana-kaufen","13":"product_tag-thc-kaufen","14":"product_tag-weed-kaufen","15":"product_tag-weed-online-bestellen","16":"product_tag-weed-online-kaufen","18":"first","19":"instock","20":"shipping-taxable","21":"purchasable","22":"product-type-variable"},"_links":{"self":[{"href":"https:\/\/dasgrasshop.com\/fr\/wp-json\/wp\/v2\/product\/2035","targetHints":{"allow":["GET"]}}],"collection":[{"href":"https:\/\/dasgrasshop.com\/fr\/wp-json\/wp\/v2\/product"}],"about":[{"href":"https:\/\/dasgrasshop.com\/fr\/wp-json\/wp\/v2\/types\/product"}],"replies":[{"embeddable":true,"href":"https:\/\/dasgrasshop.com\/fr\/wp-json\/wp\/v2\/comments?post=2035"}],"wp:featuredmedia":[{"embeddable":true,"href":"https:\/\/dasgrasshop.com\/fr\/wp-json\/wp\/v2\/media\/2044"}],"wp:attachment":[{"href":"https:\/\/dasgrasshop.com\/fr\/wp-json\/wp\/v2\/media?parent=2035"}],"wp:term":[{"taxonomy":"product_brand","embeddable":true,"href":"https:\/\/dasgrasshop.com\/fr\/wp-json\/wp\/v2\/product_brand?post=2035"},{"taxonomy":"product_cat","embeddable":true,"href":"https:\/\/dasgrasshop.com\/fr\/wp-json\/wp\/v2\/product_cat?post=2035"},{"taxonomy":"product_tag","embeddable":true,"href":"https:\/\/dasgrasshop.com\/fr\/wp-json\/wp\/v2\/product_tag?post=2035"}],"curies":[{"name":"wp","href":"https:\/\/api.w.org\/{rel}","templated":true}]}}