{"id":2036,"date":"2022-03-07T13:44:21","date_gmt":"2022-03-07T13:44:21","guid":{"rendered":"https:\/\/dasgrasshop.com\/?post_type=product&#038;p=2036"},"modified":"2022-03-07T13:59:04","modified_gmt":"2022-03-07T13:59:04","slug":"wedding-cake","status":"publish","type":"product","link":"https:\/\/dasgrasshop.com\/fr\/product\/wedding-cake\/","title":{"rendered":"G\u00e2teau de mariage"},"content":{"rendered":"<p>G\u00e2teau de mariage exotique Tige de mauvaise herbe<br \/>\nAcheter en toute s\u00e9curit\u00e9 g\u00e2teau de mariage tronc ou exotiques g\u00e2teau de mariage tronc en ligne \u00e0 la vente avec le suivi et le d\u00e9sherbage commentaires g\u00e2teau. Discr\u00e8tement, il n'y a rien \u00e0 dire. La souche Wedding Cake est un d\u00e9licieux hybride, une vari\u00e9t\u00e9 de marijuana \u00e0 dominance Indica. Ses parents ont \u00e9t\u00e9 s\u00e9lectionn\u00e9s eux-m\u00eames pour leur go\u00fbt d\u00e9licieux, ce sont des Girl Scout Cookies mauvaises herbes, et Cherry Pie souche de marijuana. Les parents, \u00e0 leur tour, ont la g\u00e9n\u00e9tique \u00e9galement de OG Kush \u00e9galement Durban Poison, et Granddaddy Purple, ce qui rend la souche exotique g\u00e2teau de mariage. non seulement une herbe d\u00e9licieuse, mais celle qui emballe un coup s\u00e9rieux, avec des niveaux de THC de plus de 25 pour cent.<\/p>\n<p>wedding cake strain Germany ou Acheter un g\u00e2teau de mariage<br \/>\nLes Wedding Cake Buds sont une vari\u00e9t\u00e9 m\u00e9dicinale puissante. Sa teneur \u00e9lev\u00e9e en THC en fait un parfait stimulant de l'humeur ainsi qu'un puissant analg\u00e9sique. La souche de marijuana m\u00e9dicale Wedding Cake peut soulager les douleurs musculo-squelettiques comme la sciatique, les douleurs inflammatoires comme l'arthrite, et les douleurs neuropathiques comme dans la fibromyalgie, entre autres conditions. Les maladies neurologiques telles que la SLA ou la maladie de Lou Gehrig peuvent \u00eatre trait\u00e9es avec des formulations m\u00e9dicales de ce type, recommand\u00e9es par un m\u00e9decin. De nombreuses autres maladies sont recommand\u00e9es et peuvent \u00eatre trait\u00e9es l\u00e9galement avec de la marijuana Wedding Cake, selon les lois en vigueur dans diff\u00e9rents \u00c9tats et pays. Envoyez-nous un message ici<\/p>\n<p>&nbsp;<\/p>\n<p>Effets de la vari\u00e9t\u00e9 Wedding Cake<br \/>\nL'ivresse produite par cette vari\u00e9t\u00e9 est \u00e9tonnamment exaltante et relaxante \u00e0 la fois. Elle procure une ivresse de force tout en plongeant l'esprit dans une phase de calme relatif.<\/p>\n<p>Avec le temps, cet effet puissant sur le corps - en particulier sur le ventre - s'aplatit et r\u00e9veille la faim, d\u00e9clenchant un cas extr\u00eame de fringale.<\/p>\n<p>Les consommateurs peuvent ressentir un high psych\u00e9d\u00e9lique doux, au cours duquel leurs pens\u00e9es se d\u00e9veloppent rapidement et leur perception de l'environnement s'am\u00e9liore.<\/p>\n<p>Dans un environnement appropri\u00e9, des sensations d'euphorie et de vertige peuvent provoquer ce changement dans l'espace cr\u00e2nien. Cela peut sembler dur au d\u00e9but, mais en raison de l'association avec la dominance Indica, la d\u00e9tente s'installe en peu de temps.<\/p>\n<p>Alors que cette relaxation se produit, certains utilisateurs ressentent une vague rafra\u00eechissante d'excitation et de densit\u00e9 qui se r\u00e9pand sur leur torse et leurs membres.<\/p>\n<p>M\u00eame lorsque la s\u00e9dation se produit, la stimulation mentale peut encore \u00eatre perceptible, ce qui permet aux consommateurs de se sentir en phase avec leur environnement. Il est indispensable de pratiquer certaines activit\u00e9s comme la lecture, l'\u00e9criture et une activit\u00e9 physique l\u00e9g\u00e8re.<\/p>\n<p>N\u00e9anmoins, elle n'est d\u00e9finitivement pas recommand\u00e9e pour les t\u00e2ches qui n\u00e9cessitent un niveau \u00e9lev\u00e9 d'utilisation et de contr\u00f4le des machines (par exemple, cuisiner ou conduire une voiture).<\/p>\n<p>La vari\u00e9t\u00e9 Wedding Cake est un concentr\u00e9 complet de THC et, en tant que telle, ne convient pas aux n\u00e9ophytes de la culture du cannabis.<\/p>\n<p>En outre, les utilisateurs exp\u00e9riment\u00e9s doivent aborder cette vari\u00e9t\u00e9 avec prudence. Cette vari\u00e9t\u00e9 est de plus en plus populaire en raison de son effet robuste mais arrondi, qui peut \u00eatre utilis\u00e9 \u00e0 la fois \u00e0 des fins r\u00e9cr\u00e9atives et th\u00e9rapeutiques. vari\u00e9t\u00e9 exotique Wedding Cake<\/p>\n<p>Il est fortement recommand\u00e9 de ne consommer cette vari\u00e9t\u00e9 qu'une fois le soleil couch\u00e9 et le d\u00eener termin\u00e9, car ce morceau de g\u00e2teau sera le dernier que vous mangerez avant d'aller vous coucher.<\/p>\n<p>Avantages m\u00e9dicaux du g\u00e2teau de mariage<br \/>\nLa Wedding Cake est sans aucun doute une excellente vari\u00e9t\u00e9 de cannabis pour un usage r\u00e9cr\u00e9atif. Sa teneur en THC produit un high c\u00e9r\u00e9bral et physique intense qui exalte l'utilisateur et d\u00e9tend le corps.<\/p>\n<p>Cependant, l'omnipr\u00e9sence de leurs composants psychoactifs et leurs effets r\u00e9siduels ont \u00e9galement une valeur curative importante.<\/p>\n<p>V\u00e9ritable alternative aux m\u00e9dicaments \u00e0 base d'opio\u00efdes, il a rarement des effets secondaires ind\u00e9sirables comme les naus\u00e9es. Au contraire, il satisfait l'estomac et stimulerait m\u00eame l'app\u00e9tit.<\/p>\n<p>Les patients souffrant de troubles alimentaires tels que l'anorexie pourraient retrouver leur poids, notamment sous la supervision d'un m\u00e9decin sp\u00e9cialiste.<\/p>\n<p>Il sert de s\u00e9datif et de stimulant de l'app\u00e9tit et est tr\u00e8s b\u00e9n\u00e9fique pour les cas qui subissent r\u00e9guli\u00e8rement des sympt\u00f4mes associ\u00e9s \u00e0 la d\u00e9pression, la fibromyalgie, la scl\u00e9rose en plaques et d'autres caract\u00e9ristiques connexes.<\/p>\n<p>Avec un excellent profil terp\u00e9nique, il n'est pas \u00e9tonnant que le Wedding Cake offre une aide th\u00e9rapeutique pour l'anxi\u00e9t\u00e9, l'arthrite, les d\u00e9pressions l\u00e9g\u00e8res, les migraines et le stress avec des effets contemporains tels que la cr\u00e9ativit\u00e9 et la relaxation.<\/p>\n<p>Il peut \u00e9galement \u00eatre utilis\u00e9 comme s\u00e9datif pour les patients, mais il aide \u00e0 calmer les nerfs ou \u00e0 g\u00e9rer les sympt\u00f4mes d'anxi\u00e9t\u00e9. M\u00eame s'il ne contr\u00f4le pas totalement la concentration et le niveau d'\u00e9nergie, il provoque le dess\u00e8chement normal des yeux et de la bouche.<\/p>\n<p>Effets secondaires du Wedding Cake<br \/>\nLa vari\u00e9t\u00e9 Wedding Cake ou Pink Cookie a une teneur en THC plus \u00e9lev\u00e9e que les autres vari\u00e9t\u00e9s de cannabis, et il y a donc quelques effets secondaires possibles.<\/p>\n<p>Avec le wedding cake, on peut s'attendre aux habituels yeux secs et \u00e0 la mauvaise haleine caus\u00e9s par les cannabino\u00efdes anti-humidit\u00e9. Elle est douce et souvent n\u00e9glig\u00e9e par les utilisateurs exp\u00e9riment\u00e9s.<\/p>\n<p>Les fumeurs d\u00e9butants qui sont concern\u00e9s par ces probl\u00e8mes peuvent ma\u00eetriser la s\u00e9cheresse en buvant beaucoup de liquide.<\/p>\n<p>En outre, il est possible que la puissance absolue du wedding cake entra\u00eene un greenout. Cet \u00e9tat se caract\u00e9rise par une l\u00e9g\u00e8re sensation de vertige qui peut \u00e9voluer vers de l'anxi\u00e9t\u00e9 ou un sentiment subtil d'inqui\u00e9tude.<\/p>","protected":false},"excerpt":{"rendered":"<p>Exotische Hochzeitstorte Unkraut Stamm Sicher kaufen Hochzeitstorte Stamm oder exotische Hochzeitstorte Stamm online zum Verkauf mit Tracking-und Unkrautbek\u00e4mpfung Kuchen Bewertungen. Unauff\u00e4llig. Wedding Cake Stamm ist ein k\u00f6stlicher Hybrid, Indica-dominante Marihuana-Sorte. Seine Eltern wurden selbst f\u00fcr ihre k\u00f6stlichen Geschmack ausgew\u00e4hlt, das sind Girl Scout Cookies Unkraut, und Cherry Pie Stamm Marihuana. Die Eltern wiederum haben die [&hellip;]<\/p>","protected":false},"featured_media":2037,"comment_status":"open","ping_status":"closed","template":"","meta":[],"product_brand":[],"product_cat":[20],"product_tag":[29,32,33,27,34,30,28,31,35,36],"class_list":{"0":"post-2036","1":"product","2":"type-product","3":"status-publish","4":"has-post-thumbnail","6":"product_cat-exotische-weed-aromen-kaufen","7":"product_tag-cannabis-kaufen","8":"product_tag-cannabis-online-kaufen","9":"product_tag-gras-bestellen","10":"product_tag-gras-kaufen","11":"product_tag-gras-online-kaufen","12":"product_tag-marihuana-kaufen","13":"product_tag-thc-kaufen","14":"product_tag-weed-kaufen","15":"product_tag-weed-online-bestellen","16":"product_tag-weed-online-kaufen","18":"first","19":"instock","20":"shipping-taxable","21":"purchasable","22":"product-type-variable"},"_links":{"self":[{"href":"https:\/\/dasgrasshop.com\/fr\/wp-json\/wp\/v2\/product\/2036","targetHints":{"allow":["GET"]}}],"collection":[{"href":"https:\/\/dasgrasshop.com\/fr\/wp-json\/wp\/v2\/product"}],"about":[{"href":"https:\/\/dasgrasshop.com\/fr\/wp-json\/wp\/v2\/types\/product"}],"replies":[{"embeddable":true,"href":"https:\/\/dasgrasshop.com\/fr\/wp-json\/wp\/v2\/comments?post=2036"}],"wp:featuredmedia":[{"embeddable":true,"href":"https:\/\/dasgrasshop.com\/fr\/wp-json\/wp\/v2\/media\/2037"}],"wp:attachment":[{"href":"https:\/\/dasgrasshop.com\/fr\/wp-json\/wp\/v2\/media?parent=2036"}],"wp:term":[{"taxonomy":"product_brand","embeddable":true,"href":"https:\/\/dasgrasshop.com\/fr\/wp-json\/wp\/v2\/product_brand?post=2036"},{"taxonomy":"product_cat","embeddable":true,"href":"https:\/\/dasgrasshop.com\/fr\/wp-json\/wp\/v2\/product_cat?post=2036"},{"taxonomy":"product_tag","embeddable":true,"href":"https:\/\/dasgrasshop.com\/fr\/wp-json\/wp\/v2\/product_tag?post=2036"}],"curies":[{"name":"wp","href":"https:\/\/api.w.org\/{rel}","templated":true}]}}