{"id":2050,"date":"2022-03-07T14:38:58","date_gmt":"2022-03-07T14:38:58","guid":{"rendered":"https:\/\/dasgrasshop.com\/?post_type=product&#038;p=2050"},"modified":"2023-04-21T22:15:10","modified_gmt":"2023-04-21T22:15:10","slug":"apple-fritter","status":"publish","type":"product","link":"https:\/\/dasgrasshop.com\/fr\/product\/apple-fritter\/","title":{"rendered":"Apple Fritter"},"content":{"rendered":"<p>Vous pouvez acheter Apple Fritteronline.<br \/>\nAussi connue sous le nom de \"Apple Fritters\", cette vari\u00e9t\u00e9 hybride rare et uniform\u00e9ment \u00e9quilibr\u00e9e (50% Indica\/50% Sativa) est issue du croisement des vari\u00e9t\u00e9s classiques Sour Apple X Animal Cookies. Connue pour avoir figur\u00e9 sur la liste des \"World's Strongest Strains\" du High Times 2016, ce b\u00e9b\u00e9 apporte un buzz dur \u00e0 cuire et un go\u00fbt super d\u00e9licieux qui te fera en redemander apr\u00e8s seulement une d\u00e9gustation. Ce bourgeon a un go\u00fbt de pomme super sucr\u00e9 et fruit\u00e9 avec une exhalaison de vanille l\u00e9g\u00e8rement croustillante, qui ressemble \u00e0 une d\u00e9licieuse tarte aux pommes fra\u00eechement cuite. L'ar\u00f4me est tr\u00e8s similaire, avec un effet v\u00e9g\u00e9tal \u00e0 lui aussi. Le high Apple Fritter commence presque imm\u00e9diatement avec la premi\u00e8re expiration et remplit ton esprit d'un \u00e9lan bruyant qui chasse presque imm\u00e9diatement toutes les pens\u00e9es n\u00e9gatives ou fr\u00e9n\u00e9tiques. Alors que votre \u00e9tat mental s'envole de plus en plus haut, un high physique p\u00e9tillant vous envahit, d\u00e9tendant vos muscles endoloris et vous faisant sentir en totale harmonie avec le monde qui vous entoure. Combin\u00e9 \u00e0 une teneur moyenne en THC tr\u00e8s \u00e9lev\u00e9e de 22-28%, cet effet conf\u00e8re \u00e0 Apple Fritter un avantage dans le traitement de maladies telles que l'insomnie, les douleurs chroniques, la d\u00e9pression, les troubles de l'humeur et le stress chronique. Ce bourgeon a une forme de b\u00eache, des bourgeons vert olive fonc\u00e9 avec des nuances de violet profond, des poils orange vif et un rev\u00eatement de minuscules trichomes cristallins blancs.<\/p>","protected":false},"excerpt":{"rendered":"<p>Vous pouvez acheter Apple Fritteronline. Aussi connue sous le nom de \"Apple Fritters\", cette vari\u00e9t\u00e9 hybride rare et uniform\u00e9ment \u00e9quilibr\u00e9e (50% Indica\/50% Sativa) est issue du croisement des vari\u00e9t\u00e9s classiques Sour Apple X Animal Cookies. Connue pour avoir figur\u00e9 sur la liste \"World's Strongest Strains\" du High Times 2016, ce b\u00e9b\u00e9 apporte un high d\u00e9tonant et [...].<\/p>","protected":false},"featured_media":2051,"comment_status":"open","ping_status":"closed","template":"","meta":[],"product_brand":[],"product_cat":[20],"product_tag":[29,32,33,27,34,30,28,31,35,36],"class_list":{"0":"post-2050","1":"product","2":"type-product","3":"status-publish","4":"has-post-thumbnail","6":"product_cat-exotische-weed-aromen-kaufen","7":"product_tag-cannabis-kaufen","8":"product_tag-cannabis-online-kaufen","9":"product_tag-gras-bestellen","10":"product_tag-gras-kaufen","11":"product_tag-gras-online-kaufen","12":"product_tag-marihuana-kaufen","13":"product_tag-thc-kaufen","14":"product_tag-weed-kaufen","15":"product_tag-weed-online-bestellen","16":"product_tag-weed-online-kaufen","18":"first","19":"instock","20":"shipping-taxable","21":"purchasable","22":"product-type-variable"},"_links":{"self":[{"href":"https:\/\/dasgrasshop.com\/fr\/wp-json\/wp\/v2\/product\/2050","targetHints":{"allow":["GET"]}}],"collection":[{"href":"https:\/\/dasgrasshop.com\/fr\/wp-json\/wp\/v2\/product"}],"about":[{"href":"https:\/\/dasgrasshop.com\/fr\/wp-json\/wp\/v2\/types\/product"}],"replies":[{"embeddable":true,"href":"https:\/\/dasgrasshop.com\/fr\/wp-json\/wp\/v2\/comments?post=2050"}],"wp:featuredmedia":[{"embeddable":true,"href":"https:\/\/dasgrasshop.com\/fr\/wp-json\/wp\/v2\/media\/2051"}],"wp:attachment":[{"href":"https:\/\/dasgrasshop.com\/fr\/wp-json\/wp\/v2\/media?parent=2050"}],"wp:term":[{"taxonomy":"product_brand","embeddable":true,"href":"https:\/\/dasgrasshop.com\/fr\/wp-json\/wp\/v2\/product_brand?post=2050"},{"taxonomy":"product_cat","embeddable":true,"href":"https:\/\/dasgrasshop.com\/fr\/wp-json\/wp\/v2\/product_cat?post=2050"},{"taxonomy":"product_tag","embeddable":true,"href":"https:\/\/dasgrasshop.com\/fr\/wp-json\/wp\/v2\/product_tag?post=2050"}],"curies":[{"name":"wp","href":"https:\/\/api.w.org\/{rel}","templated":true}]}}