{"id":2056,"date":"2022-03-07T14:46:13","date_gmt":"2022-03-07T14:46:13","guid":{"rendered":"https:\/\/dasgrasshop.com\/?post_type=product&#038;p=2056"},"modified":"2022-03-07T14:48:22","modified_gmt":"2022-03-07T14:48:22","slug":"lemon-haze","status":"publish","type":"product","link":"https:\/\/dasgrasshop.com\/fr\/product\/lemon-haze\/","title":{"rendered":"Lemon Haze"},"content":{"rendered":"<p>Acheter Super Lemon Haze en ligne. C'est un m\u00e9lange de Lemon Skunk et de Super Silver Haze, avec un ratio Sativa \/ Indica de 80:20, ce qui signifie des effets c\u00e9r\u00e9braux enivrants et pleins d'entrain : Excitation, cr\u00e9ativit\u00e9, \u00e9nergie, euphorie et plaisir intense. Ce sont les moyens id\u00e9aux pour traiter la d\u00e9pression, la fatigue, l'anxi\u00e9t\u00e9, les naus\u00e9es et les douleurs chroniques. Le <a href=\"https:\/\/legitweeddispensary.com\/\" target=\"_blank\" rel=\"noopener\">THC-<\/a>de cette vari\u00e9t\u00e9 est \u00e9lev\u00e9, au moins un \u00e9chantillon d\u00e9passant 25 %, ce qui place la Super Lemon Haze au sommet de la pyramide de puissance. Cependant, elle n'est pas connue pour ses taux de CBD, qui sont r\u00e9guli\u00e8rement bien inf\u00e9rieurs \u00e0 1 %. En d'autres termes, cette vari\u00e9t\u00e9 ne devrait pas \u00eatre utilis\u00e9e comme seul m\u00e9dicament pour les maladies dues \u00e0 <a href=\"https:\/\/gethempnow.com\/\" target=\"_blank\" rel=\"noopener\">CBD<\/a> comme les troubles \u00e9pileptiques. Super Lemon Haze a un go\u00fbt et un ar\u00f4me de citron acidul\u00e9 et piquant avec des notes sucr\u00e9es de bonbons. Acheter Super Lemon Haze en ligne. Le bourgeon, qui a un aspect vert et brun mouchet\u00e9, est recouvert d'une couche dense de trichomes r\u00e9sineux.<\/p>","protected":false},"excerpt":{"rendered":"<p>Acheter Super Lemon Haze en ligne. C'est un m\u00e9lange de Lemon Skunk et de Super Silver Haze, avec un ratio Sativa \/ Indica de 80:20, ce qui signifie des effets enivrants, pleins d'\u00e9lan et c\u00e9r\u00e9braux : Excitation, cr\u00e9ativit\u00e9, \u00e9nergie, euphorie et plaisir intense. Ce sont les moyens id\u00e9aux pour traiter la d\u00e9pression, la fatigue, l'anxi\u00e9t\u00e9, les naus\u00e9es et les douleurs chroniques. La teneur en THC de ces [...]<\/p>","protected":false},"featured_media":2057,"comment_status":"open","ping_status":"closed","template":"","meta":[],"product_brand":[],"product_cat":[20],"product_tag":[29,32,33,27,34,30,28,31,35,36],"class_list":{"0":"post-2056","1":"product","2":"type-product","3":"status-publish","4":"has-post-thumbnail","6":"product_cat-exotische-weed-aromen-kaufen","7":"product_tag-cannabis-kaufen","8":"product_tag-cannabis-online-kaufen","9":"product_tag-gras-bestellen","10":"product_tag-gras-kaufen","11":"product_tag-gras-online-kaufen","12":"product_tag-marihuana-kaufen","13":"product_tag-thc-kaufen","14":"product_tag-weed-kaufen","15":"product_tag-weed-online-bestellen","16":"product_tag-weed-online-kaufen","18":"first","19":"instock","20":"shipping-taxable","21":"purchasable","22":"product-type-variable"},"_links":{"self":[{"href":"https:\/\/dasgrasshop.com\/fr\/wp-json\/wp\/v2\/product\/2056","targetHints":{"allow":["GET"]}}],"collection":[{"href":"https:\/\/dasgrasshop.com\/fr\/wp-json\/wp\/v2\/product"}],"about":[{"href":"https:\/\/dasgrasshop.com\/fr\/wp-json\/wp\/v2\/types\/product"}],"replies":[{"embeddable":true,"href":"https:\/\/dasgrasshop.com\/fr\/wp-json\/wp\/v2\/comments?post=2056"}],"wp:featuredmedia":[{"embeddable":true,"href":"https:\/\/dasgrasshop.com\/fr\/wp-json\/wp\/v2\/media\/2057"}],"wp:attachment":[{"href":"https:\/\/dasgrasshop.com\/fr\/wp-json\/wp\/v2\/media?parent=2056"}],"wp:term":[{"taxonomy":"product_brand","embeddable":true,"href":"https:\/\/dasgrasshop.com\/fr\/wp-json\/wp\/v2\/product_brand?post=2056"},{"taxonomy":"product_cat","embeddable":true,"href":"https:\/\/dasgrasshop.com\/fr\/wp-json\/wp\/v2\/product_cat?post=2056"},{"taxonomy":"product_tag","embeddable":true,"href":"https:\/\/dasgrasshop.com\/fr\/wp-json\/wp\/v2\/product_tag?post=2056"}],"curies":[{"name":"wp","href":"https:\/\/api.w.org\/{rel}","templated":true}]}}