{"id":2062,"date":"2022-03-07T14:56:07","date_gmt":"2022-03-07T14:56:07","guid":{"rendered":"https:\/\/dasgrasshop.com\/?post_type=product&#038;p=2062"},"modified":"2022-12-12T14:35:01","modified_gmt":"2022-12-12T14:35:01","slug":"northern-lights","status":"publish","type":"product","link":"https:\/\/dasgrasshop.com\/fr\/product\/northern-lights\/","title":{"rendered":"Lumi\u00e8res du nord"},"content":{"rendered":"<p>Northern Lights vari\u00e9t\u00e9 Indica<br \/>\nCertaines vari\u00e9t\u00e9s sont tout simplement c\u00e9l\u00e8bres ; cependant, Northern Lights (Afghanica) a atteint un statut l\u00e9gendaire.<\/p>\n<p>Si vous \u00eates un consommateur r\u00e9gulier de cannabis, il y a de fortes chances que vous ayez d\u00e9j\u00e0 essay\u00e9 soit la Northern Lights. Ou l'une des vari\u00e9t\u00e9s s\u0153urs de cette derni\u00e8re, comme par ex : Sour Diesel et Shiva Skunk, pour n'en citer que quelques-unes. L'ascendance et l'histoire exactes de la Northern Lights sont entour\u00e9es de myst\u00e8re et pourraient \u00eatre perdues \u00e0 jamais.<\/p>\n<p>La th\u00e9orie dominante veut que la vari\u00e9t\u00e9 soit originaire du nord-ouest du Pacifique et qu'elle n'ait que peu de fans. Elle a ensuite pris le chemin de la Hollande, o\u00f9 les deux meilleurs ph\u00e9notypes ont \u00e9t\u00e9 crois\u00e9s (Northern Lights #5 x Northern Lights #2). La NL #5 a jou\u00e9 le r\u00f4le le plus important dans le croisement, car la NL #5 augmente la puissance et r\u00e9duit le temps de floraison. La NL #2 conf\u00e8re \u00e0 la vari\u00e9t\u00e9 son go\u00fbt et son odeur fantastiques et contribue \u00e0 la puissance et \u00e0 la force g\u00e9n\u00e9rales du high. De plus, la NL #2 est une plante plus r\u00e9sistante, avec une meilleure r\u00e9sistance aux moisissures et aux parasites que les autres ph\u00e9notypes.<\/p>\n<p>Aspect et odeur de Northern Lights<br \/>\nCette vari\u00e9t\u00e9 \u00e9tait magnifique \u00e0 regarder, de pr\u00e8s comme de loin. Le huiti\u00e8me exemplaire que j'ai re\u00e7u pour ce test avait la forme d'une grosse p\u00e9pite, artistiquement taill\u00e9e. Il montrait toute la \"vie int\u00e9rieure\" du bourgeon, tout en laissant toujours une quantit\u00e9 parfaite de feuilles pour avoir l'air naturel. La coloration \u00e9tait globalement tr\u00e8s claire, avec des tons de vert croquant et des pistils presque dor\u00e9s. northern lights indica strain.<\/p>\n<p>Northern Lights se pr\u00e9sente avec des t\u00eates compactes et denses, recouvertes d'un givre blanc argent\u00e9 de trichromes, souvent s\u00e9par\u00e9es par quelques centim\u00e8tres de tige, ce qui fait du parage un jeu d'enfant et donne un excellent rendement. Bien que les t\u00eates soient denses et \u00e9paisses (structure typiquement Indica), elles ne sont pas imp\u00e9n\u00e9trables au point de poser un probl\u00e8me majeur de pourriture des t\u00eates - ce qui peut \u00eatre un probl\u00e8me majeur pour de nombreuses vari\u00e9t\u00e9s Indica - ce qui fait de Northern Lights une bonne Indica qui peut \u00eatre cultiv\u00e9e dans des environnements humides.<\/p>\n<p>L'ar\u00f4me est une odeur fra\u00eeche, v\u00e9g\u00e9tale et l\u00e9g\u00e8rement skunk de loin, qui se transforme en un ar\u00f4me complexe et doux d'agrumes et de pin, avec des notes d'eucalyptus, lorsque les flowres sont \u00e9cras\u00e9es. Lorsqu'on les \u00e9crase, l'ar\u00f4me devient encore plus fort et prend une qualit\u00e9 d'agrumes musqu\u00e9s qui rappelle les \u00e9corces d'orange br\u00fbl\u00e9es m\u00e9lang\u00e9es \u00e0 un peu de pin.<\/p>\n<p>La fum\u00e9e<br \/>\nL\u00e9g\u00e8rement sucr\u00e9 et citronn\u00e9 \u00e0 l'inspiration, plut\u00f4t pin et musc \u00e0 l'expiration. La vari\u00e9t\u00e9 Northern Lights avait d\u00e9finitivement le m\u00eame go\u00fbt que son odeur, m\u00eame si elle \u00e9tait globalement un peu moins piquante. La fum\u00e9e et le go\u00fbt ont une qualit\u00e9 douce qui peut \u00eatre d\u00e9crite au mieux comme \"beurr\u00e9e\", mais aussi des \u00e9l\u00e9ments d'expansion qui ont provoqu\u00e9 des quintes de toux lors de grandes bouff\u00e9es. La vaporisation du bourgeon aiderait probablement \u00e0 att\u00e9nuer cela. L'exp\u00e9rience lisse avec une conservation solide du go\u00fbt avec chaque coup, le bol s'est termin\u00e9 avec un gris tr\u00e8s clair. Des cendres presque blanches, ce qui montre que le cultivateur a fait un flush plus prolixe.<\/p>\n<p>Certains disent que c'est une vari\u00e9t\u00e9 \"rampante\", mais pour moi, l'effet a eu des sentiments imm\u00e9diats d'euphorie et de puissants effets c\u00e9r\u00e9braux presque envahissants - et ce n'\u00e9tait que la premi\u00e8re bouff\u00e9e. Apr\u00e8s quelques bouff\u00e9es suppl\u00e9mentaires, accompagn\u00e9es d'un high indica intense, se d\u00e9veloppe un sentiment de bien-\u00eatre et de bonheur tr\u00e8s agr\u00e9able et apaisant. northern lights indica strain.<\/p>\n<p>Total<br \/>\nDans l'ensemble, Northern Lights est un superbe exemple de g\u00e9n\u00e9tique de la vieille \u00e9cole revigor\u00e9e par les techniques de culture modernes. La structure vigoureuse des bourgeons, domin\u00e9e par l'indica, avec ses trichromes \u00e0 t\u00eate \u00e9paisse. Et une s\u00e9rie de couleurs vives \u00e9tait magnifique \u00e0 admirer, rendant presque difficile de fumer une telle beaut\u00e9. (J'ai dit presque).<\/p>\n<p>Alors que l'odeur et le go\u00fbt d\u00e9passaient les attentes, la dominance Indica \u00e9tait d\u00e9finitivement perceptible. Bien qu'elle soit techniquement un hybride, la plupart des gens consid\u00e8rent cette vari\u00e9t\u00e9 comme une Indica, avec une proportion de 95% Indica et 5% Sativa. Ceci, \u00e0 son tour, rend la vari\u00e9t\u00e9 un peu lourde pour une utilisation en journ\u00e9e. Recommand\u00e9e pour les fumeurs mod\u00e9r\u00e9s \u00e0 exp\u00e9riment\u00e9s. En premier lieu comme Indica de soir\u00e9e ou de fin de journ\u00e9e, quand une forte relaxation est souhait\u00e9e.<\/p>\n<p>L'ivresse dure typiquement 2 \u00e0 3 heures, et la vari\u00e9t\u00e9 Northern Lights a fait ses preuves dans le traitement du stress, de l'anxi\u00e9t\u00e9 et de la nervosit\u00e9. Elle est \u00e9galement efficace contre le syndrome du c\u00f4lon irritable, les naus\u00e9es, la d\u00e9pression, les douleurs chroniques, les maux de dos, l'arthrite et d'autres probl\u00e8mes li\u00e9s au corps. Je l'ai \u00e9galement trouv\u00e9 tr\u00e8s utile pour les probl\u00e8mes d'insomnie, et cette vari\u00e9t\u00e9 est d\u00e9sormais mon premier choix pour les nuits d'insomnie.<\/p>\n<p>Le seul inconv\u00e9nient de la Northern Lights est que la vari\u00e9t\u00e9 originale ne se trouve plus que tr\u00e8s rarement. La plupart des pharmacies ne vendent pas la vraie vari\u00e9t\u00e9, mais des hybrides, mais pas la vraie Northern Lights. Faites donc vos devoirs, parlez \u00e0 des gens s\u00e9rieux et assurez-vous de cette plante classique ! Contactez-nous<\/p>\n<p>&nbsp;<\/p>\n<p>acheter weed en ligne \u00e9tats-unis, acheter weed en ligne au Royaume-Uni, acheter weed en ligne en Irlande, acheter weed en ligne en Suisse, acheter weed en ligne en Australie, acheter weed en ligne en Italie, acheter weed en ligne au Danemark, acheter weed en ligne dans l'Union europ\u00e9enne, acheter weed en ligne en France, acheter weed en ligne<\/p>","protected":false},"excerpt":{"rendered":"<p>Northern Lights Indica-Sorte Manche Sorten sind einfach ber\u00fchmt; Northern Lights (Afghanica) hat jedoch einen legend\u00e4ren Status erreicht. Wenn Sie ein regelm\u00e4\u00dfiger Cannabiskonsument sind, ist die Wahrscheinlichkeit sehr gro\u00df, dass Sie entweder Northern Lights probiert haben. Oder eine der Schwestersorten der Sorte, wie z.B.: Sour Diesel und Shiva Skunk, um nur ein paar zu nennen. Die [&hellip;]<\/p>","protected":false},"featured_media":2063,"comment_status":"open","ping_status":"closed","template":"","meta":[],"product_brand":[],"product_cat":[20],"product_tag":[29,32,33,27,34,30,28,31,35,36],"class_list":{"0":"post-2062","1":"product","2":"type-product","3":"status-publish","4":"has-post-thumbnail","6":"product_cat-exotische-weed-aromen-kaufen","7":"product_tag-cannabis-kaufen","8":"product_tag-cannabis-online-kaufen","9":"product_tag-gras-bestellen","10":"product_tag-gras-kaufen","11":"product_tag-gras-online-kaufen","12":"product_tag-marihuana-kaufen","13":"product_tag-thc-kaufen","14":"product_tag-weed-kaufen","15":"product_tag-weed-online-bestellen","16":"product_tag-weed-online-kaufen","18":"first","19":"instock","20":"shipping-taxable","21":"purchasable","22":"product-type-variable"},"_links":{"self":[{"href":"https:\/\/dasgrasshop.com\/fr\/wp-json\/wp\/v2\/product\/2062","targetHints":{"allow":["GET"]}}],"collection":[{"href":"https:\/\/dasgrasshop.com\/fr\/wp-json\/wp\/v2\/product"}],"about":[{"href":"https:\/\/dasgrasshop.com\/fr\/wp-json\/wp\/v2\/types\/product"}],"replies":[{"embeddable":true,"href":"https:\/\/dasgrasshop.com\/fr\/wp-json\/wp\/v2\/comments?post=2062"}],"wp:featuredmedia":[{"embeddable":true,"href":"https:\/\/dasgrasshop.com\/fr\/wp-json\/wp\/v2\/media\/2063"}],"wp:attachment":[{"href":"https:\/\/dasgrasshop.com\/fr\/wp-json\/wp\/v2\/media?parent=2062"}],"wp:term":[{"taxonomy":"product_brand","embeddable":true,"href":"https:\/\/dasgrasshop.com\/fr\/wp-json\/wp\/v2\/product_brand?post=2062"},{"taxonomy":"product_cat","embeddable":true,"href":"https:\/\/dasgrasshop.com\/fr\/wp-json\/wp\/v2\/product_cat?post=2062"},{"taxonomy":"product_tag","embeddable":true,"href":"https:\/\/dasgrasshop.com\/fr\/wp-json\/wp\/v2\/product_tag?post=2062"}],"curies":[{"name":"wp","href":"https:\/\/api.w.org\/{rel}","templated":true}]}}