{"id":2068,"date":"2022-03-07T15:03:57","date_gmt":"2022-03-07T15:03:57","guid":{"rendered":"https:\/\/dasgrasshop.com\/?post_type=product&#038;p=2068"},"modified":"2022-07-31T00:08:33","modified_gmt":"2022-07-31T00:08:33","slug":"runtz-gras-kaufen","status":"publish","type":"product","link":"https:\/\/dasgrasshop.com\/fr\/product\/runtz-gras-achat\/","title":{"rendered":"Acheter de l'herbe Runtz"},"content":{"rendered":"<p>Runtz Strain nous avons Runtz blanc \u00e0 vendre, souche runtz blanc, souche runtz exotique, souche gruntz, souche runtz vlone, souche de cannabis Runtz Cliquez ici pour voir toutes les souches runts \u00e0 vendre sur notre site Web<br \/>\nHybride - 50% Sativa \/50% Indica#<br \/>\nTHC : 23% - 24%<br \/>\nAcheter Runtz weed Strain France<br \/>\nAcheter Runtz weed Strain Europe<\/p>\n<p>La Runtz Weed est une vari\u00e9t\u00e9 de cannabis fra\u00eechement import\u00e9e de LA, avec un profil terp\u00e9nique que la plupart des gens d\u00e9criraient comme une douceur. Cependant, en tant que vari\u00e9t\u00e9, Runtz a un nombre incroyablement vari\u00e9 de ph\u00e9notypes qui peuvent avoir un impact drastique sur les donn\u00e9es, de sorte qu'il est presque impossible de dire si Runtz est un hybride Sativa ou Indica, puisque diff\u00e9rents ph\u00e9notypes finissent par pencher dans diff\u00e9rentes directions.<\/p>\n<p>Il en va de m\u00eame pour le taux de THC et de CBD, qui est test\u00e9 par culture et n'est pas disponible sur Internet pour le moment.<\/p>\n<p>Runtz-Weed m\u00e9dical pour usage r\u00e9cr\u00e9atif acheter en ligne Germany<br \/>\nLa Runtz est une vari\u00e9t\u00e9 de cannabis fra\u00eechement arriv\u00e9e de L.A., avec un profil terp\u00e9nique que la plupart des gens d\u00e9criraient comme une sucrerie.<br \/>\nCependant, en tant que vari\u00e9t\u00e9, Runtz poss\u00e8de un nombre incroyablement vari\u00e9 de ph\u00e9notypes qui peuvent avoir un impact drastique sur ses donn\u00e9es.<br \/>\nIl en va de m\u00eame pour le taux de THC et de CBD, qui est test\u00e9 par culture et n'est pas disponible sur Internet pour le moment.<br \/>\nC'est une vari\u00e9t\u00e9 tr\u00e8s appr\u00e9ci\u00e9e des fumeurs de cannabis qui s'int\u00e9ressent \u00e0 la culture et \u00e0 la publicit\u00e9 derri\u00e8re les emballages des produits \u00e0 base de cannabis.<br \/>\nSi elle est correctement s\u00e9ch\u00e9e et durcie, les utilisateurs peuvent voir des couleurs au-del\u00e0 du vert dans le bourgeon.<br \/>\nDans les bourgeons denses de Runtz, on trouve souvent une palette de couleurs vives allant du bleu et du violet au vert fonc\u00e9 et aux tons orange vifs.<br \/>\nIl est donc presque impossible de dire si la Runtz est un hybride sativa ou indica.<br \/>\nC'est une vari\u00e9t\u00e9 incroyablement difficile \u00e0 trouver, qui est presque exclusivement vendue depuis Los Angeles.<br \/>\nSur Internet, il n'y a que peu ou pas d'informations sur Runtz.<br \/>\nBeaucoup \u00e9crivent que cette vari\u00e9t\u00e9 est bonne pour soulager le stress, l'anxi\u00e9t\u00e9 et les douleurs chroniques.<br \/>\nVous vous sentirez probablement euphorique et heureux, mais pas assez pour quitter la maison.<\/p>\n<p>Acheter de la White Runtz Weed. La White Runtz Weed est une vari\u00e9t\u00e9 hybride \u00e9quilibr\u00e9e (50% Indica\/50% Sativa) obtenue par croisement des vari\u00e9t\u00e9s classiques Zkittlez X Gelato. Connue pour son go\u00fbt super d\u00e9licieux et son high de longue dur\u00e9e, la White Runtz est parfaite pour tout amateur d'hybrides. Cette vari\u00e9t\u00e9 de weed White Runtz a un go\u00fbt comme son nom l'indique - des bonbons aux fruits aigre-doux avec une l\u00e9g\u00e8re touche d'agrumes. L'ar\u00f4me est \u00e9galement tr\u00e8s similaire, avec un ton terreux d'agrumes accentu\u00e9 par des fruits frais et sucr\u00e9s. De la m\u00eame mani\u00e8re, le high de la vari\u00e9t\u00e9 de weed White Runtz est aussi d\u00e9licieux que son go\u00fbt. Souche de cannabis Runtz, qu'est-ce que la souche runtz, souche runtz rose, souche runtz violette, souche runtz vlone, souche runtz blanche ,Germany Uk , USA, Europe, O\u00f9, onlinne,<\/p>\n<p>En ce qui concerne une autre vari\u00e9t\u00e9 de Runtz appel\u00e9e White Runtz, son origine n'est pas non plus claire. Il pourrait s'agir d'un autre ph\u00e9notype de Runtz, car elle a une quantit\u00e9 de THC comparable, bien que d'autres affirment qu'elle est le produit d'une collaboration entre Runtz et Cookies. Les bourgeons de cette vari\u00e9t\u00e9 sont g\u00e9n\u00e9ralement violets et verts. La White Runtz est une vari\u00e9t\u00e9 \u00e0 dominante indica, ce qui signifie que m\u00eame si l'on a envie de bouger au d\u00e9but, ce n'est pas la meilleure id\u00e9e de sortir de chez soi. Actuellement, c'est l'une des vari\u00e9t\u00e9s de cannabis les plus populaires en Californie, il n'est donc pas rare de trouver de la weed \u00e9tiquet\u00e9e White Runtz qui ne pr\u00e9sente aucune de ses caract\u00e9ristiques.<\/p>\n<p>Culture de la vari\u00e9t\u00e9 Runtz<\/p>\n<p>Une plante de cannabis cultiv\u00e9e \u00e0 partir de son origine existe en deux types, un m\u00e2le et une femelle. La White Runtz est un produit sp\u00e9cial qui est obtenu lorsque le m\u00e2le f\u00e9conde la femelle. Il en r\u00e9sulte quelque chose que l'on appelle un \"hybride\", car il contient les caract\u00e9ristiques \u00e0 la fois de la plante femelle et de la plante m\u00e2le. L\u00e0 o\u00f9 elle \u00e9tait autrefois la vari\u00e9t\u00e9 la plus chaude du march\u00e9, elle n'est plus aujourd'hui qu'un rare et doux tr\u00e9buchet.<br \/>\nEffets de la vari\u00e9t\u00e9 Runtz<br \/>\nCe produit unique a le plus grand effet sur le stress et le fait dispara\u00eetre comme jamais auparavant. Du retrait des sentiments sombres de d\u00e9sespoir et de frustration, il vient avec le sentiment subtil de pure f\u00e9licit\u00e9, de bonheur, de positivit\u00e9 et de paix.<br \/>\nNous fournissons et une bonne s\u00e9lection de d\u00e9tail de la souche blanche runtz mauvaises herbes White Kuntz, White runtz, Buy Pink runtz souche en ligne, blanc runtz souche images, rose runtz prix, blanc runtz souche g\u00e9n\u00e9tique<\/p>\n<p>combien est une livre runtz, Pink runtz souche commande en ligne, White runtz weed pour la vente, Acheter White runtz weed en ligne. O\u00f9 acheter White Runtz Weed, vari\u00e9t\u00e9 exotique de runtz, vari\u00e9t\u00e9 de runtz<\/p>\n<p>vlone runtz souche, blagues jusqu'\u00e0 runtz sacs, blanc runtz indica ou sativa, blanc runtz souche feuillu, gruntz de runtz souche, blanc runtz souche examen, gruntz cookies, blanc runtz mylar sacs, Granddaddy lilas<\/p>\n<p>souche gruntz, souche gruntz uk, coucher de soleil runtz, cr\u00e8me glac\u00e9e g\u00e2teau souche, bo\u00eetes de runtz \u00e0 vendre, acheter huile de cbd en ligne, acheter Smart Bourgeon bo\u00eetes en ligne ,<\/p>\n<p>white runtz tronc se r\u00e9f\u00e8rent \u00e0 des mots cl\u00e9s<br \/>\ncombien est une livre de runtz blanc, combien est runtz blanc, runtz blanc kush, runtz blanc og, site web runtz, runtz carts, cookies runtz, hawaiian runtz, Sundae Driver Strain \u00e0 vendre, O\u00f9 puis-je trouver de v\u00e9ritables <a href=\"https:\/\/deligentman.com\/\" target=\"_blank\" rel=\"noopener\">Jungle Boys Weed<\/a> trouver en ligne<\/p>\n<p>&nbsp;<\/p>","protected":false},"excerpt":{"rendered":"<p>Runtz Strain haben wir wei\u00df Runtz zum Verkauf, wei\u00df runtz Stamm, exotische runtz Stamm, gruntz Stamm, vlone runtz Stamm, Runtz Cannabis Stamm Klicken Sie hier, um alle runts St\u00e4mme zum Verkauf auf unserer Website sehen Hybrid &#8211; 50% Sativa \/50% Indica# THC: 23% &#8211; 24% Kaufen Runtz weed Strain Germany Kaufen Runtz weed Strain Europe [&hellip;]<\/p>","protected":false},"featured_media":2069,"comment_status":"open","ping_status":"closed","template":"","meta":[],"product_brand":[],"product_cat":[20],"product_tag":[],"class_list":{"0":"post-2068","1":"product","2":"type-product","3":"status-publish","4":"has-post-thumbnail","6":"product_cat-exotische-weed-aromen-kaufen","8":"first","9":"instock","10":"shipping-taxable","11":"purchasable","12":"product-type-variable"},"_links":{"self":[{"href":"https:\/\/dasgrasshop.com\/fr\/wp-json\/wp\/v2\/product\/2068","targetHints":{"allow":["GET"]}}],"collection":[{"href":"https:\/\/dasgrasshop.com\/fr\/wp-json\/wp\/v2\/product"}],"about":[{"href":"https:\/\/dasgrasshop.com\/fr\/wp-json\/wp\/v2\/types\/product"}],"replies":[{"embeddable":true,"href":"https:\/\/dasgrasshop.com\/fr\/wp-json\/wp\/v2\/comments?post=2068"}],"wp:featuredmedia":[{"embeddable":true,"href":"https:\/\/dasgrasshop.com\/fr\/wp-json\/wp\/v2\/media\/2069"}],"wp:attachment":[{"href":"https:\/\/dasgrasshop.com\/fr\/wp-json\/wp\/v2\/media?parent=2068"}],"wp:term":[{"taxonomy":"product_brand","embeddable":true,"href":"https:\/\/dasgrasshop.com\/fr\/wp-json\/wp\/v2\/product_brand?post=2068"},{"taxonomy":"product_cat","embeddable":true,"href":"https:\/\/dasgrasshop.com\/fr\/wp-json\/wp\/v2\/product_cat?post=2068"},{"taxonomy":"product_tag","embeddable":true,"href":"https:\/\/dasgrasshop.com\/fr\/wp-json\/wp\/v2\/product_tag?post=2068"}],"curies":[{"name":"wp","href":"https:\/\/api.w.org\/{rel}","templated":true}]}}