{"id":2075,"date":"2022-03-07T15:12:25","date_gmt":"2022-03-07T15:12:25","guid":{"rendered":"https:\/\/dasgrasshop.com\/?post_type=product&#038;p=2075"},"modified":"2022-03-07T15:15:06","modified_gmt":"2022-03-07T15:15:06","slug":"grand-daddy-purple","status":"publish","type":"product","link":"https:\/\/dasgrasshop.com\/fr\/product\/grand-daddy-purple\/","title":{"rendered":"Grand Daddy Purple"},"content":{"rendered":"<p>Grand daddy purple \u00e0 vendre<br \/>\nEnfin une Indica \u00e0 discuter ! Avant que Cookies ne soit la vari\u00e9t\u00e9 \"it\", il y avait Grand Daddy Purple for sale (GDP), qui a domin\u00e9 la communaut\u00e9 du cannabis pendant plus de 5 ans. Eh bien, c'est une sacr\u00e9e s\u00e9rie de titres ! Elle est incontestablement la plus c\u00e9l\u00e8bre de toutes les vari\u00e9t\u00e9s Purple. Facile \u00e0 trouver et facile \u00e0 cultiver, cette vari\u00e9t\u00e9 fait partie int\u00e9grante de la sc\u00e8ne de l'herbe et vous fait revenir encore et encore. grand daddy purple strain for sale.<\/p>\n<p>Aspect et odeur<\/p>\n<p>Les bourgeons de Grand Daddy Purple \u00e0 vendre sont d'un vert incroyablement dense qui, au fur et \u00e0 mesure que la plante m\u00fbrit, prend des teintes violettes profondes qui s'\u00e9tendent sur l'ensemble des bourgeons (pas seulement \u00e0 l'ext\u00e9rieur). Les poils orange vif sont abondants et offrent un beau contraste avec les autres couleurs qui ornent les bourgeons recouverts de r\u00e9sine. L'odeur est simple, et cela peut para\u00eetre un peu clich\u00e9, mais cela sent vraiment le raisin.<\/p>\n<p>La fum\u00e9e<\/p>\n<p>Dans ma vie ant\u00e9rieure, j'ai cultiv\u00e9 cette vari\u00e9t\u00e9 pendant de nombreuses ann\u00e9es. Je peux facilement identifier GDP rien que par son go\u00fbt. Encore une fois, un go\u00fbt de raisin prononc\u00e9 est l'ar\u00f4me pr\u00e9dominant. Ce go\u00fbt a tendance \u00e0 rester sur la langue pendant une p\u00e9riode prolong\u00e9e. L'effet est durable (3-4 heures) avec une sensation douce et r\u00e9guli\u00e8re. Des m\u00e9dicaments \u00e9tonnants pour terminer votre nuit dans une fusion profonde du corps. Grand Daddy souche violette \u00e0 vendre contactez-nous maintenant<\/p>\n<p>Total<\/p>\n<p>Je pense toujours \u00e0 Grand Daddy Purple comme \u00e0 une vari\u00e9t\u00e9 de nuit. Bien qu'il ne s'agisse pas de la vari\u00e9t\u00e9 Indica la plus puissante, je pense \u00e0 beaucoup d'autres vari\u00e9t\u00e9s qui sont plus adapt\u00e9es \u00e0 un usage diurne. En dehors de cela, GDP est consid\u00e9r\u00e9e comme l'une des meilleures vari\u00e9t\u00e9s \"curatives\". Ceci, associ\u00e9 \u00e0 ses propri\u00e9t\u00e9s d'augmentation de l'app\u00e9tit, en fait une favorite parmi les patients qui luttent contre les effets secondaires de la chimioth\u00e9rapie. La GDP est \u00e9galement excellente pour les probl\u00e8mes d'insomnie. La GDP semble maintenant \u00eatre partout, alors si vous tombez sur elle, ne manquez pas votre chance de participer \u00e0 cette vari\u00e9t\u00e9 l\u00e9gendaire. grand daddy purple \u00e0 vendre. purple punch strain<\/p>","protected":false},"excerpt":{"rendered":"<p>Grand daddy purple \u00e0 vendre Enfin une Indica \u00e0 discuter ! Avant que Cookies ne soit la vari\u00e9t\u00e9 \"it\", il y avait Grand Daddy Purple for sale (GDP), qui a domin\u00e9 la communaut\u00e9 du cannabis pendant plus de 5 ans. Eh bien, c'est une sacr\u00e9e s\u00e9rie de titres ! Elle est incontestablement la plus c\u00e9l\u00e8bre de toutes les vari\u00e9t\u00e9s Purple. Cette vari\u00e9t\u00e9 facile \u00e0 trouver et \u00e0 cultiver [...].<\/p>","protected":false},"featured_media":2076,"comment_status":"open","ping_status":"closed","template":"","meta":[],"product_brand":[],"product_cat":[20],"product_tag":[29,32,33,27,34,30,28,31,35,36],"class_list":{"0":"post-2075","1":"product","2":"type-product","3":"status-publish","4":"has-post-thumbnail","6":"product_cat-exotische-weed-aromen-kaufen","7":"product_tag-cannabis-kaufen","8":"product_tag-cannabis-online-kaufen","9":"product_tag-gras-bestellen","10":"product_tag-gras-kaufen","11":"product_tag-gras-online-kaufen","12":"product_tag-marihuana-kaufen","13":"product_tag-thc-kaufen","14":"product_tag-weed-kaufen","15":"product_tag-weed-online-bestellen","16":"product_tag-weed-online-kaufen","18":"first","19":"instock","20":"shipping-taxable","21":"purchasable","22":"product-type-variable"},"_links":{"self":[{"href":"https:\/\/dasgrasshop.com\/fr\/wp-json\/wp\/v2\/product\/2075","targetHints":{"allow":["GET"]}}],"collection":[{"href":"https:\/\/dasgrasshop.com\/fr\/wp-json\/wp\/v2\/product"}],"about":[{"href":"https:\/\/dasgrasshop.com\/fr\/wp-json\/wp\/v2\/types\/product"}],"replies":[{"embeddable":true,"href":"https:\/\/dasgrasshop.com\/fr\/wp-json\/wp\/v2\/comments?post=2075"}],"wp:featuredmedia":[{"embeddable":true,"href":"https:\/\/dasgrasshop.com\/fr\/wp-json\/wp\/v2\/media\/2076"}],"wp:attachment":[{"href":"https:\/\/dasgrasshop.com\/fr\/wp-json\/wp\/v2\/media?parent=2075"}],"wp:term":[{"taxonomy":"product_brand","embeddable":true,"href":"https:\/\/dasgrasshop.com\/fr\/wp-json\/wp\/v2\/product_brand?post=2075"},{"taxonomy":"product_cat","embeddable":true,"href":"https:\/\/dasgrasshop.com\/fr\/wp-json\/wp\/v2\/product_cat?post=2075"},{"taxonomy":"product_tag","embeddable":true,"href":"https:\/\/dasgrasshop.com\/fr\/wp-json\/wp\/v2\/product_tag?post=2075"}],"curies":[{"name":"wp","href":"https:\/\/api.w.org\/{rel}","templated":true}]}}