{"id":2082,"date":"2022-03-07T20:47:01","date_gmt":"2022-03-07T20:47:01","guid":{"rendered":"https:\/\/dasgrasshop.com\/?post_type=product&#038;p=2082"},"modified":"2023-05-10T00:02:56","modified_gmt":"2023-05-10T00:02:56","slug":"pineapple-express","status":"publish","type":"product","link":"https:\/\/dasgrasshop.com\/fr\/product\/pineapple-express\/","title":{"rendered":"Pineapple Express"},"content":{"rendered":"<h2>Achetez Pineapple Express en ligne de la meilleure pharmacie en ligne<\/h2>\n<p>Pineapple Express \u00e0 vendre en Allemagne, en Autriche et en Suisse peut \u00eatre achet\u00e9 sur Unkrautmarkt.com \u00e0 des prix abordables de nos jours. Toute notre \u00e9quipe de vendeurs et de fournisseurs est \u00e0 votre disposition 24 heures sur 24 pour vous aider \u00e0 acheter Pineapple Express en ligne. Nous sommes une pharmacie en ligne exp\u00e9riment\u00e9e qui comprend ses clients. Vous pouvez acheter ici les meilleurs produits. Commandez maintenant Pineapple Express Allemagne, Autriche et Suisse !<\/p>\n<h3>Quelles sont les caract\u00e9ristiques de Pineapple Express ?<\/h3>\n<p>La Pineapple Express est issue d'un croisement entre la Trainwreck et l'Hawaiian. C'est un bourgeon tropical. Il produit une fum\u00e9e douce et sucr\u00e9e, suffisante pour que les fumeurs se d\u00e9foncent. C'est une vari\u00e9t\u00e9 puissante qui est devenue tr\u00e8s populaire sur le march\u00e9 en ligne des \u00c9tats-Unis, du Royaume-Uni, du Canada, de l'Allemagne et de l'Australie. La teneur en THC de cette vari\u00e9t\u00e9 est g\u00e9n\u00e9ralement sup\u00e9rieure \u00e0 24%. Elle a un parfum de stand de fruits. Les bourgeons de la Pineapple Express sont de couleur olive et en forme de rocher. Ils ont le go\u00fbt d'une tranche de pineapple fra\u00eeche. Votre courte liste de choses \u00e0 faire peut \u00eatre r\u00e9alis\u00e9e en peu de temps avec cette vari\u00e9t\u00e9. Vous pouvez cultiver cette plante aussi bien \u00e0 l'ext\u00e9rieur qu'\u00e0 l'int\u00e9rieur. La floraison dure environ 7-8 semaines.<\/p>\n<ul>\n<li>Le go\u00fbt est super fort.<\/li>\n<li>Son bourdonnement est puissant.<\/li>\n<li>Il vous donne l'impression de flotter dans les airs.<\/li>\n<li>Il produit une l\u00e9g\u00e8re sensation d'engourdissement et une d\u00e9fonce grisante et heureuse.<\/li>\n<li>Il rend les utilisateurs cr\u00e9atifs et bavards.<\/li>\n<li>Il aide \u00e0 se concentrer et \u00e0 \u00eatre productif.<\/li>\n<li>Il est utile pour les personnes qui souffrent d'anxi\u00e9t\u00e9, de fatigue, de d\u00e9pression, de stress chronique et d'agitation g\u00e9n\u00e9rale.<\/li>\n<li>Il a \u00e9galement quelques propri\u00e9t\u00e9s apaisantes mineures.<\/li>\n<\/ul>\n<h3>Comment commander Pineapple Express en ligne ?<\/h3>\n<p>Si vous souhaitez commander en ligne Pineapple Express en Allemagne, en Autriche et en Suisse, choisissez Unkrautmarkt.com. Nous emballerons votre commande en toute s\u00e9curit\u00e9 et l'enverrons \u00e0 l'endroit que vous avez indiqu\u00e9. Il n'y aura aucun retard de notre part. Connecte-toi maintenant !<\/p>","protected":false},"excerpt":{"rendered":"<p>Pineapple Express contient 20,1% de THC et peut vous faire sentir vif, \u00e9veill\u00e9 et cr\u00e9atif.<\/p>","protected":false},"featured_media":2083,"comment_status":"open","ping_status":"closed","template":"","meta":[],"product_brand":[],"product_cat":[20],"product_tag":[29,32,33,27,34,30,28,31,35,36],"class_list":{"0":"post-2082","1":"product","2":"type-product","3":"status-publish","4":"has-post-thumbnail","6":"product_cat-exotische-weed-aromen-kaufen","7":"product_tag-cannabis-kaufen","8":"product_tag-cannabis-online-kaufen","9":"product_tag-gras-bestellen","10":"product_tag-gras-kaufen","11":"product_tag-gras-online-kaufen","12":"product_tag-marihuana-kaufen","13":"product_tag-thc-kaufen","14":"product_tag-weed-kaufen","15":"product_tag-weed-online-bestellen","16":"product_tag-weed-online-kaufen","18":"first","19":"instock","20":"shipping-taxable","21":"purchasable","22":"product-type-variable"},"_links":{"self":[{"href":"https:\/\/dasgrasshop.com\/fr\/wp-json\/wp\/v2\/product\/2082","targetHints":{"allow":["GET"]}}],"collection":[{"href":"https:\/\/dasgrasshop.com\/fr\/wp-json\/wp\/v2\/product"}],"about":[{"href":"https:\/\/dasgrasshop.com\/fr\/wp-json\/wp\/v2\/types\/product"}],"replies":[{"embeddable":true,"href":"https:\/\/dasgrasshop.com\/fr\/wp-json\/wp\/v2\/comments?post=2082"}],"wp:featuredmedia":[{"embeddable":true,"href":"https:\/\/dasgrasshop.com\/fr\/wp-json\/wp\/v2\/media\/2083"}],"wp:attachment":[{"href":"https:\/\/dasgrasshop.com\/fr\/wp-json\/wp\/v2\/media?parent=2082"}],"wp:term":[{"taxonomy":"product_brand","embeddable":true,"href":"https:\/\/dasgrasshop.com\/fr\/wp-json\/wp\/v2\/product_brand?post=2082"},{"taxonomy":"product_cat","embeddable":true,"href":"https:\/\/dasgrasshop.com\/fr\/wp-json\/wp\/v2\/product_cat?post=2082"},{"taxonomy":"product_tag","embeddable":true,"href":"https:\/\/dasgrasshop.com\/fr\/wp-json\/wp\/v2\/product_tag?post=2082"}],"curies":[{"name":"wp","href":"https:\/\/api.w.org\/{rel}","templated":true}]}}