{"id":2133,"date":"2022-05-24T17:29:49","date_gmt":"2022-05-24T17:29:49","guid":{"rendered":"https:\/\/dasgrasshop.com\/?post_type=product&#038;p=2133"},"modified":"2022-06-23T17:17:38","modified_gmt":"2022-06-23T17:17:38","slug":"kaufen-sie-afghanisches-schwarzes-haschisch","status":"publish","type":"product","link":"https:\/\/dasgrasshop.com\/fr\/product\/acheter-du-haschisch-noir-afghan\/","title":{"rendered":"Acheter du haschisch noir afghan"},"content":{"rendered":"<p>Acheter du haschisch noir afghan<\/p>\n<p>L'Afghan Black Hash est une vari\u00e9t\u00e9 complexe \u00e0 dominance indica, aux effets euphorisants et relaxants. Les fleurs se d\u00e9veloppent sous forme de colas en forme de pin de jade, avec des feuilles de sucre vert fonc\u00e9, presque noires. Le profil terp\u00e9nique de la Black Afghan est un m\u00e9lange aromatique de poivre, de terre et de sauge, envelopp\u00e9 dans des baies sombres, ce qui fait allusion aux effets c\u00e9r\u00e9braux et physiques de la vari\u00e9t\u00e9. L'ivresse enivrante et exaltante de cette vari\u00e9t\u00e9 et ses effets physiques relaxants qui d\u00e9clenchent des crises de boulimie la rendent parfaite pour un apr\u00e8s-midi de farniente.<\/p>\n<p>Acheter Afghan Black Hash en ligne. Afghan Black Hash est un clone de Hash. C'est un crime mondial \u00e0 des kilom\u00e8tres \u00e0 la ronde, et ce sera une prison pour toujours. Il ne contient pas de THC, de cannabino\u00efdes synth\u00e9tiques ou de compos\u00e9s chimiques divers (comme JWH-018, JWH-073, JWH-250, AM-2209 et bien d'autres). C'est probablement le haschisch de prison le plus exceptionnel sur le march\u00e9. Nous utilisons les meilleures substances v\u00e9g\u00e9tales de qualit\u00e9 alimentaire. Il ressemble au haschisch, il ressemble au haschisch, il sent le chanvre et il a un excellent go\u00fbt. Le hasch noir afghan se distingue le plus efficacement de nos autres produits par sa couleur. Si vous ne connaissez pas nos marchandises, achetez un PC \u00e9chantillon. Tout d'abord, la livraison est gratuite. Achetez des produits suppl\u00e9mentaires de notre haschisch criminel et les frais peuvent \u00eatre moins \u00e9lev\u00e9s.<\/p>\n<p>&nbsp;<\/p>\n<p>Acheter du haschisch noir afghan en ligne - acheter du haschisch noir, <a href=\"https:\/\/dasgrasshop.com\/fr\/\">acheter<\/a> Vous haschisch noir en ligne, o\u00f9 acheter haschisch noir afghan, haschisch noir afghan \u00e0 vendre, haschisch noir \u00e0 vendre, acheter haschisch en ligne, <a href=\"https:\/\/cannahome.net\/\" target=\"_blank\" rel=\"noopener\">cannahome.net<\/a> o\u00f9 acheter du haschisch noir en ligne pour acheter du haschisch noir afghan en ligne. livraison s\u00e9curis\u00e9e de haschisch noir afghan<\/p>","protected":false},"excerpt":{"rendered":"<p>30 grammes<\/p>\n<p>Service discret\u2714 Garantie de remboursement de 100 %\u2714 Livraison avec suivi\u2714. 100 % satisfaction client\u2714. 5g gratuits parmi 5 vari\u00e9t\u00e9s diff\u00e9rentes pour le premier acheteur<\/p>","protected":false},"featured_media":2134,"comment_status":"open","ping_status":"closed","template":"","meta":[],"product_brand":[],"product_cat":[19],"product_tag":[37,38],"class_list":{"0":"post-2133","1":"product","2":"type-product","3":"status-publish","4":"has-post-thumbnail","6":"product_cat-haschisch-online-kaufen","7":"product_tag-haschisch-online-kaufen","8":"product_tag-kaufen-sie-afghanisches-schwarzes-haschisch","10":"first","11":"instock","12":"sale","13":"featured","14":"shipping-taxable","15":"purchasable","16":"product-type-simple"},"_links":{"self":[{"href":"https:\/\/dasgrasshop.com\/fr\/wp-json\/wp\/v2\/product\/2133","targetHints":{"allow":["GET"]}}],"collection":[{"href":"https:\/\/dasgrasshop.com\/fr\/wp-json\/wp\/v2\/product"}],"about":[{"href":"https:\/\/dasgrasshop.com\/fr\/wp-json\/wp\/v2\/types\/product"}],"replies":[{"embeddable":true,"href":"https:\/\/dasgrasshop.com\/fr\/wp-json\/wp\/v2\/comments?post=2133"}],"wp:featuredmedia":[{"embeddable":true,"href":"https:\/\/dasgrasshop.com\/fr\/wp-json\/wp\/v2\/media\/2134"}],"wp:attachment":[{"href":"https:\/\/dasgrasshop.com\/fr\/wp-json\/wp\/v2\/media?parent=2133"}],"wp:term":[{"taxonomy":"product_brand","embeddable":true,"href":"https:\/\/dasgrasshop.com\/fr\/wp-json\/wp\/v2\/product_brand?post=2133"},{"taxonomy":"product_cat","embeddable":true,"href":"https:\/\/dasgrasshop.com\/fr\/wp-json\/wp\/v2\/product_cat?post=2133"},{"taxonomy":"product_tag","embeddable":true,"href":"https:\/\/dasgrasshop.com\/fr\/wp-json\/wp\/v2\/product_tag?post=2133"}],"curies":[{"name":"wp","href":"https:\/\/api.w.org\/{rel}","templated":true}]}}