{"id":2135,"date":"2022-05-24T18:01:57","date_gmt":"2022-05-24T18:01:57","guid":{"rendered":"https:\/\/dasgrasshop.com\/?post_type=product&#038;p=2135"},"modified":"2022-11-25T22:07:06","modified_gmt":"2022-11-25T22:07:06","slug":"kaufe-marokkanisches-haschisch","status":"publish","type":"product","link":"https:\/\/dasgrasshop.com\/fr\/product\/acheter-du-haschisch-marocain\/","title":{"rendered":"Acheter du haschisch marocain"},"content":{"rendered":"<p>Acheter du haschisch marocain en ligne.<\/p>\n<p>&nbsp;<\/p>\n<p>Acheter du haschisch marocain en ligne La v\u00e9ritable origine du haschisch que vous pouvez commander chez nous est inconnue, mais les historiens s'accordent \u00e0 dire qu'il a \u00e9t\u00e9 introduit au Maroc pendant les conqu\u00eates islamiques, c'est-\u00e0-dire entre le 15e et le 17e si\u00e8cle. Plusieurs si\u00e8cles se sont toutefois \u00e9coul\u00e9s avant que le haschisch ne soit vendu en masse dans le monde entier, vers les ann\u00e9es 60-70, l'\u00e2ge d'or des hippies.<\/p>\n<p>Le haschisch, tel qu'il est connu ici, est g\u00e9n\u00e9ralement consomm\u00e9 avec du tabac noir roul\u00e9 en joint. Dans la r\u00e9gion du Rif, la consommation de haschisch command\u00e9 fait toutefois partie de certains rituels traditionnels. Par rapport \u00e0 d'autres r\u00e9gions du Maroc, cette r\u00e9gion a b\u00e9n\u00e9fici\u00e9 de privil\u00e8ges en mati\u00e8re de culture et d'utilisation du cannabis jusque dans les ann\u00e9es 1950.<\/p>\n<p>Aujourd'hui, des milliers de personnes gagnent leur vie dans ce pays en achetant et en vendant du haschisch en ligne. En raison des temp\u00e9ratures \u00e9lev\u00e9es, cette r\u00e9gion est id\u00e9ale pour la production de haschisch, car m\u00eame si d'autres esp\u00e8ces v\u00e9g\u00e9tales n'y survivraient pas, le climat est extr\u00eamement favorable aux plantes adventices dont on extrait le haschisch.<\/p>\n<p>&nbsp;<\/p>\n<p>acheter du haschisch marocain en ligne, ou haschisch marocain, est un produit extrait qui consiste en des pr\u00e9parations comprim\u00e9es ou purifi\u00e9es de glandes r\u00e9sineuses p\u00e9doncul\u00e9es, appel\u00e9es trichomes, provenant de la plante de cannabis. Il contient les m\u00eames principes actifs que la marijuana - comme le t\u00e9trahydrocannabinol (<a href=\"https:\/\/dasgrasshop.com\/fr\/\">THC<\/a>) et d'autres cannabino\u00efdes - mais souvent \u00e0 des concentrations plus \u00e9lev\u00e9es que les bourgeons ou les feuilles non tamis\u00e9s \u00e0 partir desquels la marijuana est produite. Le haschisch peut \u00eatre solide ou r\u00e9sineux selon le mode de pr\u00e9paration ; le haschisch press\u00e9 est g\u00e9n\u00e9ralement solide, tandis que le haschisch purifi\u00e9 \u00e0 l'eau - souvent appel\u00e9 \"bubble melt hash\" - est souvent une substance p\u00e2teuse de duret\u00e9 et de souplesse variables ; sa couleur, le plus souvent brun clair \u00e0 brun fonc\u00e9, peut varier du transparent au jaune, brun, noir ou rouge. Tout d\u00e9pend du processus et de la quantit\u00e9 de solvant restante.<\/p>\n<p>Dans ce contexte, les coutumes, les routines et les codes traditionnels du m\u00e9rite, de l'honneur, de la justice et de la m\u00e9fiance \u00e0 l'\u00e9gard de l'autorit\u00e9 ont \u00e9t\u00e9 transplant\u00e9s depuis les districts de Bruxelles, Amsterdam et Anvers, ce qui a permis \u00e0 ces communaut\u00e9s de se d\u00e9velopper de mani\u00e8re drastique. Que ce soit justifi\u00e9 ou non, les autorit\u00e9s belges et n\u00e9erlandaises caract\u00e9risaient ces communaut\u00e9s par leur \"isolement social\" et par une \"soci\u00e9t\u00e9 tribale beaucoup plus agressive\", qui les distinguait des autres communaut\u00e9s d'immigr\u00e9s.<\/p>\n<p>Acheter du haschisch marocain en ligne : Les portes anciennes en bois ou en verre r\u00e9utilis\u00e9es sont une solution \u00e9cologique pour \u00e9gayer les int\u00e9rieurs. Faites chauffer une po\u00eale en fer forg\u00e9 \u00e0 feu moyen. Lorsqu'elle gr\u00e9sille, ajoutez une cuill\u00e8re \u00e0 soupe d'huile de p\u00e9pins de raisin et faites-la tourner pour recouvrir le fond de la po\u00eale. Augmentez le volume de la pomme de terre et assaisonnez-la d'une pinc\u00e9e de sel et de poivre noir. le t\u00e9moin cl\u00e9 du proc\u00e8s Marengo, dont le fr\u00e8re personnel a \u00e9t\u00e9 assassin\u00e9 avec son avocat par l'organisation de Taghi pour avoir r\u00e9v\u00e9l\u00e9 leur vie int\u00e9rieure. La personne soup\u00e7onn\u00e9e d'avoir tu\u00e9 De Vries est en fait un parent de la personne qui a le contr\u00f4le de l'escouade de Taghi, ce qui donne aux autorit\u00e9s n\u00e9erlandaises des raisons suppl\u00e9mentaires de croire que l'organisation de Taghi est responsable du meurtre.<\/p>","protected":false},"excerpt":{"rendered":"<p>30 grammes<\/p>\n<p>Service discret\u2714 Garantie de remboursement de 100 %\u2714 Livraison avec suivi\u2714. 100 % satisfaction client\u2714. 5g gratuits parmi 5 vari\u00e9t\u00e9s diff\u00e9rentes pour le premier acheteur<\/p>","protected":false},"featured_media":2136,"comment_status":"open","ping_status":"closed","template":"","meta":[],"product_brand":[],"product_cat":[19],"product_tag":[],"class_list":{"0":"post-2135","1":"product","2":"type-product","3":"status-publish","4":"has-post-thumbnail","6":"product_cat-haschisch-online-kaufen","8":"first","9":"instock","10":"sale","11":"shipping-taxable","12":"purchasable","13":"product-type-simple"},"_links":{"self":[{"href":"https:\/\/dasgrasshop.com\/fr\/wp-json\/wp\/v2\/product\/2135","targetHints":{"allow":["GET"]}}],"collection":[{"href":"https:\/\/dasgrasshop.com\/fr\/wp-json\/wp\/v2\/product"}],"about":[{"href":"https:\/\/dasgrasshop.com\/fr\/wp-json\/wp\/v2\/types\/product"}],"replies":[{"embeddable":true,"href":"https:\/\/dasgrasshop.com\/fr\/wp-json\/wp\/v2\/comments?post=2135"}],"wp:featuredmedia":[{"embeddable":true,"href":"https:\/\/dasgrasshop.com\/fr\/wp-json\/wp\/v2\/media\/2136"}],"wp:attachment":[{"href":"https:\/\/dasgrasshop.com\/fr\/wp-json\/wp\/v2\/media?parent=2135"}],"wp:term":[{"taxonomy":"product_brand","embeddable":true,"href":"https:\/\/dasgrasshop.com\/fr\/wp-json\/wp\/v2\/product_brand?post=2135"},{"taxonomy":"product_cat","embeddable":true,"href":"https:\/\/dasgrasshop.com\/fr\/wp-json\/wp\/v2\/product_cat?post=2135"},{"taxonomy":"product_tag","embeddable":true,"href":"https:\/\/dasgrasshop.com\/fr\/wp-json\/wp\/v2\/product_tag?post=2135"}],"curies":[{"name":"wp","href":"https:\/\/api.w.org\/{rel}","templated":true}]}}