{"id":25,"date":"2019-06-25T20:28:53","date_gmt":"2019-06-25T20:28:53","guid":{"rendered":"https:\/\/cannaverde.progressionstudios.com\/?page_id=25"},"modified":"2022-03-08T21:25:50","modified_gmt":"2022-03-08T21:25:50","slug":"rueckgabe-und-garantie","status":"publish","type":"page","link":"https:\/\/dasgrasshop.com\/hr\/rueckgabe-und-garantie\/","title":{"rendered":"R\u00fcckgabe und Garantie"},"content":{"rendered":"<div data-elementor-type=\"wp-post\" data-elementor-id=\"25\" class=\"elementor elementor-25\">\n\t\t\t\t\t\t\t\t\t<section class=\"elementor-section elementor-top-section elementor-element elementor-element-4dc5b985 elementor-section-stretched elementor-section-boxed elementor-section-height-default elementor-section-height-default\" data-id=\"4dc5b985\" data-element_type=\"section\" data-settings=\"{&quot;stretch_section&quot;:&quot;section-stretched&quot;,&quot;background_background&quot;:&quot;classic&quot;}\">\n\t\t\t\t\t\t<div class=\"elementor-container elementor-column-gap-default\">\n\t\t\t\t\t<div class=\"elementor-column elementor-col-50 elementor-top-column elementor-element elementor-element-32b618a9\" data-id=\"32b618a9\" data-element_type=\"column\">\n\t\t\t<div class=\"elementor-widget-wrap elementor-element-populated\">\n\t\t\t\t\t\t\t\t<section class=\"elementor-section elementor-inner-section elementor-element elementor-element-46fc1ce6 elementor-section-boxed elementor-section-height-default elementor-section-height-default\" data-id=\"46fc1ce6\" data-element_type=\"section\" data-settings=\"{&quot;background_background&quot;:&quot;classic&quot;}\">\n\t\t\t\t\t\t<div class=\"elementor-container elementor-column-gap-default\">\n\t\t\t\t\t<div class=\"elementor-column elementor-col-100 elementor-inner-column elementor-element elementor-element-580d993\" data-id=\"580d993\" data-element_type=\"column\">\n\t\t\t<div class=\"elementor-widget-wrap elementor-element-populated\">\n\t\t\t\t\t\t\t\t<div class=\"elementor-element elementor-element-7faea84 elementor-widget elementor-widget-heading\" data-id=\"7faea84\" data-element_type=\"widget\" data-widget_type=\"heading.default\">\n\t\t\t\t<div class=\"elementor-widget-container\">\n\t\t\t<style>\/*! elementor - v3.6.5 - 27-04-2022 *\/\n.elementor-heading-title{padding:0;margin:0;line-height:1}.elementor-widget-heading .elementor-heading-title[class*=elementor-size-]>a{color:inherit;font-size:inherit;line-height:inherit}.elementor-widget-heading .elementor-heading-title.elementor-size-small{font-size:15px}.elementor-widget-heading .elementor-heading-title.elementor-size-medium{font-size:19px}.elementor-widget-heading .elementor-heading-title.elementor-size-large{font-size:29px}.elementor-widget-heading .elementor-heading-title.elementor-size-xl{font-size:39px}.elementor-widget-heading .elementor-heading-title.elementor-size-xxl{font-size:59px}<\/style><h2 class=\"elementor-heading-title elementor-size-default\">Gras kaufen online R\u00fcckgabe und Garantie<\/h2>\t\t<\/div>\n\t\t\t\t<\/div>\n\t\t\t\t\t<\/div>\n\t\t<\/div>\n\t\t\t\t\t\t\t<\/div>\n\t\t<\/section>\n\t\t\t\t<div class=\"elementor-element elementor-element-5f650280 elementor-widget elementor-widget-text-editor\" data-id=\"5f650280\" data-element_type=\"widget\" data-widget_type=\"text-editor.default\">\n\t\t\t\t<div class=\"elementor-widget-container\">\n\t\t\t<style>\/*! elementor - v3.6.5 - 27-04-2022 *\/\n.elementor-widget-text-editor.elementor-drop-cap-view-stacked .elementor-drop-cap{background-color:#818a91;color:#fff}.elementor-widget-text-editor.elementor-drop-cap-view-framed .elementor-drop-cap{color:#818a91;border:3px solid;background-color:transparent}.elementor-widget-text-editor:not(.elementor-drop-cap-view-default) .elementor-drop-cap{margin-top:8px}.elementor-widget-text-editor:not(.elementor-drop-cap-view-default) .elementor-drop-cap-letter{width:1em;height:1em}.elementor-widget-text-editor .elementor-drop-cap{float:left;text-align:center;line-height:1;font-size:50px}.elementor-widget-text-editor .elementor-drop-cap-letter{display:inline-block}<\/style>\t\t\t\t<p>R\u00fcckgaberecht<br \/>Falls das Produkt nicht Ihren Erwartungen entspricht, k\u00f6nnen Sie es an uns zur\u00fccksenden. Bitte f\u00fcgen Sie eine Notiz mit Ihrer Bestellnummer und dem Grund f\u00fcr die R\u00fccksendung hinzu. Geben Sie au\u00dferdem Ihre internationale Bankverbindung (einschlie\u00dflich IBAN und BIC) oder Ihre Adresse an, damit wir Ihnen den Betrag erstatten k\u00f6nnen. Sie m\u00fcssen das Produkt innerhalb von drei Tagen nach Erhalt zur\u00fccksenden, wenn Sie Anspruch auf eine R\u00fcckerstattung haben wollen. Zur\u00fcckgesandte Produkte m\u00fcssen in der Originalverpackung verpackt sein und d\u00fcrfen nicht benutzt werden.<br \/>R\u00fcckgabe und Garantie<\/p>\t\t\t\t\t\t<\/div>\n\t\t\t\t<\/div>\n\t\t\t\t\t<\/div>\n\t\t<\/div>\n\t\t\t\t<div class=\"elementor-column elementor-col-50 elementor-top-column elementor-element elementor-element-686c4a89\" data-id=\"686c4a89\" data-element_type=\"column\">\n\t\t\t<div class=\"elementor-widget-wrap\">\n\t\t\t\t\t\t\t\t\t<\/div>\n\t\t<\/div>\n\t\t\t\t\t\t\t<\/div>\n\t\t<\/section>\n\t\t\t\t\t\t\t<\/div>","protected":false},"excerpt":{"rendered":"<p>Gras kaufen online R\u00fcckgabe und Garantie R\u00fcckgaberecht Falls das Produkt nicht Ihren Erwartungen entspricht, k\u00f6nnen Sie es an uns zur\u00fccksenden. Bitte f\u00fcgen Sie eine Notiz mit Ihrer Bestellnummer und dem Grund f\u00fcr die R\u00fccksendung hinzu. Geben Sie au\u00dferdem Ihre internationale Bankverbindung (einschlie\u00dflich IBAN und BIC) oder Ihre Adresse an, damit wir Ihnen den Betrag erstatten [&hellip;]<\/p>","protected":false},"author":1,"featured_media":0,"parent":0,"menu_order":0,"comment_status":"closed","ping_status":"closed","template":"","meta":{"footnotes":""},"class_list":["post-25","page","type-page","status-publish","hentry"],"_hostinger_reach_plugin_has_subscription_block":false,"_hostinger_reach_plugin_is_elementor":false,"_links":{"self":[{"href":"https:\/\/dasgrasshop.com\/hr\/wp-json\/wp\/v2\/pages\/25","targetHints":{"allow":["GET"]}}],"collection":[{"href":"https:\/\/dasgrasshop.com\/hr\/wp-json\/wp\/v2\/pages"}],"about":[{"href":"https:\/\/dasgrasshop.com\/hr\/wp-json\/wp\/v2\/types\/page"}],"author":[{"embeddable":true,"href":"https:\/\/dasgrasshop.com\/hr\/wp-json\/wp\/v2\/users\/1"}],"replies":[{"embeddable":true,"href":"https:\/\/dasgrasshop.com\/hr\/wp-json\/wp\/v2\/comments?post=25"}],"version-history":[{"count":5,"href":"https:\/\/dasgrasshop.com\/hr\/wp-json\/wp\/v2\/pages\/25\/revisions"}],"predecessor-version":[{"id":2090,"href":"https:\/\/dasgrasshop.com\/hr\/wp-json\/wp\/v2\/pages\/25\/revisions\/2090"}],"wp:attachment":[{"href":"https:\/\/dasgrasshop.com\/hr\/wp-json\/wp\/v2\/media?parent=25"}],"curies":[{"name":"wp","href":"https:\/\/api.w.org\/{rel}","templated":true}]}}