{"id":2035,"date":"2022-03-07T14:16:35","date_gmt":"2022-03-07T14:16:35","guid":{"rendered":"https:\/\/dasgrasshop.com\/?post_type=product&#038;p=2035"},"modified":"2022-06-14T18:16:40","modified_gmt":"2022-06-14T18:16:40","slug":"blue-dream","status":"publish","type":"product","link":"https:\/\/dasgrasshop.com\/hr\/product\/blue-dream\/","title":{"rendered":"Blue Dream"},"content":{"rendered":"<p>Kaufen blauer Traum Marihuana Online. Blue Dream ist eine sativadominante Hybridkreuzung aus Haze und Blueberry. Sie hat einen der begehrtesten vollmundigen Geschmacksrichtungen aller Sorten. Der Duft von Blue Dream ist s\u00fc\u00df, pikant und belebend f\u00fcr die Sinne. Sie hat dichte, popcornartige Knospen, die im Licht blau schimmern und die Landschaft aus Trichomen und orangefarbenen Haaren erg\u00e4nzen.<\/p>\n<p>Blue Dream Marihuana erzeugt einen hervorragend schmeckenden Rausch, der ebenso lange anh\u00e4lt wie er ausgewogen ist. Es ist eine gro\u00dfartige Sorte f\u00fcr den Tag. Beim Inhalieren kann man Blue Dream sofort sp\u00fcren. Die Wirkung schleicht sich ziemlich schnell ein und erzeugt ein energiegeladenes und konzentriertes High. Berichten zufolge bl\u00fcht die Kreativit\u00e4t mit dieser Sorte, was sie zu einem Favoriten unter k\u00fcnstlerischen Cannabiskonsumenten macht.<\/p>","protected":false},"excerpt":{"rendered":"<p>Kaufen blauer Traum Marihuana Online. Blue Dream ist eine sativadominante Hybridkreuzung aus Haze und Blueberry. Sie hat einen der begehrtesten vollmundigen Geschmacksrichtungen aller Sorten. Der Duft von Blue Dream ist s\u00fc\u00df, pikant und belebend f\u00fcr die Sinne. Sie hat dichte, popcornartige Knospen, die im Licht blau schimmern und die Landschaft aus Trichomen und orangefarbenen Haaren [&hellip;]<\/p>","protected":false},"featured_media":2044,"comment_status":"open","ping_status":"closed","template":"","meta":[],"product_brand":[],"product_cat":[20],"product_tag":[29,32,33,27,34,30,28,31,35,36],"class_list":{"0":"post-2035","1":"product","2":"type-product","3":"status-publish","4":"has-post-thumbnail","6":"product_cat-exotische-weed-aromen-kaufen","7":"product_tag-cannabis-kaufen","8":"product_tag-cannabis-online-kaufen","9":"product_tag-gras-bestellen","10":"product_tag-gras-kaufen","11":"product_tag-gras-online-kaufen","12":"product_tag-marihuana-kaufen","13":"product_tag-thc-kaufen","14":"product_tag-weed-kaufen","15":"product_tag-weed-online-bestellen","16":"product_tag-weed-online-kaufen","18":"first","19":"instock","20":"shipping-taxable","21":"purchasable","22":"product-type-variable"},"_links":{"self":[{"href":"https:\/\/dasgrasshop.com\/hr\/wp-json\/wp\/v2\/product\/2035","targetHints":{"allow":["GET"]}}],"collection":[{"href":"https:\/\/dasgrasshop.com\/hr\/wp-json\/wp\/v2\/product"}],"about":[{"href":"https:\/\/dasgrasshop.com\/hr\/wp-json\/wp\/v2\/types\/product"}],"replies":[{"embeddable":true,"href":"https:\/\/dasgrasshop.com\/hr\/wp-json\/wp\/v2\/comments?post=2035"}],"wp:featuredmedia":[{"embeddable":true,"href":"https:\/\/dasgrasshop.com\/hr\/wp-json\/wp\/v2\/media\/2044"}],"wp:attachment":[{"href":"https:\/\/dasgrasshop.com\/hr\/wp-json\/wp\/v2\/media?parent=2035"}],"wp:term":[{"taxonomy":"product_brand","embeddable":true,"href":"https:\/\/dasgrasshop.com\/hr\/wp-json\/wp\/v2\/product_brand?post=2035"},{"taxonomy":"product_cat","embeddable":true,"href":"https:\/\/dasgrasshop.com\/hr\/wp-json\/wp\/v2\/product_cat?post=2035"},{"taxonomy":"product_tag","embeddable":true,"href":"https:\/\/dasgrasshop.com\/hr\/wp-json\/wp\/v2\/product_tag?post=2035"}],"curies":[{"name":"wp","href":"https:\/\/api.w.org\/{rel}","templated":true}]}}