{"id":2133,"date":"2022-05-24T17:29:49","date_gmt":"2022-05-24T17:29:49","guid":{"rendered":"https:\/\/dasgrasshop.com\/?post_type=product&#038;p=2133"},"modified":"2022-06-23T17:17:38","modified_gmt":"2022-06-23T17:17:38","slug":"kaufen-sie-afghanisches-schwarzes-haschisch","status":"publish","type":"product","link":"https:\/\/dasgrasshop.com\/hr\/product\/kaufen-sie-afghanisches-schwarzes-haschisch\/","title":{"rendered":"Kaufen Sie afghanisches schwarzes Haschisch"},"content":{"rendered":"<p>Kaufen Sie afghanisches schwarzes Haschisch<\/p>\n<p>Afghan Black Hash ist eine komplexe indicadominierte Sorte mit euphorischer und entspannender Wirkung. Die Bl\u00fcten entwickeln sich als jade-, kiefernbaumf\u00f6rmige Colas mit dunkelgr\u00fcnen, fast schwarzen Zuckerbl\u00e4ttern. Das Terpenprofil von Black Afghan ist eine aromatische Mischung aus Pfeffer, Erde und Salbei, eingeh\u00fcllt in dunkle Beeren, was auf die zerebralen und k\u00f6rperlichen Wirkungen der Sorte anspielt. Der berauschende, erhebende Rausch dieser Sorte und die entspannenden, Fressanf\u00e4lle ausl\u00f6senden k\u00f6rperlichen Effekte machen sie perfekt f\u00fcr einen faulen Nachmittag.<\/p>\n<p>Kaufen Sie Afghan Black Hash online. Afghan Black Hash ist ein Hash-Klon. Es ist ein meilenweites weltweites Verbrechen, und es wird f\u00fcr immer ein Gef\u00e4ngnis sein. Es enth\u00e4lt kein THC, synthetische Cannabinoide oder verschiedene chemische Verbindungen (wie JWH-018, JWH-073, JWH-250, AM-2209 und viele andere mehr). Es ist wahrscheinlich das au\u00dfergew\u00f6hnlichste Gef\u00e4ngnis-Haschisch auf dem Markt. Wir verwenden die besten pflanzlichen Substanzen in Lebensmittelqualit\u00e4t. Es sieht aus wie Haschisch, es sieht aus wie Haschisch, es riecht nach Hanf und es hat einen ausgezeichneten Geschmack. Afghanisches schwarzes Hasch unterscheidet sich am effektivsten von unseren anderen Produkten durch die Farbe. Wenn Sie unsere Waren nicht kennen, kaufen Sie einen Muster-PC. Erstens ist der Versand kostenlos. Kaufen Sie zus\u00e4tzliche unserer kriminellen Haschwaren und die Geb\u00fchr kann niedriger sein.<\/p>\n<p>&nbsp;<\/p>\n<p>Kaufen Sie afghanisches schwarzes Haschisch online &#8211; kaufen Sie schwarzes Haschisch, <a href=\"https:\/\/dasgrasshop.com\/hr\/\">kaufen<\/a> Sie schwarzes Haschisch online, wo kaufen Sie afghanisches schwarzes Haschisch, afghanisches schwarzes Haschisch zu verkaufen, schwarzes Haschisch zu verkaufen, kaufen Sie Haschisch online, <a href=\"https:\/\/cannahome.net\/\" target=\"_blank\" rel=\"noopener\">cannahome.net<\/a> wo kaufen Sie schwarzes Haschisch online, um afghanisches schwarzes Haschisch zu kaufen online. sichere lieferung afghanisches schwarzes hasch<\/p>","protected":false},"excerpt":{"rendered":"<p>30 Gramm<\/p>\n<p>Diskreter Service\u2714 100 % Geld-zur\u00fcck-Garantie\u2714 Lieferung mit Sendungsverfolgung\u2714. 100 % Kundenzufriedenheit\u2714. Gratis 5g von 5 verschiedenen Sorten f\u00fcr Erstk\u00e4ufer<\/p>","protected":false},"featured_media":2134,"comment_status":"open","ping_status":"closed","template":"","meta":[],"product_brand":[],"product_cat":[19],"product_tag":[37,38],"class_list":{"0":"post-2133","1":"product","2":"type-product","3":"status-publish","4":"has-post-thumbnail","6":"product_cat-haschisch-online-kaufen","7":"product_tag-haschisch-online-kaufen","8":"product_tag-kaufen-sie-afghanisches-schwarzes-haschisch","10":"first","11":"instock","12":"sale","13":"featured","14":"shipping-taxable","15":"purchasable","16":"product-type-simple"},"_links":{"self":[{"href":"https:\/\/dasgrasshop.com\/hr\/wp-json\/wp\/v2\/product\/2133","targetHints":{"allow":["GET"]}}],"collection":[{"href":"https:\/\/dasgrasshop.com\/hr\/wp-json\/wp\/v2\/product"}],"about":[{"href":"https:\/\/dasgrasshop.com\/hr\/wp-json\/wp\/v2\/types\/product"}],"replies":[{"embeddable":true,"href":"https:\/\/dasgrasshop.com\/hr\/wp-json\/wp\/v2\/comments?post=2133"}],"wp:featuredmedia":[{"embeddable":true,"href":"https:\/\/dasgrasshop.com\/hr\/wp-json\/wp\/v2\/media\/2134"}],"wp:attachment":[{"href":"https:\/\/dasgrasshop.com\/hr\/wp-json\/wp\/v2\/media?parent=2133"}],"wp:term":[{"taxonomy":"product_brand","embeddable":true,"href":"https:\/\/dasgrasshop.com\/hr\/wp-json\/wp\/v2\/product_brand?post=2133"},{"taxonomy":"product_cat","embeddable":true,"href":"https:\/\/dasgrasshop.com\/hr\/wp-json\/wp\/v2\/product_cat?post=2133"},{"taxonomy":"product_tag","embeddable":true,"href":"https:\/\/dasgrasshop.com\/hr\/wp-json\/wp\/v2\/product_tag?post=2133"}],"curies":[{"name":"wp","href":"https:\/\/api.w.org\/{rel}","templated":true}]}}