{"id":2007,"date":"2022-03-07T12:44:42","date_gmt":"2022-03-07T12:44:42","guid":{"rendered":"https:\/\/dasgrasshop.com\/?post_type=product&#038;p=2007"},"modified":"2022-07-10T12:31:21","modified_gmt":"2022-07-10T12:31:21","slug":"gelato-weed","status":"publish","type":"product","link":"https:\/\/dasgrasshop.com\/hu\/product\/zselatinfu\/","title":{"rendered":"Gelato Weed"},"content":{"rendered":"<p><span style=\"vertical-align: inherit;\"><span style=\"vertical-align: inherit;\">Gelato Weed Strain megv\u00e1s\u00e1rl\u00e1sa - Kiv\u00e1l\u00f3 min\u0151s\u00e9g\u0171 egzotikus f\u0171<\/span><\/span><\/p>\n<p><span style=\"vertical-align: inherit;\"><span style=\"vertical-align: inherit;\">Egy \u00fajabb kiv\u00e1l\u00f3 t\u00f6rzs a <\/span><\/span><a href=\"https:\/\/dasgrasshop.com\/hu\/\"><span style=\"vertical-align: inherit;\"><span style=\"vertical-align: inherit;\">Grasherr.com<\/span><\/span><\/a><span style=\"vertical-align: inherit;\"><span style=\"vertical-align: inherit;\"> ! <\/span><span style=\"vertical-align: inherit;\">A Gelato weed a Thin Mint Girl Scout Cookies X Sunset Sherbet, k\u00e9t hihetetlen\u00fcl finom arom\u00e1juk \u00e9s \u00edz\u00fck miatt n\u00e9pszer\u0171 t\u00f6rzs keresztez\u00e9s\u00e9b\u0151l sz\u00fcletett. <\/span><span style=\"vertical-align: inherit;\">A Gelato t\u00f6rzs arom\u00e1i \u00e9s \u00edzei f\u00f6ldes, \u00e9des, ment\u00e1s, citrusos, bogy\u00f3s, t\u00f6lgyes, s\u00f6rbet, narancsos, levendul\u00e1s \u00e9s s\u00fctem\u00e9nyes. <\/span><span style=\"vertical-align: inherit;\">A Gelato n\u00f6v\u00e9ny r\u00f6vid \u00e9s z\u00f6m\u00f6k. <\/span><span style=\"vertical-align: inherit;\">Levelei erd\u0151z\u00f6ld sz\u00edn\u0171ek, s\u00f6t\u00e9tlila \u00e1rnyalatokkal. <\/span><span style=\"vertical-align: inherit;\">A Gelato weed sz\u00e1rr\u00fcgyek s\u00f6t\u00e9tlila sz\u00edn\u0171ek, \u00e9s \u00e9l\u00e9nk narancss\u00e1rga vir\u00e1gporral vannak ell\u00e1tva. <\/span><span style=\"vertical-align: inherit;\">R\u00fcgyei ragad\u00f3sak, \u00e1tlagos trichomakrist\u00e1ly-bor\u00edt\u00e1ssal.<\/span><\/span><\/p>\n<p><span style=\"vertical-align: inherit;\"><span style=\"vertical-align: inherit;\">A Gelato marihu\u00e1nafajta magas THC-szint\u0171, 15 \u00e9s 25% k\u00f6z\u00f6tt mozog, \u00edgy meglehet\u0151sen er\u0151s fajta. <\/span><span style=\"vertical-align: inherit;\">A THC design hibrid hat\u00e1sa kiegyens\u00falyozott - az \u00e9l\u00e9nk\u00edt\u00e9s \u00e9s a relax\u00e1ci\u00f3 \u00e9rdekes kever\u00e9ke. <\/span><span style=\"vertical-align: inherit;\">Ha egy fizikai indica high-ra v\u00e1gysz, tiszta sativa hat\u00e1ssal, amely el\u00e9g akt\u00edv ahhoz, hogy \u00e9lvezd a t\u00f6rzs hat\u00e1sait, akkor ez a t\u00f6rzs neked val\u00f3. <\/span><span style=\"vertical-align: inherit;\">A hat\u00e1s gyorsan, magas \u00e9s intenz\u00edv euf\u00f3ri\u00e1val kezd\u0151dik. <\/span><span style=\"vertical-align: inherit;\">A fejmagass\u00e1g, amit ny\u00fajt, boldog\u00edt\u00f3 \u00e9s felemel\u0151. <\/span><span style=\"vertical-align: inherit;\">A k\u00fasz\u00f3 testmagass\u00e1g fokozatosan eluralkodik, am\u00edg teljesen ellazultnak \u00e9s nyugodtnak nem \u00e9rzi mag\u00e1t, de el\u00e9g energi\u00e1ja \u00e9s \u00f6sszpontos\u00edt\u00e1sa van ahhoz, hogy pozit\u00edv \u00e9s szoci\u00e1lis maradjon.<\/span><\/span><\/p>\n<p><span style=\"vertical-align: inherit;\"><span style=\"vertical-align: inherit;\">V\u00e1s\u00e1rl\u00e1s gelato 45 UK, gelato #45 vs 33 is v\u00e1s\u00e1rolni gelato 45 allbud, gelato 41 t\u00f6rzs, gelato #45 hozam, gelato 45 t\u00f6rzs smart cart, gelato 45 vs 33, gelato 45 t\u00f6rzs indica vagy sativa, gelati vs gelato t\u00f6rzs, gelato t\u00f6rzs 45, c\u00e1pa gelato t\u00f6rzs, gelato 41 t\u00f6rzs, esk\u00fcv\u0151i torta t\u00f6rzs, \u00e1fonya gelato t\u00f6rzs, citromos gelato t\u00f6rzs, cannabis<\/span><\/span><\/p>\n<p><span style=\"vertical-align: inherit;\"><span style=\"vertical-align: inherit;\">A Gelato Weed hibrid t\u00f6rzs haszn\u00e1lat\u00e1nak orvosi el\u0151nyei<\/span><\/span><br \/>\n<span style=\"vertical-align: inherit;\"><span style=\"vertical-align: inherit;\">A Gelato enyhe agyi hat\u00e1sa \u00e9s a fizikai relax\u00e1ci\u00f3 egy\u00fcttesen teszi n\u00e9pszer\u0171v\u00e9 a szorong\u00e1s \u00e9s a kr\u00f3nikus stressz kezel\u00e9s\u00e9re. <\/span><span style=\"vertical-align: inherit;\">A gelato olyan agyi energi\u00e1t biztos\u00edt, amely seg\u00edt enyh\u00edteni a kr\u00f3nikus depresszi\u00f3t. <\/span><span style=\"vertical-align: inherit;\">Ez a stimul\u00e1ci\u00f3 seg\u00edthet az olyan figyelemzavaros betegek kezel\u00e9s\u00e9ben is, mint az ADHD \u00e9s az ADD. <\/span><span style=\"vertical-align: inherit;\">Az indica komponens ellaz\u00edtja a testet, hogy elnyomja a hiperaktivit\u00e1st, m\u00edg a sativa komponens a tart\u00f3s \u00f6sszpontos\u00edt\u00e1shoz sz\u00fcks\u00e9ges stimul\u00e1ci\u00f3t biztos\u00edtja. <\/span><span style=\"vertical-align: inherit;\">A gelato t\u00f6rzs seg\u00edt az \u00e9melyg\u00e9s ellen cs\u00e1b\u00edt\u00f3 \u00edz\u00e9nek \u00e9s illat\u00e1nak k\u00f6sz\u00f6nhet\u0151en; <\/span><span style=\"vertical-align: inherit;\">Ez a zsel\u00e9s kannabiszt\u00f6rzs seg\u00edti az \u00e9tv\u00e1gyat olyan betegekn\u00e9l is, akikn\u00e9l a r\u00e1k vagy az autoimmun betegs\u00e9gek kemoter\u00e1pi\u00e1ja miatt \u00e9melyg\u00e9s jelentkezik.<\/span><\/span><\/p>\n<p><span style=\"vertical-align: inherit;\"><span style=\"vertical-align: inherit;\">A Gelato 45 marihu\u00e1na t\u00f6rzs hat\u00e1sai <\/span><\/span><br \/>\n<span style=\"vertical-align: inherit;\"><span style=\"vertical-align: inherit;\">Boldog <\/span><\/span><br \/>\n<span style=\"vertical-align: inherit;\"><span style=\"vertical-align: inherit;\">Euf\u00f3rikus <\/span><\/span><br \/>\n<span style=\"vertical-align: inherit;\"><span style=\"vertical-align: inherit;\">Laza <\/span><\/span><br \/>\n<span style=\"vertical-align: inherit;\"><span style=\"vertical-align: inherit;\">Felvid\u00e1mult <\/span><\/span><br \/>\n<span style=\"vertical-align: inherit;\"><span style=\"vertical-align: inherit;\">Kreat\u00edv <\/span><\/span><br \/>\n<span style=\"vertical-align: inherit;\"><span style=\"vertical-align: inherit;\">Besorol\u00e1s: 55% Indica\/45% Sativa<\/span><\/span><\/p>\n<p><span style=\"vertical-align: inherit;\"><span style=\"vertical-align: inherit;\">Sz\u00e1rmaz\u00e1si vonal: Thin Mint Girl Scout Cookies X Sunset Sherbet<\/span><\/span><\/p>\n<p><span style=\"vertical-align: inherit;\"><span style=\"vertical-align: inherit;\">Vir\u00e1gz\u00e1si id\u0151: 8 - 9 h\u00e9t<\/span><\/span><\/p>\n<p><span style=\"vertical-align: inherit;\"><span style=\"vertical-align: inherit;\">Termeszt\u00e9si felt\u00e9telek: Belt\u00e9ri \/ k\u00fclt\u00e9ri<\/span><\/span><\/p>\n<p><span style=\"vertical-align: inherit;\"><span style=\"vertical-align: inherit;\">Term\u00e9shozam: \u00c1tlagos vagy magas<\/span><\/span><\/p>\n<p>&nbsp;<\/p>\n<p><span style=\"vertical-align: inherit;\"><span style=\"vertical-align: inherit;\">V\u00e1s\u00e1rl\u00e1s gelato 45 N\u00e9metorsz\u00e1g, hol lehet v\u00e1s\u00e1rolni gelato #45 vs 33, gelato 45 minden r\u00fcgy elad\u00f3, gelato 41 t\u00f6rzs, gelato #45 hozam, gelato 45 t\u00f6rzs smart cart, gelato 45 vs 33, gelato 45 t\u00f6rzs indica vagy sativa, gelati vs gelato t\u00f6rzs, gelato t\u00f6rzs 45, akkor is v\u00e1s\u00e1rolni c\u00e1pa gelato t\u00f6rzs, gelato 41 t\u00f6rzs, esk\u00fcv\u0151i torta t\u00f6rzs, \u00e1fonya gelato t\u00f6rzs, s\u00f6rbet t\u00f6rzs, citromos zselato t\u00f6rzs Lehet v\u00e1s\u00e1rolni gelato <\/span><\/span><a href=\"https:\/\/hempbudswholesale.com\/\" target=\"_blank\" rel=\"noopener\"><span style=\"vertical-align: inherit;\"><span style=\"vertical-align: inherit;\">CBD<\/span><\/span><\/a><span style=\"vertical-align: inherit;\"><span style=\"vertical-align: inherit;\"> kender r\u00fcgyek<\/span><\/span><\/p>","protected":false},"excerpt":{"rendered":"<p>A Gelato Weed a Sunset Sherbert l\u00e1gy \u00e9s gy\u00fcm\u00f6lcs\u00f6s vonzerej\u00e9t a Thin Mints f\u00f6ldes, gy\u00f3gyn\u00f6v\u00e9nyes finoms\u00e1g\u00e1val \u00f6tv\u00f6zi. A korl\u00e1tozott el\u00e9rhet\u0151s\u00e9ggel, mer\u00e9sz megjelen\u00e9ssel \u00e9s \u00edzzel rendelkez\u0151 t\u00f6rzs a nyugati parti k\u00e9zm\u0171ves hibridek felt\u00f6rekv\u0151 kateg\u00f3ri\u00e1j\u00e1ba tartozik, amelyek az \u00edzekre \u00f6sszpontos\u00edtanak. A Gelato sz\u00e1mos k\u00edv\u00e1natos tulajdons\u00e1got hordoz er\u0151sen keresztezett sz\u00e1rmaz\u00e1s\u00e1b\u00f3l, \u00e9s leny\u0171g\u00f6z\u0151 megjelen\u00e9s\u00e9vel \u00e9s \u00edz\u00e9vel. A trippy, de pihentet\u0151 hangulata t\u00f6k\u00e9letes v\u00e1laszt\u00e1s az egy\u00e9ni \u00f6nvizsg\u00e1lathoz vagy a t\u00e1rsas\u00e1gi \u00f6sszej\u00f6vetelekhez.<\/p>","protected":false},"featured_media":2012,"comment_status":"open","ping_status":"closed","template":"","meta":[],"product_brand":[],"product_cat":[20],"product_tag":[29,32,33,27,34,30,28,31,35,36],"class_list":{"0":"post-2007","1":"product","2":"type-product","3":"status-publish","4":"has-post-thumbnail","6":"product_cat-exotische-weed-aromen-kaufen","7":"product_tag-cannabis-kaufen","8":"product_tag-cannabis-online-kaufen","9":"product_tag-gras-bestellen","10":"product_tag-gras-kaufen","11":"product_tag-gras-online-kaufen","12":"product_tag-marihuana-kaufen","13":"product_tag-thc-kaufen","14":"product_tag-weed-kaufen","15":"product_tag-weed-online-bestellen","16":"product_tag-weed-online-kaufen","18":"first","19":"instock","20":"shipping-taxable","21":"purchasable","22":"product-type-variable"},"_links":{"self":[{"href":"https:\/\/dasgrasshop.com\/hu\/wp-json\/wp\/v2\/product\/2007","targetHints":{"allow":["GET"]}}],"collection":[{"href":"https:\/\/dasgrasshop.com\/hu\/wp-json\/wp\/v2\/product"}],"about":[{"href":"https:\/\/dasgrasshop.com\/hu\/wp-json\/wp\/v2\/types\/product"}],"replies":[{"embeddable":true,"href":"https:\/\/dasgrasshop.com\/hu\/wp-json\/wp\/v2\/comments?post=2007"}],"wp:featuredmedia":[{"embeddable":true,"href":"https:\/\/dasgrasshop.com\/hu\/wp-json\/wp\/v2\/media\/2012"}],"wp:attachment":[{"href":"https:\/\/dasgrasshop.com\/hu\/wp-json\/wp\/v2\/media?parent=2007"}],"wp:term":[{"taxonomy":"product_brand","embeddable":true,"href":"https:\/\/dasgrasshop.com\/hu\/wp-json\/wp\/v2\/product_brand?post=2007"},{"taxonomy":"product_cat","embeddable":true,"href":"https:\/\/dasgrasshop.com\/hu\/wp-json\/wp\/v2\/product_cat?post=2007"},{"taxonomy":"product_tag","embeddable":true,"href":"https:\/\/dasgrasshop.com\/hu\/wp-json\/wp\/v2\/product_tag?post=2007"}],"curies":[{"name":"wp","href":"https:\/\/api.w.org\/{rel}","templated":true}]}}