{"id":2016,"date":"2022-03-07T13:04:46","date_gmt":"2022-03-07T13:04:46","guid":{"rendered":"https:\/\/dasgrasshop.com\/?post_type=product&#038;p=2016"},"modified":"2022-03-07T13:10:12","modified_gmt":"2022-03-07T13:10:12","slug":"sour-diesel","status":"publish","type":"product","link":"https:\/\/dasgrasshop.com\/hu\/product\/savanyu-dizel\/","title":{"rendered":"Sour Diesel"},"content":{"rendered":"<p>Sour Diesel online v\u00e1s\u00e1rl\u00e1sa<br \/>\nA Sour Diesel minden id\u0151k egyik legt\u00f6bbet f\u00fcst\u00f6lt sativa fajt\u00e1ja. Ha m\u00e9g nem hallott\u00e1l err\u0151l a fajt\u00e1r\u00f3l, akkor val\u00f3sz\u00edn\u0171leg egy afganiszt\u00e1ni barlangban \u00e9lsz, vagy valaki, akit ismersz, m\u00e1r kipr\u00f3b\u00e1lta (\u00e9s val\u00f3sz\u00edn\u0171leg im\u00e1dja). A Sour Diesel pontos sz\u00e1rmaz\u00e1sa bonyolult \u00e9s nagyon rosszul dokument\u00e1lt, mint a legt\u00f6bb r\u00e9gebbi fajta eset\u00e9ben.<\/p>\n<p>Egyesek \u00fagy v\u00e9lik, hogy a Sour Diesel t\u00f6rzs egyszer\u0171en a Chemdawg egy fenot\u00edpus\u00e1b\u00f3l sz\u00e1rmazik, amely kiss\u00e9 elt\u00e9r\u0151 \u00e9s ink\u00e1bb a szativa oldal\u00e1t k\u00e9pviseli az egyenletnek. A legn\u00e9pszer\u0171bb sz\u00e1rmaz\u00e1selm\u00e9let szerint az eredeti Diesel a (Chemdawg x Super Skunk x Northern Lights) keresztez\u00e9s\u00e9nek eredm\u00e9nye. Ezt a f\u0151k\u00e9nt sativa hibridet (90% Sativa, 10% Indica) gyakran \"Sour D\"-k\u00e9nt emlegetik, \u00e9s egyedi nev\u00e9t a szinte d\u00edzel \u00e9s citrusos szag\u00e1r\u00f3l kapta, amit \u00e1raszt.<\/p>\n<p>Tudom\u00e1som szerint a Sour Diesel csak kl\u00f3nok form\u00e1j\u00e1ban l\u00e9tezik, \u00e9s gyakran neh\u00e9z megtal\u00e1lni. Az igazi Sour Diesel ritkas\u00e1ga miatt sz\u00e1mos hibrid l\u00e9tezik, amelyek megpr\u00f3b\u00e1lt\u00e1k ut\u00e1nozni az igazi Sour Diesel High-t. N\u00e9h\u00e1nyan nagyon k\u00f6zel j\u00e1rnak hozz\u00e1, de semmi sem hasonl\u00edthat\u00f3 az igazi Sour Dieselhez.<\/p>\n<p>A Sour Diesel megjelen\u00e9se \u00e9s szaga<br \/>\nA Sour Diesel magas, karcs\u00fa n\u00f6v\u00e9ny, amely belt\u00e9ri \u00e9s k\u00fclt\u00e9ri kertekbe egyar\u00e1nt alkalmas. Lombja a vir\u00e1gz\u00e1s utols\u00f3 heteiben szinte lila sz\u00edn\u0171re s\u00f6t\u00e9tedik. A r\u00fcgyek \u00e1ltal\u00e1ban r\u00f3zsasz\u00edn\u0171 vagy vil\u00e1gos narancss\u00e1rga sz\u00edn\u0171 dugv\u00e1nyokkal rendelkeznek, a vir\u00e1gzat pedig laza \u00e9s t\u00fcske alak\u00fa.<\/p>\n<p>Minden \u00e1ltalam valaha termesztett Sour D-nek volt egy nagy k\u00f3l\u00e1ja 6-9 kisebb \u00e1ggal.<\/p>\n<p>Az illat nagyon er\u0151s, szinte nyomaszt\u00f3, m\u00e9gis valahogy vonz\u00f3. Ez az\u00e9rt van, mert ennek a t\u00f6rzsnek van egy hat\u00e1rozott, cs\u00edp\u0151s, f\u0171szer\u0171, citrusos d\u00edzel illata, amely egy izgalmas energiakit\u00f6r\u00e9ssel j\u00e1r. Mivel domin\u00e1ns szativa vonallal rendelkezik, felt\u00e9telezhet\u0151, hogy els\u0151sorban az elm\u00e9re hat.<\/p>\n<p>A f\u00fcst<br \/>\nA t\u00f6rzs rajong\u00f3i \u00e1ltal\u00e1ban a Sour Diesel-t haszn\u00e1lj\u00e1k els\u0151 gy\u00f3gyszerk\u00e9nt egy hossz\u00fa nap kezdet\u00e9re - \u00e9bernek \u00e9s indul\u00e1shoz k\u00e9sznek \u00e9rzed magad. Mivel a Sour Diesel annyira szativa-domin\u00e1ns, szinte kiz\u00e1r\u00f3lag az agyi funkci\u00f3kra hat. Fogyaszt\u00e1sakor nem lehet kanap\u00e9z\u00e1r vagy neh\u00e9z test\u00e9rzet, ha az igazit sz\u00edvod.<\/p>\n<p>A Sour Diesel \u00edze pontosan olyan, mint az illata: klasszikus, funky \u00fczemanyag-aroma. Ez az oka annak is, hogy a Sour Diesel olyan k\u00f6nnyen kiszagolhat\u00f3 a sorb\u00f3l.<\/p>\n<p>A t\u00f6rzs az\u00e9rt olyan n\u00e9pszer\u0171, mert a hat\u00e1sa egyszer\u0171en hihetetlen, t\u00f6bb mint 20% THC-vel \u00e9s 2-3 \u00f3r\u00e1s hat\u00e1startammal. Mivel annyira szativa-domin\u00e1ns, motiv\u00e1l\u00f3, felemel\u0151 energi\u00e1val t\u00f6lti meg a testet \u00e9s k\u00fcl\u00f6n\u00f6sen az elm\u00e9t. Hat\u00e1rozott hangulatfokoz\u00f3 \u00e9s depresszi\u00f3rombol\u00f3. A j\u00f3 hangulat k\u00f6nnyed \u00e9s term\u00e9szetes \u00e9rz\u00e9s a Sour Diesel megtapasztal\u00e1sa sor\u00e1n.<\/p>\n<p>\u00d6sszesen<br \/>\nA Sour Diesel els\u00f6pr\u0151 n\u00e9pszer\u0171s\u00e9ge nem v\u00e9letlen, \u00e9s m\u00e1r nem csak a keleti part jelens\u00e9ge. A fajta a kannabisz t\u00f6rt\u00e9net\u00e9nek egyik legleny\u0171g\u00f6z\u0151bb fajt\u00e1ja. A sz\u00f3rakoztat\u00f3 dolgokat m\u00e9g sz\u00f3rakoztat\u00f3bb\u00e1 teszi; a j\u00f3 \u00e9telek \u00edz\u00e9t m\u00e9g jobb\u00e1 teszi. Hangulatjav\u00edt\u00f3k\u00e9nt egyszer\u0171en sz\u00f3rakoztat\u00f3bb\u00e1 teszi az \u00e9letet. A legh\u00e9tk\u00f6znapibb est\u00e9k is gyorsan eml\u00e9kezetess\u00e9 v\u00e1lnak a Sour Diesel seg\u00edts\u00e9g\u00e9vel. A t\u00f6rzs nem csak hangulatfokoz\u00f3, de a depresszi\u00f3 kezel\u00e9s\u00e9ben is hat\u00e1sosnak bizonyult. Szint\u00e9n szorong\u00e1s, stressz \u00e9s \u00e9tv\u00e1gytalans\u00e1g. Ez a t\u00f6rzs m\u00e9lt\u00f3 a h\u00edrnev\u00e9hez, \u00e9s mindig is a bolyg\u00f3 egyik legjobb t\u00f6rzse lesz.<\/p>","protected":false},"excerpt":{"rendered":"<p>Sour Diesel online kaufen Sour Diesel ist eine der am meisten gerauchten Sativa-Sorten aller Zeiten. Wenn Sie noch nichts von dieser Sorte geh\u00f6rt haben, leben Sie wahrscheinlich in einer H\u00f6hle in Afghanistan, oder jemand, den Sie kennen, hat sie bereits probiert (und liebt sie wahrscheinlich). Die genaue Abstammung von Sour Diesel ist kompliziert und sehr [&hellip;]<\/p>","protected":false},"featured_media":2017,"comment_status":"open","ping_status":"closed","template":"","meta":[],"product_brand":[],"product_cat":[20],"product_tag":[29,32,33,27,34,30,28,31,35,36],"class_list":{"0":"post-2016","1":"product","2":"type-product","3":"status-publish","4":"has-post-thumbnail","6":"product_cat-exotische-weed-aromen-kaufen","7":"product_tag-cannabis-kaufen","8":"product_tag-cannabis-online-kaufen","9":"product_tag-gras-bestellen","10":"product_tag-gras-kaufen","11":"product_tag-gras-online-kaufen","12":"product_tag-marihuana-kaufen","13":"product_tag-thc-kaufen","14":"product_tag-weed-kaufen","15":"product_tag-weed-online-bestellen","16":"product_tag-weed-online-kaufen","18":"first","19":"instock","20":"shipping-taxable","21":"purchasable","22":"product-type-variable"},"_links":{"self":[{"href":"https:\/\/dasgrasshop.com\/hu\/wp-json\/wp\/v2\/product\/2016","targetHints":{"allow":["GET"]}}],"collection":[{"href":"https:\/\/dasgrasshop.com\/hu\/wp-json\/wp\/v2\/product"}],"about":[{"href":"https:\/\/dasgrasshop.com\/hu\/wp-json\/wp\/v2\/types\/product"}],"replies":[{"embeddable":true,"href":"https:\/\/dasgrasshop.com\/hu\/wp-json\/wp\/v2\/comments?post=2016"}],"wp:featuredmedia":[{"embeddable":true,"href":"https:\/\/dasgrasshop.com\/hu\/wp-json\/wp\/v2\/media\/2017"}],"wp:attachment":[{"href":"https:\/\/dasgrasshop.com\/hu\/wp-json\/wp\/v2\/media?parent=2016"}],"wp:term":[{"taxonomy":"product_brand","embeddable":true,"href":"https:\/\/dasgrasshop.com\/hu\/wp-json\/wp\/v2\/product_brand?post=2016"},{"taxonomy":"product_cat","embeddable":true,"href":"https:\/\/dasgrasshop.com\/hu\/wp-json\/wp\/v2\/product_cat?post=2016"},{"taxonomy":"product_tag","embeddable":true,"href":"https:\/\/dasgrasshop.com\/hu\/wp-json\/wp\/v2\/product_tag?post=2016"}],"curies":[{"name":"wp","href":"https:\/\/api.w.org\/{rel}","templated":true}]}}