{"id":2022,"date":"2022-03-07T13:21:57","date_gmt":"2022-03-07T13:21:57","guid":{"rendered":"https:\/\/dasgrasshop.com\/?post_type=product&#038;p=2022"},"modified":"2026-05-01T19:29:14","modified_gmt":"2026-05-01T19:29:14","slug":"afghan-kush","status":"publish","type":"product","link":"https:\/\/dasgrasshop.com\/hu\/product\/afgan-kush\/","title":{"rendered":"Afghan Kush"},"content":{"rendered":"<p><span style=\"vertical-align: inherit;\"><span style=\"vertical-align: inherit;\">Afghan Kush t\u00f6rzs <\/span><\/span><br \/>\n<span style=\"vertical-align: inherit;\"><span style=\"vertical-align: inherit;\">Az Afghan Kush nagyon sz\u00e9pen n\u00e9z ki, halv\u00e1nyz\u00f6ld, s\u00e1rga \u00e1rnyalatokkal, a narancss\u00e1rga sz\u0151rsz\u00e1lak vil\u00e1gosak \u00e9s s\u00f6t\u00e9tek egyar\u00e1nt jelen vannak, \u00fagy n\u00e9z ki, mint egy narancss\u00e1rga \u00e9s arany r\u00f6g, foltos krist\u00e1lyokkal.<\/span><\/span><\/p>\n<p><span style=\"vertical-align: inherit;\"><span style=\"vertical-align: inherit;\">Orr <\/span><\/span><br \/>\n<span style=\"vertical-align: inherit;\"><span style=\"vertical-align: inherit;\">Az Afghan Kush illata m\u00e9g eg\u00e9szben is nagyon enyhe, s\u00e1fr\u00e1nyos \u00e9s vajas scotch jegyekkel. <\/span><span style=\"vertical-align: inherit;\">Azonban amint felt\u00f6rj\u00fck a r\u00fcgyet, az \u00e9gett karamell illata v\u00e1lik domin\u00e1nss\u00e1.<\/span><\/span><\/p>\n<p><span style=\"vertical-align: inherit;\"><span style=\"vertical-align: inherit;\">\u00cdzek <\/span><\/span><br \/>\n<span style=\"vertical-align: inherit;\"><span style=\"vertical-align: inherit;\">Ez a r\u00fcgy ugyanolyan f\u0171szeres \u00edz\u0171, a szerecsendi\u00f3, a fah\u00e9j \u00e9s a gy\u00f6mb\u00e9r a leger\u0151sebb. <\/span><span style=\"vertical-align: inherit;\">A szerecsendi\u00f3 \u00edze nagyon l\u00e1gy, \u00e9s n\u00e9h\u00e1ny pillanatig eml\u00e9kezni fog r\u00e1.<\/span><\/span><\/p>\n<p><span style=\"vertical-align: inherit;\"><span style=\"vertical-align: inherit;\">Hat\u00e1s <\/span><\/span><br \/>\n<span style=\"vertical-align: inherit;\"><span style=\"vertical-align: inherit;\">Az Afghan Kush hat\u00e1sa azonnali. <\/span><span style=\"vertical-align: inherit;\">Nagyon nyugodt, \u00e9s egy kicsit neh\u00e9z szemmel, (nem az \u00fajoncok sz\u00e1m\u00e1ra). <\/span><span style=\"vertical-align: inherit;\">Azt tapasztaltam, hogy nem \u00e9reztem sok f\u00e1jdalmat. <\/span><span style=\"vertical-align: inherit;\">\u00c9n is \u00fagy \u00e9rzem, hogy ez egy nagy g\u00f6rcs. <\/span><span style=\"vertical-align: inherit;\">Ha pedig alv\u00e1szavarokkal k\u00fczdesz, \u00e9s \u00fagy \u00e9rzed, hogy azonnal sz\u00fcks\u00e9ged van egy kis alv\u00e1sra, az Afghan Kush a te f\u00fcved.<\/span><\/span><\/p>\n<p><span style=\"vertical-align: inherit;\"><span style=\"vertical-align: inherit;\">Az Afghan Kush messze a kedvenc fajt\u00e1m az \u00e9vben. <\/span><span style=\"vertical-align: inherit;\">Szem\u00e9lyesen ismerve valakit, aki termesztette, \u00e9s megfigyelte a sz\u00e9ps\u00e9g\u00e9t, szenved\u00e9lyt \u00e9bresztett bennem egy ilyen csod\u00e1latos t\u00f6rzs ir\u00e1nt. <\/span><span style=\"vertical-align: inherit;\">A l\u00e1nyb\u00f3l \u00e1rad\u00f3 szagok pokolian cs\u00edp\u0151sek voltak a vir\u00e1gz\u00e1s id\u0151szak\u00e1ban, majd a sz\u00e1rad\u00e1ssal gyeng\u00fcltek. <\/span><span style=\"vertical-align: inherit;\">A gy\u00f3gy\u00edt\u00e1s sor\u00e1n megmutatta igazi arc\u00e1t. <\/span><span style=\"vertical-align: inherit;\">A f\u0171szeresb\u0151l l\u00e1gy, \u00e9des illat\u00fav\u00e1 v\u00e1lt, lime-z\u00f6ld \u00e9s \u00e9l\u00e9nk narancss\u00e1rga hajsz\u00e1lakkal. <\/span><span style=\"vertical-align: inherit;\">A legt\u00f6bbh\u00f6z k\u00e9pest nagyon sima f\u00fcst. <\/span><span style=\"vertical-align: inherit;\">Az ezzel a fest\u00e9kkel k\u00e9sz\u00fclt m\u00e9zolaj fenomen\u00e1lis. <\/span><span style=\"vertical-align: inherit;\">Az ut\u00f3bbi id\u0151k legjobban eltal\u00e1lt t\u00f6rzse<\/span><\/span><\/p>","protected":false},"excerpt":{"rendered":"<p><span style=\"vertical-align: inherit;\"><span style=\"vertical-align: inherit;\">Az Afghan Kush nagyon sz\u00e9pen n\u00e9z ki a szemnek, halv\u00e1nyz\u00f6ld, s\u00e1rga \u00e1rnyalatokkal, narancss\u00e1rga sz\u0151rsz\u00e1lakkal, vil\u00e1gos \u00e9s s\u00f6t\u00e9t sz\u0151rsz\u00e1lakkal, \u00fagy n\u00e9z ki, mint egy narancss\u00e1rga \u00e9s arany r\u00f6g, foltos krist\u00e1lyokkal. <\/span><span style=\"vertical-align: inherit;\">Afg\u00e1n Kush online v\u00e1s\u00e1rl\u00e1sa - Afghan Kush elad\u00f3. <\/span><span style=\"vertical-align: inherit;\">Az Afghan Kush egy n\u00e9pszer\u0171 marihu\u00e1na t\u00f6rzs, amelynek THC szintje ak\u00e1r 15% is lehet. <\/span><span style=\"vertical-align: inherit;\">Az Afghan Kush \u00edze nagyon gy\u00f3gyhat\u00e1s\u00fa, \u00e9s dr\u00e1mai f\u00e1jdalomcsillap\u00edt\u00f3 hat\u00e1ssal b\u00edr. <\/span><span style=\"vertical-align: inherit;\">Az Afghan Kush n\u00e9pszer\u0171 a f\u00e1jdalom, stressz, \u00e1lmatlans\u00e1g \u00e9s h\u00e1nyinger enyh\u00edt\u00e9s\u00e9re v\u00e1gy\u00f3 betegek k\u00f6r\u00e9ben.<\/span><\/span><\/p>","protected":false},"featured_media":2033,"comment_status":"open","ping_status":"closed","template":"","meta":[],"product_brand":[],"product_cat":[20],"product_tag":[29,32,33,27,34,30,28,31,35,36],"class_list":{"0":"post-2022","1":"product","2":"type-product","3":"status-publish","4":"has-post-thumbnail","6":"product_cat-exotische-weed-aromen-kaufen","7":"product_tag-cannabis-kaufen","8":"product_tag-cannabis-online-kaufen","9":"product_tag-gras-bestellen","10":"product_tag-gras-kaufen","11":"product_tag-gras-online-kaufen","12":"product_tag-marihuana-kaufen","13":"product_tag-thc-kaufen","14":"product_tag-weed-kaufen","15":"product_tag-weed-online-bestellen","16":"product_tag-weed-online-kaufen","18":"first","19":"instock","20":"shipping-taxable","21":"purchasable","22":"product-type-variable"},"_links":{"self":[{"href":"https:\/\/dasgrasshop.com\/hu\/wp-json\/wp\/v2\/product\/2022","targetHints":{"allow":["GET"]}}],"collection":[{"href":"https:\/\/dasgrasshop.com\/hu\/wp-json\/wp\/v2\/product"}],"about":[{"href":"https:\/\/dasgrasshop.com\/hu\/wp-json\/wp\/v2\/types\/product"}],"replies":[{"embeddable":true,"href":"https:\/\/dasgrasshop.com\/hu\/wp-json\/wp\/v2\/comments?post=2022"}],"wp:featuredmedia":[{"embeddable":true,"href":"https:\/\/dasgrasshop.com\/hu\/wp-json\/wp\/v2\/media\/2033"}],"wp:attachment":[{"href":"https:\/\/dasgrasshop.com\/hu\/wp-json\/wp\/v2\/media?parent=2022"}],"wp:term":[{"taxonomy":"product_brand","embeddable":true,"href":"https:\/\/dasgrasshop.com\/hu\/wp-json\/wp\/v2\/product_brand?post=2022"},{"taxonomy":"product_cat","embeddable":true,"href":"https:\/\/dasgrasshop.com\/hu\/wp-json\/wp\/v2\/product_cat?post=2022"},{"taxonomy":"product_tag","embeddable":true,"href":"https:\/\/dasgrasshop.com\/hu\/wp-json\/wp\/v2\/product_tag?post=2022"}],"curies":[{"name":"wp","href":"https:\/\/api.w.org\/{rel}","templated":true}]}}