{"id":2035,"date":"2022-03-07T14:16:35","date_gmt":"2022-03-07T14:16:35","guid":{"rendered":"https:\/\/dasgrasshop.com\/?post_type=product&#038;p=2035"},"modified":"2022-06-14T18:16:40","modified_gmt":"2022-06-14T18:16:40","slug":"blue-dream","status":"publish","type":"product","link":"https:\/\/dasgrasshop.com\/hu\/product\/blue-dream\/","title":{"rendered":"K\u00e9k \u00e1lom"},"content":{"rendered":"<p>V\u00e1s\u00e1rolj k\u00e9k \u00e1lom marihu\u00e1n\u00e1t online. A Blue Dream a Haze \u00e9s a Blueberry szativa-domin\u00e1ns hibridje. Az egyik legkeresettebb testes \u00edzvil\u00e1ggal rendelkezik a fajt\u00e1k k\u00f6z\u00fcl. A Blue Dream illata \u00e9des, f\u0171szeres \u00e9s \u00e9l\u00e9nk\u00edti az \u00e9rz\u00e9keket. S\u0171r\u0171, popcornszer\u0171 r\u00fcgyei k\u00e9ken csillognak a f\u00e9nyben, kieg\u00e9sz\u00edtve a trichom\u00e1k \u00e9s a narancss\u00e1rga sz\u0151rsz\u00e1lak t\u00e1j\u00e1t.<\/p>\n<p>A Blue Dream marihu\u00e1na kit\u0171n\u0151 \u00edz\u0171, kiegyens\u00falyozott, hosszan tart\u00f3 high-t produk\u00e1l. Ez egy nagyszer\u0171 t\u00f6rzs a napra. Bel\u00e9legezve azonnal \u00e9rezhet\u0151 a Blue Dream. A hat\u00e1s el\u00e9g gyorsan bek\u00faszik, energikus \u00e9s koncentr\u00e1lt k\u00e1b\u00edt\u00f3szert eredm\u00e9nyezve. A besz\u00e1mol\u00f3k szerint a kreativit\u00e1s vir\u00e1gzik ezzel a t\u00f6rzzsel, ami a m\u0171v\u00e9szi kannabiszhaszn\u00e1l\u00f3k kedvenc\u00e9v\u00e9 teszi.<\/p>","protected":false},"excerpt":{"rendered":"<p>V\u00e1s\u00e1rolj k\u00e9k \u00e1lom marihu\u00e1n\u00e1t online. A Blue Dream a Haze \u00e9s a Blueberry szativa-domin\u00e1ns hibridje. Az egyik legkeresettebb testes \u00edzvil\u00e1ggal rendelkezik a fajt\u00e1k k\u00f6z\u00fcl. A Blue Dream illata \u00e9des, f\u0171szeres \u00e9s \u00e9l\u00e9nk\u00edti az \u00e9rz\u00e9keket. S\u0171r\u0171, popcornszer\u0171 r\u00fcgyei vannak, amelyek k\u00e9ken csillognak a f\u00e9nyben, \u00e9s a trichom\u00e1k \u00e9s a narancss\u00e1rga sz\u0151rsz\u00e1lak [...]<\/p>","protected":false},"featured_media":2044,"comment_status":"open","ping_status":"closed","template":"","meta":[],"product_brand":[],"product_cat":[20],"product_tag":[29,32,33,27,34,30,28,31,35,36],"class_list":{"0":"post-2035","1":"product","2":"type-product","3":"status-publish","4":"has-post-thumbnail","6":"product_cat-exotische-weed-aromen-kaufen","7":"product_tag-cannabis-kaufen","8":"product_tag-cannabis-online-kaufen","9":"product_tag-gras-bestellen","10":"product_tag-gras-kaufen","11":"product_tag-gras-online-kaufen","12":"product_tag-marihuana-kaufen","13":"product_tag-thc-kaufen","14":"product_tag-weed-kaufen","15":"product_tag-weed-online-bestellen","16":"product_tag-weed-online-kaufen","18":"first","19":"instock","20":"shipping-taxable","21":"purchasable","22":"product-type-variable"},"_links":{"self":[{"href":"https:\/\/dasgrasshop.com\/hu\/wp-json\/wp\/v2\/product\/2035","targetHints":{"allow":["GET"]}}],"collection":[{"href":"https:\/\/dasgrasshop.com\/hu\/wp-json\/wp\/v2\/product"}],"about":[{"href":"https:\/\/dasgrasshop.com\/hu\/wp-json\/wp\/v2\/types\/product"}],"replies":[{"embeddable":true,"href":"https:\/\/dasgrasshop.com\/hu\/wp-json\/wp\/v2\/comments?post=2035"}],"wp:featuredmedia":[{"embeddable":true,"href":"https:\/\/dasgrasshop.com\/hu\/wp-json\/wp\/v2\/media\/2044"}],"wp:attachment":[{"href":"https:\/\/dasgrasshop.com\/hu\/wp-json\/wp\/v2\/media?parent=2035"}],"wp:term":[{"taxonomy":"product_brand","embeddable":true,"href":"https:\/\/dasgrasshop.com\/hu\/wp-json\/wp\/v2\/product_brand?post=2035"},{"taxonomy":"product_cat","embeddable":true,"href":"https:\/\/dasgrasshop.com\/hu\/wp-json\/wp\/v2\/product_cat?post=2035"},{"taxonomy":"product_tag","embeddable":true,"href":"https:\/\/dasgrasshop.com\/hu\/wp-json\/wp\/v2\/product_tag?post=2035"}],"curies":[{"name":"wp","href":"https:\/\/api.w.org\/{rel}","templated":true}]}}