{"id":2036,"date":"2022-03-07T13:44:21","date_gmt":"2022-03-07T13:44:21","guid":{"rendered":"https:\/\/dasgrasshop.com\/?post_type=product&#038;p=2036"},"modified":"2022-03-07T13:59:04","modified_gmt":"2022-03-07T13:59:04","slug":"wedding-cake","status":"publish","type":"product","link":"https:\/\/dasgrasshop.com\/hu\/product\/eskuevoi-torta\/","title":{"rendered":"Esk\u00fcv\u0151i torta"},"content":{"rendered":"<p>Egzotikus esk\u00fcv\u0151i torta f\u00fcvet t\u00f6rzs<br \/>\nBiztons\u00e1gosan v\u00e1s\u00e1rolni esk\u00fcv\u0151i torta l\u00e1da vagy egzotikus esk\u00fcv\u0151i torta l\u00e1da online elad\u00f3 nyomon k\u00f6vet\u00e9s \u00e9s gyoml\u00e1l\u00e1s torta v\u00e9lem\u00e9nyek. Nem felt\u0171n\u0151. Az esk\u00fcv\u0151i torta t\u00f6rzs egy \u00edzletes hibrid, indica-domin\u00e1ns marihu\u00e1na t\u00f6rzs. Sz\u00fclei saj\u00e1t maguk v\u00e1lasztott\u00e1k ki finom \u00edz\u00fck miatt, amelyek a Girl Scout Cookies f\u0171, \u00e9s a Cherry Pie t\u00f6rzs marihu\u00e1na. A sz\u00fcl\u0151k viszont genetik\u00e1t is az OG Kush is Durban Poison, \u00e9s Granddaddy Purple, ami egzotikus wedding cake t\u00f6rzs. nem csak egy finom f\u0171, de egy olyan, amely komoly \u00fct\u00e9st csomagol, t\u00f6bb mint 25 sz\u00e1zal\u00e9kos THC-szintj\u00e9vel.<\/p>\n<p>esk\u00fcv\u0151i torta t\u00f6rzs N\u00e9metorsz\u00e1g vagy v\u00e1s\u00e1rolni esk\u00fcv\u0151i torta<br \/>\nA Wedding Cake Buds egy er\u0151s gy\u00f3gy\u00e1szati t\u00f6rzs. Magas THC-tartalma miatt kiv\u00e1l\u00f3 hangulatjav\u00edt\u00f3 \u00e9s er\u0151s f\u00e1jdalomcsillap\u00edt\u00f3. A Wedding Cake orvosi marihu\u00e1na t\u00f6rzs t\u00f6bbek k\u00f6z\u00f6tt enyh\u00edtheti a mozg\u00e1sszervi f\u00e1jdalmakat, mint az isi\u00e1sz, a gyullad\u00e1sos f\u00e1jdalmakat, mint az artritisz, \u00e9s a neurop\u00e1ti\u00e1s f\u00e1jdalmakat, mint a fibromyalgi\u00e1ban. Az olyan neurol\u00f3giai \u00e1llapotok, mint az ALS vagy a Lou Gehrig-k\u00f3r kezelhet\u0151k az orvos \u00e1ltal aj\u00e1nlott gy\u00f3gyhat\u00e1s\u00fa k\u00e9sz\u00edtm\u00e9nyekkel ebb\u0151l a fajt\u00e1b\u00f3l. Sz\u00e1mos m\u00e1s \u00e1llapot is aj\u00e1nlott \u00e9s leg\u00e1lisan kezelhet\u0151 Wedding Cake marihu\u00e1n\u00e1val, a k\u00fcl\u00f6nb\u00f6z\u0151 \u00e1llamok \u00e9s orsz\u00e1gok t\u00f6rv\u00e9nyeit\u0151l f\u00fcgg\u0151en. K\u00fcldj\u00f6n nek\u00fcnk \u00fczenetet itt<\/p>\n<p>&nbsp;<\/p>\n<p>Az esk\u00fcv\u0151i torta fajt\u00e1j\u00e1nak hat\u00e1sai<br \/>\nAz e t\u00f6rzs \u00e1ltal termelt m\u00e1mor egyszerre elk\u00e9peszt\u0151en felemel\u0151 \u00e9s pihentet\u0151. Er\u0151t ad, mik\u00f6zben az elm\u00e9t a viszonylagos nyugalom f\u00e1zis\u00e1ba helyezi.<\/p>\n<p>Id\u0151vel ez a szervezetre gyakorolt er\u0151teljes hat\u00e1s ellaposodik - k\u00fcl\u00f6n\u00f6sen a gyomorban -, \u00e9s \u00e9hs\u00e9g\u00e9rzetet \u00e9breszt, \u00e9s extr\u00e9m esetben s\u00f3v\u00e1rg\u00e1st v\u00e1lt ki.<\/p>\n<p>A fogyaszt\u00f3k enyhe pszichedelikus \u00e1llapotot tapasztalhatnak, amelyben gondolataik gyorsan fejl\u0151dnek, \u00e9s javul a k\u00f6rnyezet\u00fck \u00e9rz\u00e9kel\u00e9se.<\/p>\n<p>Megfelel\u0151 k\u00f6rnyezetben az euf\u00f3ria \u00e9s a sz\u00e9d\u00fcl\u00e9s \u00e9rz\u00e9sei is el\u0151id\u00e9zhetik ezt a v\u00e1ltoz\u00e1st a fejt\u00e9rben. Ez els\u0151re durv\u00e1nak t\u0171nhet, de az indica dominanci\u00e1val val\u00f3 kombin\u00e1ci\u00f3nak k\u00f6sz\u00f6nhet\u0151en r\u00f6vid id\u0151 ut\u00e1n be\u00e1ll a relax\u00e1ci\u00f3.<\/p>\n<p>Ahogy ez a relax\u00e1ci\u00f3 bek\u00f6vetkezik, egyes felhaszn\u00e1l\u00f3k az izgalom \u00e9s a s\u0171r\u0171s\u00e9g friss\u00edt\u0151 hull\u00e1m\u00e1t \u00e9rzik, amely sz\u00e9tterjed a fels\u0151test\u00fck\u00f6n \u00e9s a v\u00e9gtagjaikon.<\/p>\n<p>M\u00e9g akkor is \u00e9rezhet\u0151 a ment\u00e1lis stimul\u00e1ci\u00f3, amikor a szed\u00e1ci\u00f3 be\u00e1ll, \u00edgy a felhaszn\u00e1l\u00f3k \u00fagy \u00e9rzik, hogy r\u00e1hangol\u00f3dnak a k\u00f6rnyezet\u00fckre. L\u00e9nyeges, hogy bizonyos tev\u00e9kenys\u00e9geket, p\u00e9ld\u00e1ul olvas\u00e1st, \u00edr\u00e1st \u00e9s k\u00f6nny\u0171 fizikai aktivit\u00e1st v\u00e9gezzenek.<\/p>\n<p>Mindazon\u00e1ltal semmik\u00e9ppen sem aj\u00e1nlott olyan feladatokhoz, amelyek nagyfok\u00fa g\u00e9pkezel\u00e9st \u00e9s ir\u00e1ny\u00edt\u00e1st ig\u00e9nyelnek (pl. f\u0151z\u00e9s vagy vezet\u00e9s).<\/p>\n<p>A Wedding Cake t\u00f6rzs egy teljes THC er\u0151m\u0171, \u00e9s mint ilyen, nem alkalmas a kannabiszkult\u00fara \u00fajoncainak.<\/p>\n<p>Emellett a tapasztalt felhaszn\u00e1l\u00f3knak \u00f3vatosan kell megk\u00f6zel\u00edteni\u00fck ezt a t\u00f6rzset. Ez a t\u00f6rzs egyre n\u00e9pszer\u0171bb\u00e9 v\u00e1lik robusztus, m\u00e9gis j\u00f3l lekerek\u00edtett hat\u00e1sa miatt, amely mind rekre\u00e1ci\u00f3s, mind ter\u00e1pi\u00e1s c\u00e9lokra haszn\u00e1lhat\u00f3. egzotikus t\u00f6rzs Wedding Cake<\/p>\n<p>Nagyon aj\u00e1nlott, hogy ezt a fajt\u00e1t csak naplemente \u00e9s vacsora ut\u00e1n fogyassza, mert ez a s\u00fctem\u00e9ny lesz az utols\u00f3 dolog, amit lefekv\u00e9s el\u0151tt megeszik.<\/p>\n<p>Az esk\u00fcv\u0151i torta orvosi el\u0151nyei<br \/>\nA Wedding Cake k\u00e9ts\u00e9gtelen\u00fcl kiv\u00e1l\u00f3 kannabiszt\u00f6rzs rekre\u00e1ci\u00f3s c\u00e9l\u00fa felhaszn\u00e1l\u00e1sra. THC-tartalma intenz\u00edv agyi \u00e9s fizikai m\u00e1mort eredm\u00e9nyez, amely felemeli a felhaszn\u00e1l\u00f3t \u00e9s ellaz\u00edtja a testet.<\/p>\n<p>Pszichoakt\u00edv \u00f6sszetev\u0151inek \u00e9s ut\u00f3hat\u00e1sainak minden\u00fctt jelenl\u00e9te azonban jelent\u0151s gy\u00f3gy\u00edt\u00f3 \u00e9rt\u00e9kkel is b\u00edr.<\/p>\n<p>Az opioid alap\u00fa gy\u00f3gyszerek val\u00f3di alternat\u00edv\u00e1jak\u00e9nt ritk\u00e1n vannak nemk\u00edv\u00e1natos mell\u00e9khat\u00e1sai, p\u00e9ld\u00e1ul h\u00e1nyinger. \u00c9ppen ellenkez\u0151leg, kiel\u00e9g\u00edti a gyomrot, \u00e9s m\u00e9g az \u00e9tv\u00e1gyat is serkenten\u00e9.<\/p>\n<p>Az \u00e9tkez\u00e9si zavarokban, p\u00e9ld\u00e1ul anorexi\u00e1ban szenved\u0151 betegek visszanyerhetik s\u00falyukat, k\u00fcl\u00f6n\u00f6sen szakember fel\u00fcgyelete mellett.<\/p>\n<p>Nyugtat\u00f3k\u00e9nt \u00e9s \u00e9tv\u00e1gyserkent\u0151k\u00e9nt szolg\u00e1l, \u00e9s nagyon j\u00f3t\u00e9kony hat\u00e1s\u00fa olyan esetekben, amelyek rendszeresen depresszi\u00f3val kapcsolatos t\u00fcnetekkel, fibromyalgi\u00e1val, MS-szel \u00e9s m\u00e1s kapcsol\u00f3d\u00f3 tulajdons\u00e1gokkal j\u00e1rnak.<\/p>\n<p>Kiv\u00e1l\u00f3 terp\u00e9nprofilj\u00e1val nem csoda, hogy a Wedding Cake ter\u00e1pi\u00e1s seg\u00edts\u00e9get ny\u00fajt szorong\u00e1s, \u00edz\u00fcleti gyullad\u00e1s, enyhe depresszi\u00f3, migr\u00e9n \u00e9s stressz eset\u00e9n, olyan kort\u00e1rs hat\u00e1sokkal, mint a kreativit\u00e1s \u00e9s a relax\u00e1ci\u00f3.<\/p>\n<p>A betegek sz\u00e1m\u00e1ra nyugtat\u00f3k\u00e9nt is alkalmazhat\u00f3, de seg\u00edt megnyugtatni az idegeket vagy kezelni a szorong\u00e1st kiv\u00e1lt\u00f3 t\u00fcneteket. B\u00e1r a koncentr\u00e1ci\u00f3t \u00e9s az energiaszintet nem szab\u00e1lyozza teljesen, a szem \u00e9s a sz\u00e1j szok\u00e1sos kisz\u00e1rad\u00e1s\u00e1t okozza.<\/p>\n<p>Esk\u00fcv\u0151i torta mell\u00e9khat\u00e1sok<br \/>\nA Wedding Cake vagy Pink Cookie t\u00f6rzs magasabb THC-tartalommal rendelkezik, mint m\u00e1s kannabiszt\u00f6rzsek, ez\u00e9rt lehets\u00e9gesek mell\u00e9khat\u00e1sok.<\/p>\n<p>A Wedding Cake eset\u00e9ben felt\u00e9telezhet\u0151 a szok\u00e1sos szemsz\u00e1razs\u00e1g \u00e9s rossz lehelet, amelyet a nedvess\u00e9gg\u00e1tl\u00f3 kannabinoidok okoznak. Enyhe, \u00e9s a tapasztalt felhaszn\u00e1l\u00f3k gyakran elhanyagolj\u00e1k.<\/p>\n<p>A doh\u00e1nyz\u00e1s kezd\u0151k, akiket a probl\u00e9m\u00e1k \u00e9rintenek, sok folyad\u00e9k fogyaszt\u00e1s\u00e1val kezelhetik a sz\u00e1razs\u00e1got.<\/p>\n<p>Az is lehets\u00e9ges, hogy a Wedding Cake abszol\u00fat ereje z\u00f6ld\u00fcl\u00e9shez vezethet. Ezt az \u00e1llapotot enyhe sz\u00e9d\u00fcl\u00e9s jellemzi, amely szorong\u00e1ss\u00e1 vagy finom nyugtalans\u00e1g\u00e9rz\u00e9ss\u00e9 alakulhat.<\/p>","protected":false},"excerpt":{"rendered":"<p>Egzotikus esk\u00fcv\u0151i torta f\u00fcves csomagtart\u00f3 Biztons\u00e1gosan v\u00e1s\u00e1roljon esk\u00fcv\u0151i torta csomagtart\u00f3t vagy egzotikus esk\u00fcv\u0151i torta csomagtart\u00f3t online elad\u00f3 nyomon k\u00f6vet\u00e9ssel \u00e9s f\u00fcves torta \u00e9rt\u00e9kel\u00e9ssel. Nem felt\u0171n\u0151. A Wedding Cake t\u00f6rzs egy \u00edzletes hibrid, indica-domin\u00e1ns marihu\u00e1na t\u00f6rzs. Sz\u00fclei saj\u00e1t maguk v\u00e1lasztott\u00e1k ki finom \u00edz\u00fck\u00e9rt, amelyek a Girl Scout Cookies f\u0171, \u00e9s a Cherry Pie t\u00f6rzs marihu\u00e1na. A sz\u00fcl\u0151k viszont a [...]<\/p>","protected":false},"featured_media":2037,"comment_status":"open","ping_status":"closed","template":"","meta":[],"product_brand":[],"product_cat":[20],"product_tag":[29,32,33,27,34,30,28,31,35,36],"class_list":{"0":"post-2036","1":"product","2":"type-product","3":"status-publish","4":"has-post-thumbnail","6":"product_cat-exotische-weed-aromen-kaufen","7":"product_tag-cannabis-kaufen","8":"product_tag-cannabis-online-kaufen","9":"product_tag-gras-bestellen","10":"product_tag-gras-kaufen","11":"product_tag-gras-online-kaufen","12":"product_tag-marihuana-kaufen","13":"product_tag-thc-kaufen","14":"product_tag-weed-kaufen","15":"product_tag-weed-online-bestellen","16":"product_tag-weed-online-kaufen","18":"first","19":"instock","20":"shipping-taxable","21":"purchasable","22":"product-type-variable"},"_links":{"self":[{"href":"https:\/\/dasgrasshop.com\/hu\/wp-json\/wp\/v2\/product\/2036","targetHints":{"allow":["GET"]}}],"collection":[{"href":"https:\/\/dasgrasshop.com\/hu\/wp-json\/wp\/v2\/product"}],"about":[{"href":"https:\/\/dasgrasshop.com\/hu\/wp-json\/wp\/v2\/types\/product"}],"replies":[{"embeddable":true,"href":"https:\/\/dasgrasshop.com\/hu\/wp-json\/wp\/v2\/comments?post=2036"}],"wp:featuredmedia":[{"embeddable":true,"href":"https:\/\/dasgrasshop.com\/hu\/wp-json\/wp\/v2\/media\/2037"}],"wp:attachment":[{"href":"https:\/\/dasgrasshop.com\/hu\/wp-json\/wp\/v2\/media?parent=2036"}],"wp:term":[{"taxonomy":"product_brand","embeddable":true,"href":"https:\/\/dasgrasshop.com\/hu\/wp-json\/wp\/v2\/product_brand?post=2036"},{"taxonomy":"product_cat","embeddable":true,"href":"https:\/\/dasgrasshop.com\/hu\/wp-json\/wp\/v2\/product_cat?post=2036"},{"taxonomy":"product_tag","embeddable":true,"href":"https:\/\/dasgrasshop.com\/hu\/wp-json\/wp\/v2\/product_tag?post=2036"}],"curies":[{"name":"wp","href":"https:\/\/api.w.org\/{rel}","templated":true}]}}