{"id":2050,"date":"2022-03-07T14:38:58","date_gmt":"2022-03-07T14:38:58","guid":{"rendered":"https:\/\/dasgrasshop.com\/?post_type=product&#038;p=2050"},"modified":"2023-04-21T22:15:10","modified_gmt":"2023-04-21T22:15:10","slug":"apple-fritter","status":"publish","type":"product","link":"https:\/\/dasgrasshop.com\/hu\/product\/almas-frittya\/","title":{"rendered":"Apple Fritter"},"content":{"rendered":"<p>Apple Fritteronline megv\u00e1s\u00e1rolhat\u00f3.<br \/>\nAz \"Apple Fritters\" n\u00e9ven is ismert, ritka, kiegyens\u00falyozott hibrid t\u00f6rzs (50% Indica\/50% Sativa), amelyet a klasszikus Sour Apple X Animal Cookies t\u00f6rzsek keresztez\u00e9s\u00e9vel hoztak l\u00e9tre. A High Times 2016-os \"World's Strongest Strains\" list\u00e1j\u00e1ra felker\u00fclt, ez a b\u00e9bi egy vag\u00e1ny high-t \u00e9s egy szuper finom \u00edzt k\u00edn\u00e1l, ami miatt m\u00e1r egy k\u00f3stol\u00e1s ut\u00e1n t\u00f6bb\u00e9rt fogsz k\u00f6ny\u00f6r\u00f6gni. Ennek a r\u00fcgynek szuper \u00e9des, gy\u00fcm\u00f6lcs\u00f6s alma \u00edze van, enyh\u00e9n fanyar van\u00edli\u00e1s kil\u00e9gz\u00e9ssel, ami olyan, mint egy finom, frissen s\u00fclt alm\u00e1s pite. Az illata nagyon hasonl\u00f3, \u00e9s gy\u00f3gyn\u00f6v\u00e9nyes hat\u00e1s\u00fa. Az Apple Fritter magas szintje szinte azonnal az els\u0151 kil\u00e9gz\u00e9ssel kezd\u0151dik, megt\u00f6ltve az elm\u00e9det egy rohan\u00f3 felhajt\u00f3er\u0151vel, amely szinte azonnal el\u0171zi a negat\u00edv vagy sz\u00e1guld\u00f3 gondolatokat. Mik\u00f6zben ment\u00e1lis \u00e1llapotod egyre magasabbra \u00e9s magasabbra emelkedik, bizserget\u0151 fizikai m\u00e1mor fog el\u00e1rasztani, ellaz\u00edtva f\u00e1j\u00f3 izmaidat, \u00e9s teljes harm\u00f3ni\u00e1ban \u00e9rzed magad a k\u00f6r\u00fcl\u00f6tted l\u00e9v\u0151 vil\u00e1ggal. A 22-28% nagyon magas \u00e1tlagos THC-tartalommal kombin\u00e1lva ez a hat\u00e1s az Apple Fritter el\u0151ny\u00e9t adja az olyan \u00e1llapotok kezel\u00e9s\u00e9ben, mint az \u00e1lmatlans\u00e1g, a kr\u00f3nikus f\u00e1jdalom, a depresszi\u00f3, a hangulatingadoz\u00e1s \u00e9s a kr\u00f3nikus stressz. Ennek a r\u00fcgynek pikkely alak\u00fa, s\u00f6t\u00e9t olajz\u00f6ld r\u00fcgyei vannak, m\u00e9ly lila alapt\u00f3nusokkal, \u00e9l\u00e9nk narancss\u00e1rga sz\u0151r\u00f6kkel \u00e9s apr\u00f3 feh\u00e9r krist\u00e1lyos trichom\u00e1k bevonat\u00e1val.<\/p>","protected":false},"excerpt":{"rendered":"<p>Apple Fritteronline megv\u00e1s\u00e1rolhat\u00f3. Az \"Apple Fritters\" n\u00e9ven is ismert, ritka, kiegyens\u00falyozott hibrid t\u00f6rzs (50% Indica\/50% Sativa), amelyet a klasszikus Sour Apple X Animal Cookies t\u00f6rzsek keresztez\u00e9s\u00e9vel hoztak l\u00e9tre. A High Times 2016-os \"World's Strongest Strains\" list\u00e1j\u00e1ra ker\u00fclt, \u00e9s ez a b\u00e9bi egy vag\u00e1ny, [...]<\/p>","protected":false},"featured_media":2051,"comment_status":"open","ping_status":"closed","template":"","meta":[],"product_brand":[],"product_cat":[20],"product_tag":[29,32,33,27,34,30,28,31,35,36],"class_list":{"0":"post-2050","1":"product","2":"type-product","3":"status-publish","4":"has-post-thumbnail","6":"product_cat-exotische-weed-aromen-kaufen","7":"product_tag-cannabis-kaufen","8":"product_tag-cannabis-online-kaufen","9":"product_tag-gras-bestellen","10":"product_tag-gras-kaufen","11":"product_tag-gras-online-kaufen","12":"product_tag-marihuana-kaufen","13":"product_tag-thc-kaufen","14":"product_tag-weed-kaufen","15":"product_tag-weed-online-bestellen","16":"product_tag-weed-online-kaufen","18":"first","19":"instock","20":"shipping-taxable","21":"purchasable","22":"product-type-variable"},"_links":{"self":[{"href":"https:\/\/dasgrasshop.com\/hu\/wp-json\/wp\/v2\/product\/2050","targetHints":{"allow":["GET"]}}],"collection":[{"href":"https:\/\/dasgrasshop.com\/hu\/wp-json\/wp\/v2\/product"}],"about":[{"href":"https:\/\/dasgrasshop.com\/hu\/wp-json\/wp\/v2\/types\/product"}],"replies":[{"embeddable":true,"href":"https:\/\/dasgrasshop.com\/hu\/wp-json\/wp\/v2\/comments?post=2050"}],"wp:featuredmedia":[{"embeddable":true,"href":"https:\/\/dasgrasshop.com\/hu\/wp-json\/wp\/v2\/media\/2051"}],"wp:attachment":[{"href":"https:\/\/dasgrasshop.com\/hu\/wp-json\/wp\/v2\/media?parent=2050"}],"wp:term":[{"taxonomy":"product_brand","embeddable":true,"href":"https:\/\/dasgrasshop.com\/hu\/wp-json\/wp\/v2\/product_brand?post=2050"},{"taxonomy":"product_cat","embeddable":true,"href":"https:\/\/dasgrasshop.com\/hu\/wp-json\/wp\/v2\/product_cat?post=2050"},{"taxonomy":"product_tag","embeddable":true,"href":"https:\/\/dasgrasshop.com\/hu\/wp-json\/wp\/v2\/product_tag?post=2050"}],"curies":[{"name":"wp","href":"https:\/\/api.w.org\/{rel}","templated":true}]}}