{"id":2056,"date":"2022-03-07T14:46:13","date_gmt":"2022-03-07T14:46:13","guid":{"rendered":"https:\/\/dasgrasshop.com\/?post_type=product&#038;p=2056"},"modified":"2022-03-07T14:48:22","modified_gmt":"2022-03-07T14:48:22","slug":"lemon-haze","status":"publish","type":"product","link":"https:\/\/dasgrasshop.com\/hu\/product\/citromos-haze\/","title":{"rendered":"Lemon Haze"},"content":{"rendered":"<p>Super Lemon Haze online v\u00e1s\u00e1rl\u00e1s. A Lemon Skunk \u00e9s a Super Silver Haze kever\u00e9ke, \u00e9s 80:20 szativa\/indica ar\u00e1ny\u00fa, ami m\u00e1mor\u00edt\u00f3, sz\u00e9d\u00edt\u0151, agyi hat\u00e1sokat jelent: Izgalom, kreativit\u00e1s, energia, euf\u00f3ria \u00e9s intenz\u00edv \u00f6r\u00f6m. Ezek az ide\u00e1lis gy\u00f3gym\u00f3dok a depresszi\u00f3, a f\u00e1radts\u00e1g, a szorong\u00e1s, a h\u00e1nyinger \u00e9s a kr\u00f3nikus f\u00e1jdalom kezel\u00e9s\u00e9re. A <a href=\"https:\/\/legitweeddispensary.com\/\" target=\"_blank\" rel=\"noopener\">THC-<\/a>tartalma magas, legal\u00e1bb egy minta meghaladja a 25 %-t, ami a Super Lemon Haze-t a potenciapiramis cs\u00facs\u00e1ra helyezi. Nem ismert azonban a CBD-szintje, amely rendszeresen j\u00f3val 1 % alatt van. M\u00e1s sz\u00f3val, ezt a t\u00f6rzset nem szabad egyetlen gy\u00f3gyszerk\u00e9nt haszn\u00e1lni olyan betegs\u00e9gek eset\u00e9n, amelyek a k\u00f6vetkez\u0151k miatt alakulnak ki <a href=\"https:\/\/gethempnow.com\/\" target=\"_blank\" rel=\"noopener\">CBD<\/a> p\u00e9ld\u00e1ul a g\u00f6rcsrohamokkal kapcsolatos rendelleness\u00e9gek. A Super Lemon Haze savanyk\u00e1s, pik\u00e1ns citromos \u00edzzel \u00e9s arom\u00e1val rendelkezik, \u00e9des cukork\u00e1s jegyekkel. Super Lemon Haze online v\u00e1s\u00e1rl\u00e1s. A z\u00f6ldes-barna sz\u00edn\u0171, foltos r\u00fcgyet s\u0171r\u0171 gyant\u00e1s trichomar\u00e9teg bor\u00edtja.<\/p>","protected":false},"excerpt":{"rendered":"<p>Super Lemon Haze online v\u00e1s\u00e1rl\u00e1s. A Lemon Skunk \u00e9s a Super Silver Haze kever\u00e9ke, \u00e9s 80:20 szativa\/indica ar\u00e1ny\u00fa, ami m\u00e1mor\u00edt\u00f3, sz\u00e9d\u00edt\u0151, agyi hat\u00e1sokat jelent: Izgalom, kreativit\u00e1s, energia, euf\u00f3ria \u00e9s intenz\u00edv \u00f6r\u00f6m. Ezek az ide\u00e1lis gy\u00f3gym\u00f3dok a depresszi\u00f3, a f\u00e1radts\u00e1g, a szorong\u00e1s, a h\u00e1nyinger \u00e9s a kr\u00f3nikus f\u00e1jdalom kezel\u00e9s\u00e9re. A THC-tartalom ezeknek a [...]<\/p>","protected":false},"featured_media":2057,"comment_status":"open","ping_status":"closed","template":"","meta":[],"product_brand":[],"product_cat":[20],"product_tag":[29,32,33,27,34,30,28,31,35,36],"class_list":{"0":"post-2056","1":"product","2":"type-product","3":"status-publish","4":"has-post-thumbnail","6":"product_cat-exotische-weed-aromen-kaufen","7":"product_tag-cannabis-kaufen","8":"product_tag-cannabis-online-kaufen","9":"product_tag-gras-bestellen","10":"product_tag-gras-kaufen","11":"product_tag-gras-online-kaufen","12":"product_tag-marihuana-kaufen","13":"product_tag-thc-kaufen","14":"product_tag-weed-kaufen","15":"product_tag-weed-online-bestellen","16":"product_tag-weed-online-kaufen","18":"first","19":"instock","20":"shipping-taxable","21":"purchasable","22":"product-type-variable"},"_links":{"self":[{"href":"https:\/\/dasgrasshop.com\/hu\/wp-json\/wp\/v2\/product\/2056","targetHints":{"allow":["GET"]}}],"collection":[{"href":"https:\/\/dasgrasshop.com\/hu\/wp-json\/wp\/v2\/product"}],"about":[{"href":"https:\/\/dasgrasshop.com\/hu\/wp-json\/wp\/v2\/types\/product"}],"replies":[{"embeddable":true,"href":"https:\/\/dasgrasshop.com\/hu\/wp-json\/wp\/v2\/comments?post=2056"}],"wp:featuredmedia":[{"embeddable":true,"href":"https:\/\/dasgrasshop.com\/hu\/wp-json\/wp\/v2\/media\/2057"}],"wp:attachment":[{"href":"https:\/\/dasgrasshop.com\/hu\/wp-json\/wp\/v2\/media?parent=2056"}],"wp:term":[{"taxonomy":"product_brand","embeddable":true,"href":"https:\/\/dasgrasshop.com\/hu\/wp-json\/wp\/v2\/product_brand?post=2056"},{"taxonomy":"product_cat","embeddable":true,"href":"https:\/\/dasgrasshop.com\/hu\/wp-json\/wp\/v2\/product_cat?post=2056"},{"taxonomy":"product_tag","embeddable":true,"href":"https:\/\/dasgrasshop.com\/hu\/wp-json\/wp\/v2\/product_tag?post=2056"}],"curies":[{"name":"wp","href":"https:\/\/api.w.org\/{rel}","templated":true}]}}