{"id":2062,"date":"2022-03-07T14:56:07","date_gmt":"2022-03-07T14:56:07","guid":{"rendered":"https:\/\/dasgrasshop.com\/?post_type=product&#038;p=2062"},"modified":"2022-12-12T14:35:01","modified_gmt":"2022-12-12T14:35:01","slug":"northern-lights","status":"publish","type":"product","link":"https:\/\/dasgrasshop.com\/hu\/product\/eszaki-fenyek\/","title":{"rendered":"\u00c9szaki f\u00e9ny"},"content":{"rendered":"<p>Northern Lights Indica t\u00f6rzs<br \/>\nEgyes fajt\u00e1k egyszer\u0171en h\u00edresek; a Northern Lights (Afghanica) azonban legend\u00e1s st\u00e1tuszt \u00e9rt el.<\/p>\n<p>Ha \u00d6n rendszeres kannabisz-haszn\u00e1l\u00f3, akkor nagy val\u00f3sz\u00edn\u0171s\u00e9ggel m\u00e1r kipr\u00f3b\u00e1lta a Northern Lightsot. Vagy a t\u00f6rzs egyik testv\u00e9rt\u00f6rzse, p\u00e9ld\u00e1ul: Sour Diesel \u00e9s Shiva Skunk, hogy csak n\u00e9h\u00e1nyat eml\u00edts\u00fcnk. Az \u00e9szaki f\u00e9ny pontos sz\u00e1rmaz\u00e1s\u00e1t \u00e9s t\u00f6rt\u00e9net\u00e9t rejt\u00e9ly \u00f6vezi, \u00e9s ak\u00e1r \u00f6r\u00f6kre elveszhet.<\/p>\n<p>Az uralkod\u00f3 elm\u00e9let szerint a fajta a Csendes-\u00f3ce\u00e1n \u00e9szaknyugati r\u00e9sz\u00e9b\u0151l sz\u00e1rmazik, \u00e9s kev\u00e9s rajong\u00f3ja van. Ezut\u00e1n Hollandi\u00e1ba ker\u00fclt, ahol a k\u00e9t legjobb fenot\u00edpust keresztezt\u00e9k (Northern Lights #5 x Northern Lights #2). A keresztez\u00e9sben az NL #5 j\u00e1tszotta a legfontosabb szerepet, mivel az NL #5 n\u00f6veli a potenci\u00e1t \u00e9s ler\u00f6vid\u00edti a vir\u00e1gz\u00e1si id\u0151t. Az NL #2 adja a t\u00f6rzs fantasztikus \u00edz\u00e9t \u00e9s illat\u00e1t, \u00e9s hozz\u00e1j\u00e1rul a high \u00e1ltal\u00e1nos erej\u00e9hez \u00e9s er\u0151ss\u00e9g\u00e9hez. Emellett az NL #2 kem\u00e9nyebb n\u00f6v\u00e9ny, amely jobban ellen\u00e1ll a pen\u00e9sznek \u00e9s a k\u00e1rtev\u0151knek, mint m\u00e1s fenot\u00edpusok.<\/p>\n<p>Az \u00e9szaki f\u00e9ny megjelen\u00e9se \u00e9s illata<br \/>\nEz a fajta gy\u00f6ny\u00f6r\u0171 volt, mind k\u00f6zelr\u0151l, mind t\u00e1volr\u00f3l. A nyolcadik p\u00e9ld\u00e1ny, amelyet ehhez a teszthez kaptam, egy nagy, m\u0171v\u00e9szien v\u00e1gott r\u00f6g alak\u00fa volt. Megmutatta a r\u00fcgy teljes \"bels\u0151 m\u0171k\u00f6d\u00e9s\u00e9t\", mik\u00f6zben t\u00f6k\u00e9letes mennyis\u00e9g\u0171 lev\u00e9lanyagot hagyott meg, hogy term\u00e9szetesnek t\u0171nj\u00f6n. A sz\u00ednez\u00e9s \u00f6sszess\u00e9g\u00e9ben nagyon vil\u00e1gos volt, ropog\u00f3s z\u00f6ldekkel \u00e9s majdnem aranysz\u00edn\u0171 dug\u00f3kkal. northern lights indica t\u00f6rzs.<\/p>\n<p>A Northern Lights kompakt, s\u0171r\u0171, ez\u00fcst\u00f6s-feh\u00e9r, trikr\u00f3m m\u00e1zzal bor\u00edtott r\u00fcgyekkel rendelkezik, amelyeket gyakran n\u00e9h\u00e1ny centim\u00e9teres sz\u00e1r v\u00e1laszt el egym\u00e1st\u00f3l, \u00edgy a trimmel\u00e9s gyerekj\u00e1t\u00e9k, \u00e9s kiv\u00e1l\u00f3 term\u00e9shozamot biztos\u00edt. B\u00e1r a r\u00fcgyek s\u0171r\u0171ek \u00e9s vastagok (tipikus indica strukt\u00fara), nem olyan \u00e1thatolhatatlanok, hogy a r\u00fcgyrothad\u00e1s nagy probl\u00e9m\u00e1t jelentene - ami sok indica t\u00f6rzs eset\u00e9ben nagy probl\u00e9ma lehet -, \u00edgy a Northern Lights egy j\u00f3 indica, amelyet nedves k\u00f6rnyezetben is lehet termeszteni.<\/p>\n<p>Az illat friss, gy\u00f3gyn\u00f6v\u00e9nyes, t\u00e1volr\u00f3l kiss\u00e9 b\u00fcd\u00f6s illat, amely a vir\u00e1gokat \u00f6sszez\u00fazva \u00f6sszetett, \u00e9des citrusos-feny\u0151 illatt\u00e1 v\u00e1lik, eukaliptuszos jegyekkel. \u00d6sszez\u00fazva az illat m\u00e9g \u00e9lesebb\u00e9 v\u00e1lik, \u00e9s p\u00e9zsm\u00e1s citrusos jelleget \u00f6lt, amely az \u00e9gett narancsh\u00e9jra eml\u00e9keztet egy kis feny\u0151vel keverve.<\/p>\n<p>A f\u00fcst<br \/>\nBel\u00e9gz\u00e9skor enyh\u00e9n \u00e9des \u00e9s citrusos, kil\u00e9gz\u00e9skor ink\u00e1bb feny\u0151s \u00e9s p\u00e9zsm\u00e1s. A Northern Lights fajt\u00e1nak hat\u00e1rozottan olyan \u00edze volt, mint amilyen illata volt, b\u00e1r \u00f6sszess\u00e9g\u00e9ben valamivel kev\u00e9sb\u00e9 volt cs\u00edp\u0151s. A f\u00fcstnek \u00e9s az \u00edznek olyan l\u00e1gy min\u0151s\u00e9ge volt, amelyet legink\u00e1bb \"vajasnak\" lehet le\u00edrni, de voltak olyan t\u00e1gul\u00e1si elemei is, amelyek nagyobb slukkokn\u00e1l k\u00f6h\u00f6g\u00e9si rohamokat okoztak. A r\u00fcgy elp\u00e1rologtat\u00e1sa val\u00f3sz\u00edn\u0171leg seg\u00edtene enyh\u00edteni ezen. A sima \u00e9lm\u00e9ny, szil\u00e1rd \u00edzmegmarad\u00e1s minden egyes sl\u00e1gerrel, a t\u00e1l v\u00e9g\u00fcl nagyon vil\u00e1gos sz\u00fcrke lett. Majdnem feh\u00e9r hamu, ami azt mutatja, hogy a termeszt\u0151 egy propperebb flush-t k\u00e9sz\u00edtett.<\/p>\n<p>Egyesek szerint ez egy \"k\u00fasz\u00f3\" fajta, de sz\u00e1momra a hat\u00e1s azonnali euf\u00f3ri\u00e1t \u00e9s er\u0151s, szinte els\u00f6pr\u0151 agyi hat\u00e1sokat eredm\u00e9nyezett - \u00e9s ez csak az els\u0151 slukk volt. N\u00e9h\u00e1ny tov\u00e1bbi sz\u00edv\u00e1s ut\u00e1n az intenz\u00edv indica high mellett a j\u00f3l\u00e9t \u00e9s a boldogs\u00e1g nagyon kellemes \u00e9s nyugtat\u00f3 \u00e9rz\u00e9se alakul ki. \u00e9szaki f\u00e9ny indica t\u00f6rzs.<\/p>\n<p>\u00d6sszesen<br \/>\nMindent egybevetve, a Northern Lights a r\u00e9gi iskola genetik\u00e1j\u00e1nak nagyszer\u0171 p\u00e9ld\u00e1ja, amelyet modern termeszt\u00e9si technik\u00e1k \u00e9l\u00e9nk\u00edtenek. Az er\u0151teljes, indica-domin\u00e1ns r\u00fcgyszerkezet a vastag fej\u0171 trikr\u00f3mokkal. \u00c9s az \u00e9l\u00e9nk sz\u00ednek sokas\u00e1g\u00e1t csod\u00e1latos volt megcsod\u00e1lni, szinte neh\u00e9z volt elf\u00fcst\u00f6lni ezt a sz\u00e9ps\u00e9get. (Azt mondtam, majdnem.)<\/p>\n<p>B\u00e1r az illat \u00e9s az \u00edz fel\u00fclm\u00falta a v\u00e1rakoz\u00e1sokat, az indica dominancia hat\u00e1rozottan \u00e9szrevehet\u0151 volt. B\u00e1r technikailag hibrid, a legt\u00f6bben ezt a t\u00f6rzset indik\u00e1nak tartj\u00e1k, 95% indica \u00e9s 5% sativa ar\u00e1ny\u00e1val. Ez viszont egy kicsit neh\u00e9zz\u00e9 teszi a fajt\u00e1t a nappali termeszt\u00e9shez. M\u00e9rs\u00e9kelt \u00e9s tapasztalt doh\u00e1nyosok sz\u00e1m\u00e1ra aj\u00e1nlott. Els\u0151sorban esti vagy munka ut\u00e1ni indica, amikor er\u0151s relax\u00e1ci\u00f3ra van sz\u00fcks\u00e9g.<\/p>\n<p>A m\u00e1mor jellemz\u0151en 2-3 \u00f3r\u00e1n \u00e1t tart, \u00e9s az Northern Lights t\u00f6rzs bizony\u00edtottan alkalmas a stressz, a szorong\u00e1s \u00e9s az idegess\u00e9g kezel\u00e9s\u00e9re. Ingerl\u00e9keny b\u00e9l szindr\u00f3ma, h\u00e1nyinger, depresszi\u00f3, kr\u00f3nikus f\u00e1jdalom, h\u00e1tf\u00e1j\u00e1s, \u00edz\u00fcleti gyullad\u00e1s \u00e9s m\u00e1s, a testhez kapcsol\u00f3d\u00f3 probl\u00e9m\u00e1k eset\u00e9n is. Nagyon hasznosnak tal\u00e1ltam \u00e1lmatlans\u00e1gi probl\u00e9m\u00e1k eset\u00e9n is, \u00e9s ez a t\u00f6rzs az els\u0151 v\u00e1laszt\u00e1som az \u00e1lmatlan \u00e9jszak\u00e1kon.<\/p>\n<p>A Northern Lights egyetlen h\u00e1tr\u00e1nya, hogy az eredeti fajt\u00e1t nagyon ritk\u00e1n lehet megtal\u00e1lni. A legt\u00f6bb gy\u00f3gyszert\u00e1r nem az igazi t\u00f6rzset, hanem hibrideket \u00e1rul, de nem az igazi Northern Lightsot. Sz\u00f3val csin\u00e1ld meg a h\u00e1zi feladatod, besz\u00e9lj j\u00f3 h\u00edr\u0171 emberekkel, \u00e9s biztos\u00edtsd ezt a klasszikust! Kapcsolatfelv\u00e9tel<\/p>\n<p>&nbsp;<\/p>\n<p>v\u00e1s\u00e1rolni f\u0171 online egyes\u00fclt \u00e1llamokban, v\u00e1s\u00e1rolni f\u0171 online az Egyes\u00fclt Kir\u00e1lys\u00e1gban, v\u00e1s\u00e1rolni f\u0171 online \u00cdrorsz\u00e1gban, v\u00e1s\u00e1rolni f\u0171 online Sv\u00e1jcban, v\u00e1s\u00e1rolni f\u0171 online Ausztr\u00e1li\u00e1ban, v\u00e1s\u00e1rolni f\u0171 online Olaszorsz\u00e1gban, v\u00e1s\u00e1rolni f\u0171 online D\u00e1ni\u00e1ban, v\u00e1s\u00e1rolni f\u0171 online D\u00e1ni\u00e1ban, v\u00e1s\u00e1rolni f\u0171 online az Eur\u00f3pai Uni\u00f3ban, v\u00e1s\u00e1rolni f\u0171 online Franciaorsz\u00e1gban, v\u00e1s\u00e1rolni f\u0171 online, v\u00e1s\u00e1rolni f\u0171 online<\/p>","protected":false},"excerpt":{"rendered":"<p>Northern Lights Indica-Sorte Manche Sorten sind einfach ber\u00fchmt; Northern Lights (Afghanica) hat jedoch einen legend\u00e4ren Status erreicht. Wenn Sie ein regelm\u00e4\u00dfiger Cannabiskonsument sind, ist die Wahrscheinlichkeit sehr gro\u00df, dass Sie entweder Northern Lights probiert haben. Oder eine der Schwestersorten der Sorte, wie z.B.: Sour Diesel und Shiva Skunk, um nur ein paar zu nennen. Die [&hellip;]<\/p>","protected":false},"featured_media":2063,"comment_status":"open","ping_status":"closed","template":"","meta":[],"product_brand":[],"product_cat":[20],"product_tag":[29,32,33,27,34,30,28,31,35,36],"class_list":{"0":"post-2062","1":"product","2":"type-product","3":"status-publish","4":"has-post-thumbnail","6":"product_cat-exotische-weed-aromen-kaufen","7":"product_tag-cannabis-kaufen","8":"product_tag-cannabis-online-kaufen","9":"product_tag-gras-bestellen","10":"product_tag-gras-kaufen","11":"product_tag-gras-online-kaufen","12":"product_tag-marihuana-kaufen","13":"product_tag-thc-kaufen","14":"product_tag-weed-kaufen","15":"product_tag-weed-online-bestellen","16":"product_tag-weed-online-kaufen","18":"first","19":"instock","20":"shipping-taxable","21":"purchasable","22":"product-type-variable"},"_links":{"self":[{"href":"https:\/\/dasgrasshop.com\/hu\/wp-json\/wp\/v2\/product\/2062","targetHints":{"allow":["GET"]}}],"collection":[{"href":"https:\/\/dasgrasshop.com\/hu\/wp-json\/wp\/v2\/product"}],"about":[{"href":"https:\/\/dasgrasshop.com\/hu\/wp-json\/wp\/v2\/types\/product"}],"replies":[{"embeddable":true,"href":"https:\/\/dasgrasshop.com\/hu\/wp-json\/wp\/v2\/comments?post=2062"}],"wp:featuredmedia":[{"embeddable":true,"href":"https:\/\/dasgrasshop.com\/hu\/wp-json\/wp\/v2\/media\/2063"}],"wp:attachment":[{"href":"https:\/\/dasgrasshop.com\/hu\/wp-json\/wp\/v2\/media?parent=2062"}],"wp:term":[{"taxonomy":"product_brand","embeddable":true,"href":"https:\/\/dasgrasshop.com\/hu\/wp-json\/wp\/v2\/product_brand?post=2062"},{"taxonomy":"product_cat","embeddable":true,"href":"https:\/\/dasgrasshop.com\/hu\/wp-json\/wp\/v2\/product_cat?post=2062"},{"taxonomy":"product_tag","embeddable":true,"href":"https:\/\/dasgrasshop.com\/hu\/wp-json\/wp\/v2\/product_tag?post=2062"}],"curies":[{"name":"wp","href":"https:\/\/api.w.org\/{rel}","templated":true}]}}